{"id":35315,"date":"2022-11-18T14:14:52","date_gmt":"2022-11-18T07:14:52","guid":{"rendered":"https:\/\/mouldking.store\/?post_type=product&#038;p=35315"},"modified":"2022-11-18T14:14:52","modified_gmt":"2022-11-18T07:14:52","slug":"pantasy-61008-retro-1960s-television-with-1208-pieces","status":"publish","type":"product","link":"https:\/\/mouldking.store\/nb\/shop\/pantasy-61008-retro-1960s-television-with-1208-pieces\/","title":{"rendered":"PANTASY 61008 Retro TV fra 1960-tallet med 1208 deler"},"content":{"rendered":"<p>Produktinformasjon:<\/p>\n<ol>\n<li>Merke: PANTASY<\/li>\n<li>Kj\u00f8nn: Unisex<\/li>\n<li>Name: Retro 1960s Television<\/li>\n<li>Aldersgruppe: &gt; 6 \u00e5r gammel<\/li>\n<li>Model Number: 61008<\/li>\n<li>Klassifisering: Montering<\/li>\n<li>Plastblokkform: Selvl\u00e5sende murstein<\/li>\n<li>Materiale: Plast<\/li>\n<li>Plasttype: ABS<\/li>\n<li>Bricks Blocks:1208 PCS<\/li>\n<li>Size: 23 \u00d7 10 \u00d7 19 cm<\/li>\n<li>Inneholder detaljerte monteringsanvisninger.<\/li>\n<\/ol>\n<p>Legge merke til:<br \/>\n1. Uten original eske, men vi garanterer at v\u00e5re produkter har kvalitetssikring og pen emballasje.<br \/>\n2. Som alle delene vi har sjekket f\u00f8r frakt, s\u00e5 hvis du finner noen deler savnet eller skadet, ikke bekymre deg og bare kontakt oss, s\u00e5 kan vi sende dem til deg p\u00e5 nytt umiddelbart gratis.<\/p>\n<figure id=\"attachment_35316\" aria-describedby=\"caption-attachment-35316\" style=\"width: 768px\" class=\"wp-caption aligncenter\"><img fetchpriority=\"high\" decoding=\"async\" class=\"wp-image-35316 size-full\" src=\"https:\/\/mouldking.store\/wp-content\/uploads\/2022\/11\/PANTASY-61008-13.jpg\" alt=\"PANTASY 61008 Retro 1960s Television With 1208 Pieces\" width=\"768\" height=\"768\" title=\"-\" srcset=\"https:\/\/mouldking.store\/wp-content\/uploads\/2022\/11\/PANTASY-61008-13.jpg 768w, https:\/\/mouldking.store\/wp-content\/uploads\/2022\/11\/PANTASY-61008-13-300x300.jpg 300w, https:\/\/mouldking.store\/wp-content\/uploads\/2022\/11\/PANTASY-61008-13-600x600.jpg 600w, https:\/\/mouldking.store\/wp-content\/uploads\/2022\/11\/PANTASY-61008-13-150x150.jpg 150w, https:\/\/mouldking.store\/wp-content\/uploads\/2022\/11\/PANTASY-61008-13-60x60.jpg 60w, https:\/\/mouldking.store\/wp-content\/uploads\/2022\/11\/PANTASY-61008-13-90x90.jpg 90w\" sizes=\"(max-width: 768px) 100vw, 768px\" \/><figcaption id=\"caption-attachment-35316\" class=\"wp-caption-text\">PANTASY 61008 Retro TV fra 1960-tallet med 1208 deler<\/figcaption><\/figure>\n<figure id=\"attachment_35317\" aria-describedby=\"caption-attachment-35317\" style=\"width: 768px\" class=\"wp-caption aligncenter\"><img decoding=\"async\" class=\"wp-image-35317 size-full\" src=\"https:\/\/mouldking.store\/wp-content\/uploads\/2022\/11\/PANTASY-61008-12.jpg\" alt=\"PANTASY 61008 Retro 1960s Television With 1208 Pieces\" width=\"768\" height=\"768\" title=\"-\" srcset=\"https:\/\/mouldking.store\/wp-content\/uploads\/2022\/11\/PANTASY-61008-12.jpg 768w, https:\/\/mouldking.store\/wp-content\/uploads\/2022\/11\/PANTASY-61008-12-300x300.jpg 300w, https:\/\/mouldking.store\/wp-content\/uploads\/2022\/11\/PANTASY-61008-12-600x600.jpg 600w, https:\/\/mouldking.store\/wp-content\/uploads\/2022\/11\/PANTASY-61008-12-150x150.jpg 150w, https:\/\/mouldking.store\/wp-content\/uploads\/2022\/11\/PANTASY-61008-12-60x60.jpg 60w, https:\/\/mouldking.store\/wp-content\/uploads\/2022\/11\/PANTASY-61008-12-90x90.jpg 90w\" sizes=\"(max-width: 768px) 100vw, 768px\" \/><figcaption id=\"caption-attachment-35317\" class=\"wp-caption-text\">PANTASY 61008 Retro TV fra 1960-tallet med 1208 deler<\/figcaption><\/figure>\n<figure id=\"attachment_35318\" aria-describedby=\"caption-attachment-35318\" style=\"width: 755px\" class=\"wp-caption alignnone\"><img decoding=\"async\" class=\"wp-image-35318 size-full\" src=\"https:\/\/mouldking.store\/wp-content\/uploads\/2022\/11\/PANTASY-61008-11.jpg\" alt=\"PANTASY 61008 Retro 1960s Television With 1208 Pieces\" width=\"755\" height=\"1024\" title=\"-\" srcset=\"https:\/\/mouldking.store\/wp-content\/uploads\/2022\/11\/PANTASY-61008-11.jpg 755w, https:\/\/mouldking.store\/wp-content\/uploads\/2022\/11\/PANTASY-61008-11-221x300.jpg 221w, https:\/\/mouldking.store\/wp-content\/uploads\/2022\/11\/PANTASY-61008-11-300x407.jpg 300w, https:\/\/mouldking.store\/wp-content\/uploads\/2022\/11\/PANTASY-61008-11-600x814.jpg 600w, https:\/\/mouldking.store\/wp-content\/uploads\/2022\/11\/PANTASY-61008-11-111x150.jpg 111w, https:\/\/mouldking.store\/wp-content\/uploads\/2022\/11\/PANTASY-61008-11-44x60.jpg 44w, https:\/\/mouldking.store\/wp-content\/uploads\/2022\/11\/PANTASY-61008-11-66x90.jpg 66w\" sizes=\"(max-width: 755px) 100vw, 755px\" \/><figcaption id=\"caption-attachment-35318\" class=\"wp-caption-text\">PANTASY 61008 Retro TV fra 1960-tallet med 1208 deler<\/figcaption><\/figure>\n<figure id=\"attachment_35319\" aria-describedby=\"caption-attachment-35319\" style=\"width: 768px\" class=\"wp-caption aligncenter\"><img loading=\"lazy\" decoding=\"async\" class=\"wp-image-35319 size-full\" src=\"https:\/\/mouldking.store\/wp-content\/uploads\/2022\/11\/PANTASY-61008-10.jpg\" alt=\"PANTASY 61008 Retro 1960s Television With 1208 Pieces\" width=\"768\" height=\"768\" title=\"-\" srcset=\"https:\/\/mouldking.store\/wp-content\/uploads\/2022\/11\/PANTASY-61008-10.jpg 768w, https:\/\/mouldking.store\/wp-content\/uploads\/2022\/11\/PANTASY-61008-10-300x300.jpg 300w, https:\/\/mouldking.store\/wp-content\/uploads\/2022\/11\/PANTASY-61008-10-600x600.jpg 600w, https:\/\/mouldking.store\/wp-content\/uploads\/2022\/11\/PANTASY-61008-10-150x150.jpg 150w, https:\/\/mouldking.store\/wp-content\/uploads\/2022\/11\/PANTASY-61008-10-60x60.jpg 60w, https:\/\/mouldking.store\/wp-content\/uploads\/2022\/11\/PANTASY-61008-10-90x90.jpg 90w\" sizes=\"(max-width: 768px) 100vw, 768px\" \/><figcaption id=\"caption-attachment-35319\" class=\"wp-caption-text\">PANTASY 61008 Retro TV fra 1960-tallet med 1208 deler<\/figcaption><\/figure>\n<figure id=\"attachment_35320\" aria-describedby=\"caption-attachment-35320\" style=\"width: 729px\" class=\"wp-caption aligncenter\"><img loading=\"lazy\" decoding=\"async\" class=\"wp-image-35320 size-full\" src=\"https:\/\/mouldking.store\/wp-content\/uploads\/2022\/11\/PANTASY-61008-9.jpg\" alt=\"PANTASY 61008 Retro 1960s Television With 1208 Pieces\" width=\"729\" height=\"1024\" title=\"-\" srcset=\"https:\/\/mouldking.store\/wp-content\/uploads\/2022\/11\/PANTASY-61008-9.jpg 729w, https:\/\/mouldking.store\/wp-content\/uploads\/2022\/11\/PANTASY-61008-9-214x300.jpg 214w, https:\/\/mouldking.store\/wp-content\/uploads\/2022\/11\/PANTASY-61008-9-300x421.jpg 300w, https:\/\/mouldking.store\/wp-content\/uploads\/2022\/11\/PANTASY-61008-9-600x843.jpg 600w, https:\/\/mouldking.store\/wp-content\/uploads\/2022\/11\/PANTASY-61008-9-107x150.jpg 107w, https:\/\/mouldking.store\/wp-content\/uploads\/2022\/11\/PANTASY-61008-9-43x60.jpg 43w, https:\/\/mouldking.store\/wp-content\/uploads\/2022\/11\/PANTASY-61008-9-64x90.jpg 64w\" sizes=\"(max-width: 729px) 100vw, 729px\" \/><figcaption id=\"caption-attachment-35320\" class=\"wp-caption-text\">PANTASY 61008 Retro TV fra 1960-tallet med 1208 deler<\/figcaption><\/figure>\n<figure id=\"attachment_35321\" aria-describedby=\"caption-attachment-35321\" style=\"width: 523px\" class=\"wp-caption aligncenter\"><img loading=\"lazy\" decoding=\"async\" class=\"wp-image-35321 size-full\" src=\"https:\/\/mouldking.store\/wp-content\/uploads\/2022\/11\/PANTASY-61008-8.jpg\" alt=\"PANTASY 61008 Retro 1960s Television With 1208 Pieces\" width=\"523\" height=\"1024\" title=\"-\" srcset=\"https:\/\/mouldking.store\/wp-content\/uploads\/2022\/11\/PANTASY-61008-8.jpg 523w, https:\/\/mouldking.store\/wp-content\/uploads\/2022\/11\/PANTASY-61008-8-153x300.jpg 153w, https:\/\/mouldking.store\/wp-content\/uploads\/2022\/11\/PANTASY-61008-8-300x587.jpg 300w, https:\/\/mouldking.store\/wp-content\/uploads\/2022\/11\/PANTASY-61008-8-77x150.jpg 77w, https:\/\/mouldking.store\/wp-content\/uploads\/2022\/11\/PANTASY-61008-8-31x60.jpg 31w, https:\/\/mouldking.store\/wp-content\/uploads\/2022\/11\/PANTASY-61008-8-46x90.jpg 46w\" sizes=\"(max-width: 523px) 100vw, 523px\" \/><figcaption id=\"caption-attachment-35321\" class=\"wp-caption-text\">PANTASY 61008 Retro TV fra 1960-tallet med 1208 deler<\/figcaption><\/figure>\n<figure id=\"attachment_35322\" aria-describedby=\"caption-attachment-35322\" style=\"width: 768px\" class=\"wp-caption aligncenter\"><img loading=\"lazy\" decoding=\"async\" class=\"wp-image-35322 size-full\" src=\"https:\/\/mouldking.store\/wp-content\/uploads\/2022\/11\/PANTASY-61008-7.jpg\" alt=\"PANTASY 61008 Retro 1960s Television With 1208 Pieces\" width=\"768\" height=\"677\" title=\"-\" srcset=\"https:\/\/mouldking.store\/wp-content\/uploads\/2022\/11\/PANTASY-61008-7.jpg 768w, https:\/\/mouldking.store\/wp-content\/uploads\/2022\/11\/PANTASY-61008-7-300x264.jpg 300w, https:\/\/mouldking.store\/wp-content\/uploads\/2022\/11\/PANTASY-61008-7-600x529.jpg 600w, https:\/\/mouldking.store\/wp-content\/uploads\/2022\/11\/PANTASY-61008-7-150x132.jpg 150w, https:\/\/mouldking.store\/wp-content\/uploads\/2022\/11\/PANTASY-61008-7-68x60.jpg 68w, https:\/\/mouldking.store\/wp-content\/uploads\/2022\/11\/PANTASY-61008-7-102x90.jpg 102w\" sizes=\"(max-width: 768px) 100vw, 768px\" \/><figcaption id=\"caption-attachment-35322\" class=\"wp-caption-text\">PANTASY 61008 Retro TV fra 1960-tallet med 1208 deler<\/figcaption><\/figure>\n<figure id=\"attachment_35323\" aria-describedby=\"caption-attachment-35323\" style=\"width: 768px\" class=\"wp-caption aligncenter\"><img loading=\"lazy\" decoding=\"async\" class=\"wp-image-35323 size-full\" src=\"https:\/\/mouldking.store\/wp-content\/uploads\/2022\/11\/PANTASY-61008-6.jpg\" alt=\"PANTASY 61008 Retro 1960s Television With 1208 Pieces\" width=\"768\" height=\"941\" title=\"-\" srcset=\"https:\/\/mouldking.store\/wp-content\/uploads\/2022\/11\/PANTASY-61008-6.jpg 768w, https:\/\/mouldking.store\/wp-content\/uploads\/2022\/11\/PANTASY-61008-6-245x300.jpg 245w, https:\/\/mouldking.store\/wp-content\/uploads\/2022\/11\/PANTASY-61008-6-300x368.jpg 300w, https:\/\/mouldking.store\/wp-content\/uploads\/2022\/11\/PANTASY-61008-6-600x735.jpg 600w, https:\/\/mouldking.store\/wp-content\/uploads\/2022\/11\/PANTASY-61008-6-122x150.jpg 122w, https:\/\/mouldking.store\/wp-content\/uploads\/2022\/11\/PANTASY-61008-6-49x60.jpg 49w, https:\/\/mouldking.store\/wp-content\/uploads\/2022\/11\/PANTASY-61008-6-73x90.jpg 73w\" sizes=\"(max-width: 768px) 100vw, 768px\" \/><figcaption id=\"caption-attachment-35323\" class=\"wp-caption-text\">PANTASY 61008 Retro TV fra 1960-tallet med 1208 deler<\/figcaption><\/figure>\n<figure id=\"attachment_35324\" aria-describedby=\"caption-attachment-35324\" style=\"width: 487px\" class=\"wp-caption aligncenter\"><img loading=\"lazy\" decoding=\"async\" class=\"wp-image-35324 size-full\" src=\"https:\/\/mouldking.store\/wp-content\/uploads\/2022\/11\/PANTASY-61008-5.jpg\" alt=\"PANTASY 61008 Retro 1960s Television With 1208 Pieces\" width=\"487\" height=\"1024\" title=\"-\" srcset=\"https:\/\/mouldking.store\/wp-content\/uploads\/2022\/11\/PANTASY-61008-5.jpg 487w, https:\/\/mouldking.store\/wp-content\/uploads\/2022\/11\/PANTASY-61008-5-143x300.jpg 143w, https:\/\/mouldking.store\/wp-content\/uploads\/2022\/11\/PANTASY-61008-5-300x631.jpg 300w, https:\/\/mouldking.store\/wp-content\/uploads\/2022\/11\/PANTASY-61008-5-71x150.jpg 71w, https:\/\/mouldking.store\/wp-content\/uploads\/2022\/11\/PANTASY-61008-5-29x60.jpg 29w, https:\/\/mouldking.store\/wp-content\/uploads\/2022\/11\/PANTASY-61008-5-43x90.jpg 43w\" sizes=\"(max-width: 487px) 100vw, 487px\" \/><figcaption id=\"caption-attachment-35324\" class=\"wp-caption-text\">PANTASY 61008 Retro TV fra 1960-tallet med 1208 deler<\/figcaption><\/figure>\n<figure id=\"attachment_35325\" aria-describedby=\"caption-attachment-35325\" style=\"width: 746px\" class=\"wp-caption aligncenter\"><img loading=\"lazy\" decoding=\"async\" class=\"wp-image-35325 size-full\" src=\"https:\/\/mouldking.store\/wp-content\/uploads\/2022\/11\/PANTASY-61008-4.jpg\" alt=\"PANTASY 61008 Retro 1960s Television With 1208 Pieces\" width=\"746\" height=\"1024\" title=\"-\" srcset=\"https:\/\/mouldking.store\/wp-content\/uploads\/2022\/11\/PANTASY-61008-4.jpg 746w, https:\/\/mouldking.store\/wp-content\/uploads\/2022\/11\/PANTASY-61008-4-219x300.jpg 219w, https:\/\/mouldking.store\/wp-content\/uploads\/2022\/11\/PANTASY-61008-4-300x412.jpg 300w, https:\/\/mouldking.store\/wp-content\/uploads\/2022\/11\/PANTASY-61008-4-600x824.jpg 600w, https:\/\/mouldking.store\/wp-content\/uploads\/2022\/11\/PANTASY-61008-4-109x150.jpg 109w, https:\/\/mouldking.store\/wp-content\/uploads\/2022\/11\/PANTASY-61008-4-44x60.jpg 44w, https:\/\/mouldking.store\/wp-content\/uploads\/2022\/11\/PANTASY-61008-4-66x90.jpg 66w\" sizes=\"(max-width: 746px) 100vw, 746px\" \/><figcaption id=\"caption-attachment-35325\" class=\"wp-caption-text\">PANTASY 61008 Retro TV fra 1960-tallet med 1208 deler<\/figcaption><\/figure>\n<figure id=\"attachment_35326\" aria-describedby=\"caption-attachment-35326\" style=\"width: 768px\" class=\"wp-caption aligncenter\"><img loading=\"lazy\" decoding=\"async\" class=\"wp-image-35326 size-full\" src=\"https:\/\/mouldking.store\/wp-content\/uploads\/2022\/11\/PANTASY-61008-3.jpg\" alt=\"PANTASY 61008 Retro 1960s Television With 1208 Pieces\" width=\"768\" height=\"932\" title=\"-\" srcset=\"https:\/\/mouldking.store\/wp-content\/uploads\/2022\/11\/PANTASY-61008-3.jpg 768w, https:\/\/mouldking.store\/wp-content\/uploads\/2022\/11\/PANTASY-61008-3-247x300.jpg 247w, https:\/\/mouldking.store\/wp-content\/uploads\/2022\/11\/PANTASY-61008-3-300x364.jpg 300w, https:\/\/mouldking.store\/wp-content\/uploads\/2022\/11\/PANTASY-61008-3-600x728.jpg 600w, https:\/\/mouldking.store\/wp-content\/uploads\/2022\/11\/PANTASY-61008-3-124x150.jpg 124w, https:\/\/mouldking.store\/wp-content\/uploads\/2022\/11\/PANTASY-61008-3-49x60.jpg 49w, https:\/\/mouldking.store\/wp-content\/uploads\/2022\/11\/PANTASY-61008-3-74x90.jpg 74w\" sizes=\"(max-width: 768px) 100vw, 768px\" \/><figcaption id=\"caption-attachment-35326\" class=\"wp-caption-text\">PANTASY 61008 Retro TV fra 1960-tallet med 1208 deler<\/figcaption><\/figure>\n<figure id=\"attachment_35327\" aria-describedby=\"caption-attachment-35327\" style=\"width: 569px\" class=\"wp-caption aligncenter\"><img loading=\"lazy\" decoding=\"async\" class=\"wp-image-35327 size-full\" src=\"https:\/\/mouldking.store\/wp-content\/uploads\/2022\/11\/PANTASY-61008-2.jpg\" alt=\"PANTASY 61008 Retro 1960s Television With 1208 Pieces\" width=\"569\" height=\"1024\" title=\"-\" srcset=\"https:\/\/mouldking.store\/wp-content\/uploads\/2022\/11\/PANTASY-61008-2.jpg 569w, https:\/\/mouldking.store\/wp-content\/uploads\/2022\/11\/PANTASY-61008-2-167x300.jpg 167w, https:\/\/mouldking.store\/wp-content\/uploads\/2022\/11\/PANTASY-61008-2-300x540.jpg 300w, https:\/\/mouldking.store\/wp-content\/uploads\/2022\/11\/PANTASY-61008-2-83x150.jpg 83w, https:\/\/mouldking.store\/wp-content\/uploads\/2022\/11\/PANTASY-61008-2-33x60.jpg 33w, https:\/\/mouldking.store\/wp-content\/uploads\/2022\/11\/PANTASY-61008-2-50x90.jpg 50w\" sizes=\"(max-width: 569px) 100vw, 569px\" \/><figcaption id=\"caption-attachment-35327\" class=\"wp-caption-text\">PANTASY 61008 Retro TV fra 1960-tallet med 1208 deler<\/figcaption><\/figure>\n<figure id=\"attachment_35328\" aria-describedby=\"caption-attachment-35328\" style=\"width: 1024px\" class=\"wp-caption aligncenter\"><img loading=\"lazy\" decoding=\"async\" class=\"wp-image-35328 size-full\" src=\"https:\/\/mouldking.store\/wp-content\/uploads\/2022\/11\/PANTASY-61008-1.jpg\" alt=\"PANTASY 61008 Retro 1960s Television With 1208 Pieces\" width=\"1024\" height=\"1019\" title=\"-\" srcset=\"https:\/\/mouldking.store\/wp-content\/uploads\/2022\/11\/PANTASY-61008-1.jpg 1024w, https:\/\/mouldking.store\/wp-content\/uploads\/2022\/11\/PANTASY-61008-1-300x299.jpg 300w, https:\/\/mouldking.store\/wp-content\/uploads\/2022\/11\/PANTASY-61008-1-768x764.jpg 768w, https:\/\/mouldking.store\/wp-content\/uploads\/2022\/11\/PANTASY-61008-1-600x597.jpg 600w, https:\/\/mouldking.store\/wp-content\/uploads\/2022\/11\/PANTASY-61008-1-150x150.jpg 150w, https:\/\/mouldking.store\/wp-content\/uploads\/2022\/11\/PANTASY-61008-1-60x60.jpg 60w, https:\/\/mouldking.store\/wp-content\/uploads\/2022\/11\/PANTASY-61008-1-90x90.jpg 90w\" sizes=\"(max-width: 1024px) 100vw, 1024px\" \/><figcaption id=\"caption-attachment-35328\" class=\"wp-caption-text\">PANTASY 61008 Retro TV fra 1960-tallet med 1208 deler<\/figcaption><\/figure>","protected":false},"excerpt":{"rendered":"<p>Product information: Brand: PANTASY Gender: Unisex Name: Retro 1960s Television Age Range: &gt; 6 years old Model Number: 61008 Classification: Assemblage Plastic Block Shape: Self-Locking Bricks Material: Plastic Plastic Type: ABS Bricks Blocks:1208 PCS Size: 23 \u00d7 10 \u00d7 19 cm Contains detailed assembly instructions. Notice: 1. Without an original box, but we guarantee our [&hellip;]<\/p>","protected":false},"featured_media":35316,"comment_status":"closed","ping_status":"closed","template":"","meta":{"_acf_changed":false},"product_cat":[1365],"product_tag":[7458,7456,6280,7460,7462,7455,7457,7461,7459],"class_list":["product","first","instock","shipping-taxable","purchasable","product-type-simple"],"acf":[],"_links":{"self":[{"href":"https:\/\/mouldking.store\/nb\/wp-json\/wp\/v2\/product\/35315","targetHints":{"allow":["GET"]}}],"collection":[{"href":"https:\/\/mouldking.store\/nb\/wp-json\/wp\/v2\/product"}],"about":[{"href":"https:\/\/mouldking.store\/nb\/wp-json\/wp\/v2\/types\/product"}],"replies":[{"embeddable":true,"href":"https:\/\/mouldking.store\/nb\/wp-json\/wp\/v2\/comments?post=35315"}],"wp:featuredmedia":[{"embeddable":true,"href":"https:\/\/mouldking.store\/nb\/wp-json\/wp\/v2\/media\/35316"}],"wp:attachment":[{"href":"https:\/\/mouldking.store\/nb\/wp-json\/wp\/v2\/media?parent=35315"}],"wp:term":[{"taxonomy":"product_cat","embeddable":true,"href":"https:\/\/mouldking.store\/nb\/wp-json\/wp\/v2\/product_cat?post=35315"},{"taxonomy":"product_tag","embeddable":true,"href":"https:\/\/mouldking.store\/nb\/wp-json\/wp\/v2\/product_tag?post=35315"}],"curies":[{"name":"wp","href":"https:\/\/api.w.org\/{rel}","templated":true}]}}