{"id":35334,"date":"2022-11-18T14:26:05","date_gmt":"2022-11-18T07:26:05","guid":{"rendered":"https:\/\/mouldking.store\/?post_type=product&#038;p=35334"},"modified":"2022-11-18T14:26:06","modified_gmt":"2022-11-18T07:26:06","slug":"pantasy-86218-sherlock-holmes-221b-baker-street-with-1088-pieces","status":"publish","type":"product","link":"https:\/\/mouldking.store\/nb\/shop\/pantasy-86218-sherlock-holmes-221b-baker-street-with-1088-pieces\/","title":{"rendered":"PANTASY 86218 Sherlock Holmes 221B Baker Street med 1088 stykker"},"content":{"rendered":"<p>Produktinformasjon:<\/p>\n<ol>\n<li>Merke: PANTASY<\/li>\n<li>Kj\u00f8nn: Unisex<\/li>\n<li>Name: Sherlock Holmes 221B Baker Street<\/li>\n<li>Aldersgruppe: &gt; 6 \u00e5r gammel<\/li>\n<li>Model Number: 86218<\/li>\n<li>Klassifisering: Montering<\/li>\n<li>Plastblokkform: Selvl\u00e5sende murstein<\/li>\n<li>Materiale: Plast<\/li>\n<li>Plasttype: ABS<\/li>\n<li>Bricks Blocks:1088 PCS<\/li>\n<li>Size: 35.5 \u00d7 19.5 \u00d7 9.3 cm<\/li>\n<li>Inneholder detaljerte monteringsanvisninger.<\/li>\n<\/ol>\n<p>Legge merke til:<br \/>\n1. Uten original eske, men vi garanterer at v\u00e5re produkter har kvalitetssikring og pen emballasje.<br \/>\n2. Som alle delene vi har sjekket f\u00f8r frakt, s\u00e5 hvis du finner noen deler savnet eller skadet, ikke bekymre deg og bare kontakt oss, s\u00e5 kan vi sende dem til deg p\u00e5 nytt umiddelbart gratis.<\/p>\n<figure id=\"attachment_35335\" aria-describedby=\"caption-attachment-35335\" style=\"width: 768px\" class=\"wp-caption aligncenter\"><img fetchpriority=\"high\" decoding=\"async\" class=\"wp-image-35335 size-full\" src=\"https:\/\/mouldking.store\/wp-content\/uploads\/2022\/11\/PANTASY-86218-8.jpg\" alt=\"PANTASY 86218 Sherlock Holmes 221B Baker Street With 1088 Pieces\" width=\"768\" height=\"768\" title=\"-\" srcset=\"https:\/\/mouldking.store\/wp-content\/uploads\/2022\/11\/PANTASY-86218-8.jpg 768w, https:\/\/mouldking.store\/wp-content\/uploads\/2022\/11\/PANTASY-86218-8-300x300.jpg 300w, https:\/\/mouldking.store\/wp-content\/uploads\/2022\/11\/PANTASY-86218-8-600x600.jpg 600w, https:\/\/mouldking.store\/wp-content\/uploads\/2022\/11\/PANTASY-86218-8-150x150.jpg 150w, https:\/\/mouldking.store\/wp-content\/uploads\/2022\/11\/PANTASY-86218-8-60x60.jpg 60w, https:\/\/mouldking.store\/wp-content\/uploads\/2022\/11\/PANTASY-86218-8-90x90.jpg 90w\" sizes=\"(max-width: 768px) 100vw, 768px\" \/><figcaption id=\"caption-attachment-35335\" class=\"wp-caption-text\">PANTASY 86218 Sherlock Holmes 221B Baker Street med 1088 stykker<\/figcaption><\/figure>\n<figure id=\"attachment_35336\" aria-describedby=\"caption-attachment-35336\" style=\"width: 768px\" class=\"wp-caption aligncenter\"><img decoding=\"async\" class=\"wp-image-35336 size-full\" src=\"https:\/\/mouldking.store\/wp-content\/uploads\/2022\/11\/PANTASY-86218-7.jpg\" alt=\"PANTASY 86218 Sherlock Holmes 221B Baker Street With 1088 Pieces\" width=\"768\" height=\"768\" title=\"-\" srcset=\"https:\/\/mouldking.store\/wp-content\/uploads\/2022\/11\/PANTASY-86218-7.jpg 768w, https:\/\/mouldking.store\/wp-content\/uploads\/2022\/11\/PANTASY-86218-7-300x300.jpg 300w, https:\/\/mouldking.store\/wp-content\/uploads\/2022\/11\/PANTASY-86218-7-600x600.jpg 600w, https:\/\/mouldking.store\/wp-content\/uploads\/2022\/11\/PANTASY-86218-7-150x150.jpg 150w, https:\/\/mouldking.store\/wp-content\/uploads\/2022\/11\/PANTASY-86218-7-60x60.jpg 60w, https:\/\/mouldking.store\/wp-content\/uploads\/2022\/11\/PANTASY-86218-7-90x90.jpg 90w\" sizes=\"(max-width: 768px) 100vw, 768px\" \/><figcaption id=\"caption-attachment-35336\" class=\"wp-caption-text\">PANTASY 86218 Sherlock Holmes 221B Baker Street med 1088 stykker<\/figcaption><\/figure>\n<figure id=\"attachment_35337\" aria-describedby=\"caption-attachment-35337\" style=\"width: 757px\" class=\"wp-caption aligncenter\"><img decoding=\"async\" class=\"wp-image-35337 size-full\" src=\"https:\/\/mouldking.store\/wp-content\/uploads\/2022\/11\/PANTASY-86218-6.jpg\" alt=\"PANTASY 86218 Sherlock Holmes 221B Baker Street With 1088 Pieces\" width=\"757\" height=\"1024\" title=\"-\" srcset=\"https:\/\/mouldking.store\/wp-content\/uploads\/2022\/11\/PANTASY-86218-6.jpg 757w, https:\/\/mouldking.store\/wp-content\/uploads\/2022\/11\/PANTASY-86218-6-222x300.jpg 222w, https:\/\/mouldking.store\/wp-content\/uploads\/2022\/11\/PANTASY-86218-6-300x406.jpg 300w, https:\/\/mouldking.store\/wp-content\/uploads\/2022\/11\/PANTASY-86218-6-600x812.jpg 600w, https:\/\/mouldking.store\/wp-content\/uploads\/2022\/11\/PANTASY-86218-6-111x150.jpg 111w, https:\/\/mouldking.store\/wp-content\/uploads\/2022\/11\/PANTASY-86218-6-44x60.jpg 44w, https:\/\/mouldking.store\/wp-content\/uploads\/2022\/11\/PANTASY-86218-6-67x90.jpg 67w\" sizes=\"(max-width: 757px) 100vw, 757px\" \/><figcaption id=\"caption-attachment-35337\" class=\"wp-caption-text\">PANTASY 86218 Sherlock Holmes 221B Baker Street med 1088 stykker<\/figcaption><\/figure>\n<figure id=\"attachment_35338\" aria-describedby=\"caption-attachment-35338\" style=\"width: 967px\" class=\"wp-caption aligncenter\"><img loading=\"lazy\" decoding=\"async\" class=\"wp-image-35338 size-full\" src=\"https:\/\/mouldking.store\/wp-content\/uploads\/2022\/11\/PANTASY-86218-5.jpg\" alt=\"PANTASY 86218 Sherlock Holmes 221B Baker Street With 1088 Pieces\" width=\"967\" height=\"1024\" title=\"-\" srcset=\"https:\/\/mouldking.store\/wp-content\/uploads\/2022\/11\/PANTASY-86218-5.jpg 967w, https:\/\/mouldking.store\/wp-content\/uploads\/2022\/11\/PANTASY-86218-5-283x300.jpg 283w, https:\/\/mouldking.store\/wp-content\/uploads\/2022\/11\/PANTASY-86218-5-768x813.jpg 768w, https:\/\/mouldking.store\/wp-content\/uploads\/2022\/11\/PANTASY-86218-5-300x318.jpg 300w, https:\/\/mouldking.store\/wp-content\/uploads\/2022\/11\/PANTASY-86218-5-600x635.jpg 600w, https:\/\/mouldking.store\/wp-content\/uploads\/2022\/11\/PANTASY-86218-5-142x150.jpg 142w, https:\/\/mouldking.store\/wp-content\/uploads\/2022\/11\/PANTASY-86218-5-57x60.jpg 57w, https:\/\/mouldking.store\/wp-content\/uploads\/2022\/11\/PANTASY-86218-5-85x90.jpg 85w\" sizes=\"(max-width: 967px) 100vw, 967px\" \/><figcaption id=\"caption-attachment-35338\" class=\"wp-caption-text\">PANTASY 86218 Sherlock Holmes 221B Baker Street med 1088 stykker<\/figcaption><\/figure>\n<figure id=\"attachment_35339\" aria-describedby=\"caption-attachment-35339\" style=\"width: 768px\" class=\"wp-caption aligncenter\"><img loading=\"lazy\" decoding=\"async\" class=\"wp-image-35339 size-full\" src=\"https:\/\/mouldking.store\/wp-content\/uploads\/2022\/11\/PANTASY-86218-4.jpg\" alt=\"PANTASY 86218 Sherlock Holmes 221B Baker Street With 1088 Pieces\" width=\"768\" height=\"979\" title=\"-\" srcset=\"https:\/\/mouldking.store\/wp-content\/uploads\/2022\/11\/PANTASY-86218-4.jpg 768w, https:\/\/mouldking.store\/wp-content\/uploads\/2022\/11\/PANTASY-86218-4-235x300.jpg 235w, https:\/\/mouldking.store\/wp-content\/uploads\/2022\/11\/PANTASY-86218-4-300x382.jpg 300w, https:\/\/mouldking.store\/wp-content\/uploads\/2022\/11\/PANTASY-86218-4-600x765.jpg 600w, https:\/\/mouldking.store\/wp-content\/uploads\/2022\/11\/PANTASY-86218-4-118x150.jpg 118w, https:\/\/mouldking.store\/wp-content\/uploads\/2022\/11\/PANTASY-86218-4-47x60.jpg 47w, https:\/\/mouldking.store\/wp-content\/uploads\/2022\/11\/PANTASY-86218-4-71x90.jpg 71w\" sizes=\"(max-width: 768px) 100vw, 768px\" \/><figcaption id=\"caption-attachment-35339\" class=\"wp-caption-text\">PANTASY 86218 Sherlock Holmes 221B Baker Street med 1088 stykker<\/figcaption><\/figure>\n<figure id=\"attachment_35340\" aria-describedby=\"caption-attachment-35340\" style=\"width: 985px\" class=\"wp-caption aligncenter\"><img loading=\"lazy\" decoding=\"async\" class=\"wp-image-35340 size-full\" src=\"https:\/\/mouldking.store\/wp-content\/uploads\/2022\/11\/PANTASY-86218-3.jpg\" alt=\"PANTASY 86218 Sherlock Holmes 221B Baker Street With 1088 Pieces\" width=\"985\" height=\"1024\" title=\"-\" srcset=\"https:\/\/mouldking.store\/wp-content\/uploads\/2022\/11\/PANTASY-86218-3.jpg 985w, https:\/\/mouldking.store\/wp-content\/uploads\/2022\/11\/PANTASY-86218-3-289x300.jpg 289w, https:\/\/mouldking.store\/wp-content\/uploads\/2022\/11\/PANTASY-86218-3-768x798.jpg 768w, https:\/\/mouldking.store\/wp-content\/uploads\/2022\/11\/PANTASY-86218-3-300x312.jpg 300w, https:\/\/mouldking.store\/wp-content\/uploads\/2022\/11\/PANTASY-86218-3-600x624.jpg 600w, https:\/\/mouldking.store\/wp-content\/uploads\/2022\/11\/PANTASY-86218-3-144x150.jpg 144w, https:\/\/mouldking.store\/wp-content\/uploads\/2022\/11\/PANTASY-86218-3-58x60.jpg 58w, https:\/\/mouldking.store\/wp-content\/uploads\/2022\/11\/PANTASY-86218-3-87x90.jpg 87w\" sizes=\"(max-width: 985px) 100vw, 985px\" \/><figcaption id=\"caption-attachment-35340\" class=\"wp-caption-text\">PANTASY 86218 Sherlock Holmes 221B Baker Street med 1088 stykker<\/figcaption><\/figure>\n<figure id=\"attachment_35341\" aria-describedby=\"caption-attachment-35341\" style=\"width: 762px\" class=\"wp-caption aligncenter\"><img loading=\"lazy\" decoding=\"async\" class=\"wp-image-35341 size-full\" src=\"https:\/\/mouldking.store\/wp-content\/uploads\/2022\/11\/PANTASY-86218-2.jpg\" alt=\"PANTASY 86218 Sherlock Holmes 221B Baker Street With 1088 Pieces\" width=\"762\" height=\"1024\" title=\"-\" srcset=\"https:\/\/mouldking.store\/wp-content\/uploads\/2022\/11\/PANTASY-86218-2.jpg 762w, https:\/\/mouldking.store\/wp-content\/uploads\/2022\/11\/PANTASY-86218-2-223x300.jpg 223w, https:\/\/mouldking.store\/wp-content\/uploads\/2022\/11\/PANTASY-86218-2-300x403.jpg 300w, https:\/\/mouldking.store\/wp-content\/uploads\/2022\/11\/PANTASY-86218-2-600x806.jpg 600w, https:\/\/mouldking.store\/wp-content\/uploads\/2022\/11\/PANTASY-86218-2-112x150.jpg 112w, https:\/\/mouldking.store\/wp-content\/uploads\/2022\/11\/PANTASY-86218-2-45x60.jpg 45w, https:\/\/mouldking.store\/wp-content\/uploads\/2022\/11\/PANTASY-86218-2-67x90.jpg 67w\" sizes=\"(max-width: 762px) 100vw, 762px\" \/><figcaption id=\"caption-attachment-35341\" class=\"wp-caption-text\">PANTASY 86218 Sherlock Holmes 221B Baker Street med 1088 stykker<\/figcaption><\/figure>\n<figure id=\"attachment_35342\" aria-describedby=\"caption-attachment-35342\" style=\"width: 768px\" class=\"wp-caption aligncenter\"><img loading=\"lazy\" decoding=\"async\" class=\"wp-image-35342 size-full\" src=\"https:\/\/mouldking.store\/wp-content\/uploads\/2022\/11\/PANTASY-86218-1.jpg\" alt=\"PANTASY 86218 Sherlock Holmes 221B Baker Street With 1088 Pieces\" width=\"768\" height=\"1002\" title=\"-\" srcset=\"https:\/\/mouldking.store\/wp-content\/uploads\/2022\/11\/PANTASY-86218-1.jpg 768w, https:\/\/mouldking.store\/wp-content\/uploads\/2022\/11\/PANTASY-86218-1-230x300.jpg 230w, https:\/\/mouldking.store\/wp-content\/uploads\/2022\/11\/PANTASY-86218-1-300x391.jpg 300w, https:\/\/mouldking.store\/wp-content\/uploads\/2022\/11\/PANTASY-86218-1-600x783.jpg 600w, https:\/\/mouldking.store\/wp-content\/uploads\/2022\/11\/PANTASY-86218-1-115x150.jpg 115w, https:\/\/mouldking.store\/wp-content\/uploads\/2022\/11\/PANTASY-86218-1-46x60.jpg 46w, https:\/\/mouldking.store\/wp-content\/uploads\/2022\/11\/PANTASY-86218-1-69x90.jpg 69w\" sizes=\"(max-width: 768px) 100vw, 768px\" \/><figcaption id=\"caption-attachment-35342\" class=\"wp-caption-text\">PANTASY 86218 Sherlock Holmes 221B Baker Street med 1088 stykker<\/figcaption><\/figure>","protected":false},"excerpt":{"rendered":"<p>Product information: Brand: PANTASY Gender: Unisex Name: Sherlock Holmes 221B Baker Street Age Range: &gt; 6 years old Model Number: 86218 Classification: Assemblage Plastic Block Shape: Self-Locking Bricks Material: Plastic Plastic Type: ABS Bricks Blocks:1088 PCS Size: 35.5 \u00d7 19.5 \u00d7 9.3 cm Contains detailed assembly instructions. Notice: 1. Without an original box, but we [&hellip;]<\/p>","protected":false},"featured_media":35335,"comment_status":"closed","ping_status":"closed","template":"","meta":{"_acf_changed":false},"product_cat":[1408],"product_tag":[7473,7471,6280,7475,7476,7470,7472,7474],"class_list":["product","first","instock","shipping-taxable","purchasable","product-type-simple"],"acf":[],"_links":{"self":[{"href":"https:\/\/mouldking.store\/nb\/wp-json\/wp\/v2\/product\/35334","targetHints":{"allow":["GET"]}}],"collection":[{"href":"https:\/\/mouldking.store\/nb\/wp-json\/wp\/v2\/product"}],"about":[{"href":"https:\/\/mouldking.store\/nb\/wp-json\/wp\/v2\/types\/product"}],"replies":[{"embeddable":true,"href":"https:\/\/mouldking.store\/nb\/wp-json\/wp\/v2\/comments?post=35334"}],"wp:featuredmedia":[{"embeddable":true,"href":"https:\/\/mouldking.store\/nb\/wp-json\/wp\/v2\/media\/35335"}],"wp:attachment":[{"href":"https:\/\/mouldking.store\/nb\/wp-json\/wp\/v2\/media?parent=35334"}],"wp:term":[{"taxonomy":"product_cat","embeddable":true,"href":"https:\/\/mouldking.store\/nb\/wp-json\/wp\/v2\/product_cat?post=35334"},{"taxonomy":"product_tag","embeddable":true,"href":"https:\/\/mouldking.store\/nb\/wp-json\/wp\/v2\/product_tag?post=35334"}],"curies":[{"name":"wp","href":"https:\/\/api.w.org\/{rel}","templated":true}]}}