{"id":35378,"date":"2022-11-18T14:57:16","date_gmt":"2022-11-18T07:57:16","guid":{"rendered":"https:\/\/mouldking.store\/?post_type=product&#038;p=35378"},"modified":"2022-11-18T14:57:16","modified_gmt":"2022-11-18T07:57:16","slug":"zhegao-dz6025-christmas-gingerbread-house-with-1481-pieces","status":"publish","type":"product","link":"https:\/\/mouldking.store\/nb\/shop\/zhegao-dz6025-christmas-gingerbread-house-with-1481-pieces\/","title":{"rendered":"ZHEGAO DZ6025 Julepepperkakehus med 1481 stk"},"content":{"rendered":"<p>Produktinformasjon:<\/p>\n<ol>\n<li>Merke: ZHEGAO<\/li>\n<li>Kj\u00f8nn: Unisex<\/li>\n<li>Name: Christmas Gingerbread House<\/li>\n<li>Aldersgruppe: &gt; 6 \u00e5r gammel<\/li>\n<li>Model Number: DZ6025<\/li>\n<li>Klassifisering: Montering<\/li>\n<li>Plastblokkform: Selvl\u00e5sende murstein<\/li>\n<li>Materiale: Plast<\/li>\n<li>Plasttype: ABS<\/li>\n<li>Bricks Blocks:1481 PCS<\/li>\n<li>Size: 23 \u00d7 13 \u00d7 17 cm<\/li>\n<li>Inneholder detaljerte monteringsanvisninger.<\/li>\n<\/ol>\n<p>Legge merke til:<br \/>\n1. Uten original eske, men vi garanterer at v\u00e5re produkter har kvalitetssikring og pen emballasje.<br \/>\n2. Som alle delene vi har sjekket f\u00f8r frakt, s\u00e5 hvis du finner noen deler savnet eller skadet, ikke bekymre deg og bare kontakt oss, s\u00e5 kan vi sende dem til deg p\u00e5 nytt umiddelbart gratis.<\/p>\n<figure id=\"attachment_35379\" aria-describedby=\"caption-attachment-35379\" style=\"width: 1024px\" class=\"wp-caption aligncenter\"><img fetchpriority=\"high\" decoding=\"async\" class=\"wp-image-35379 size-large\" src=\"https:\/\/mouldking.store\/wp-content\/uploads\/2022\/11\/ZHEGAO-DZ6025-4-1024x1024.jpg\" alt=\"ZHEGAO DZ6025 Christmas Gingerbread House With 1481 Pieces\" width=\"1024\" height=\"1024\" title=\"-\" srcset=\"https:\/\/mouldking.store\/wp-content\/uploads\/2022\/11\/ZHEGAO-DZ6025-4-1024x1024.jpg 1024w, https:\/\/mouldking.store\/wp-content\/uploads\/2022\/11\/ZHEGAO-DZ6025-4-300x300.jpg 300w, https:\/\/mouldking.store\/wp-content\/uploads\/2022\/11\/ZHEGAO-DZ6025-4-768x768.jpg 768w, https:\/\/mouldking.store\/wp-content\/uploads\/2022\/11\/ZHEGAO-DZ6025-4-600x600.jpg 600w, https:\/\/mouldking.store\/wp-content\/uploads\/2022\/11\/ZHEGAO-DZ6025-4-150x150.jpg 150w, https:\/\/mouldking.store\/wp-content\/uploads\/2022\/11\/ZHEGAO-DZ6025-4-60x60.jpg 60w, https:\/\/mouldking.store\/wp-content\/uploads\/2022\/11\/ZHEGAO-DZ6025-4-90x90.jpg 90w, https:\/\/mouldking.store\/wp-content\/uploads\/2022\/11\/ZHEGAO-DZ6025-4.jpg 1500w\" sizes=\"(max-width: 1024px) 100vw, 1024px\" \/><figcaption id=\"caption-attachment-35379\" class=\"wp-caption-text\">ZHEGAO DZ6025 Julepepperkakehus med 1481 stk<\/figcaption><\/figure>\n<figure id=\"attachment_35380\" aria-describedby=\"caption-attachment-35380\" style=\"width: 768px\" class=\"wp-caption aligncenter\"><img decoding=\"async\" class=\"wp-image-35380 size-full\" src=\"https:\/\/mouldking.store\/wp-content\/uploads\/2022\/11\/ZHEGAO-DZ6025-3.jpg\" alt=\"ZHEGAO DZ6025 Christmas Gingerbread House With 1481 Pieces\" width=\"768\" height=\"768\" title=\"-\" srcset=\"https:\/\/mouldking.store\/wp-content\/uploads\/2022\/11\/ZHEGAO-DZ6025-3.jpg 768w, https:\/\/mouldking.store\/wp-content\/uploads\/2022\/11\/ZHEGAO-DZ6025-3-300x300.jpg 300w, https:\/\/mouldking.store\/wp-content\/uploads\/2022\/11\/ZHEGAO-DZ6025-3-600x600.jpg 600w, https:\/\/mouldking.store\/wp-content\/uploads\/2022\/11\/ZHEGAO-DZ6025-3-150x150.jpg 150w, https:\/\/mouldking.store\/wp-content\/uploads\/2022\/11\/ZHEGAO-DZ6025-3-60x60.jpg 60w, https:\/\/mouldking.store\/wp-content\/uploads\/2022\/11\/ZHEGAO-DZ6025-3-90x90.jpg 90w\" sizes=\"(max-width: 768px) 100vw, 768px\" \/><figcaption id=\"caption-attachment-35380\" class=\"wp-caption-text\">ZHEGAO DZ6025 Julepepperkakehus med 1481 stk<\/figcaption><\/figure>\n<figure id=\"attachment_35381\" aria-describedby=\"caption-attachment-35381\" style=\"width: 768px\" class=\"wp-caption aligncenter\"><img decoding=\"async\" class=\"wp-image-35381 size-full\" src=\"https:\/\/mouldking.store\/wp-content\/uploads\/2022\/11\/ZHEGAO-DZ6025-2.jpg\" alt=\"ZHEGAO DZ6025 Christmas Gingerbread House With 1481 Pieces\" width=\"768\" height=\"768\" title=\"-\" srcset=\"https:\/\/mouldking.store\/wp-content\/uploads\/2022\/11\/ZHEGAO-DZ6025-2.jpg 768w, https:\/\/mouldking.store\/wp-content\/uploads\/2022\/11\/ZHEGAO-DZ6025-2-300x300.jpg 300w, https:\/\/mouldking.store\/wp-content\/uploads\/2022\/11\/ZHEGAO-DZ6025-2-600x600.jpg 600w, https:\/\/mouldking.store\/wp-content\/uploads\/2022\/11\/ZHEGAO-DZ6025-2-150x150.jpg 150w, https:\/\/mouldking.store\/wp-content\/uploads\/2022\/11\/ZHEGAO-DZ6025-2-60x60.jpg 60w, https:\/\/mouldking.store\/wp-content\/uploads\/2022\/11\/ZHEGAO-DZ6025-2-90x90.jpg 90w\" sizes=\"(max-width: 768px) 100vw, 768px\" \/><figcaption id=\"caption-attachment-35381\" class=\"wp-caption-text\">ZHEGAO DZ6025 Julepepperkakehus med 1481 stk<\/figcaption><\/figure>\n<figure id=\"attachment_35382\" aria-describedby=\"caption-attachment-35382\" style=\"width: 768px\" class=\"wp-caption aligncenter\"><img loading=\"lazy\" decoding=\"async\" class=\"wp-image-35382 size-full\" src=\"https:\/\/mouldking.store\/wp-content\/uploads\/2022\/11\/ZHEGAO-DZ6025-1.jpg\" alt=\"ZHEGAO DZ6025 Christmas Gingerbread House With 1481 Pieces\" width=\"768\" height=\"768\" title=\"-\" srcset=\"https:\/\/mouldking.store\/wp-content\/uploads\/2022\/11\/ZHEGAO-DZ6025-1.jpg 768w, https:\/\/mouldking.store\/wp-content\/uploads\/2022\/11\/ZHEGAO-DZ6025-1-300x300.jpg 300w, https:\/\/mouldking.store\/wp-content\/uploads\/2022\/11\/ZHEGAO-DZ6025-1-600x600.jpg 600w, https:\/\/mouldking.store\/wp-content\/uploads\/2022\/11\/ZHEGAO-DZ6025-1-150x150.jpg 150w, https:\/\/mouldking.store\/wp-content\/uploads\/2022\/11\/ZHEGAO-DZ6025-1-60x60.jpg 60w, https:\/\/mouldking.store\/wp-content\/uploads\/2022\/11\/ZHEGAO-DZ6025-1-90x90.jpg 90w\" sizes=\"(max-width: 768px) 100vw, 768px\" \/><figcaption id=\"caption-attachment-35382\" class=\"wp-caption-text\">ZHEGAO DZ6025 Julepepperkakehus med 1481 stk<\/figcaption><\/figure>","protected":false},"excerpt":{"rendered":"<p>Product information: Brand: ZHEGAO Gender: Unisex Name: Christmas Gingerbread House Age Range: &gt; 6 years old Model Number: DZ6025 Classification: Assemblage Plastic Block Shape: Self-Locking Bricks Material: Plastic Plastic Type: ABS Bricks Blocks:1481 PCS Size: 23 \u00d7 13 \u00d7 17 cm Contains detailed assembly instructions. Notice: 1. Without an original box, but we guarantee our [&hellip;]<\/p>","protected":false},"featured_media":35379,"comment_status":"closed","ping_status":"closed","template":"","meta":{"_acf_changed":false},"product_cat":[1365],"product_tag":[1066,7501,7498,7499,7502,2318,1698,7500,7503,7497],"class_list":["product","first","instock","shipping-taxable","purchasable","product-type-simple"],"acf":[],"_links":{"self":[{"href":"https:\/\/mouldking.store\/nb\/wp-json\/wp\/v2\/product\/35378","targetHints":{"allow":["GET"]}}],"collection":[{"href":"https:\/\/mouldking.store\/nb\/wp-json\/wp\/v2\/product"}],"about":[{"href":"https:\/\/mouldking.store\/nb\/wp-json\/wp\/v2\/types\/product"}],"replies":[{"embeddable":true,"href":"https:\/\/mouldking.store\/nb\/wp-json\/wp\/v2\/comments?post=35378"}],"wp:featuredmedia":[{"embeddable":true,"href":"https:\/\/mouldking.store\/nb\/wp-json\/wp\/v2\/media\/35379"}],"wp:attachment":[{"href":"https:\/\/mouldking.store\/nb\/wp-json\/wp\/v2\/media?parent=35378"}],"wp:term":[{"taxonomy":"product_cat","embeddable":true,"href":"https:\/\/mouldking.store\/nb\/wp-json\/wp\/v2\/product_cat?post=35378"},{"taxonomy":"product_tag","embeddable":true,"href":"https:\/\/mouldking.store\/nb\/wp-json\/wp\/v2\/product_tag?post=35378"}],"curies":[{"name":"wp","href":"https:\/\/api.w.org\/{rel}","templated":true}]}}