{"id":35383,"date":"2022-11-18T15:04:56","date_gmt":"2022-11-18T08:04:56","guid":{"rendered":"https:\/\/mouldking.store\/?post_type=product&#038;p=35383"},"modified":"2022-11-18T15:04:56","modified_gmt":"2022-11-18T08:04:56","slug":"jiestar-91104-18-mclaren-super-car-with-3316-pieces","status":"publish","type":"product","link":"https:\/\/mouldking.store\/nb\/shop\/jiestar-91104-18-mclaren-super-car-with-3316-pieces\/","title":{"rendered":"JIESTAR 91104 1:8 McLaren superbil med 3316 deler"},"content":{"rendered":"<p>Produktinformasjon:<\/p>\n<ol>\n<li>Merke: JIESTAR<\/li>\n<li>Kj\u00f8nn: Unisex<\/li>\n<li>Navn: McLaren Super Car<\/li>\n<li>Aldersgruppe: &gt; 6 \u00e5r gammel<\/li>\n<li>Modellnummer: 91104<\/li>\n<li>Klassifisering: Montering<\/li>\n<li>Plastblokkform: Selvl\u00e5sende murstein<\/li>\n<li>Materiale: Plast<\/li>\n<li>Plasttype: ABS<\/li>\n<li>Mursteinblokker:3316 STK<\/li>\n<li>St\u00f8rrelse: 60 \u00d7 29 \u00d7 16,5 cm<\/li>\n<li>Inneholder detaljerte monteringsanvisninger.<\/li>\n<\/ol>\n<p>Legge merke til:<br \/>\n1. Uten original eske, men vi garanterer at v\u00e5re produkter har kvalitetssikring og pen emballasje.<br \/>\n2. Som alle delene vi har sjekket f\u00f8r frakt, s\u00e5 hvis du finner noen deler savnet eller skadet, ikke bekymre deg og bare kontakt oss, s\u00e5 kan vi sende dem til deg p\u00e5 nytt umiddelbart gratis.<\/p>\n<figure id=\"attachment_35384\" aria-describedby=\"caption-attachment-35384\" style=\"width: 768px\" class=\"wp-caption aligncenter\"><img fetchpriority=\"high\" decoding=\"async\" class=\"wp-image-35384 size-full\" src=\"https:\/\/mouldking.store\/wp-content\/uploads\/2022\/11\/91104-1-0e24-1-768x768-1.jpg\" alt=\"JIESTAR 91104 1:8 McLaren Super Car With 3316 Pieces\" width=\"768\" height=\"768\" title=\"-\" srcset=\"https:\/\/mouldking.store\/wp-content\/uploads\/2022\/11\/91104-1-0e24-1-768x768-1.jpg 768w, https:\/\/mouldking.store\/wp-content\/uploads\/2022\/11\/91104-1-0e24-1-768x768-1-300x300.jpg 300w, https:\/\/mouldking.store\/wp-content\/uploads\/2022\/11\/91104-1-0e24-1-768x768-1-600x600.jpg 600w, https:\/\/mouldking.store\/wp-content\/uploads\/2022\/11\/91104-1-0e24-1-768x768-1-150x150.jpg 150w, https:\/\/mouldking.store\/wp-content\/uploads\/2022\/11\/91104-1-0e24-1-768x768-1-60x60.jpg 60w, https:\/\/mouldking.store\/wp-content\/uploads\/2022\/11\/91104-1-0e24-1-768x768-1-90x90.jpg 90w\" sizes=\"(max-width: 768px) 100vw, 768px\" \/><figcaption id=\"caption-attachment-35384\" class=\"wp-caption-text\">JIESTAR 91104 1:8 McLaren superbil med 3316 deler<\/figcaption><\/figure>\n<figure id=\"attachment_35385\" aria-describedby=\"caption-attachment-35385\" style=\"width: 768px\" class=\"wp-caption aligncenter\"><img decoding=\"async\" class=\"wp-image-35385 size-full\" src=\"https:\/\/mouldking.store\/wp-content\/uploads\/2022\/11\/91104-3-3dd4-768x768-1.jpg\" alt=\"JIESTAR 91104 1:8 McLaren Super Car With 3316 Pieces\" width=\"768\" height=\"768\" title=\"-\" srcset=\"https:\/\/mouldking.store\/wp-content\/uploads\/2022\/11\/91104-3-3dd4-768x768-1.jpg 768w, https:\/\/mouldking.store\/wp-content\/uploads\/2022\/11\/91104-3-3dd4-768x768-1-300x300.jpg 300w, https:\/\/mouldking.store\/wp-content\/uploads\/2022\/11\/91104-3-3dd4-768x768-1-600x600.jpg 600w, https:\/\/mouldking.store\/wp-content\/uploads\/2022\/11\/91104-3-3dd4-768x768-1-150x150.jpg 150w, https:\/\/mouldking.store\/wp-content\/uploads\/2022\/11\/91104-3-3dd4-768x768-1-60x60.jpg 60w, https:\/\/mouldking.store\/wp-content\/uploads\/2022\/11\/91104-3-3dd4-768x768-1-90x90.jpg 90w\" sizes=\"(max-width: 768px) 100vw, 768px\" \/><figcaption id=\"caption-attachment-35385\" class=\"wp-caption-text\">JIESTAR 91104 1:8 McLaren superbil med 3316 deler<\/figcaption><\/figure>\n<figure id=\"attachment_35386\" aria-describedby=\"caption-attachment-35386\" style=\"width: 768px\" class=\"wp-caption aligncenter\"><img decoding=\"async\" class=\"wp-image-35386 size-full\" src=\"https:\/\/mouldking.store\/wp-content\/uploads\/2022\/11\/91104-2-4351-768x768-1.jpg\" alt=\"JIESTAR 91104 1:8 McLaren Super Car With 3316 Pieces\" width=\"768\" height=\"768\" title=\"-\" srcset=\"https:\/\/mouldking.store\/wp-content\/uploads\/2022\/11\/91104-2-4351-768x768-1.jpg 768w, https:\/\/mouldking.store\/wp-content\/uploads\/2022\/11\/91104-2-4351-768x768-1-300x300.jpg 300w, https:\/\/mouldking.store\/wp-content\/uploads\/2022\/11\/91104-2-4351-768x768-1-600x600.jpg 600w, https:\/\/mouldking.store\/wp-content\/uploads\/2022\/11\/91104-2-4351-768x768-1-150x150.jpg 150w, https:\/\/mouldking.store\/wp-content\/uploads\/2022\/11\/91104-2-4351-768x768-1-60x60.jpg 60w, https:\/\/mouldking.store\/wp-content\/uploads\/2022\/11\/91104-2-4351-768x768-1-90x90.jpg 90w\" sizes=\"(max-width: 768px) 100vw, 768px\" \/><figcaption id=\"caption-attachment-35386\" class=\"wp-caption-text\">JIESTAR 91104 1:8 McLaren superbil med 3316 deler<\/figcaption><\/figure>\n<figure id=\"attachment_35387\" aria-describedby=\"caption-attachment-35387\" style=\"width: 768px\" class=\"wp-caption aligncenter\"><img loading=\"lazy\" decoding=\"async\" class=\"wp-image-35387 size-full\" src=\"https:\/\/mouldking.store\/wp-content\/uploads\/2022\/11\/91104-4-4f6c-1-768x768-1.jpg\" alt=\"JIESTAR 91104 1:8 McLaren Super Car With 3316 Pieces\" width=\"768\" height=\"768\" title=\"-\" srcset=\"https:\/\/mouldking.store\/wp-content\/uploads\/2022\/11\/91104-4-4f6c-1-768x768-1.jpg 768w, https:\/\/mouldking.store\/wp-content\/uploads\/2022\/11\/91104-4-4f6c-1-768x768-1-300x300.jpg 300w, https:\/\/mouldking.store\/wp-content\/uploads\/2022\/11\/91104-4-4f6c-1-768x768-1-600x600.jpg 600w, https:\/\/mouldking.store\/wp-content\/uploads\/2022\/11\/91104-4-4f6c-1-768x768-1-150x150.jpg 150w, https:\/\/mouldking.store\/wp-content\/uploads\/2022\/11\/91104-4-4f6c-1-768x768-1-60x60.jpg 60w, https:\/\/mouldking.store\/wp-content\/uploads\/2022\/11\/91104-4-4f6c-1-768x768-1-90x90.jpg 90w\" sizes=\"(max-width: 768px) 100vw, 768px\" \/><figcaption id=\"caption-attachment-35387\" class=\"wp-caption-text\">JIESTAR 91104 1:8 McLaren superbil med 3316 deler<\/figcaption><\/figure>\n<figure id=\"attachment_35388\" aria-describedby=\"caption-attachment-35388\" style=\"width: 768px\" class=\"wp-caption aligncenter\"><img loading=\"lazy\" decoding=\"async\" class=\"wp-image-35388 size-full\" src=\"https:\/\/mouldking.store\/wp-content\/uploads\/2022\/11\/91104-5-3f32-768x768-1.jpg\" alt=\"JIESTAR 91104 1:8 McLaren Super Car With 3316 Pieces\" width=\"768\" height=\"768\" title=\"-\" srcset=\"https:\/\/mouldking.store\/wp-content\/uploads\/2022\/11\/91104-5-3f32-768x768-1.jpg 768w, https:\/\/mouldking.store\/wp-content\/uploads\/2022\/11\/91104-5-3f32-768x768-1-300x300.jpg 300w, https:\/\/mouldking.store\/wp-content\/uploads\/2022\/11\/91104-5-3f32-768x768-1-600x600.jpg 600w, https:\/\/mouldking.store\/wp-content\/uploads\/2022\/11\/91104-5-3f32-768x768-1-150x150.jpg 150w, https:\/\/mouldking.store\/wp-content\/uploads\/2022\/11\/91104-5-3f32-768x768-1-60x60.jpg 60w, https:\/\/mouldking.store\/wp-content\/uploads\/2022\/11\/91104-5-3f32-768x768-1-90x90.jpg 90w\" sizes=\"(max-width: 768px) 100vw, 768px\" \/><figcaption id=\"caption-attachment-35388\" class=\"wp-caption-text\">JIESTAR 91104 1:8 McLaren superbil med 3316 deler<\/figcaption><\/figure>","protected":false},"excerpt":{"rendered":"<p>Product information: Brand: JIESTAR Gender: Unisex Name: McLaren Super Car Age Range: &gt; 6 years old Model Number: 91104 Classification: Assemblage Plastic Block Shape: Self-Locking Bricks Material: Plastic Plastic Type: ABS Bricks Blocks:3316 PCS Size: 60 \u00d7 29 \u00d7 16.5 cm Contains detailed assembly instructions. Notice: 1. Without an original box, but we guarantee our [&hellip;]<\/p>","protected":false},"featured_media":35384,"comment_status":"closed","ping_status":"closed","template":"","meta":{"_acf_changed":false},"product_cat":[1360,1357],"product_tag":[7507,7505,3075,7508,7509,7504,1744,7506,552],"class_list":["product","first","instock","shipping-taxable","purchasable","product-type-variable"],"acf":[],"_links":{"self":[{"href":"https:\/\/mouldking.store\/nb\/wp-json\/wp\/v2\/product\/35383","targetHints":{"allow":["GET"]}}],"collection":[{"href":"https:\/\/mouldking.store\/nb\/wp-json\/wp\/v2\/product"}],"about":[{"href":"https:\/\/mouldking.store\/nb\/wp-json\/wp\/v2\/types\/product"}],"replies":[{"embeddable":true,"href":"https:\/\/mouldking.store\/nb\/wp-json\/wp\/v2\/comments?post=35383"}],"wp:featuredmedia":[{"embeddable":true,"href":"https:\/\/mouldking.store\/nb\/wp-json\/wp\/v2\/media\/35384"}],"wp:attachment":[{"href":"https:\/\/mouldking.store\/nb\/wp-json\/wp\/v2\/media?parent=35383"}],"wp:term":[{"taxonomy":"product_cat","embeddable":true,"href":"https:\/\/mouldking.store\/nb\/wp-json\/wp\/v2\/product_cat?post=35383"},{"taxonomy":"product_tag","embeddable":true,"href":"https:\/\/mouldking.store\/nb\/wp-json\/wp\/v2\/product_tag?post=35383"}],"curies":[{"name":"wp","href":"https:\/\/api.w.org\/{rel}","templated":true}]}}