{"id":35397,"date":"2022-11-18T15:21:13","date_gmt":"2022-11-18T08:21:13","guid":{"rendered":"https:\/\/mouldking.store\/?post_type=product&#038;p=35397"},"modified":"2022-11-18T15:21:14","modified_gmt":"2022-11-18T08:21:14","slug":"sluban-m38-b0990-christmas-lamp-house-with-1799pcs","status":"publish","type":"product","link":"https:\/\/mouldking.store\/nb\/shop\/sluban-m38-b0990-christmas-lamp-house-with-1799pcs\/","title":{"rendered":"Sluban M38-B0990 Julelampehus Med 1799stk"},"content":{"rendered":"<p>Produktinformasjon:<\/p>\n<ol>\n<li>Merke: Sluban<\/li>\n<li>Kj\u00f8nn: Unisex<\/li>\n<li>Name: Christmas Lamp House<\/li>\n<li>Aldersgruppe: &gt; 6 \u00e5r gammel<\/li>\n<li>Model Number: M38-B0990<\/li>\n<li>Klassifisering: Montering<\/li>\n<li>Plastblokkform: Selvl\u00e5sende murstein<\/li>\n<li>Materiale: Plast<\/li>\n<li>Plasttype: ABS<\/li>\n<li>Bricks Blocks:1799PCS<\/li>\n<li>Size: 52 cm<\/li>\n<li>Inneholder detaljerte monteringsanvisninger.<\/li>\n<\/ol>\n<p>Legge merke til:<br \/>\n1. Uten original eske, men vi garanterer at v\u00e5re produkter har kvalitetssikring og pen emballasje.<br \/>\n2. Som alle delene vi har sjekket f\u00f8r frakt, s\u00e5 hvis du finner noen deler savnet eller skadet, ikke bekymre deg og bare kontakt oss, s\u00e5 kan vi sende dem til deg p\u00e5 nytt umiddelbart gratis.<\/p>\n<figure id=\"attachment_35398\" aria-describedby=\"caption-attachment-35398\" style=\"width: 750px\" class=\"wp-caption aligncenter\"><img fetchpriority=\"high\" decoding=\"async\" class=\"wp-image-35398 size-full\" src=\"https:\/\/mouldking.store\/wp-content\/uploads\/2022\/11\/M38-B0990-1-5489-1.jpg\" alt=\"Sluban M38-B0990 Christmas Lamp House With 1799pcs\" width=\"750\" height=\"750\" title=\"-\" srcset=\"https:\/\/mouldking.store\/wp-content\/uploads\/2022\/11\/M38-B0990-1-5489-1.jpg 750w, https:\/\/mouldking.store\/wp-content\/uploads\/2022\/11\/M38-B0990-1-5489-1-300x300.jpg 300w, https:\/\/mouldking.store\/wp-content\/uploads\/2022\/11\/M38-B0990-1-5489-1-600x600.jpg 600w, https:\/\/mouldking.store\/wp-content\/uploads\/2022\/11\/M38-B0990-1-5489-1-150x150.jpg 150w, https:\/\/mouldking.store\/wp-content\/uploads\/2022\/11\/M38-B0990-1-5489-1-60x60.jpg 60w, https:\/\/mouldking.store\/wp-content\/uploads\/2022\/11\/M38-B0990-1-5489-1-90x90.jpg 90w\" sizes=\"(max-width: 750px) 100vw, 750px\" \/><figcaption id=\"caption-attachment-35398\" class=\"wp-caption-text\">Sluban M38-B0990 Julelampehus Med 1799stk<\/figcaption><\/figure>\n<figure id=\"attachment_35399\" aria-describedby=\"caption-attachment-35399\" style=\"width: 769px\" class=\"wp-caption aligncenter\"><img decoding=\"async\" class=\"wp-image-35399 size-large\" src=\"https:\/\/mouldking.store\/wp-content\/uploads\/2022\/11\/M38-B0990-1-17ff-1-769x1024.jpeg\" alt=\"Sluban M38-B0990 Christmas Lamp House With 1799pcs\" width=\"769\" height=\"1024\" title=\"-\" srcset=\"https:\/\/mouldking.store\/wp-content\/uploads\/2022\/11\/M38-B0990-1-17ff-1-769x1024.jpeg 769w, https:\/\/mouldking.store\/wp-content\/uploads\/2022\/11\/M38-B0990-1-17ff-1-225x300.jpeg 225w, https:\/\/mouldking.store\/wp-content\/uploads\/2022\/11\/M38-B0990-1-17ff-1-768x1023.jpeg 768w, https:\/\/mouldking.store\/wp-content\/uploads\/2022\/11\/M38-B0990-1-17ff-1-300x400.jpeg 300w, https:\/\/mouldking.store\/wp-content\/uploads\/2022\/11\/M38-B0990-1-17ff-1-600x799.jpeg 600w, https:\/\/mouldking.store\/wp-content\/uploads\/2022\/11\/M38-B0990-1-17ff-1-113x150.jpeg 113w, https:\/\/mouldking.store\/wp-content\/uploads\/2022\/11\/M38-B0990-1-17ff-1-45x60.jpeg 45w, https:\/\/mouldking.store\/wp-content\/uploads\/2022\/11\/M38-B0990-1-17ff-1-68x90.jpeg 68w, https:\/\/mouldking.store\/wp-content\/uploads\/2022\/11\/M38-B0990-1-17ff-1.jpeg 1080w\" sizes=\"(max-width: 769px) 100vw, 769px\" \/><figcaption id=\"caption-attachment-35399\" class=\"wp-caption-text\">Sluban M38-B0990 Julelampehus Med 1799stk<\/figcaption><\/figure>\n<figure id=\"attachment_35400\" aria-describedby=\"caption-attachment-35400\" style=\"width: 769px\" class=\"wp-caption aligncenter\"><img decoding=\"async\" class=\"wp-image-35400 size-large\" src=\"https:\/\/mouldking.store\/wp-content\/uploads\/2022\/11\/M38-B0990-3-0379-1-769x1024.jpeg\" alt=\"Sluban M38-B0990 Christmas Lamp House With 1799pcs\" width=\"769\" height=\"1024\" title=\"-\" srcset=\"https:\/\/mouldking.store\/wp-content\/uploads\/2022\/11\/M38-B0990-3-0379-1-769x1024.jpeg 769w, https:\/\/mouldking.store\/wp-content\/uploads\/2022\/11\/M38-B0990-3-0379-1-225x300.jpeg 225w, https:\/\/mouldking.store\/wp-content\/uploads\/2022\/11\/M38-B0990-3-0379-1-768x1023.jpeg 768w, https:\/\/mouldking.store\/wp-content\/uploads\/2022\/11\/M38-B0990-3-0379-1-300x400.jpeg 300w, https:\/\/mouldking.store\/wp-content\/uploads\/2022\/11\/M38-B0990-3-0379-1-600x799.jpeg 600w, https:\/\/mouldking.store\/wp-content\/uploads\/2022\/11\/M38-B0990-3-0379-1-113x150.jpeg 113w, https:\/\/mouldking.store\/wp-content\/uploads\/2022\/11\/M38-B0990-3-0379-1-45x60.jpeg 45w, https:\/\/mouldking.store\/wp-content\/uploads\/2022\/11\/M38-B0990-3-0379-1-68x90.jpeg 68w, https:\/\/mouldking.store\/wp-content\/uploads\/2022\/11\/M38-B0990-3-0379-1.jpeg 1080w\" sizes=\"(max-width: 769px) 100vw, 769px\" \/><figcaption id=\"caption-attachment-35400\" class=\"wp-caption-text\">Sluban M38-B0990 Julelampehus Med 1799stk<\/figcaption><\/figure>\n<figure id=\"attachment_35401\" aria-describedby=\"caption-attachment-35401\" style=\"width: 750px\" class=\"wp-caption aligncenter\"><img loading=\"lazy\" decoding=\"async\" class=\"wp-image-35401 size-full\" src=\"https:\/\/mouldking.store\/wp-content\/uploads\/2022\/11\/M38-B0990-2-b770-1.jpg\" alt=\"Sluban M38-B0990 Christmas Lamp House With 1799pcs\" width=\"750\" height=\"750\" title=\"-\" srcset=\"https:\/\/mouldking.store\/wp-content\/uploads\/2022\/11\/M38-B0990-2-b770-1.jpg 750w, https:\/\/mouldking.store\/wp-content\/uploads\/2022\/11\/M38-B0990-2-b770-1-300x300.jpg 300w, https:\/\/mouldking.store\/wp-content\/uploads\/2022\/11\/M38-B0990-2-b770-1-600x600.jpg 600w, https:\/\/mouldking.store\/wp-content\/uploads\/2022\/11\/M38-B0990-2-b770-1-150x150.jpg 150w, https:\/\/mouldking.store\/wp-content\/uploads\/2022\/11\/M38-B0990-2-b770-1-60x60.jpg 60w, https:\/\/mouldking.store\/wp-content\/uploads\/2022\/11\/M38-B0990-2-b770-1-90x90.jpg 90w\" sizes=\"(max-width: 750px) 100vw, 750px\" \/><figcaption id=\"caption-attachment-35401\" class=\"wp-caption-text\">Sluban M38-B0990 Julelampehus Med 1799stk<\/figcaption><\/figure>\n<figure id=\"attachment_35402\" aria-describedby=\"caption-attachment-35402\" style=\"width: 750px\" class=\"wp-caption aligncenter\"><img loading=\"lazy\" decoding=\"async\" class=\"wp-image-35402 size-full\" src=\"https:\/\/mouldking.store\/wp-content\/uploads\/2022\/11\/M38-B0990-5-651f-1.jpg\" alt=\"Sluban M38-B0990 Christmas Lamp House With 1799pcs\" width=\"750\" height=\"750\" title=\"-\" srcset=\"https:\/\/mouldking.store\/wp-content\/uploads\/2022\/11\/M38-B0990-5-651f-1.jpg 750w, https:\/\/mouldking.store\/wp-content\/uploads\/2022\/11\/M38-B0990-5-651f-1-300x300.jpg 300w, https:\/\/mouldking.store\/wp-content\/uploads\/2022\/11\/M38-B0990-5-651f-1-600x600.jpg 600w, https:\/\/mouldking.store\/wp-content\/uploads\/2022\/11\/M38-B0990-5-651f-1-150x150.jpg 150w, https:\/\/mouldking.store\/wp-content\/uploads\/2022\/11\/M38-B0990-5-651f-1-60x60.jpg 60w, https:\/\/mouldking.store\/wp-content\/uploads\/2022\/11\/M38-B0990-5-651f-1-90x90.jpg 90w\" sizes=\"(max-width: 750px) 100vw, 750px\" \/><figcaption id=\"caption-attachment-35402\" class=\"wp-caption-text\">Sluban M38-B0990 Julelampehus Med 1799stk<\/figcaption><\/figure>\n<figure id=\"attachment_35403\" aria-describedby=\"caption-attachment-35403\" style=\"width: 769px\" class=\"wp-caption aligncenter\"><img loading=\"lazy\" decoding=\"async\" class=\"wp-image-35403 size-large\" src=\"https:\/\/mouldking.store\/wp-content\/uploads\/2022\/11\/M38-B0990-2-3125-1-769x1024.jpeg\" alt=\"Sluban M38-B0990 Christmas Lamp House With 1799pcs\" width=\"769\" height=\"1024\" title=\"-\" srcset=\"https:\/\/mouldking.store\/wp-content\/uploads\/2022\/11\/M38-B0990-2-3125-1-769x1024.jpeg 769w, https:\/\/mouldking.store\/wp-content\/uploads\/2022\/11\/M38-B0990-2-3125-1-225x300.jpeg 225w, https:\/\/mouldking.store\/wp-content\/uploads\/2022\/11\/M38-B0990-2-3125-1-768x1023.jpeg 768w, https:\/\/mouldking.store\/wp-content\/uploads\/2022\/11\/M38-B0990-2-3125-1-300x400.jpeg 300w, https:\/\/mouldking.store\/wp-content\/uploads\/2022\/11\/M38-B0990-2-3125-1-600x799.jpeg 600w, https:\/\/mouldking.store\/wp-content\/uploads\/2022\/11\/M38-B0990-2-3125-1-113x150.jpeg 113w, https:\/\/mouldking.store\/wp-content\/uploads\/2022\/11\/M38-B0990-2-3125-1-45x60.jpeg 45w, https:\/\/mouldking.store\/wp-content\/uploads\/2022\/11\/M38-B0990-2-3125-1-68x90.jpeg 68w, https:\/\/mouldking.store\/wp-content\/uploads\/2022\/11\/M38-B0990-2-3125-1.jpeg 1080w\" sizes=\"(max-width: 769px) 100vw, 769px\" \/><figcaption id=\"caption-attachment-35403\" class=\"wp-caption-text\">Sluban M38-B0990 Julelampehus Med 1799stk<\/figcaption><\/figure>","protected":false},"excerpt":{"rendered":"<p>Product information: Brand: Sluban Gender: Unisex Name: Christmas Lamp House Age Range: &gt; 6 years old Model Number: M38-B0990 Classification: Assemblage Plastic Block Shape: Self-Locking Bricks Material: Plastic Plastic Type: ABS Bricks Blocks:1799PCS Size: 52 cm Contains detailed assembly instructions. Notice: 1. Without an original box, but we guarantee our products have quality assurance and [&hellip;]<\/p>","protected":false},"featured_media":35398,"comment_status":"closed","ping_status":"closed","template":"","meta":{"_acf_changed":false},"product_cat":[1365],"product_tag":[1066,7521,2318,7519,7520,7518,7517,7522,7523,7516],"class_list":["product","first","instock","shipping-taxable","purchasable","product-type-simple"],"acf":[],"_links":{"self":[{"href":"https:\/\/mouldking.store\/nb\/wp-json\/wp\/v2\/product\/35397","targetHints":{"allow":["GET"]}}],"collection":[{"href":"https:\/\/mouldking.store\/nb\/wp-json\/wp\/v2\/product"}],"about":[{"href":"https:\/\/mouldking.store\/nb\/wp-json\/wp\/v2\/types\/product"}],"replies":[{"embeddable":true,"href":"https:\/\/mouldking.store\/nb\/wp-json\/wp\/v2\/comments?post=35397"}],"wp:featuredmedia":[{"embeddable":true,"href":"https:\/\/mouldking.store\/nb\/wp-json\/wp\/v2\/media\/35398"}],"wp:attachment":[{"href":"https:\/\/mouldking.store\/nb\/wp-json\/wp\/v2\/media?parent=35397"}],"wp:term":[{"taxonomy":"product_cat","embeddable":true,"href":"https:\/\/mouldking.store\/nb\/wp-json\/wp\/v2\/product_cat?post=35397"},{"taxonomy":"product_tag","embeddable":true,"href":"https:\/\/mouldking.store\/nb\/wp-json\/wp\/v2\/product_tag?post=35397"}],"curies":[{"name":"wp","href":"https:\/\/api.w.org\/{rel}","templated":true}]}}