{"id":35409,"date":"2022-11-18T17:14:02","date_gmt":"2022-11-18T10:14:02","guid":{"rendered":"https:\/\/mouldking.store\/?post_type=product&#038;p=35409"},"modified":"2022-11-18T17:14:02","modified_gmt":"2022-11-18T10:14:02","slug":"woma-c0273-christmas-cottage-xs-mas-cake-house-with-628-pieces","status":"publish","type":"product","link":"https:\/\/mouldking.store\/nb\/shop\/woma-c0273-christmas-cottage-xs-mas-cake-house-with-628-pieces\/","title":{"rendered":"WOMA C0273 Christmas Cottage X\u2019S MAS Cake House With 628 Pieces"},"content":{"rendered":"<p>Produktinformasjon:<\/p>\n<ol>\n<li>Merke: WOMA<\/li>\n<li>Kj\u00f8nn: Unisex<\/li>\n<li>Name: Christmas Cottage X\u2019S MAS Cake House<\/li>\n<li>Aldersgruppe: &gt; 6 \u00e5r gammel<\/li>\n<li>Model Number: C0273<\/li>\n<li>Klassifisering: Montering<\/li>\n<li>Plastblokkform: Selvl\u00e5sende murstein<\/li>\n<li>Materiale: Plast<\/li>\n<li>Plasttype: ABS<\/li>\n<li>Bricks Blocks:628 PCS<\/li>\n<li>Size: 22.7x11x18.9cm<\/li>\n<li>Inneholder detaljerte monteringsanvisninger.<\/li>\n<\/ol>\n<p>Legge merke til:<br \/>\n1. Uten original eske, men vi garanterer at v\u00e5re produkter har kvalitetssikring og pen emballasje.<br \/>\n2. Som alle delene vi har sjekket f\u00f8r frakt, s\u00e5 hvis du finner noen deler savnet eller skadet, ikke bekymre deg og bare kontakt oss, s\u00e5 kan vi sende dem til deg p\u00e5 nytt umiddelbart gratis.<\/p>\n<figure id=\"attachment_35410\" aria-describedby=\"caption-attachment-35410\" style=\"width: 800px\" class=\"wp-caption aligncenter\"><img fetchpriority=\"high\" decoding=\"async\" class=\"wp-image-35410 size-full\" src=\"https:\/\/mouldking.store\/wp-content\/uploads\/2022\/11\/C0273-9ce4.jpg\" alt=\"WOMA C0273 Christmas Cottage X\u2019S MAS Cake House With 628 Pieces\" width=\"800\" height=\"800\" title=\"-\" srcset=\"https:\/\/mouldking.store\/wp-content\/uploads\/2022\/11\/C0273-9ce4.jpg 800w, https:\/\/mouldking.store\/wp-content\/uploads\/2022\/11\/C0273-9ce4-300x300.jpg 300w, https:\/\/mouldking.store\/wp-content\/uploads\/2022\/11\/C0273-9ce4-768x768.jpg 768w, https:\/\/mouldking.store\/wp-content\/uploads\/2022\/11\/C0273-9ce4-600x600.jpg 600w, https:\/\/mouldking.store\/wp-content\/uploads\/2022\/11\/C0273-9ce4-150x150.jpg 150w, https:\/\/mouldking.store\/wp-content\/uploads\/2022\/11\/C0273-9ce4-60x60.jpg 60w, https:\/\/mouldking.store\/wp-content\/uploads\/2022\/11\/C0273-9ce4-90x90.jpg 90w\" sizes=\"(max-width: 800px) 100vw, 800px\" \/><figcaption id=\"caption-attachment-35410\" class=\"wp-caption-text\">WOMA C0273 Christmas Cottage X\u2019S MAS Cake House With 628 Pieces<\/figcaption><\/figure>","protected":false},"excerpt":{"rendered":"<p>Product information: Brand: WOMA Gender: Unisex Name: Christmas Cottage X\u2019S MAS Cake House Age Range: &gt; 6 years old Model Number: C0273 Classification: Assemblage Plastic Block Shape: Self-Locking Bricks Material: Plastic Plastic Type: ABS Bricks Blocks:628 PCS Size: 22.7x11x18.9cm Contains detailed assembly instructions. Notice: 1. Without an original box, but we guarantee our products have [&hellip;]<\/p>","protected":false},"featured_media":35410,"comment_status":"closed","ping_status":"closed","template":"","meta":{"_acf_changed":false},"product_cat":[1365],"product_tag":[7538,7540,1066,6661,7542,6659,6350,7543,7544,7537,7539,7541],"class_list":["product","first","instock","shipping-taxable","purchasable","product-type-simple"],"acf":[],"_links":{"self":[{"href":"https:\/\/mouldking.store\/nb\/wp-json\/wp\/v2\/product\/35409","targetHints":{"allow":["GET"]}}],"collection":[{"href":"https:\/\/mouldking.store\/nb\/wp-json\/wp\/v2\/product"}],"about":[{"href":"https:\/\/mouldking.store\/nb\/wp-json\/wp\/v2\/types\/product"}],"replies":[{"embeddable":true,"href":"https:\/\/mouldking.store\/nb\/wp-json\/wp\/v2\/comments?post=35409"}],"wp:featuredmedia":[{"embeddable":true,"href":"https:\/\/mouldking.store\/nb\/wp-json\/wp\/v2\/media\/35410"}],"wp:attachment":[{"href":"https:\/\/mouldking.store\/nb\/wp-json\/wp\/v2\/media?parent=35409"}],"wp:term":[{"taxonomy":"product_cat","embeddable":true,"href":"https:\/\/mouldking.store\/nb\/wp-json\/wp\/v2\/product_cat?post=35409"},{"taxonomy":"product_tag","embeddable":true,"href":"https:\/\/mouldking.store\/nb\/wp-json\/wp\/v2\/product_tag?post=35409"}],"curies":[{"name":"wp","href":"https:\/\/api.w.org\/{rel}","templated":true}]}}