{"id":35413,"date":"2022-11-18T17:27:02","date_gmt":"2022-11-18T10:27:02","guid":{"rendered":"https:\/\/mouldking.store\/?post_type=product&#038;p=35413"},"modified":"2022-11-18T17:27:02","modified_gmt":"2022-11-18T10:27:02","slug":"mould-king-20015-t-34-medium-tank-with-800-pieces","status":"publish","type":"product","link":"https:\/\/mouldking.store\/nb\/shop\/mould-king-20015-t-34-medium-tank-with-800-pieces\/","title":{"rendered":"Mold King 20015 T-34 Medium Tank Med 800 stk"},"content":{"rendered":"<p>Produktinformasjon:<\/p>\n<ol>\n<li>Merke: Mold King<\/li>\n<li>Kj\u00f8nn: Unisex<\/li>\n<li>Name: T-34 Medium Tank<\/li>\n<li>Aldersgruppe: &gt; 6 \u00e5r gammel<\/li>\n<li>Model Number: 20015<\/li>\n<li>Klassifisering: Montering<\/li>\n<li>Plastblokkform: Selvl\u00e5sende murstein<\/li>\n<li>Materiale: Plast<\/li>\n<li>Plasttype: ABS<\/li>\n<li>Bricks Blocks:800 PCS<\/li>\n<li>Size: 28.7 \u00d7 13 \u00d7 11.5 cm<\/li>\n<li>Inneholder detaljerte monteringsanvisninger.<\/li>\n<\/ol>\n<p>Legge merke til:<br \/>\n1. Uten original eske, men vi garanterer at v\u00e5re produkter har kvalitetssikring og pen emballasje.<br \/>\n2. Som alle delene vi har sjekket f\u00f8r frakt, s\u00e5 hvis du finner noen deler savnet eller skadet, ikke bekymre deg og bare kontakt oss, s\u00e5 kan vi sende dem til deg p\u00e5 nytt umiddelbart gratis.<\/p>\n<figure id=\"attachment_35414\" aria-describedby=\"caption-attachment-35414\" style=\"width: 800px\" class=\"wp-caption aligncenter\"><img fetchpriority=\"high\" decoding=\"async\" class=\"wp-image-35414 size-full\" src=\"https:\/\/mouldking.store\/wp-content\/uploads\/2022\/11\/MK20015-1-a910.jpg\" alt=\"Mould King 20015 T-34 Medium Tank With 800 Pieces\" width=\"800\" height=\"800\" title=\"-\" srcset=\"https:\/\/mouldking.store\/wp-content\/uploads\/2022\/11\/MK20015-1-a910.jpg 800w, https:\/\/mouldking.store\/wp-content\/uploads\/2022\/11\/MK20015-1-a910-300x300.jpg 300w, https:\/\/mouldking.store\/wp-content\/uploads\/2022\/11\/MK20015-1-a910-768x768.jpg 768w, https:\/\/mouldking.store\/wp-content\/uploads\/2022\/11\/MK20015-1-a910-600x600.jpg 600w, https:\/\/mouldking.store\/wp-content\/uploads\/2022\/11\/MK20015-1-a910-150x150.jpg 150w, https:\/\/mouldking.store\/wp-content\/uploads\/2022\/11\/MK20015-1-a910-60x60.jpg 60w, https:\/\/mouldking.store\/wp-content\/uploads\/2022\/11\/MK20015-1-a910-90x90.jpg 90w\" sizes=\"(max-width: 800px) 100vw, 800px\" \/><figcaption id=\"caption-attachment-35414\" class=\"wp-caption-text\">Mold King 20015 T-34 Medium Tank Med 800 stk<\/figcaption><\/figure>\n<figure id=\"attachment_35415\" aria-describedby=\"caption-attachment-35415\" style=\"width: 800px\" class=\"wp-caption aligncenter\"><img decoding=\"async\" class=\"wp-image-35415 size-full\" src=\"https:\/\/mouldking.store\/wp-content\/uploads\/2022\/11\/MK20015-2-1273.jpg\" alt=\"Mould King 20015 T-34 Medium Tank With 800 Pieces\" width=\"800\" height=\"800\" title=\"-\" srcset=\"https:\/\/mouldking.store\/wp-content\/uploads\/2022\/11\/MK20015-2-1273.jpg 800w, https:\/\/mouldking.store\/wp-content\/uploads\/2022\/11\/MK20015-2-1273-300x300.jpg 300w, https:\/\/mouldking.store\/wp-content\/uploads\/2022\/11\/MK20015-2-1273-768x768.jpg 768w, https:\/\/mouldking.store\/wp-content\/uploads\/2022\/11\/MK20015-2-1273-600x600.jpg 600w, https:\/\/mouldking.store\/wp-content\/uploads\/2022\/11\/MK20015-2-1273-150x150.jpg 150w, https:\/\/mouldking.store\/wp-content\/uploads\/2022\/11\/MK20015-2-1273-60x60.jpg 60w, https:\/\/mouldking.store\/wp-content\/uploads\/2022\/11\/MK20015-2-1273-90x90.jpg 90w\" sizes=\"(max-width: 800px) 100vw, 800px\" \/><figcaption id=\"caption-attachment-35415\" class=\"wp-caption-text\">Mold King 20015 T-34 Medium Tank Med 800 stk<\/figcaption><\/figure>\n<figure id=\"attachment_35416\" aria-describedby=\"caption-attachment-35416\" style=\"width: 800px\" class=\"wp-caption aligncenter\"><img decoding=\"async\" class=\"wp-image-35416 size-full\" src=\"https:\/\/mouldking.store\/wp-content\/uploads\/2022\/11\/MK20015-3-3f6d.jpg\" alt=\"Mould King 20015 T-34 Medium Tank With 800 Pieces\" width=\"800\" height=\"800\" title=\"-\" srcset=\"https:\/\/mouldking.store\/wp-content\/uploads\/2022\/11\/MK20015-3-3f6d.jpg 800w, https:\/\/mouldking.store\/wp-content\/uploads\/2022\/11\/MK20015-3-3f6d-300x300.jpg 300w, https:\/\/mouldking.store\/wp-content\/uploads\/2022\/11\/MK20015-3-3f6d-768x768.jpg 768w, https:\/\/mouldking.store\/wp-content\/uploads\/2022\/11\/MK20015-3-3f6d-600x600.jpg 600w, https:\/\/mouldking.store\/wp-content\/uploads\/2022\/11\/MK20015-3-3f6d-150x150.jpg 150w, https:\/\/mouldking.store\/wp-content\/uploads\/2022\/11\/MK20015-3-3f6d-60x60.jpg 60w, https:\/\/mouldking.store\/wp-content\/uploads\/2022\/11\/MK20015-3-3f6d-90x90.jpg 90w\" sizes=\"(max-width: 800px) 100vw, 800px\" \/><figcaption id=\"caption-attachment-35416\" class=\"wp-caption-text\">Mold King 20015 T-34 Medium Tank Med 800 stk<\/figcaption><\/figure>\n<figure id=\"attachment_35417\" aria-describedby=\"caption-attachment-35417\" style=\"width: 800px\" class=\"wp-caption aligncenter\"><img loading=\"lazy\" decoding=\"async\" class=\"wp-image-35417 size-full\" src=\"https:\/\/mouldking.store\/wp-content\/uploads\/2022\/11\/MK20015-4-cf8a.jpg\" alt=\"Mould King 20015 T-34 Medium Tank With 800 Pieces\" width=\"800\" height=\"800\" title=\"-\" srcset=\"https:\/\/mouldking.store\/wp-content\/uploads\/2022\/11\/MK20015-4-cf8a.jpg 800w, https:\/\/mouldking.store\/wp-content\/uploads\/2022\/11\/MK20015-4-cf8a-300x300.jpg 300w, https:\/\/mouldking.store\/wp-content\/uploads\/2022\/11\/MK20015-4-cf8a-768x768.jpg 768w, https:\/\/mouldking.store\/wp-content\/uploads\/2022\/11\/MK20015-4-cf8a-600x600.jpg 600w, https:\/\/mouldking.store\/wp-content\/uploads\/2022\/11\/MK20015-4-cf8a-150x150.jpg 150w, https:\/\/mouldking.store\/wp-content\/uploads\/2022\/11\/MK20015-4-cf8a-60x60.jpg 60w, https:\/\/mouldking.store\/wp-content\/uploads\/2022\/11\/MK20015-4-cf8a-90x90.jpg 90w\" sizes=\"(max-width: 800px) 100vw, 800px\" \/><figcaption id=\"caption-attachment-35417\" class=\"wp-caption-text\">Mold King 20015 T-34 Medium Tank Med 800 stk<\/figcaption><\/figure>\n<figure id=\"attachment_35418\" aria-describedby=\"caption-attachment-35418\" style=\"width: 800px\" class=\"wp-caption aligncenter\"><img loading=\"lazy\" decoding=\"async\" class=\"wp-image-35418 size-full\" src=\"https:\/\/mouldking.store\/wp-content\/uploads\/2022\/11\/MK20015-5-bea0.jpg\" alt=\"Mould King 20015 T-34 Medium Tank With 800 Pieces\" width=\"800\" height=\"800\" title=\"-\" srcset=\"https:\/\/mouldking.store\/wp-content\/uploads\/2022\/11\/MK20015-5-bea0.jpg 800w, https:\/\/mouldking.store\/wp-content\/uploads\/2022\/11\/MK20015-5-bea0-300x300.jpg 300w, https:\/\/mouldking.store\/wp-content\/uploads\/2022\/11\/MK20015-5-bea0-768x768.jpg 768w, https:\/\/mouldking.store\/wp-content\/uploads\/2022\/11\/MK20015-5-bea0-600x600.jpg 600w, https:\/\/mouldking.store\/wp-content\/uploads\/2022\/11\/MK20015-5-bea0-150x150.jpg 150w, https:\/\/mouldking.store\/wp-content\/uploads\/2022\/11\/MK20015-5-bea0-60x60.jpg 60w, https:\/\/mouldking.store\/wp-content\/uploads\/2022\/11\/MK20015-5-bea0-90x90.jpg 90w\" sizes=\"(max-width: 800px) 100vw, 800px\" \/><figcaption id=\"caption-attachment-35418\" class=\"wp-caption-text\">Mold King 20015 T-34 Medium Tank Med 800 stk<\/figcaption><\/figure>","protected":false},"excerpt":{"rendered":"<p>Product information: Brand: Mould King Gender: Unisex Name: T-34 Medium Tank Age Range: &gt; 6 years old Model Number: 20015 Classification: Assemblage Plastic Block Shape: Self-Locking Bricks Material: Plastic Plastic Type: ABS Bricks Blocks:800 PCS Size: 28.7 \u00d7 13 \u00d7 11.5 cm Contains detailed assembly instructions. Notice: 1. Without an original box, but we guarantee [&hellip;]<\/p>","protected":false},"featured_media":35414,"comment_status":"closed","ping_status":"closed","template":"","meta":{"_acf_changed":false},"product_cat":[1350],"product_tag":[7552,3813,615,7554,7555,7551,7553,485],"class_list":["product","first","instock","shipping-taxable","purchasable","product-type-simple"],"acf":[],"_links":{"self":[{"href":"https:\/\/mouldking.store\/nb\/wp-json\/wp\/v2\/product\/35413","targetHints":{"allow":["GET"]}}],"collection":[{"href":"https:\/\/mouldking.store\/nb\/wp-json\/wp\/v2\/product"}],"about":[{"href":"https:\/\/mouldking.store\/nb\/wp-json\/wp\/v2\/types\/product"}],"replies":[{"embeddable":true,"href":"https:\/\/mouldking.store\/nb\/wp-json\/wp\/v2\/comments?post=35413"}],"wp:featuredmedia":[{"embeddable":true,"href":"https:\/\/mouldking.store\/nb\/wp-json\/wp\/v2\/media\/35414"}],"wp:attachment":[{"href":"https:\/\/mouldking.store\/nb\/wp-json\/wp\/v2\/media?parent=35413"}],"wp:term":[{"taxonomy":"product_cat","embeddable":true,"href":"https:\/\/mouldking.store\/nb\/wp-json\/wp\/v2\/product_cat?post=35413"},{"taxonomy":"product_tag","embeddable":true,"href":"https:\/\/mouldking.store\/nb\/wp-json\/wp\/v2\/product_tag?post=35413"}],"curies":[{"name":"wp","href":"https:\/\/api.w.org\/{rel}","templated":true}]}}