{"id":35461,"date":"2022-11-21T12:02:17","date_gmt":"2022-11-21T05:02:17","guid":{"rendered":"https:\/\/mouldking.store\/?post_type=product&#038;p=35461"},"modified":"2022-11-21T12:02:18","modified_gmt":"2022-11-21T05:02:18","slug":"m6098-y-m6099-y-santa-violent-bear-christmas-santa-claus-deer-with-1880-pieces","status":"publish","type":"product","link":"https:\/\/mouldking.store\/nb\/shop\/m6098-y-m6099-y-santa-violent-bear-christmas-santa-claus-deer-with-1880-pieces\/","title":{"rendered":"M6098-Y M6099-Y Julenisse Voldsbj\u00f8rn Julenissehjort med 1880 stykker"},"content":{"rendered":"<p>Produktinformasjon:<\/p>\n<ol>\n<li>Brand: MPIN<\/li>\n<li>Kj\u00f8nn: Unisex<\/li>\n<li>Name: Santa Violent Bear Christmas Santa Claus Deer<\/li>\n<li>Aldersgruppe: &gt; 6 \u00e5r gammel<\/li>\n<li>Model Number: M6098-Y M6099-Y<\/li>\n<li>Klassifisering: Montering<\/li>\n<li>Plastblokkform: Selvl\u00e5sende murstein<\/li>\n<li>Materiale: Plast<\/li>\n<li>Plasttype: ABS<\/li>\n<li>Bricks Blocks:1880 PCS<\/li>\n<li>Size: 15\u00d710.5\u00d727.5cm<\/li>\n<li>Inneholder detaljerte monteringsanvisninger.<\/li>\n<\/ol>\n<p>Legge merke til:<br \/>\n1. Uten original eske, men vi garanterer at v\u00e5re produkter har kvalitetssikring og pen emballasje.<br \/>\n2. Som alle delene vi har sjekket f\u00f8r frakt, s\u00e5 hvis du finner noen deler savnet eller skadet, ikke bekymre deg og bare kontakt oss, s\u00e5 kan vi sende dem til deg p\u00e5 nytt umiddelbart gratis.<\/p>\n<figure id=\"attachment_35462\" aria-describedby=\"caption-attachment-35462\" style=\"width: 800px\" class=\"wp-caption aligncenter\"><img fetchpriority=\"high\" decoding=\"async\" class=\"wp-image-35462 size-full\" src=\"https:\/\/mouldking.store\/wp-content\/uploads\/2022\/11\/M6098-MY6099-c502.jpg\" alt=\"M6098-Y M6099-Y Santa Violent Bear Christmas Santa Claus Deer With 1880 Pieces\" width=\"800\" height=\"800\" title=\"-\" srcset=\"https:\/\/mouldking.store\/wp-content\/uploads\/2022\/11\/M6098-MY6099-c502.jpg 800w, https:\/\/mouldking.store\/wp-content\/uploads\/2022\/11\/M6098-MY6099-c502-300x300.jpg 300w, https:\/\/mouldking.store\/wp-content\/uploads\/2022\/11\/M6098-MY6099-c502-768x768.jpg 768w, https:\/\/mouldking.store\/wp-content\/uploads\/2022\/11\/M6098-MY6099-c502-600x600.jpg 600w, https:\/\/mouldking.store\/wp-content\/uploads\/2022\/11\/M6098-MY6099-c502-150x150.jpg 150w, https:\/\/mouldking.store\/wp-content\/uploads\/2022\/11\/M6098-MY6099-c502-60x60.jpg 60w, https:\/\/mouldking.store\/wp-content\/uploads\/2022\/11\/M6098-MY6099-c502-90x90.jpg 90w\" sizes=\"(max-width: 800px) 100vw, 800px\" \/><figcaption id=\"caption-attachment-35462\" class=\"wp-caption-text\">M6098-Y M6099-Y Julenisse Voldsbj\u00f8rn Julenissehjort med 1880 stykker<\/figcaption><\/figure>\n<figure id=\"attachment_35463\" aria-describedby=\"caption-attachment-35463\" style=\"width: 800px\" class=\"wp-caption aligncenter\"><img decoding=\"async\" class=\"wp-image-35463 size-full\" src=\"https:\/\/mouldking.store\/wp-content\/uploads\/2022\/11\/M6098-Y-5e75.jpg\" alt=\"M6098-Y M6099-Y Santa Violent Bear Christmas Santa Claus Deer With 1880 Pieces\" width=\"800\" height=\"800\" title=\"-\" srcset=\"https:\/\/mouldking.store\/wp-content\/uploads\/2022\/11\/M6098-Y-5e75.jpg 800w, https:\/\/mouldking.store\/wp-content\/uploads\/2022\/11\/M6098-Y-5e75-300x300.jpg 300w, https:\/\/mouldking.store\/wp-content\/uploads\/2022\/11\/M6098-Y-5e75-768x768.jpg 768w, https:\/\/mouldking.store\/wp-content\/uploads\/2022\/11\/M6098-Y-5e75-600x600.jpg 600w, https:\/\/mouldking.store\/wp-content\/uploads\/2022\/11\/M6098-Y-5e75-150x150.jpg 150w, https:\/\/mouldking.store\/wp-content\/uploads\/2022\/11\/M6098-Y-5e75-60x60.jpg 60w, https:\/\/mouldking.store\/wp-content\/uploads\/2022\/11\/M6098-Y-5e75-90x90.jpg 90w\" sizes=\"(max-width: 800px) 100vw, 800px\" \/><figcaption id=\"caption-attachment-35463\" class=\"wp-caption-text\">M6098-Y M6099-Y Julenisse Voldsbj\u00f8rn Julenissehjort med 1880 stykker<\/figcaption><\/figure>\n<figure id=\"attachment_35464\" aria-describedby=\"caption-attachment-35464\" style=\"width: 800px\" class=\"wp-caption aligncenter\"><img decoding=\"async\" class=\"wp-image-35464 size-full\" src=\"https:\/\/mouldking.store\/wp-content\/uploads\/2022\/11\/M6099-Y-1596.jpg\" alt=\"M6098-Y M6099-Y Santa Violent Bear Christmas Santa Claus Deer With 1880 Pieces\" width=\"800\" height=\"800\" title=\"-\" srcset=\"https:\/\/mouldking.store\/wp-content\/uploads\/2022\/11\/M6099-Y-1596.jpg 800w, https:\/\/mouldking.store\/wp-content\/uploads\/2022\/11\/M6099-Y-1596-300x300.jpg 300w, https:\/\/mouldking.store\/wp-content\/uploads\/2022\/11\/M6099-Y-1596-768x768.jpg 768w, https:\/\/mouldking.store\/wp-content\/uploads\/2022\/11\/M6099-Y-1596-600x600.jpg 600w, https:\/\/mouldking.store\/wp-content\/uploads\/2022\/11\/M6099-Y-1596-150x150.jpg 150w, https:\/\/mouldking.store\/wp-content\/uploads\/2022\/11\/M6099-Y-1596-60x60.jpg 60w, https:\/\/mouldking.store\/wp-content\/uploads\/2022\/11\/M6099-Y-1596-90x90.jpg 90w\" sizes=\"(max-width: 800px) 100vw, 800px\" \/><figcaption id=\"caption-attachment-35464\" class=\"wp-caption-text\">M6098-Y M6099-Y Julenisse Voldsbj\u00f8rn Julenissehjort med 1880 stykker<\/figcaption><\/figure>","protected":false},"excerpt":{"rendered":"<p>Product information: Brand: MPIN Gender: Unisex Name: Santa Violent Bear Christmas Santa Claus Deer Age Range: &gt; 6 years old Model Number: M6098-Y M6099-Y Classification: Assemblage Plastic Block Shape: Self-Locking Bricks Material: Plastic Plastic Type: ABS Bricks Blocks:1880 PCS Size: 15\u00d710.5\u00d727.5cm Contains detailed assembly instructions. Notice: 1. Without an original box, but we guarantee our [&hellip;]<\/p>","protected":false},"featured_media":35462,"comment_status":"closed","ping_status":"closed","template":"","meta":{"_acf_changed":false},"product_cat":[1365],"product_tag":[2271,1066,7547,7576,7580,7581,7575,7577,5697,7578,7579],"class_list":["product","first","instock","shipping-taxable","purchasable","product-type-variable"],"acf":[],"_links":{"self":[{"href":"https:\/\/mouldking.store\/nb\/wp-json\/wp\/v2\/product\/35461","targetHints":{"allow":["GET"]}}],"collection":[{"href":"https:\/\/mouldking.store\/nb\/wp-json\/wp\/v2\/product"}],"about":[{"href":"https:\/\/mouldking.store\/nb\/wp-json\/wp\/v2\/types\/product"}],"replies":[{"embeddable":true,"href":"https:\/\/mouldking.store\/nb\/wp-json\/wp\/v2\/comments?post=35461"}],"wp:featuredmedia":[{"embeddable":true,"href":"https:\/\/mouldking.store\/nb\/wp-json\/wp\/v2\/media\/35462"}],"wp:attachment":[{"href":"https:\/\/mouldking.store\/nb\/wp-json\/wp\/v2\/media?parent=35461"}],"wp:term":[{"taxonomy":"product_cat","embeddable":true,"href":"https:\/\/mouldking.store\/nb\/wp-json\/wp\/v2\/product_cat?post=35461"},{"taxonomy":"product_tag","embeddable":true,"href":"https:\/\/mouldking.store\/nb\/wp-json\/wp\/v2\/product_tag?post=35461"}],"curies":[{"name":"wp","href":"https:\/\/api.w.org\/{rel}","templated":true}]}}