{"id":35467,"date":"2022-11-21T12:10:52","date_gmt":"2022-11-21T05:10:52","guid":{"rendered":"https:\/\/mouldking.store\/?post_type=product&#038;p=35467"},"modified":"2022-11-21T12:10:52","modified_gmt":"2022-11-21T05:10:52","slug":"jaki-jk5301-jk5302-dinosaur-painting-hanging-tyrannosaurus","status":"publish","type":"product","link":"https:\/\/mouldking.store\/nb\/shop\/jaki-jk5301-jk5302-dinosaur-painting-hanging-tyrannosaurus\/","title":{"rendered":"JAKI JK5301 JK5302 Dinosaur Painting Hanging Tyrannosaurus"},"content":{"rendered":"<p>Produktinformasjon:<\/p>\n<ol>\n<li>Merke: JAKI<\/li>\n<li>Kj\u00f8nn: Unisex<\/li>\n<li>Name: Dinosaur Painting Hanging Tyrannosaurus<\/li>\n<li>Aldersgruppe: &gt; 6 \u00e5r gammel<\/li>\n<li>Model Number: JK5301 JK5302<\/li>\n<li>Klassifisering: Montering<\/li>\n<li>Plastblokkform: Selvl\u00e5sende murstein<\/li>\n<li>Materiale: Plast<\/li>\n<li>Plasttype: ABS<\/li>\n<li>Inneholder detaljerte monteringsanvisninger.<\/li>\n<\/ol>\n<p>Legge merke til:<br \/>\n1. Uten original eske, men vi garanterer at v\u00e5re produkter har kvalitetssikring og pen emballasje.<br \/>\n2. Som alle delene vi har sjekket f\u00f8r frakt, s\u00e5 hvis du finner noen deler savnet eller skadet, ikke bekymre deg og bare kontakt oss, s\u00e5 kan vi sende dem til deg p\u00e5 nytt umiddelbart gratis.<\/p>\n<figure id=\"attachment_35468\" aria-describedby=\"caption-attachment-35468\" style=\"width: 800px\" class=\"wp-caption aligncenter\"><img fetchpriority=\"high\" decoding=\"async\" class=\"wp-image-35468 size-full\" src=\"https:\/\/mouldking.store\/wp-content\/uploads\/2022\/11\/JK5301-JK5302-972d.jpg\" alt=\"JAKI JK5301 JK5302 Dinosaur Painting Hanging Tyrannosaurus\" width=\"800\" height=\"800\" title=\"-\" srcset=\"https:\/\/mouldking.store\/wp-content\/uploads\/2022\/11\/JK5301-JK5302-972d.jpg 800w, https:\/\/mouldking.store\/wp-content\/uploads\/2022\/11\/JK5301-JK5302-972d-300x300.jpg 300w, https:\/\/mouldking.store\/wp-content\/uploads\/2022\/11\/JK5301-JK5302-972d-768x768.jpg 768w, https:\/\/mouldking.store\/wp-content\/uploads\/2022\/11\/JK5301-JK5302-972d-600x600.jpg 600w, https:\/\/mouldking.store\/wp-content\/uploads\/2022\/11\/JK5301-JK5302-972d-150x150.jpg 150w, https:\/\/mouldking.store\/wp-content\/uploads\/2022\/11\/JK5301-JK5302-972d-60x60.jpg 60w, https:\/\/mouldking.store\/wp-content\/uploads\/2022\/11\/JK5301-JK5302-972d-90x90.jpg 90w\" sizes=\"(max-width: 800px) 100vw, 800px\" \/><figcaption id=\"caption-attachment-35468\" class=\"wp-caption-text\">JAKI JK5301 JK5302 Dinosaur Painting Hanging Tyrannosaurus<\/figcaption><\/figure>\n<figure id=\"attachment_35469\" aria-describedby=\"caption-attachment-35469\" style=\"width: 800px\" class=\"wp-caption aligncenter\"><img decoding=\"async\" class=\"wp-image-35469 size-full\" src=\"https:\/\/mouldking.store\/wp-content\/uploads\/2022\/11\/JK5301-1-2fef.jpg\" alt=\"JAKI JK5301 JK5302 Dinosaur Painting Hanging Tyrannosaurus\" width=\"800\" height=\"800\" title=\"-\" srcset=\"https:\/\/mouldking.store\/wp-content\/uploads\/2022\/11\/JK5301-1-2fef.jpg 800w, https:\/\/mouldking.store\/wp-content\/uploads\/2022\/11\/JK5301-1-2fef-300x300.jpg 300w, https:\/\/mouldking.store\/wp-content\/uploads\/2022\/11\/JK5301-1-2fef-768x768.jpg 768w, https:\/\/mouldking.store\/wp-content\/uploads\/2022\/11\/JK5301-1-2fef-600x600.jpg 600w, https:\/\/mouldking.store\/wp-content\/uploads\/2022\/11\/JK5301-1-2fef-150x150.jpg 150w, https:\/\/mouldking.store\/wp-content\/uploads\/2022\/11\/JK5301-1-2fef-60x60.jpg 60w, https:\/\/mouldking.store\/wp-content\/uploads\/2022\/11\/JK5301-1-2fef-90x90.jpg 90w\" sizes=\"(max-width: 800px) 100vw, 800px\" \/><figcaption id=\"caption-attachment-35469\" class=\"wp-caption-text\">JAKI JK5301 JK5302 Dinosaur Painting Hanging Tyrannosaurus<\/figcaption><\/figure>\n<figure id=\"attachment_35470\" aria-describedby=\"caption-attachment-35470\" style=\"width: 800px\" class=\"wp-caption aligncenter\"><img decoding=\"async\" class=\"wp-image-35470 size-full\" src=\"https:\/\/mouldking.store\/wp-content\/uploads\/2022\/11\/JK5301-2-5363.jpg\" alt=\"JAKI JK5301 JK5302 Dinosaur Painting Hanging Tyrannosaurus\" width=\"800\" height=\"800\" title=\"-\" srcset=\"https:\/\/mouldking.store\/wp-content\/uploads\/2022\/11\/JK5301-2-5363.jpg 800w, https:\/\/mouldking.store\/wp-content\/uploads\/2022\/11\/JK5301-2-5363-300x300.jpg 300w, https:\/\/mouldking.store\/wp-content\/uploads\/2022\/11\/JK5301-2-5363-768x768.jpg 768w, https:\/\/mouldking.store\/wp-content\/uploads\/2022\/11\/JK5301-2-5363-600x600.jpg 600w, https:\/\/mouldking.store\/wp-content\/uploads\/2022\/11\/JK5301-2-5363-150x150.jpg 150w, https:\/\/mouldking.store\/wp-content\/uploads\/2022\/11\/JK5301-2-5363-60x60.jpg 60w, https:\/\/mouldking.store\/wp-content\/uploads\/2022\/11\/JK5301-2-5363-90x90.jpg 90w\" sizes=\"(max-width: 800px) 100vw, 800px\" \/><figcaption id=\"caption-attachment-35470\" class=\"wp-caption-text\">JAKI JK5301 JK5302 Dinosaur Painting Hanging Tyrannosaurus<\/figcaption><\/figure>\n<figure id=\"attachment_35471\" aria-describedby=\"caption-attachment-35471\" style=\"width: 800px\" class=\"wp-caption aligncenter\"><img loading=\"lazy\" decoding=\"async\" class=\"wp-image-35471 size-full\" src=\"https:\/\/mouldking.store\/wp-content\/uploads\/2022\/11\/JK5302-1-893c.jpg\" alt=\"JAKI JK5301 JK5302 Dinosaur Painting Hanging Tyrannosaurus\" width=\"800\" height=\"800\" title=\"-\" srcset=\"https:\/\/mouldking.store\/wp-content\/uploads\/2022\/11\/JK5302-1-893c.jpg 800w, https:\/\/mouldking.store\/wp-content\/uploads\/2022\/11\/JK5302-1-893c-300x300.jpg 300w, https:\/\/mouldking.store\/wp-content\/uploads\/2022\/11\/JK5302-1-893c-768x768.jpg 768w, https:\/\/mouldking.store\/wp-content\/uploads\/2022\/11\/JK5302-1-893c-600x600.jpg 600w, https:\/\/mouldking.store\/wp-content\/uploads\/2022\/11\/JK5302-1-893c-150x150.jpg 150w, https:\/\/mouldking.store\/wp-content\/uploads\/2022\/11\/JK5302-1-893c-60x60.jpg 60w, https:\/\/mouldking.store\/wp-content\/uploads\/2022\/11\/JK5302-1-893c-90x90.jpg 90w\" sizes=\"(max-width: 800px) 100vw, 800px\" \/><figcaption id=\"caption-attachment-35471\" class=\"wp-caption-text\">JAKI JK5301 JK5302 Dinosaur Painting Hanging Tyrannosaurus<\/figcaption><\/figure>\n<figure id=\"attachment_35472\" aria-describedby=\"caption-attachment-35472\" style=\"width: 800px\" class=\"wp-caption aligncenter\"><img loading=\"lazy\" decoding=\"async\" class=\"wp-image-35472 size-full\" src=\"https:\/\/mouldking.store\/wp-content\/uploads\/2022\/11\/JK5302-2-06e9.jpg\" alt=\"JAKI JK5301 JK5302 Dinosaur Painting Hanging Tyrannosaurus\" width=\"800\" height=\"800\" title=\"-\" srcset=\"https:\/\/mouldking.store\/wp-content\/uploads\/2022\/11\/JK5302-2-06e9.jpg 800w, https:\/\/mouldking.store\/wp-content\/uploads\/2022\/11\/JK5302-2-06e9-300x300.jpg 300w, https:\/\/mouldking.store\/wp-content\/uploads\/2022\/11\/JK5302-2-06e9-768x768.jpg 768w, https:\/\/mouldking.store\/wp-content\/uploads\/2022\/11\/JK5302-2-06e9-600x600.jpg 600w, https:\/\/mouldking.store\/wp-content\/uploads\/2022\/11\/JK5302-2-06e9-150x150.jpg 150w, https:\/\/mouldking.store\/wp-content\/uploads\/2022\/11\/JK5302-2-06e9-60x60.jpg 60w, https:\/\/mouldking.store\/wp-content\/uploads\/2022\/11\/JK5302-2-06e9-90x90.jpg 90w\" sizes=\"(max-width: 800px) 100vw, 800px\" \/><figcaption id=\"caption-attachment-35472\" class=\"wp-caption-text\">JAKI JK5301 JK5302 Dinosaur Painting Hanging Tyrannosaurus<\/figcaption><\/figure>\n<figure id=\"attachment_35473\" aria-describedby=\"caption-attachment-35473\" style=\"width: 800px\" class=\"wp-caption aligncenter\"><img loading=\"lazy\" decoding=\"async\" class=\"wp-image-35473 size-full\" src=\"https:\/\/mouldking.store\/wp-content\/uploads\/2022\/11\/JK5302-3-b464.jpg\" alt=\"JAKI JK5301 JK5302 Dinosaur Painting Hanging Tyrannosaurus\" width=\"800\" height=\"800\" title=\"-\" srcset=\"https:\/\/mouldking.store\/wp-content\/uploads\/2022\/11\/JK5302-3-b464.jpg 800w, https:\/\/mouldking.store\/wp-content\/uploads\/2022\/11\/JK5302-3-b464-300x300.jpg 300w, https:\/\/mouldking.store\/wp-content\/uploads\/2022\/11\/JK5302-3-b464-768x768.jpg 768w, https:\/\/mouldking.store\/wp-content\/uploads\/2022\/11\/JK5302-3-b464-600x600.jpg 600w, https:\/\/mouldking.store\/wp-content\/uploads\/2022\/11\/JK5302-3-b464-150x150.jpg 150w, https:\/\/mouldking.store\/wp-content\/uploads\/2022\/11\/JK5302-3-b464-60x60.jpg 60w, https:\/\/mouldking.store\/wp-content\/uploads\/2022\/11\/JK5302-3-b464-90x90.jpg 90w\" sizes=\"(max-width: 800px) 100vw, 800px\" \/><figcaption id=\"caption-attachment-35473\" class=\"wp-caption-text\">JAKI JK5301 JK5302 Dinosaur Painting Hanging Tyrannosaurus<\/figcaption><\/figure>","protected":false},"excerpt":{"rendered":"<p>Product information: Brand: JAKI Gender: Unisex Name: Dinosaur Painting Hanging Tyrannosaurus Age Range: &gt; 6 years old Model Number: JK5301 JK5302 Classification: Assemblage Plastic Block Shape: Self-Locking Bricks Material: Plastic Plastic Type: ABS Contains detailed assembly instructions. Notice: 1. Without an original box, but we guarantee our products have quality assurance and nice packaging. 2. [&hellip;]<\/p>","protected":false},"featured_media":35470,"comment_status":"closed","ping_status":"closed","template":"","meta":{"_acf_changed":false},"product_cat":[1365],"product_tag":[2541,7586,7585,6440,7587,7582,7583,7588,7584,7204,5185],"class_list":["product","first","instock","shipping-taxable","purchasable","product-type-variable"],"acf":[],"_links":{"self":[{"href":"https:\/\/mouldking.store\/nb\/wp-json\/wp\/v2\/product\/35467","targetHints":{"allow":["GET"]}}],"collection":[{"href":"https:\/\/mouldking.store\/nb\/wp-json\/wp\/v2\/product"}],"about":[{"href":"https:\/\/mouldking.store\/nb\/wp-json\/wp\/v2\/types\/product"}],"replies":[{"embeddable":true,"href":"https:\/\/mouldking.store\/nb\/wp-json\/wp\/v2\/comments?post=35467"}],"wp:featuredmedia":[{"embeddable":true,"href":"https:\/\/mouldking.store\/nb\/wp-json\/wp\/v2\/media\/35470"}],"wp:attachment":[{"href":"https:\/\/mouldking.store\/nb\/wp-json\/wp\/v2\/media?parent=35467"}],"wp:term":[{"taxonomy":"product_cat","embeddable":true,"href":"https:\/\/mouldking.store\/nb\/wp-json\/wp\/v2\/product_cat?post=35467"},{"taxonomy":"product_tag","embeddable":true,"href":"https:\/\/mouldking.store\/nb\/wp-json\/wp\/v2\/product_tag?post=35467"}],"curies":[{"name":"wp","href":"https:\/\/api.w.org\/{rel}","templated":true}]}}