{"id":35476,"date":"2022-11-21T12:16:00","date_gmt":"2022-11-21T05:16:00","guid":{"rendered":"https:\/\/mouldking.store\/?post_type=product&#038;p=35476"},"modified":"2022-11-21T12:16:00","modified_gmt":"2022-11-21T05:16:00","slug":"jihui-m1014-strawberry-bear-with-588-pieces","status":"publish","type":"product","link":"https:\/\/mouldking.store\/nb\/shop\/jihui-m1014-strawberry-bear-with-588-pieces\/","title":{"rendered":"JIHUI M1014 Jordb\u00e6rbj\u00f8rn med 588 stk"},"content":{"rendered":"<p>Produktinformasjon:<\/p>\n<ol>\n<li>Brand: JIHUI<\/li>\n<li>Kj\u00f8nn: Unisex<\/li>\n<li>Name: Strawberry Bear<\/li>\n<li>Aldersgruppe: &gt; 6 \u00e5r gammel<\/li>\n<li>Model Number: M1014<\/li>\n<li>Klassifisering: Montering<\/li>\n<li>Plastblokkform: Selvl\u00e5sende murstein<\/li>\n<li>Materiale: Plast<\/li>\n<li>Plasttype: ABS<\/li>\n<li>Bricks Blocks:588 PCS<\/li>\n<li>Inneholder detaljerte monteringsanvisninger.<\/li>\n<\/ol>\n<p>Legge merke til:<br \/>\n1. Uten original eske, men vi garanterer at v\u00e5re produkter har kvalitetssikring og pen emballasje.<br \/>\n2. Som alle delene vi har sjekket f\u00f8r frakt, s\u00e5 hvis du finner noen deler savnet eller skadet, ikke bekymre deg og bare kontakt oss, s\u00e5 kan vi sende dem til deg p\u00e5 nytt umiddelbart gratis.<\/p>\n<figure id=\"attachment_35477\" aria-describedby=\"caption-attachment-35477\" style=\"width: 800px\" class=\"wp-caption aligncenter\"><img fetchpriority=\"high\" decoding=\"async\" class=\"wp-image-35477 size-full\" src=\"https:\/\/mouldking.store\/wp-content\/uploads\/2022\/11\/M1014-1-0d2d.jpg\" alt=\"JIHUI M1014 Strawberry Bear With 588 Pieces\" width=\"800\" height=\"800\" title=\"-\" srcset=\"https:\/\/mouldking.store\/wp-content\/uploads\/2022\/11\/M1014-1-0d2d.jpg 800w, https:\/\/mouldking.store\/wp-content\/uploads\/2022\/11\/M1014-1-0d2d-300x300.jpg 300w, https:\/\/mouldking.store\/wp-content\/uploads\/2022\/11\/M1014-1-0d2d-768x768.jpg 768w, https:\/\/mouldking.store\/wp-content\/uploads\/2022\/11\/M1014-1-0d2d-600x600.jpg 600w, https:\/\/mouldking.store\/wp-content\/uploads\/2022\/11\/M1014-1-0d2d-150x150.jpg 150w, https:\/\/mouldking.store\/wp-content\/uploads\/2022\/11\/M1014-1-0d2d-60x60.jpg 60w, https:\/\/mouldking.store\/wp-content\/uploads\/2022\/11\/M1014-1-0d2d-90x90.jpg 90w\" sizes=\"(max-width: 800px) 100vw, 800px\" \/><figcaption id=\"caption-attachment-35477\" class=\"wp-caption-text\">JIHUI M1014 Jordb\u00e6rbj\u00f8rn med 588 stk<\/figcaption><\/figure>\n<figure id=\"attachment_35478\" aria-describedby=\"caption-attachment-35478\" style=\"width: 800px\" class=\"wp-caption aligncenter\"><img decoding=\"async\" class=\"wp-image-35478 size-full\" src=\"https:\/\/mouldking.store\/wp-content\/uploads\/2022\/11\/M1014-2-d231.jpg\" alt=\"JIHUI M1014 Strawberry Bear With 588 Pieces\" width=\"800\" height=\"800\" title=\"-\" srcset=\"https:\/\/mouldking.store\/wp-content\/uploads\/2022\/11\/M1014-2-d231.jpg 800w, https:\/\/mouldking.store\/wp-content\/uploads\/2022\/11\/M1014-2-d231-300x300.jpg 300w, https:\/\/mouldking.store\/wp-content\/uploads\/2022\/11\/M1014-2-d231-768x768.jpg 768w, https:\/\/mouldking.store\/wp-content\/uploads\/2022\/11\/M1014-2-d231-600x600.jpg 600w, https:\/\/mouldking.store\/wp-content\/uploads\/2022\/11\/M1014-2-d231-150x150.jpg 150w, https:\/\/mouldking.store\/wp-content\/uploads\/2022\/11\/M1014-2-d231-60x60.jpg 60w, https:\/\/mouldking.store\/wp-content\/uploads\/2022\/11\/M1014-2-d231-90x90.jpg 90w\" sizes=\"(max-width: 800px) 100vw, 800px\" \/><figcaption id=\"caption-attachment-35478\" class=\"wp-caption-text\">JIHUI M1014 Jordb\u00e6rbj\u00f8rn med 588 stk<\/figcaption><\/figure>","protected":false},"excerpt":{"rendered":"<p>Product information: Brand: JIHUI Gender: Unisex Name: Strawberry Bear Age Range: &gt; 6 years old Model Number: M1014 Classification: Assemblage Plastic Block Shape: Self-Locking Bricks Material: Plastic Plastic Type: ABS Bricks Blocks:588 PCS Contains detailed assembly instructions. Notice: 1. Without an original box, but we guarantee our products have quality assurance and nice packaging. 2. [&hellip;]<\/p>","protected":false},"featured_media":35477,"comment_status":"closed","ping_status":"closed","template":"","meta":{"_acf_changed":false},"product_cat":[1365],"product_tag":[2271,7590,7594,7595,7589,7591,7592,7593],"class_list":["product","first","instock","shipping-taxable","purchasable","product-type-simple"],"acf":[],"_links":{"self":[{"href":"https:\/\/mouldking.store\/nb\/wp-json\/wp\/v2\/product\/35476","targetHints":{"allow":["GET"]}}],"collection":[{"href":"https:\/\/mouldking.store\/nb\/wp-json\/wp\/v2\/product"}],"about":[{"href":"https:\/\/mouldking.store\/nb\/wp-json\/wp\/v2\/types\/product"}],"replies":[{"embeddable":true,"href":"https:\/\/mouldking.store\/nb\/wp-json\/wp\/v2\/comments?post=35476"}],"wp:featuredmedia":[{"embeddable":true,"href":"https:\/\/mouldking.store\/nb\/wp-json\/wp\/v2\/media\/35477"}],"wp:attachment":[{"href":"https:\/\/mouldking.store\/nb\/wp-json\/wp\/v2\/media?parent=35476"}],"wp:term":[{"taxonomy":"product_cat","embeddable":true,"href":"https:\/\/mouldking.store\/nb\/wp-json\/wp\/v2\/product_cat?post=35476"},{"taxonomy":"product_tag","embeddable":true,"href":"https:\/\/mouldking.store\/nb\/wp-json\/wp\/v2\/product_tag?post=35476"}],"curies":[{"name":"wp","href":"https:\/\/api.w.org\/{rel}","templated":true}]}}