{"id":35479,"date":"2022-11-21T12:24:39","date_gmt":"2022-11-21T05:24:39","guid":{"rendered":"https:\/\/mouldking.store\/?post_type=product&#038;p=35479"},"modified":"2022-11-21T12:24:39","modified_gmt":"2022-11-21T05:24:39","slug":"jihui-m1015-m1016-standing-strawberry-bear-sitting-strawberry-bear-with-728-pieces","status":"publish","type":"product","link":"https:\/\/mouldking.store\/nb\/shop\/jihui-m1015-m1016-standing-strawberry-bear-sitting-strawberry-bear-with-728-pieces\/","title":{"rendered":"JIHUI M1015 M1016 Standing Strawberry Bear Sitting Strawberry Bear With 728 Pieces"},"content":{"rendered":"<p>Produktinformasjon:<\/p>\n<ol>\n<li>Brand: JIHUI<\/li>\n<li>Kj\u00f8nn: Unisex<\/li>\n<li>Name: Standing Strawberry Bear Sitting Strawberry Bear<\/li>\n<li>Aldersgruppe: &gt; 6 \u00e5r gammel<\/li>\n<li>Model Number: M1015 M1016<\/li>\n<li>Klassifisering: Montering<\/li>\n<li>Plastblokkform: Selvl\u00e5sende murstein<\/li>\n<li>Materiale: Plast<\/li>\n<li>Plasttype: ABS<\/li>\n<li>Bricks Blocks:728 PCS<\/li>\n<li>Inneholder detaljerte monteringsanvisninger.<\/li>\n<\/ol>\n<p>Legge merke til:<br \/>\n1. Uten original eske, men vi garanterer at v\u00e5re produkter har kvalitetssikring og pen emballasje.<br \/>\n2. Som alle delene vi har sjekket f\u00f8r frakt, s\u00e5 hvis du finner noen deler savnet eller skadet, ikke bekymre deg og bare kontakt oss, s\u00e5 kan vi sende dem til deg p\u00e5 nytt umiddelbart gratis.<\/p>\n<figure id=\"attachment_35480\" aria-describedby=\"caption-attachment-35480\" style=\"width: 800px\" class=\"wp-caption aligncenter\"><img fetchpriority=\"high\" decoding=\"async\" class=\"wp-image-35480 size-full\" src=\"https:\/\/mouldking.store\/wp-content\/uploads\/2022\/11\/M1015-M1016-3441.jpg\" alt=\"JIHUI M1015 M1016 Standing Strawberry Bear Sitting Strawberry Bear With 728 Pieces\" width=\"800\" height=\"800\" title=\"-\" srcset=\"https:\/\/mouldking.store\/wp-content\/uploads\/2022\/11\/M1015-M1016-3441.jpg 800w, https:\/\/mouldking.store\/wp-content\/uploads\/2022\/11\/M1015-M1016-3441-300x300.jpg 300w, https:\/\/mouldking.store\/wp-content\/uploads\/2022\/11\/M1015-M1016-3441-768x768.jpg 768w, https:\/\/mouldking.store\/wp-content\/uploads\/2022\/11\/M1015-M1016-3441-600x600.jpg 600w, https:\/\/mouldking.store\/wp-content\/uploads\/2022\/11\/M1015-M1016-3441-150x150.jpg 150w, https:\/\/mouldking.store\/wp-content\/uploads\/2022\/11\/M1015-M1016-3441-60x60.jpg 60w, https:\/\/mouldking.store\/wp-content\/uploads\/2022\/11\/M1015-M1016-3441-90x90.jpg 90w\" sizes=\"(max-width: 800px) 100vw, 800px\" \/><figcaption id=\"caption-attachment-35480\" class=\"wp-caption-text\">JIHUI M1015 M1016 Standing Strawberry Bear Sitting Strawberry Bear With 728 Pieces<\/figcaption><\/figure>\n<figure id=\"attachment_35481\" aria-describedby=\"caption-attachment-35481\" style=\"width: 800px\" class=\"wp-caption aligncenter\"><img decoding=\"async\" class=\"wp-image-35481 size-full\" src=\"https:\/\/mouldking.store\/wp-content\/uploads\/2022\/11\/M1015-1-1b38.jpg\" alt=\"JIHUI M1015 M1016 Standing Strawberry Bear Sitting Strawberry Bear With 728 Pieces\" width=\"800\" height=\"800\" title=\"-\" srcset=\"https:\/\/mouldking.store\/wp-content\/uploads\/2022\/11\/M1015-1-1b38.jpg 800w, https:\/\/mouldking.store\/wp-content\/uploads\/2022\/11\/M1015-1-1b38-300x300.jpg 300w, https:\/\/mouldking.store\/wp-content\/uploads\/2022\/11\/M1015-1-1b38-768x768.jpg 768w, https:\/\/mouldking.store\/wp-content\/uploads\/2022\/11\/M1015-1-1b38-600x600.jpg 600w, https:\/\/mouldking.store\/wp-content\/uploads\/2022\/11\/M1015-1-1b38-150x150.jpg 150w, https:\/\/mouldking.store\/wp-content\/uploads\/2022\/11\/M1015-1-1b38-60x60.jpg 60w, https:\/\/mouldking.store\/wp-content\/uploads\/2022\/11\/M1015-1-1b38-90x90.jpg 90w\" sizes=\"(max-width: 800px) 100vw, 800px\" \/><figcaption id=\"caption-attachment-35481\" class=\"wp-caption-text\">JIHUI M1015 M1016 Standing Strawberry Bear Sitting Strawberry Bear With 728 Pieces<\/figcaption><\/figure>\n<figure id=\"attachment_35482\" aria-describedby=\"caption-attachment-35482\" style=\"width: 800px\" class=\"wp-caption aligncenter\"><img decoding=\"async\" class=\"wp-image-35482 size-full\" src=\"https:\/\/mouldking.store\/wp-content\/uploads\/2022\/11\/M1016-3-6e7f.jpg\" alt=\"JIHUI M1015 M1016 Standing Strawberry Bear Sitting Strawberry Bear With 728 Pieces\" width=\"800\" height=\"800\" title=\"-\" srcset=\"https:\/\/mouldking.store\/wp-content\/uploads\/2022\/11\/M1016-3-6e7f.jpg 800w, https:\/\/mouldking.store\/wp-content\/uploads\/2022\/11\/M1016-3-6e7f-300x300.jpg 300w, https:\/\/mouldking.store\/wp-content\/uploads\/2022\/11\/M1016-3-6e7f-768x768.jpg 768w, https:\/\/mouldking.store\/wp-content\/uploads\/2022\/11\/M1016-3-6e7f-600x600.jpg 600w, https:\/\/mouldking.store\/wp-content\/uploads\/2022\/11\/M1016-3-6e7f-150x150.jpg 150w, https:\/\/mouldking.store\/wp-content\/uploads\/2022\/11\/M1016-3-6e7f-60x60.jpg 60w, https:\/\/mouldking.store\/wp-content\/uploads\/2022\/11\/M1016-3-6e7f-90x90.jpg 90w\" sizes=\"(max-width: 800px) 100vw, 800px\" \/><figcaption id=\"caption-attachment-35482\" class=\"wp-caption-text\">JIHUI M1015 M1016 Standing Strawberry Bear Sitting Strawberry Bear With 728 Pieces<\/figcaption><\/figure>\n<figure id=\"attachment_35483\" aria-describedby=\"caption-attachment-35483\" style=\"width: 800px\" class=\"wp-caption aligncenter\"><img loading=\"lazy\" decoding=\"async\" class=\"wp-image-35483 size-full\" src=\"https:\/\/mouldking.store\/wp-content\/uploads\/2022\/11\/M1016-1-1437.jpg\" alt=\"JIHUI M1015 M1016 Standing Strawberry Bear Sitting Strawberry Bear With 728 Pieces\" width=\"800\" height=\"800\" title=\"-\" srcset=\"https:\/\/mouldking.store\/wp-content\/uploads\/2022\/11\/M1016-1-1437.jpg 800w, https:\/\/mouldking.store\/wp-content\/uploads\/2022\/11\/M1016-1-1437-300x300.jpg 300w, https:\/\/mouldking.store\/wp-content\/uploads\/2022\/11\/M1016-1-1437-768x768.jpg 768w, https:\/\/mouldking.store\/wp-content\/uploads\/2022\/11\/M1016-1-1437-600x600.jpg 600w, https:\/\/mouldking.store\/wp-content\/uploads\/2022\/11\/M1016-1-1437-150x150.jpg 150w, https:\/\/mouldking.store\/wp-content\/uploads\/2022\/11\/M1016-1-1437-60x60.jpg 60w, https:\/\/mouldking.store\/wp-content\/uploads\/2022\/11\/M1016-1-1437-90x90.jpg 90w\" sizes=\"(max-width: 800px) 100vw, 800px\" \/><figcaption id=\"caption-attachment-35483\" class=\"wp-caption-text\">JIHUI M1015 M1016 Standing Strawberry Bear Sitting Strawberry Bear With 728 Pieces<\/figcaption><\/figure>\n<figure id=\"attachment_35484\" aria-describedby=\"caption-attachment-35484\" style=\"width: 1024px\" class=\"wp-caption aligncenter\"><img loading=\"lazy\" decoding=\"async\" class=\"wp-image-35484 size-large\" src=\"https:\/\/mouldking.store\/wp-content\/uploads\/2022\/11\/M1016-2-c081-1024x1024.jpg\" alt=\"JIHUI M1015 M1016 Standing Strawberry Bear Sitting Strawberry Bear With 728 Pieces\" width=\"1024\" height=\"1024\" title=\"-\" srcset=\"https:\/\/mouldking.store\/wp-content\/uploads\/2022\/11\/M1016-2-c081-1024x1024.jpg 1024w, https:\/\/mouldking.store\/wp-content\/uploads\/2022\/11\/M1016-2-c081-300x300.jpg 300w, https:\/\/mouldking.store\/wp-content\/uploads\/2022\/11\/M1016-2-c081-768x768.jpg 768w, https:\/\/mouldking.store\/wp-content\/uploads\/2022\/11\/M1016-2-c081-1536x1536.jpg 1536w, https:\/\/mouldking.store\/wp-content\/uploads\/2022\/11\/M1016-2-c081-600x600.jpg 600w, https:\/\/mouldking.store\/wp-content\/uploads\/2022\/11\/M1016-2-c081-150x150.jpg 150w, https:\/\/mouldking.store\/wp-content\/uploads\/2022\/11\/M1016-2-c081-60x60.jpg 60w, https:\/\/mouldking.store\/wp-content\/uploads\/2022\/11\/M1016-2-c081-90x90.jpg 90w, https:\/\/mouldking.store\/wp-content\/uploads\/2022\/11\/M1016-2-c081.jpg 1920w\" sizes=\"(max-width: 1024px) 100vw, 1024px\" \/><figcaption id=\"caption-attachment-35484\" class=\"wp-caption-text\">JIHUI M1015 M1016 Standing Strawberry Bear Sitting Strawberry Bear With 728 Pieces<\/figcaption><\/figure>","protected":false},"excerpt":{"rendered":"<p>Product information: Brand: JIHUI Gender: Unisex Name: Standing Strawberry Bear Sitting Strawberry Bear Age Range: &gt; 6 years old Model Number: M1015 M1016 Classification: Assemblage Plastic Block Shape: Self-Locking Bricks Material: Plastic Plastic Type: ABS Bricks Blocks:728 PCS Contains detailed assembly instructions. Notice: 1. Without an original box, but we guarantee our products have quality [&hellip;]<\/p>","protected":false},"featured_media":35480,"comment_status":"closed","ping_status":"closed","template":"","meta":{"_acf_changed":false},"product_cat":[1365],"product_tag":[2271,7590,7602,7603,7596,7597,7601,7598,7600,7599,7593],"class_list":["product","first","instock","shipping-taxable","purchasable","product-type-variable"],"acf":[],"_links":{"self":[{"href":"https:\/\/mouldking.store\/nb\/wp-json\/wp\/v2\/product\/35479","targetHints":{"allow":["GET"]}}],"collection":[{"href":"https:\/\/mouldking.store\/nb\/wp-json\/wp\/v2\/product"}],"about":[{"href":"https:\/\/mouldking.store\/nb\/wp-json\/wp\/v2\/types\/product"}],"replies":[{"embeddable":true,"href":"https:\/\/mouldking.store\/nb\/wp-json\/wp\/v2\/comments?post=35479"}],"wp:featuredmedia":[{"embeddable":true,"href":"https:\/\/mouldking.store\/nb\/wp-json\/wp\/v2\/media\/35480"}],"wp:attachment":[{"href":"https:\/\/mouldking.store\/nb\/wp-json\/wp\/v2\/media?parent=35479"}],"wp:term":[{"taxonomy":"product_cat","embeddable":true,"href":"https:\/\/mouldking.store\/nb\/wp-json\/wp\/v2\/product_cat?post=35479"},{"taxonomy":"product_tag","embeddable":true,"href":"https:\/\/mouldking.store\/nb\/wp-json\/wp\/v2\/product_tag?post=35479"}],"curies":[{"name":"wp","href":"https:\/\/api.w.org\/{rel}","templated":true}]}}