{"id":35487,"date":"2022-11-21T12:30:07","date_gmt":"2022-11-21T05:30:07","guid":{"rendered":"https:\/\/mouldking.store\/?post_type=product&#038;p=35487"},"modified":"2022-11-21T12:30:07","modified_gmt":"2022-11-21T05:30:07","slug":"forange-fc8508-dream-cottage-beauty-shop-with-539-pieces","status":"publish","type":"product","link":"https:\/\/mouldking.store\/nb\/shop\/forange-fc8508-dream-cottage-beauty-shop-with-539-pieces\/","title":{"rendered":"Forange FC8508 Dream Cottage Skj\u00f8nnhetssalong med 539 stk"},"content":{"rendered":"<p>Produktinformasjon:<\/p>\n<ol>\n<li>Merke: Forange<\/li>\n<li>Kj\u00f8nn: Unisex<\/li>\n<li>Name: Dream Cottage Beauty Shop<\/li>\n<li>Aldersgruppe: &gt; 6 \u00e5r gammel<\/li>\n<li>Model Number: FC8508<\/li>\n<li>Klassifisering: Montering<\/li>\n<li>Plastblokkform: Selvl\u00e5sende murstein<\/li>\n<li>Materiale: Plast<\/li>\n<li>Plasttype: ABS<\/li>\n<li>Bricks Blocks:539 PCS<\/li>\n<li>Size: 30 \u00d7 7 \u00d7 24 cm<\/li>\n<li>Inneholder detaljerte monteringsanvisninger.<\/li>\n<\/ol>\n<p>Legge merke til:<br \/>\n1. Uten original eske, men vi garanterer at v\u00e5re produkter har kvalitetssikring og pen emballasje.<br \/>\n2. Som alle delene vi har sjekket f\u00f8r frakt, s\u00e5 hvis du finner noen deler savnet eller skadet, ikke bekymre deg og bare kontakt oss, s\u00e5 kan vi sende dem til deg p\u00e5 nytt umiddelbart gratis.<\/p>\n<figure id=\"attachment_35488\" aria-describedby=\"caption-attachment-35488\" style=\"width: 800px\" class=\"wp-caption aligncenter\"><img fetchpriority=\"high\" decoding=\"async\" class=\"wp-image-35488 size-full\" src=\"https:\/\/mouldking.store\/wp-content\/uploads\/2022\/11\/FC8508-1-3537.jpg\" alt=\"Forange FC8508 Dream Cottage Beauty Shop With 539 Pieces\" width=\"800\" height=\"800\" title=\"-\" srcset=\"https:\/\/mouldking.store\/wp-content\/uploads\/2022\/11\/FC8508-1-3537.jpg 800w, https:\/\/mouldking.store\/wp-content\/uploads\/2022\/11\/FC8508-1-3537-300x300.jpg 300w, https:\/\/mouldking.store\/wp-content\/uploads\/2022\/11\/FC8508-1-3537-768x768.jpg 768w, https:\/\/mouldking.store\/wp-content\/uploads\/2022\/11\/FC8508-1-3537-600x600.jpg 600w, https:\/\/mouldking.store\/wp-content\/uploads\/2022\/11\/FC8508-1-3537-150x150.jpg 150w, https:\/\/mouldking.store\/wp-content\/uploads\/2022\/11\/FC8508-1-3537-60x60.jpg 60w, https:\/\/mouldking.store\/wp-content\/uploads\/2022\/11\/FC8508-1-3537-90x90.jpg 90w\" sizes=\"(max-width: 800px) 100vw, 800px\" \/><figcaption id=\"caption-attachment-35488\" class=\"wp-caption-text\">Forange FC8508 Dream Cottage Skj\u00f8nnhetssalong med 539 stk<\/figcaption><\/figure>\n<figure id=\"attachment_35489\" aria-describedby=\"caption-attachment-35489\" style=\"width: 800px\" class=\"wp-caption aligncenter\"><img decoding=\"async\" class=\"wp-image-35489 size-full\" src=\"https:\/\/mouldking.store\/wp-content\/uploads\/2022\/11\/FC8508-2-495c.jpg\" alt=\"Forange FC8508 Dream Cottage Beauty Shop With 539 Pieces\" width=\"800\" height=\"800\" title=\"-\" srcset=\"https:\/\/mouldking.store\/wp-content\/uploads\/2022\/11\/FC8508-2-495c.jpg 800w, https:\/\/mouldking.store\/wp-content\/uploads\/2022\/11\/FC8508-2-495c-300x300.jpg 300w, https:\/\/mouldking.store\/wp-content\/uploads\/2022\/11\/FC8508-2-495c-768x768.jpg 768w, https:\/\/mouldking.store\/wp-content\/uploads\/2022\/11\/FC8508-2-495c-600x600.jpg 600w, https:\/\/mouldking.store\/wp-content\/uploads\/2022\/11\/FC8508-2-495c-150x150.jpg 150w, https:\/\/mouldking.store\/wp-content\/uploads\/2022\/11\/FC8508-2-495c-60x60.jpg 60w, https:\/\/mouldking.store\/wp-content\/uploads\/2022\/11\/FC8508-2-495c-90x90.jpg 90w\" sizes=\"(max-width: 800px) 100vw, 800px\" \/><figcaption id=\"caption-attachment-35489\" class=\"wp-caption-text\">Forange FC8508 Dream Cottage Skj\u00f8nnhetssalong med 539 stk<\/figcaption><\/figure>\n<figure id=\"attachment_35490\" aria-describedby=\"caption-attachment-35490\" style=\"width: 800px\" class=\"wp-caption aligncenter\"><img decoding=\"async\" class=\"wp-image-35490 size-full\" src=\"https:\/\/mouldking.store\/wp-content\/uploads\/2022\/11\/FC8508-3-3bab.jpg\" alt=\"Forange FC8508 Dream Cottage Beauty Shop With 539 Pieces\" width=\"800\" height=\"800\" title=\"-\" srcset=\"https:\/\/mouldking.store\/wp-content\/uploads\/2022\/11\/FC8508-3-3bab.jpg 800w, https:\/\/mouldking.store\/wp-content\/uploads\/2022\/11\/FC8508-3-3bab-300x300.jpg 300w, https:\/\/mouldking.store\/wp-content\/uploads\/2022\/11\/FC8508-3-3bab-768x768.jpg 768w, https:\/\/mouldking.store\/wp-content\/uploads\/2022\/11\/FC8508-3-3bab-600x600.jpg 600w, https:\/\/mouldking.store\/wp-content\/uploads\/2022\/11\/FC8508-3-3bab-150x150.jpg 150w, https:\/\/mouldking.store\/wp-content\/uploads\/2022\/11\/FC8508-3-3bab-60x60.jpg 60w, https:\/\/mouldking.store\/wp-content\/uploads\/2022\/11\/FC8508-3-3bab-90x90.jpg 90w\" sizes=\"(max-width: 800px) 100vw, 800px\" \/><figcaption id=\"caption-attachment-35490\" class=\"wp-caption-text\">Forange FC8508 Dream Cottage Skj\u00f8nnhetssalong med 539 stk<\/figcaption><\/figure>\n<figure id=\"attachment_35491\" aria-describedby=\"caption-attachment-35491\" style=\"width: 800px\" class=\"wp-caption aligncenter\"><img loading=\"lazy\" decoding=\"async\" class=\"wp-image-35491 size-full\" src=\"https:\/\/mouldking.store\/wp-content\/uploads\/2022\/11\/FC8508-4-8447.jpg\" alt=\"Forange FC8508 Dream Cottage Beauty Shop With 539 Pieces\" width=\"800\" height=\"800\" title=\"-\" srcset=\"https:\/\/mouldking.store\/wp-content\/uploads\/2022\/11\/FC8508-4-8447.jpg 800w, https:\/\/mouldking.store\/wp-content\/uploads\/2022\/11\/FC8508-4-8447-300x300.jpg 300w, https:\/\/mouldking.store\/wp-content\/uploads\/2022\/11\/FC8508-4-8447-768x768.jpg 768w, https:\/\/mouldking.store\/wp-content\/uploads\/2022\/11\/FC8508-4-8447-600x600.jpg 600w, https:\/\/mouldking.store\/wp-content\/uploads\/2022\/11\/FC8508-4-8447-150x150.jpg 150w, https:\/\/mouldking.store\/wp-content\/uploads\/2022\/11\/FC8508-4-8447-60x60.jpg 60w, https:\/\/mouldking.store\/wp-content\/uploads\/2022\/11\/FC8508-4-8447-90x90.jpg 90w\" sizes=\"(max-width: 800px) 100vw, 800px\" \/><figcaption id=\"caption-attachment-35491\" class=\"wp-caption-text\">Forange FC8508 Dream Cottage Skj\u00f8nnhetssalong med 539 stk<\/figcaption><\/figure>","protected":false},"excerpt":{"rendered":"<p>Product information: Brand: Forange Gender: Unisex Name: Dream Cottage Beauty Shop Age Range: &gt; 6 years old Model Number: FC8508 Classification: Assemblage Plastic Block Shape: Self-Locking Bricks Material: Plastic Plastic Type: ABS Bricks Blocks:539 PCS Size: 30 \u00d7 7 \u00d7 24 cm Contains detailed assembly instructions. Notice: 1. Without an original box, but we guarantee [&hellip;]<\/p>","protected":false},"featured_media":35488,"comment_status":"closed","ping_status":"closed","template":"","meta":{"_acf_changed":false},"product_cat":[1395],"product_tag":[7606,6659,7608,7605,2595,7607,7609,7604],"class_list":["product","first","instock","shipping-taxable","purchasable","product-type-simple"],"acf":[],"_links":{"self":[{"href":"https:\/\/mouldking.store\/nb\/wp-json\/wp\/v2\/product\/35487","targetHints":{"allow":["GET"]}}],"collection":[{"href":"https:\/\/mouldking.store\/nb\/wp-json\/wp\/v2\/product"}],"about":[{"href":"https:\/\/mouldking.store\/nb\/wp-json\/wp\/v2\/types\/product"}],"replies":[{"embeddable":true,"href":"https:\/\/mouldking.store\/nb\/wp-json\/wp\/v2\/comments?post=35487"}],"wp:featuredmedia":[{"embeddable":true,"href":"https:\/\/mouldking.store\/nb\/wp-json\/wp\/v2\/media\/35488"}],"wp:attachment":[{"href":"https:\/\/mouldking.store\/nb\/wp-json\/wp\/v2\/media?parent=35487"}],"wp:term":[{"taxonomy":"product_cat","embeddable":true,"href":"https:\/\/mouldking.store\/nb\/wp-json\/wp\/v2\/product_cat?post=35487"},{"taxonomy":"product_tag","embeddable":true,"href":"https:\/\/mouldking.store\/nb\/wp-json\/wp\/v2\/product_tag?post=35487"}],"curies":[{"name":"wp","href":"https:\/\/api.w.org\/{rel}","templated":true}]}}