{"id":35499,"date":"2022-11-21T14:12:19","date_gmt":"2022-11-21T07:12:19","guid":{"rendered":"https:\/\/mouldking.store\/?post_type=product&#038;p=35499"},"modified":"2022-11-21T14:12:19","modified_gmt":"2022-11-21T07:12:19","slug":"k-box-10508-porsche-cayenne-with-3181-pieces","status":"publish","type":"product","link":"https:\/\/mouldking.store\/nb\/shop\/k-box-10508-porsche-cayenne-with-3181-pieces\/","title":{"rendered":"K-Box 10508 Porsche Cayenne Med 3181 stk"},"content":{"rendered":"<p>Produktinformasjon:<\/p>\n<ol>\n<li>Merke: K-Box<\/li>\n<li>Kj\u00f8nn: Unisex<\/li>\n<li>Name: Porsche Cayenne<\/li>\n<li>Aldersgruppe: &gt; 6 \u00e5r gammel<\/li>\n<li>Model Number: 10508<\/li>\n<li>Klassifisering: Montering<\/li>\n<li>Plastblokkform: Selvl\u00e5sende murstein<\/li>\n<li>Materiale: Plast<\/li>\n<li>Plasttype: ABS<\/li>\n<li>Bricks Blocks:3181 PCS<\/li>\n<li>Size: 50 \u00d7 24 \u00d7 18 cm<\/li>\n<li>Inneholder detaljerte monteringsanvisninger.<\/li>\n<\/ol>\n<p>Legge merke til:<br \/>\n1. Uten original eske, men vi garanterer at v\u00e5re produkter har kvalitetssikring og pen emballasje.<br \/>\n2. Som alle delene vi har sjekket f\u00f8r frakt, s\u00e5 hvis du finner noen deler savnet eller skadet, ikke bekymre deg og bare kontakt oss, s\u00e5 kan vi sende dem til deg p\u00e5 nytt umiddelbart gratis.<\/p>\n<figure id=\"attachment_35500\" aria-describedby=\"caption-attachment-35500\" style=\"width: 800px\" class=\"wp-caption aligncenter\"><img fetchpriority=\"high\" decoding=\"async\" class=\"wp-image-35500 size-full\" src=\"https:\/\/mouldking.store\/wp-content\/uploads\/2022\/11\/10508-1-14e7.jpg\" alt=\"K-Box 10508 Porsche Cayenne With 3181 Pieces\" width=\"800\" height=\"800\" title=\"-\" srcset=\"https:\/\/mouldking.store\/wp-content\/uploads\/2022\/11\/10508-1-14e7.jpg 800w, https:\/\/mouldking.store\/wp-content\/uploads\/2022\/11\/10508-1-14e7-300x300.jpg 300w, https:\/\/mouldking.store\/wp-content\/uploads\/2022\/11\/10508-1-14e7-768x768.jpg 768w, https:\/\/mouldking.store\/wp-content\/uploads\/2022\/11\/10508-1-14e7-600x600.jpg 600w, https:\/\/mouldking.store\/wp-content\/uploads\/2022\/11\/10508-1-14e7-150x150.jpg 150w, https:\/\/mouldking.store\/wp-content\/uploads\/2022\/11\/10508-1-14e7-60x60.jpg 60w, https:\/\/mouldking.store\/wp-content\/uploads\/2022\/11\/10508-1-14e7-90x90.jpg 90w\" sizes=\"(max-width: 800px) 100vw, 800px\" \/><figcaption id=\"caption-attachment-35500\" class=\"wp-caption-text\">K-Box 10508 Porsche Cayenne Med 3181 stk<\/figcaption><\/figure>\n<figure id=\"attachment_35501\" aria-describedby=\"caption-attachment-35501\" style=\"width: 800px\" class=\"wp-caption aligncenter\"><img decoding=\"async\" class=\"wp-image-35501 size-full\" src=\"https:\/\/mouldking.store\/wp-content\/uploads\/2022\/11\/10508-2-b19b.jpg\" alt=\"K-Box 10508 Porsche Cayenne With 3181 Pieces\" width=\"800\" height=\"800\" title=\"-\" srcset=\"https:\/\/mouldking.store\/wp-content\/uploads\/2022\/11\/10508-2-b19b.jpg 800w, https:\/\/mouldking.store\/wp-content\/uploads\/2022\/11\/10508-2-b19b-300x300.jpg 300w, https:\/\/mouldking.store\/wp-content\/uploads\/2022\/11\/10508-2-b19b-768x768.jpg 768w, https:\/\/mouldking.store\/wp-content\/uploads\/2022\/11\/10508-2-b19b-600x600.jpg 600w, https:\/\/mouldking.store\/wp-content\/uploads\/2022\/11\/10508-2-b19b-150x150.jpg 150w, https:\/\/mouldking.store\/wp-content\/uploads\/2022\/11\/10508-2-b19b-60x60.jpg 60w, https:\/\/mouldking.store\/wp-content\/uploads\/2022\/11\/10508-2-b19b-90x90.jpg 90w\" sizes=\"(max-width: 800px) 100vw, 800px\" \/><figcaption id=\"caption-attachment-35501\" class=\"wp-caption-text\">K-Box 10508 Porsche Cayenne Med 3181 stk<\/figcaption><\/figure>\n<figure id=\"attachment_35502\" aria-describedby=\"caption-attachment-35502\" style=\"width: 800px\" class=\"wp-caption aligncenter\"><img decoding=\"async\" class=\"wp-image-35502 size-full\" src=\"https:\/\/mouldking.store\/wp-content\/uploads\/2022\/11\/10508-3-5c9b.jpg\" alt=\"K-Box 10508 Porsche Cayenne With 3181 Pieces\" width=\"800\" height=\"800\" title=\"-\" srcset=\"https:\/\/mouldking.store\/wp-content\/uploads\/2022\/11\/10508-3-5c9b.jpg 800w, https:\/\/mouldking.store\/wp-content\/uploads\/2022\/11\/10508-3-5c9b-300x300.jpg 300w, https:\/\/mouldking.store\/wp-content\/uploads\/2022\/11\/10508-3-5c9b-768x768.jpg 768w, https:\/\/mouldking.store\/wp-content\/uploads\/2022\/11\/10508-3-5c9b-600x600.jpg 600w, https:\/\/mouldking.store\/wp-content\/uploads\/2022\/11\/10508-3-5c9b-150x150.jpg 150w, https:\/\/mouldking.store\/wp-content\/uploads\/2022\/11\/10508-3-5c9b-60x60.jpg 60w, https:\/\/mouldking.store\/wp-content\/uploads\/2022\/11\/10508-3-5c9b-90x90.jpg 90w\" sizes=\"(max-width: 800px) 100vw, 800px\" \/><figcaption id=\"caption-attachment-35502\" class=\"wp-caption-text\">K-Box 10508 Porsche Cayenne Med 3181 stk<\/figcaption><\/figure>\n<figure id=\"attachment_35503\" aria-describedby=\"caption-attachment-35503\" style=\"width: 1024px\" class=\"wp-caption aligncenter\"><img loading=\"lazy\" decoding=\"async\" class=\"wp-image-35503 size-large\" src=\"https:\/\/mouldking.store\/wp-content\/uploads\/2022\/11\/10508-4-2dd8-1024x1024.jpg\" alt=\"K-Box 10508 Porsche Cayenne With 3181 Pieces\" width=\"1024\" height=\"1024\" title=\"-\" srcset=\"https:\/\/mouldking.store\/wp-content\/uploads\/2022\/11\/10508-4-2dd8-1024x1024.jpg 1024w, https:\/\/mouldking.store\/wp-content\/uploads\/2022\/11\/10508-4-2dd8-300x300.jpg 300w, https:\/\/mouldking.store\/wp-content\/uploads\/2022\/11\/10508-4-2dd8-768x768.jpg 768w, https:\/\/mouldking.store\/wp-content\/uploads\/2022\/11\/10508-4-2dd8-1536x1536.jpg 1536w, https:\/\/mouldking.store\/wp-content\/uploads\/2022\/11\/10508-4-2dd8-600x600.jpg 600w, https:\/\/mouldking.store\/wp-content\/uploads\/2022\/11\/10508-4-2dd8-150x150.jpg 150w, https:\/\/mouldking.store\/wp-content\/uploads\/2022\/11\/10508-4-2dd8-60x60.jpg 60w, https:\/\/mouldking.store\/wp-content\/uploads\/2022\/11\/10508-4-2dd8-90x90.jpg 90w, https:\/\/mouldking.store\/wp-content\/uploads\/2022\/11\/10508-4-2dd8.jpg 1920w\" sizes=\"(max-width: 1024px) 100vw, 1024px\" \/><figcaption id=\"caption-attachment-35503\" class=\"wp-caption-text\">K-Box 10508 Porsche Cayenne Med 3181 stk<\/figcaption><\/figure>","protected":false},"excerpt":{"rendered":"<p>Product information: Brand: K-Box Gender: Unisex Name: Porsche Cayenne Age Range: &gt; 6 years old Model Number: 10508 Classification: Assemblage Plastic Block Shape: Self-Locking Bricks Material: Plastic Plastic Type: ABS Bricks Blocks:3181 PCS Size: 50 \u00d7 24 \u00d7 18 cm Contains detailed assembly instructions. Notice: 1. Without an original box, but we guarantee our products [&hellip;]<\/p>","protected":false},"featured_media":35500,"comment_status":"closed","ping_status":"closed","template":"","meta":{"_acf_changed":false},"product_cat":[1360,1357],"product_tag":[7618,6647,2969,7619,7621,7617,2754,7620],"class_list":["product","first","instock","shipping-taxable","purchasable","product-type-simple"],"acf":[],"_links":{"self":[{"href":"https:\/\/mouldking.store\/nb\/wp-json\/wp\/v2\/product\/35499","targetHints":{"allow":["GET"]}}],"collection":[{"href":"https:\/\/mouldking.store\/nb\/wp-json\/wp\/v2\/product"}],"about":[{"href":"https:\/\/mouldking.store\/nb\/wp-json\/wp\/v2\/types\/product"}],"replies":[{"embeddable":true,"href":"https:\/\/mouldking.store\/nb\/wp-json\/wp\/v2\/comments?post=35499"}],"wp:featuredmedia":[{"embeddable":true,"href":"https:\/\/mouldking.store\/nb\/wp-json\/wp\/v2\/media\/35500"}],"wp:attachment":[{"href":"https:\/\/mouldking.store\/nb\/wp-json\/wp\/v2\/media?parent=35499"}],"wp:term":[{"taxonomy":"product_cat","embeddable":true,"href":"https:\/\/mouldking.store\/nb\/wp-json\/wp\/v2\/product_cat?post=35499"},{"taxonomy":"product_tag","embeddable":true,"href":"https:\/\/mouldking.store\/nb\/wp-json\/wp\/v2\/product_tag?post=35499"}],"curies":[{"name":"wp","href":"https:\/\/api.w.org\/{rel}","templated":true}]}}