{"id":35504,"date":"2022-11-21T14:19:32","date_gmt":"2022-11-21T07:19:32","guid":{"rendered":"https:\/\/mouldking.store\/?post_type=product&#038;p=35504"},"modified":"2022-11-21T14:19:33","modified_gmt":"2022-11-21T07:19:33","slug":"jihui-w2301-w2302-star-strawberry-bear-winking-strawberry-bear-with-592-pieces","status":"publish","type":"product","link":"https:\/\/mouldking.store\/nb\/shop\/jihui-w2301-w2302-star-strawberry-bear-winking-strawberry-bear-with-592-pieces\/","title":{"rendered":"JIHUI W2301 W2302 Stjernejordb\u00e6rbj\u00f8rn Blinkende jordb\u00e6rbj\u00f8rn med 592 stykker"},"content":{"rendered":"<p>Produktinformasjon:<\/p>\n<ol>\n<li>Brand: JIHUI<\/li>\n<li>Kj\u00f8nn: Unisex<\/li>\n<li>Name: Star Strawberry Bear Winking Strawberry Bear<\/li>\n<li>Aldersgruppe: &gt; 6 \u00e5r gammel<\/li>\n<li>Model Number: W2301 W2302<\/li>\n<li>Klassifisering: Montering<\/li>\n<li>Plastblokkform: Selvl\u00e5sende murstein<\/li>\n<li>Materiale: Plast<\/li>\n<li>Plasttype: ABS<\/li>\n<li>Mursteinsblokker:592 STK<\/li>\n<li>Size: W2301: 10.8x6x11.4cm; W2302: 7x7x1.6cm<\/li>\n<li>Inneholder detaljerte monteringsanvisninger.<\/li>\n<\/ol>\n<p>Legge merke til:<br \/>\n1. Uten original eske, men vi garanterer at v\u00e5re produkter har kvalitetssikring og pen emballasje.<br \/>\n2. Som alle delene vi har sjekket f\u00f8r frakt, s\u00e5 hvis du finner noen deler savnet eller skadet, ikke bekymre deg og bare kontakt oss, s\u00e5 kan vi sende dem til deg p\u00e5 nytt umiddelbart gratis.<\/p>\n<figure id=\"attachment_35505\" aria-describedby=\"caption-attachment-35505\" style=\"width: 1024px\" class=\"wp-caption aligncenter\"><img fetchpriority=\"high\" decoding=\"async\" class=\"wp-image-35505 size-large\" src=\"https:\/\/mouldking.store\/wp-content\/uploads\/2022\/11\/JIHUI-W2301-W2302-1024x1024.png\" alt=\"JIHUI W2301 W2302 Star Strawberry Bear Winking Strawberry Bear With 592 Pieces\" width=\"1024\" height=\"1024\" title=\"-\" srcset=\"https:\/\/mouldking.store\/wp-content\/uploads\/2022\/11\/JIHUI-W2301-W2302-1024x1024.png 1024w, https:\/\/mouldking.store\/wp-content\/uploads\/2022\/11\/JIHUI-W2301-W2302-300x300.png 300w, https:\/\/mouldking.store\/wp-content\/uploads\/2022\/11\/JIHUI-W2301-W2302-768x768.png 768w, https:\/\/mouldking.store\/wp-content\/uploads\/2022\/11\/JIHUI-W2301-W2302-600x600.png 600w, https:\/\/mouldking.store\/wp-content\/uploads\/2022\/11\/JIHUI-W2301-W2302-150x150.png 150w, https:\/\/mouldking.store\/wp-content\/uploads\/2022\/11\/JIHUI-W2301-W2302-60x60.png 60w, https:\/\/mouldking.store\/wp-content\/uploads\/2022\/11\/JIHUI-W2301-W2302-90x90.png 90w, https:\/\/mouldking.store\/wp-content\/uploads\/2022\/11\/JIHUI-W2301-W2302.png 1536w\" sizes=\"(max-width: 1024px) 100vw, 1024px\" \/><figcaption id=\"caption-attachment-35505\" class=\"wp-caption-text\">JIHUI W2301 W2302 Stjernejordb\u00e6rbj\u00f8rn Blinkende jordb\u00e6rbj\u00f8rn med 592 stykker<\/figcaption><\/figure>\n<figure id=\"attachment_35506\" aria-describedby=\"caption-attachment-35506\" style=\"width: 1024px\" class=\"wp-caption aligncenter\"><img decoding=\"async\" class=\"wp-image-35506 size-large\" src=\"https:\/\/mouldking.store\/wp-content\/uploads\/2022\/11\/W2301-a9ce-1024x821.jpg\" alt=\"JIHUI W2301 W2302 Star Strawberry Bear Winking Strawberry Bear With 592 Pieces\" width=\"1024\" height=\"821\" title=\"-\" srcset=\"https:\/\/mouldking.store\/wp-content\/uploads\/2022\/11\/W2301-a9ce-1024x821.jpg 1024w, https:\/\/mouldking.store\/wp-content\/uploads\/2022\/11\/W2301-a9ce-300x241.jpg 300w, https:\/\/mouldking.store\/wp-content\/uploads\/2022\/11\/W2301-a9ce-768x616.jpg 768w, https:\/\/mouldking.store\/wp-content\/uploads\/2022\/11\/W2301-a9ce-600x481.jpg 600w, https:\/\/mouldking.store\/wp-content\/uploads\/2022\/11\/W2301-a9ce-150x120.jpg 150w, https:\/\/mouldking.store\/wp-content\/uploads\/2022\/11\/W2301-a9ce-75x60.jpg 75w, https:\/\/mouldking.store\/wp-content\/uploads\/2022\/11\/W2301-a9ce-112x90.jpg 112w, https:\/\/mouldking.store\/wp-content\/uploads\/2022\/11\/W2301-a9ce.jpg 1347w\" sizes=\"(max-width: 1024px) 100vw, 1024px\" \/><figcaption id=\"caption-attachment-35506\" class=\"wp-caption-text\">JIHUI W2301 W2302 Stjernejordb\u00e6rbj\u00f8rn Blinkende jordb\u00e6rbj\u00f8rn med 592 stykker<\/figcaption><\/figure>\n<figure id=\"attachment_35507\" aria-describedby=\"caption-attachment-35507\" style=\"width: 1024px\" class=\"wp-caption aligncenter\"><img decoding=\"async\" class=\"wp-image-35507 size-large\" src=\"https:\/\/mouldking.store\/wp-content\/uploads\/2022\/11\/W2302-59d5-1024x821.jpg\" alt=\"JIHUI W2301 W2302 Star Strawberry Bear Winking Strawberry Bear With 592 Pieces\" width=\"1024\" height=\"821\" title=\"-\" srcset=\"https:\/\/mouldking.store\/wp-content\/uploads\/2022\/11\/W2302-59d5-1024x821.jpg 1024w, https:\/\/mouldking.store\/wp-content\/uploads\/2022\/11\/W2302-59d5-300x241.jpg 300w, https:\/\/mouldking.store\/wp-content\/uploads\/2022\/11\/W2302-59d5-768x616.jpg 768w, https:\/\/mouldking.store\/wp-content\/uploads\/2022\/11\/W2302-59d5-600x481.jpg 600w, https:\/\/mouldking.store\/wp-content\/uploads\/2022\/11\/W2302-59d5-150x120.jpg 150w, https:\/\/mouldking.store\/wp-content\/uploads\/2022\/11\/W2302-59d5-75x60.jpg 75w, https:\/\/mouldking.store\/wp-content\/uploads\/2022\/11\/W2302-59d5-112x90.jpg 112w, https:\/\/mouldking.store\/wp-content\/uploads\/2022\/11\/W2302-59d5.jpg 1347w\" sizes=\"(max-width: 1024px) 100vw, 1024px\" \/><figcaption id=\"caption-attachment-35507\" class=\"wp-caption-text\">JIHUI W2301 W2302 Stjernejordb\u00e6rbj\u00f8rn Blinkende jordb\u00e6rbj\u00f8rn med 592 stykker<\/figcaption><\/figure>","protected":false},"excerpt":{"rendered":"<p>Product information: Brand: JIHUI Gender: Unisex Name: Star Strawberry Bear Winking Strawberry Bear Age Range: &gt; 6 years old Model Number: W2301 W2302 Classification: Assemblage Plastic Block Shape: Self-Locking Bricks Material: Plastic Plastic Type: ABS Bricks Blocks:592 PCS Size: W2301: 10.8x6x11.4cm; W2302: 7x7x1.6cm Contains detailed assembly instructions. Notice: 1. Without an original box, but we [&hellip;]<\/p>","protected":false},"featured_media":35505,"comment_status":"closed","ping_status":"closed","template":"","meta":{"_acf_changed":false},"product_cat":[1365],"product_tag":[7626,2271,7590,7628,7630,7622,673,7593,7623,7629,7624,7625,7627],"class_list":["product","first","instock","shipping-taxable","purchasable","product-type-variable"],"acf":[],"_links":{"self":[{"href":"https:\/\/mouldking.store\/nb\/wp-json\/wp\/v2\/product\/35504","targetHints":{"allow":["GET"]}}],"collection":[{"href":"https:\/\/mouldking.store\/nb\/wp-json\/wp\/v2\/product"}],"about":[{"href":"https:\/\/mouldking.store\/nb\/wp-json\/wp\/v2\/types\/product"}],"replies":[{"embeddable":true,"href":"https:\/\/mouldking.store\/nb\/wp-json\/wp\/v2\/comments?post=35504"}],"wp:featuredmedia":[{"embeddable":true,"href":"https:\/\/mouldking.store\/nb\/wp-json\/wp\/v2\/media\/35505"}],"wp:attachment":[{"href":"https:\/\/mouldking.store\/nb\/wp-json\/wp\/v2\/media?parent=35504"}],"wp:term":[{"taxonomy":"product_cat","embeddable":true,"href":"https:\/\/mouldking.store\/nb\/wp-json\/wp\/v2\/product_cat?post=35504"},{"taxonomy":"product_tag","embeddable":true,"href":"https:\/\/mouldking.store\/nb\/wp-json\/wp\/v2\/product_tag?post=35504"}],"curies":[{"name":"wp","href":"https:\/\/api.w.org\/{rel}","templated":true}]}}