{"id":35510,"date":"2022-09-21T14:22:32","date_gmt":"2022-09-21T07:22:32","guid":{"rendered":"https:\/\/mouldking.store\/?post_type=product&#038;p=35510"},"modified":"2022-11-21T14:29:20","modified_gmt":"2022-11-21T07:29:20","slug":"52toys-bb-01-dio-plastic-model-kit","status":"publish","type":"product","link":"https:\/\/mouldking.store\/nb\/shop\/52toys-bb-01-dio-plastic-model-kit\/","title":{"rendered":"52TOYS BB-01 DIO plastmodellsett"},"content":{"rendered":"<p>Produktinformasjon:<\/p>\n<ol>\n<li>Merke: 52TOYS<\/li>\n<li>Kj\u00f8nn: Unisex<\/li>\n<li>Name: DIO Plastic Model Kit<\/li>\n<li>Aldersgruppe: &gt; 6 \u00e5r gammel<\/li>\n<li>Model Number: BB-01<\/li>\n<li>Klassifisering: Montering<\/li>\n<li>Plastblokkform: Selvl\u00e5sende murstein<\/li>\n<li>Materiale: Plast<\/li>\n<li>Plasttype: ABS<\/li>\n<li>St\u00f8rrelse: 12cm<\/li>\n<li>Inneholder detaljerte monteringsanvisninger.<\/li>\n<\/ol>\n<p>Legge merke til:<br \/>\n1. Uten original eske, men vi garanterer at v\u00e5re produkter har kvalitetssikring og pen emballasje.<br \/>\n2. Som alle delene vi har sjekket f\u00f8r frakt, s\u00e5 hvis du finner noen deler savnet eller skadet, ikke bekymre deg og bare kontakt oss, s\u00e5 kan vi sende dem til deg p\u00e5 nytt umiddelbart gratis.<\/p>\n<figure id=\"attachment_35511\" aria-describedby=\"caption-attachment-35511\" style=\"width: 800px\" class=\"wp-caption aligncenter\"><img fetchpriority=\"high\" decoding=\"async\" class=\"wp-image-35511 size-full\" src=\"https:\/\/mouldking.store\/wp-content\/uploads\/2022\/11\/52TOYS-BeastBox-BB-01-8.jpg\" alt=\" 52TOYS BB-01 DIO Plastic Model Kit\" width=\"800\" height=\"800\" title=\"-\" srcset=\"https:\/\/mouldking.store\/wp-content\/uploads\/2022\/11\/52TOYS-BeastBox-BB-01-8.jpg 800w, https:\/\/mouldking.store\/wp-content\/uploads\/2022\/11\/52TOYS-BeastBox-BB-01-8-300x300.jpg 300w, https:\/\/mouldking.store\/wp-content\/uploads\/2022\/11\/52TOYS-BeastBox-BB-01-8-768x768.jpg 768w, https:\/\/mouldking.store\/wp-content\/uploads\/2022\/11\/52TOYS-BeastBox-BB-01-8-600x600.jpg 600w, https:\/\/mouldking.store\/wp-content\/uploads\/2022\/11\/52TOYS-BeastBox-BB-01-8-150x150.jpg 150w, https:\/\/mouldking.store\/wp-content\/uploads\/2022\/11\/52TOYS-BeastBox-BB-01-8-60x60.jpg 60w, https:\/\/mouldking.store\/wp-content\/uploads\/2022\/11\/52TOYS-BeastBox-BB-01-8-90x90.jpg 90w\" sizes=\"(max-width: 800px) 100vw, 800px\" \/><figcaption id=\"caption-attachment-35511\" class=\"wp-caption-text\">52TOYS BB-01 DIO plastmodellsett<\/figcaption><\/figure>\n<figure id=\"attachment_35512\" aria-describedby=\"caption-attachment-35512\" style=\"width: 800px\" class=\"wp-caption aligncenter\"><img decoding=\"async\" class=\"wp-image-35512 size-full\" src=\"https:\/\/mouldking.store\/wp-content\/uploads\/2022\/11\/52TOYS-BeastBox-BB-01-7.jpg\" alt=\" 52TOYS BB-01 DIO Plastic Model Kit\" width=\"800\" height=\"800\" title=\"-\" srcset=\"https:\/\/mouldking.store\/wp-content\/uploads\/2022\/11\/52TOYS-BeastBox-BB-01-7.jpg 800w, https:\/\/mouldking.store\/wp-content\/uploads\/2022\/11\/52TOYS-BeastBox-BB-01-7-300x300.jpg 300w, https:\/\/mouldking.store\/wp-content\/uploads\/2022\/11\/52TOYS-BeastBox-BB-01-7-768x768.jpg 768w, https:\/\/mouldking.store\/wp-content\/uploads\/2022\/11\/52TOYS-BeastBox-BB-01-7-600x600.jpg 600w, https:\/\/mouldking.store\/wp-content\/uploads\/2022\/11\/52TOYS-BeastBox-BB-01-7-150x150.jpg 150w, https:\/\/mouldking.store\/wp-content\/uploads\/2022\/11\/52TOYS-BeastBox-BB-01-7-60x60.jpg 60w, https:\/\/mouldking.store\/wp-content\/uploads\/2022\/11\/52TOYS-BeastBox-BB-01-7-90x90.jpg 90w\" sizes=\"(max-width: 800px) 100vw, 800px\" \/><figcaption id=\"caption-attachment-35512\" class=\"wp-caption-text\">52TOYS BB-01 DIO plastmodellsett<\/figcaption><\/figure>\n<figure id=\"attachment_35513\" aria-describedby=\"caption-attachment-35513\" style=\"width: 1000px\" class=\"wp-caption aligncenter\"><img decoding=\"async\" class=\"wp-image-35513 size-full\" src=\"https:\/\/mouldking.store\/wp-content\/uploads\/2022\/11\/52TOYS-BeastBox-BB-01-6.jpg\" alt=\" 52TOYS BB-01 DIO Plastic Model Kit\" width=\"1000\" height=\"1000\" title=\"-\" srcset=\"https:\/\/mouldking.store\/wp-content\/uploads\/2022\/11\/52TOYS-BeastBox-BB-01-6.jpg 1000w, https:\/\/mouldking.store\/wp-content\/uploads\/2022\/11\/52TOYS-BeastBox-BB-01-6-300x300.jpg 300w, https:\/\/mouldking.store\/wp-content\/uploads\/2022\/11\/52TOYS-BeastBox-BB-01-6-768x768.jpg 768w, https:\/\/mouldking.store\/wp-content\/uploads\/2022\/11\/52TOYS-BeastBox-BB-01-6-600x600.jpg 600w, https:\/\/mouldking.store\/wp-content\/uploads\/2022\/11\/52TOYS-BeastBox-BB-01-6-150x150.jpg 150w, https:\/\/mouldking.store\/wp-content\/uploads\/2022\/11\/52TOYS-BeastBox-BB-01-6-60x60.jpg 60w, https:\/\/mouldking.store\/wp-content\/uploads\/2022\/11\/52TOYS-BeastBox-BB-01-6-90x90.jpg 90w\" sizes=\"(max-width: 1000px) 100vw, 1000px\" \/><figcaption id=\"caption-attachment-35513\" class=\"wp-caption-text\">52TOYS BB-01 DIO plastmodellsett<\/figcaption><\/figure>\n<figure id=\"attachment_35514\" aria-describedby=\"caption-attachment-35514\" style=\"width: 531px\" class=\"wp-caption aligncenter\"><img loading=\"lazy\" decoding=\"async\" class=\"wp-image-35514 size-full\" src=\"https:\/\/mouldking.store\/wp-content\/uploads\/2022\/11\/52TOYS-BeastBox-BB-01-5.jpg\" alt=\" 52TOYS BB-01 DIO Plastic Model Kit\" width=\"531\" height=\"1024\" title=\"-\" srcset=\"https:\/\/mouldking.store\/wp-content\/uploads\/2022\/11\/52TOYS-BeastBox-BB-01-5.jpg 531w, https:\/\/mouldking.store\/wp-content\/uploads\/2022\/11\/52TOYS-BeastBox-BB-01-5-156x300.jpg 156w, https:\/\/mouldking.store\/wp-content\/uploads\/2022\/11\/52TOYS-BeastBox-BB-01-5-300x579.jpg 300w, https:\/\/mouldking.store\/wp-content\/uploads\/2022\/11\/52TOYS-BeastBox-BB-01-5-78x150.jpg 78w, https:\/\/mouldking.store\/wp-content\/uploads\/2022\/11\/52TOYS-BeastBox-BB-01-5-31x60.jpg 31w, https:\/\/mouldking.store\/wp-content\/uploads\/2022\/11\/52TOYS-BeastBox-BB-01-5-47x90.jpg 47w\" sizes=\"(max-width: 531px) 100vw, 531px\" \/><figcaption id=\"caption-attachment-35514\" class=\"wp-caption-text\">52TOYS BB-01 DIO plastmodellsett<\/figcaption><\/figure>\n<figure id=\"attachment_35515\" aria-describedby=\"caption-attachment-35515\" style=\"width: 526px\" class=\"wp-caption aligncenter\"><img loading=\"lazy\" decoding=\"async\" class=\"wp-image-35515 size-full\" src=\"https:\/\/mouldking.store\/wp-content\/uploads\/2022\/11\/52TOYS-BeastBox-BB-01-4.jpg\" alt=\" 52TOYS BB-01 DIO Plastic Model Kit\" width=\"526\" height=\"1024\" title=\"-\" srcset=\"https:\/\/mouldking.store\/wp-content\/uploads\/2022\/11\/52TOYS-BeastBox-BB-01-4.jpg 526w, https:\/\/mouldking.store\/wp-content\/uploads\/2022\/11\/52TOYS-BeastBox-BB-01-4-154x300.jpg 154w, https:\/\/mouldking.store\/wp-content\/uploads\/2022\/11\/52TOYS-BeastBox-BB-01-4-300x584.jpg 300w, https:\/\/mouldking.store\/wp-content\/uploads\/2022\/11\/52TOYS-BeastBox-BB-01-4-77x150.jpg 77w, https:\/\/mouldking.store\/wp-content\/uploads\/2022\/11\/52TOYS-BeastBox-BB-01-4-31x60.jpg 31w, https:\/\/mouldking.store\/wp-content\/uploads\/2022\/11\/52TOYS-BeastBox-BB-01-4-46x90.jpg 46w\" sizes=\"(max-width: 526px) 100vw, 526px\" \/><figcaption id=\"caption-attachment-35515\" class=\"wp-caption-text\">52TOYS BB-01 DIO plastmodellsett<\/figcaption><\/figure>\n<figure id=\"attachment_35516\" aria-describedby=\"caption-attachment-35516\" style=\"width: 377px\" class=\"wp-caption aligncenter\"><img loading=\"lazy\" decoding=\"async\" class=\"wp-image-35516 size-full\" src=\"https:\/\/mouldking.store\/wp-content\/uploads\/2022\/11\/52TOYS-BeastBox-BB-01-3.jpg\" alt=\" 52TOYS BB-01 DIO Plastic Model Kit\" width=\"377\" height=\"1024\" title=\"-\" srcset=\"https:\/\/mouldking.store\/wp-content\/uploads\/2022\/11\/52TOYS-BeastBox-BB-01-3.jpg 377w, https:\/\/mouldking.store\/wp-content\/uploads\/2022\/11\/52TOYS-BeastBox-BB-01-3-110x300.jpg 110w, https:\/\/mouldking.store\/wp-content\/uploads\/2022\/11\/52TOYS-BeastBox-BB-01-3-300x815.jpg 300w, https:\/\/mouldking.store\/wp-content\/uploads\/2022\/11\/52TOYS-BeastBox-BB-01-3-55x150.jpg 55w, https:\/\/mouldking.store\/wp-content\/uploads\/2022\/11\/52TOYS-BeastBox-BB-01-3-22x60.jpg 22w, https:\/\/mouldking.store\/wp-content\/uploads\/2022\/11\/52TOYS-BeastBox-BB-01-3-33x90.jpg 33w\" sizes=\"(max-width: 377px) 100vw, 377px\" \/><figcaption id=\"caption-attachment-35516\" class=\"wp-caption-text\">52TOYS BB-01 DIO plastmodellsett<\/figcaption><\/figure>\n<figure id=\"attachment_35517\" aria-describedby=\"caption-attachment-35517\" style=\"width: 533px\" class=\"wp-caption aligncenter\"><img loading=\"lazy\" decoding=\"async\" class=\"wp-image-35517 size-full\" src=\"https:\/\/mouldking.store\/wp-content\/uploads\/2022\/11\/52TOYS-BeastBox-BB-01-2.jpg\" alt=\" 52TOYS BB-01 DIO Plastic Model Kit\" width=\"533\" height=\"1024\" title=\"-\" srcset=\"https:\/\/mouldking.store\/wp-content\/uploads\/2022\/11\/52TOYS-BeastBox-BB-01-2.jpg 533w, https:\/\/mouldking.store\/wp-content\/uploads\/2022\/11\/52TOYS-BeastBox-BB-01-2-156x300.jpg 156w, https:\/\/mouldking.store\/wp-content\/uploads\/2022\/11\/52TOYS-BeastBox-BB-01-2-300x576.jpg 300w, https:\/\/mouldking.store\/wp-content\/uploads\/2022\/11\/52TOYS-BeastBox-BB-01-2-78x150.jpg 78w, https:\/\/mouldking.store\/wp-content\/uploads\/2022\/11\/52TOYS-BeastBox-BB-01-2-31x60.jpg 31w, https:\/\/mouldking.store\/wp-content\/uploads\/2022\/11\/52TOYS-BeastBox-BB-01-2-47x90.jpg 47w\" sizes=\"(max-width: 533px) 100vw, 533px\" \/><figcaption id=\"caption-attachment-35517\" class=\"wp-caption-text\">52TOYS BB-01 DIO plastmodellsett<\/figcaption><\/figure>\n<figure id=\"attachment_35518\" aria-describedby=\"caption-attachment-35518\" style=\"width: 796px\" class=\"wp-caption aligncenter\"><img loading=\"lazy\" decoding=\"async\" class=\"wp-image-35518 size-full\" src=\"https:\/\/mouldking.store\/wp-content\/uploads\/2022\/11\/52TOYS-BeastBox-BB-01-1.jpg\" alt=\" 52TOYS BB-01 DIO Plastic Model Kit\" width=\"796\" height=\"1024\" title=\"-\" srcset=\"https:\/\/mouldking.store\/wp-content\/uploads\/2022\/11\/52TOYS-BeastBox-BB-01-1.jpg 796w, https:\/\/mouldking.store\/wp-content\/uploads\/2022\/11\/52TOYS-BeastBox-BB-01-1-233x300.jpg 233w, https:\/\/mouldking.store\/wp-content\/uploads\/2022\/11\/52TOYS-BeastBox-BB-01-1-768x988.jpg 768w, https:\/\/mouldking.store\/wp-content\/uploads\/2022\/11\/52TOYS-BeastBox-BB-01-1-300x386.jpg 300w, https:\/\/mouldking.store\/wp-content\/uploads\/2022\/11\/52TOYS-BeastBox-BB-01-1-600x772.jpg 600w, https:\/\/mouldking.store\/wp-content\/uploads\/2022\/11\/52TOYS-BeastBox-BB-01-1-117x150.jpg 117w, https:\/\/mouldking.store\/wp-content\/uploads\/2022\/11\/52TOYS-BeastBox-BB-01-1-47x60.jpg 47w, https:\/\/mouldking.store\/wp-content\/uploads\/2022\/11\/52TOYS-BeastBox-BB-01-1-70x90.jpg 70w\" sizes=\"(max-width: 796px) 100vw, 796px\" \/><figcaption id=\"caption-attachment-35518\" class=\"wp-caption-text\">52TOYS BB-01 DIO plastmodellsett<\/figcaption><\/figure>","protected":false},"excerpt":{"rendered":"<p>Product information: Brand: 52TOYS Gender: Unisex Name: DIO Plastic Model Kit Age Range: &gt; 6 years old Model Number: BB-01 Classification: Assemblage Plastic Block Shape: Self-Locking Bricks Material: Plastic Plastic Type: ABS Size: 12cm Contains detailed assembly instructions. Notice: 1. Without an original box, but we guarantee our products have quality assurance and nice packaging. [&hellip;]<\/p>","protected":false},"featured_media":35511,"comment_status":"closed","ping_status":"closed","template":"","meta":{"_acf_changed":false},"product_cat":[1365],"product_tag":[6179,7637,7631,7632,6917,7636,7634,7633,7635],"class_list":["product","first","instock","shipping-taxable","purchasable","product-type-simple"],"acf":[],"_links":{"self":[{"href":"https:\/\/mouldking.store\/nb\/wp-json\/wp\/v2\/product\/35510","targetHints":{"allow":["GET"]}}],"collection":[{"href":"https:\/\/mouldking.store\/nb\/wp-json\/wp\/v2\/product"}],"about":[{"href":"https:\/\/mouldking.store\/nb\/wp-json\/wp\/v2\/types\/product"}],"replies":[{"embeddable":true,"href":"https:\/\/mouldking.store\/nb\/wp-json\/wp\/v2\/comments?post=35510"}],"wp:featuredmedia":[{"embeddable":true,"href":"https:\/\/mouldking.store\/nb\/wp-json\/wp\/v2\/media\/35511"}],"wp:attachment":[{"href":"https:\/\/mouldking.store\/nb\/wp-json\/wp\/v2\/media?parent=35510"}],"wp:term":[{"taxonomy":"product_cat","embeddable":true,"href":"https:\/\/mouldking.store\/nb\/wp-json\/wp\/v2\/product_cat?post=35510"},{"taxonomy":"product_tag","embeddable":true,"href":"https:\/\/mouldking.store\/nb\/wp-json\/wp\/v2\/product_tag?post=35510"}],"curies":[{"name":"wp","href":"https:\/\/api.w.org\/{rel}","templated":true}]}}