{"id":35519,"date":"2022-09-21T14:29:58","date_gmt":"2022-09-21T07:29:58","guid":{"rendered":"https:\/\/mouldking.store\/?post_type=product&#038;p=35519"},"modified":"2022-11-28T16:52:44","modified_gmt":"2022-11-28T09:52:44","slug":"52toys-bd-02-hydro-bullet-shark","status":"publish","type":"product","link":"https:\/\/mouldking.store\/nb\/shop\/52toys-bd-02-hydro-bullet-shark\/","title":{"rendered":"52LEKER BD-02 HYDRO BULLET SHARK"},"content":{"rendered":"<p>Produktinformasjon:<\/p>\n<ol>\n<li>Merke: 52TOYS<\/li>\n<li>Kj\u00f8nn: Unisex<\/li>\n<li>Navn: HYDRO BULLET SHARK<\/li>\n<li>Aldersgruppe: &gt; 6 \u00e5r gammel<\/li>\n<li>Modellnummer: BD-02<\/li>\n<li>Klassifisering: Montering<\/li>\n<li>Plastblokkform: Selvl\u00e5sende murstein<\/li>\n<li>Materiale: Plast<\/li>\n<li>Plasttype: ABS<\/li>\n<li>St\u00f8rrelse: 10 cm<\/li>\n<li>Inneholder detaljerte monteringsanvisninger.<\/li>\n<\/ol>\n<p>Legge merke til:<br \/>\n1. Uten original eske, men vi garanterer at v\u00e5re produkter har kvalitetssikring og pen emballasje.<br \/>\n2. Som alle delene vi har sjekket f\u00f8r frakt, s\u00e5 hvis du finner noen deler savnet eller skadet, ikke bekymre deg og bare kontakt oss, s\u00e5 kan vi sende dem til deg p\u00e5 nytt umiddelbart gratis.<\/p>\n<figure id=\"attachment_35520\" aria-describedby=\"caption-attachment-35520\" style=\"width: 800px\" class=\"wp-caption aligncenter\"><img fetchpriority=\"high\" decoding=\"async\" class=\"wp-image-35520 size-full\" src=\"https:\/\/mouldking.store\/wp-content\/uploads\/2022\/11\/52TOYS-BEASTDRIVE-BD-02-7.jpg\" alt=\"52TOYS BD-02 HYDRO BULLET SHARK\" width=\"800\" height=\"800\" title=\"-\" srcset=\"https:\/\/mouldking.store\/wp-content\/uploads\/2022\/11\/52TOYS-BEASTDRIVE-BD-02-7.jpg 800w, https:\/\/mouldking.store\/wp-content\/uploads\/2022\/11\/52TOYS-BEASTDRIVE-BD-02-7-300x300.jpg 300w, https:\/\/mouldking.store\/wp-content\/uploads\/2022\/11\/52TOYS-BEASTDRIVE-BD-02-7-768x768.jpg 768w, https:\/\/mouldking.store\/wp-content\/uploads\/2022\/11\/52TOYS-BEASTDRIVE-BD-02-7-600x600.jpg 600w, https:\/\/mouldking.store\/wp-content\/uploads\/2022\/11\/52TOYS-BEASTDRIVE-BD-02-7-150x150.jpg 150w, https:\/\/mouldking.store\/wp-content\/uploads\/2022\/11\/52TOYS-BEASTDRIVE-BD-02-7-60x60.jpg 60w, https:\/\/mouldking.store\/wp-content\/uploads\/2022\/11\/52TOYS-BEASTDRIVE-BD-02-7-90x90.jpg 90w\" sizes=\"(max-width: 800px) 100vw, 800px\" \/><figcaption id=\"caption-attachment-35520\" class=\"wp-caption-text\">52LEKER BD-02 HYDRO BULLET SHARK<\/figcaption><\/figure>\n<figure id=\"attachment_35521\" aria-describedby=\"caption-attachment-35521\" style=\"width: 800px\" class=\"wp-caption aligncenter\"><img decoding=\"async\" class=\"wp-image-35521 size-full\" src=\"https:\/\/mouldking.store\/wp-content\/uploads\/2022\/11\/52TOYS-BEASTDRIVE-BD-02-6.jpg\" alt=\"52TOYS BD-02 HYDRO BULLET SHARK\" width=\"800\" height=\"800\" title=\"-\" srcset=\"https:\/\/mouldking.store\/wp-content\/uploads\/2022\/11\/52TOYS-BEASTDRIVE-BD-02-6.jpg 800w, https:\/\/mouldking.store\/wp-content\/uploads\/2022\/11\/52TOYS-BEASTDRIVE-BD-02-6-300x300.jpg 300w, https:\/\/mouldking.store\/wp-content\/uploads\/2022\/11\/52TOYS-BEASTDRIVE-BD-02-6-768x768.jpg 768w, https:\/\/mouldking.store\/wp-content\/uploads\/2022\/11\/52TOYS-BEASTDRIVE-BD-02-6-600x600.jpg 600w, https:\/\/mouldking.store\/wp-content\/uploads\/2022\/11\/52TOYS-BEASTDRIVE-BD-02-6-150x150.jpg 150w, https:\/\/mouldking.store\/wp-content\/uploads\/2022\/11\/52TOYS-BEASTDRIVE-BD-02-6-60x60.jpg 60w, https:\/\/mouldking.store\/wp-content\/uploads\/2022\/11\/52TOYS-BEASTDRIVE-BD-02-6-90x90.jpg 90w\" sizes=\"(max-width: 800px) 100vw, 800px\" \/><figcaption id=\"caption-attachment-35521\" class=\"wp-caption-text\">52LEKER BD-02 HYDRO BULLET SHARK<\/figcaption><\/figure>\n<figure id=\"attachment_35522\" aria-describedby=\"caption-attachment-35522\" style=\"width: 618px\" class=\"wp-caption aligncenter\"><img decoding=\"async\" class=\"wp-image-35522 size-full\" src=\"https:\/\/mouldking.store\/wp-content\/uploads\/2022\/11\/52TOYS-BEASTDRIVE-BD-02-5.jpg\" alt=\"52TOYS BD-02 HYDRO BULLET SHARK\" width=\"618\" height=\"1024\" title=\"-\" srcset=\"https:\/\/mouldking.store\/wp-content\/uploads\/2022\/11\/52TOYS-BEASTDRIVE-BD-02-5.jpg 618w, https:\/\/mouldking.store\/wp-content\/uploads\/2022\/11\/52TOYS-BEASTDRIVE-BD-02-5-181x300.jpg 181w, https:\/\/mouldking.store\/wp-content\/uploads\/2022\/11\/52TOYS-BEASTDRIVE-BD-02-5-300x497.jpg 300w, https:\/\/mouldking.store\/wp-content\/uploads\/2022\/11\/52TOYS-BEASTDRIVE-BD-02-5-600x994.jpg 600w, https:\/\/mouldking.store\/wp-content\/uploads\/2022\/11\/52TOYS-BEASTDRIVE-BD-02-5-91x150.jpg 91w, https:\/\/mouldking.store\/wp-content\/uploads\/2022\/11\/52TOYS-BEASTDRIVE-BD-02-5-36x60.jpg 36w, https:\/\/mouldking.store\/wp-content\/uploads\/2022\/11\/52TOYS-BEASTDRIVE-BD-02-5-54x90.jpg 54w\" sizes=\"(max-width: 618px) 100vw, 618px\" \/><figcaption id=\"caption-attachment-35522\" class=\"wp-caption-text\">52LEKER BD-02 HYDRO BULLET SHARK<\/figcaption><\/figure>\n<figure id=\"attachment_35523\" aria-describedby=\"caption-attachment-35523\" style=\"width: 507px\" class=\"wp-caption aligncenter\"><img loading=\"lazy\" decoding=\"async\" class=\"wp-image-35523 size-full\" src=\"https:\/\/mouldking.store\/wp-content\/uploads\/2022\/11\/52TOYS-BEASTDRIVE-BD-02-4.jpg\" alt=\"52TOYS BD-02 HYDRO BULLET SHARK\" width=\"507\" height=\"1024\" title=\"-\" srcset=\"https:\/\/mouldking.store\/wp-content\/uploads\/2022\/11\/52TOYS-BEASTDRIVE-BD-02-4.jpg 507w, https:\/\/mouldking.store\/wp-content\/uploads\/2022\/11\/52TOYS-BEASTDRIVE-BD-02-4-149x300.jpg 149w, https:\/\/mouldking.store\/wp-content\/uploads\/2022\/11\/52TOYS-BEASTDRIVE-BD-02-4-300x606.jpg 300w, https:\/\/mouldking.store\/wp-content\/uploads\/2022\/11\/52TOYS-BEASTDRIVE-BD-02-4-74x150.jpg 74w, https:\/\/mouldking.store\/wp-content\/uploads\/2022\/11\/52TOYS-BEASTDRIVE-BD-02-4-30x60.jpg 30w, https:\/\/mouldking.store\/wp-content\/uploads\/2022\/11\/52TOYS-BEASTDRIVE-BD-02-4-45x90.jpg 45w\" sizes=\"(max-width: 507px) 100vw, 507px\" \/><figcaption id=\"caption-attachment-35523\" class=\"wp-caption-text\">52LEKER BD-02 HYDRO BULLET SHARK<\/figcaption><\/figure>\n<figure id=\"attachment_35524\" aria-describedby=\"caption-attachment-35524\" style=\"width: 410px\" class=\"wp-caption aligncenter\"><img loading=\"lazy\" decoding=\"async\" class=\"wp-image-35524 size-full\" src=\"https:\/\/mouldking.store\/wp-content\/uploads\/2022\/11\/52TOYS-BEASTDRIVE-BD-02-3.jpg\" alt=\"52TOYS BD-02 HYDRO BULLET SHARK\" width=\"410\" height=\"1024\" title=\"-\" srcset=\"https:\/\/mouldking.store\/wp-content\/uploads\/2022\/11\/52TOYS-BEASTDRIVE-BD-02-3.jpg 410w, https:\/\/mouldking.store\/wp-content\/uploads\/2022\/11\/52TOYS-BEASTDRIVE-BD-02-3-120x300.jpg 120w, https:\/\/mouldking.store\/wp-content\/uploads\/2022\/11\/52TOYS-BEASTDRIVE-BD-02-3-300x749.jpg 300w, https:\/\/mouldking.store\/wp-content\/uploads\/2022\/11\/52TOYS-BEASTDRIVE-BD-02-3-60x150.jpg 60w, https:\/\/mouldking.store\/wp-content\/uploads\/2022\/11\/52TOYS-BEASTDRIVE-BD-02-3-24x60.jpg 24w, https:\/\/mouldking.store\/wp-content\/uploads\/2022\/11\/52TOYS-BEASTDRIVE-BD-02-3-36x90.jpg 36w\" sizes=\"(max-width: 410px) 100vw, 410px\" \/><figcaption id=\"caption-attachment-35524\" class=\"wp-caption-text\">52LEKER BD-02 HYDRO BULLET SHARK<\/figcaption><\/figure>\n<figure id=\"attachment_35525\" aria-describedby=\"caption-attachment-35525\" style=\"width: 618px\" class=\"wp-caption aligncenter\"><img loading=\"lazy\" decoding=\"async\" class=\"wp-image-35525 size-full\" src=\"https:\/\/mouldking.store\/wp-content\/uploads\/2022\/11\/52TOYS-BEASTDRIVE-BD-02-2.jpg\" alt=\"52TOYS BD-02 HYDRO BULLET SHARK\" width=\"618\" height=\"1024\" title=\"-\" srcset=\"https:\/\/mouldking.store\/wp-content\/uploads\/2022\/11\/52TOYS-BEASTDRIVE-BD-02-2.jpg 618w, https:\/\/mouldking.store\/wp-content\/uploads\/2022\/11\/52TOYS-BEASTDRIVE-BD-02-2-181x300.jpg 181w, https:\/\/mouldking.store\/wp-content\/uploads\/2022\/11\/52TOYS-BEASTDRIVE-BD-02-2-300x497.jpg 300w, https:\/\/mouldking.store\/wp-content\/uploads\/2022\/11\/52TOYS-BEASTDRIVE-BD-02-2-600x994.jpg 600w, https:\/\/mouldking.store\/wp-content\/uploads\/2022\/11\/52TOYS-BEASTDRIVE-BD-02-2-91x150.jpg 91w, https:\/\/mouldking.store\/wp-content\/uploads\/2022\/11\/52TOYS-BEASTDRIVE-BD-02-2-36x60.jpg 36w, https:\/\/mouldking.store\/wp-content\/uploads\/2022\/11\/52TOYS-BEASTDRIVE-BD-02-2-54x90.jpg 54w\" sizes=\"(max-width: 618px) 100vw, 618px\" \/><figcaption id=\"caption-attachment-35525\" class=\"wp-caption-text\">52LEKER BD-02 HYDRO BULLET SHARK<\/figcaption><\/figure>\n<figure id=\"attachment_35526\" aria-describedby=\"caption-attachment-35526\" style=\"width: 512px\" class=\"wp-caption aligncenter\"><img loading=\"lazy\" decoding=\"async\" class=\"wp-image-35526 size-full\" src=\"https:\/\/mouldking.store\/wp-content\/uploads\/2022\/11\/52TOYS-BEASTDRIVE-BD-02-1.jpg\" alt=\"52TOYS BD-02 HYDRO BULLET SHARK\" width=\"512\" height=\"1024\" title=\"-\" srcset=\"https:\/\/mouldking.store\/wp-content\/uploads\/2022\/11\/52TOYS-BEASTDRIVE-BD-02-1.jpg 512w, https:\/\/mouldking.store\/wp-content\/uploads\/2022\/11\/52TOYS-BEASTDRIVE-BD-02-1-150x300.jpg 150w, https:\/\/mouldking.store\/wp-content\/uploads\/2022\/11\/52TOYS-BEASTDRIVE-BD-02-1-300x600.jpg 300w, https:\/\/mouldking.store\/wp-content\/uploads\/2022\/11\/52TOYS-BEASTDRIVE-BD-02-1-75x150.jpg 75w, https:\/\/mouldking.store\/wp-content\/uploads\/2022\/11\/52TOYS-BEASTDRIVE-BD-02-1-30x60.jpg 30w, https:\/\/mouldking.store\/wp-content\/uploads\/2022\/11\/52TOYS-BEASTDRIVE-BD-02-1-45x90.jpg 45w\" sizes=\"(max-width: 512px) 100vw, 512px\" \/><figcaption id=\"caption-attachment-35526\" class=\"wp-caption-text\">52LEKER BD-02 HYDRO BULLET SHARK<\/figcaption><\/figure>","protected":false},"excerpt":{"rendered":"<p>Product information: Brand: 52TOYS Gender: Unisex Name: HYDRO BULLET SHARK Age Range: &gt; 6 years old Model Number: BD-02 Classification: Assemblage Plastic Block Shape: Self-Locking Bricks Material: Plastic Plastic Type: ABS Size: 10 cm Contains detailed assembly instructions. Notice: 1. Without an original box, but we guarantee our products have quality assurance and nice packaging. [&hellip;]<\/p>","protected":false},"featured_media":35520,"comment_status":"closed","ping_status":"closed","template":"","meta":{"_acf_changed":false},"product_cat":[1365],"product_tag":[6179,7642,7638,7639,7641,7640,7643,5969],"class_list":["product","first","outofstock","shipping-taxable","purchasable","product-type-simple"],"acf":[],"_links":{"self":[{"href":"https:\/\/mouldking.store\/nb\/wp-json\/wp\/v2\/product\/35519","targetHints":{"allow":["GET"]}}],"collection":[{"href":"https:\/\/mouldking.store\/nb\/wp-json\/wp\/v2\/product"}],"about":[{"href":"https:\/\/mouldking.store\/nb\/wp-json\/wp\/v2\/types\/product"}],"replies":[{"embeddable":true,"href":"https:\/\/mouldking.store\/nb\/wp-json\/wp\/v2\/comments?post=35519"}],"wp:featuredmedia":[{"embeddable":true,"href":"https:\/\/mouldking.store\/nb\/wp-json\/wp\/v2\/media\/35520"}],"wp:attachment":[{"href":"https:\/\/mouldking.store\/nb\/wp-json\/wp\/v2\/media?parent=35519"}],"wp:term":[{"taxonomy":"product_cat","embeddable":true,"href":"https:\/\/mouldking.store\/nb\/wp-json\/wp\/v2\/product_cat?post=35519"},{"taxonomy":"product_tag","embeddable":true,"href":"https:\/\/mouldking.store\/nb\/wp-json\/wp\/v2\/product_tag?post=35519"}],"curies":[{"name":"wp","href":"https:\/\/api.w.org\/{rel}","templated":true}]}}