{"id":35537,"date":"2022-11-21T14:53:33","date_gmt":"2022-11-21T07:53:33","guid":{"rendered":"https:\/\/mouldking.store\/?post_type=product&#038;p=35537"},"modified":"2022-11-28T16:53:39","modified_gmt":"2022-11-28T09:53:39","slug":"52toys-bd-01-wheel-raptor","status":"publish","type":"product","link":"https:\/\/mouldking.store\/nb\/shop\/52toys-bd-01-wheel-raptor\/","title":{"rendered":"52TOYS BD-01 HJUL RAPTOR"},"content":{"rendered":"<p>Produktinformasjon:<\/p>\n<ol>\n<li>Merke: 52TOYS<\/li>\n<li>Kj\u00f8nn: Unisex<\/li>\n<li>Navn: HJUL RAPTOR<\/li>\n<li>Aldersgruppe: &gt; 6 \u00e5r gammel<\/li>\n<li>Modellnummer: BD-01<\/li>\n<li>Klassifisering: Montering<\/li>\n<li>Plastblokkform: Selvl\u00e5sende murstein<\/li>\n<li>Materiale: Plast<\/li>\n<li>Plasttype: ABS<\/li>\n<li>St\u00f8rrelse: 10 cm<\/li>\n<li>Inneholder detaljerte monteringsanvisninger.<\/li>\n<\/ol>\n<p>Legge merke til:<br \/>\n1. Uten original eske, men vi garanterer at v\u00e5re produkter har kvalitetssikring og pen emballasje.<br \/>\n2. Som alle delene vi har sjekket f\u00f8r frakt, s\u00e5 hvis du finner noen deler savnet eller skadet, ikke bekymre deg og bare kontakt oss, s\u00e5 kan vi sende dem til deg p\u00e5 nytt umiddelbart gratis.<\/p>\n<figure id=\"attachment_35538\" aria-describedby=\"caption-attachment-35538\" style=\"width: 800px\" class=\"wp-caption aligncenter\"><img fetchpriority=\"high\" decoding=\"async\" class=\"wp-image-35538 size-full\" src=\"https:\/\/mouldking.store\/wp-content\/uploads\/2022\/11\/52TOYS-BEASTDRIVE-BD-01-7.jpg\" alt=\"52TOYS BD-01 WHEEL RAPTOR\" width=\"800\" height=\"800\" title=\"-\" srcset=\"https:\/\/mouldking.store\/wp-content\/uploads\/2022\/11\/52TOYS-BEASTDRIVE-BD-01-7.jpg 800w, https:\/\/mouldking.store\/wp-content\/uploads\/2022\/11\/52TOYS-BEASTDRIVE-BD-01-7-300x300.jpg 300w, https:\/\/mouldking.store\/wp-content\/uploads\/2022\/11\/52TOYS-BEASTDRIVE-BD-01-7-768x768.jpg 768w, https:\/\/mouldking.store\/wp-content\/uploads\/2022\/11\/52TOYS-BEASTDRIVE-BD-01-7-600x600.jpg 600w, https:\/\/mouldking.store\/wp-content\/uploads\/2022\/11\/52TOYS-BEASTDRIVE-BD-01-7-150x150.jpg 150w, https:\/\/mouldking.store\/wp-content\/uploads\/2022\/11\/52TOYS-BEASTDRIVE-BD-01-7-60x60.jpg 60w, https:\/\/mouldking.store\/wp-content\/uploads\/2022\/11\/52TOYS-BEASTDRIVE-BD-01-7-90x90.jpg 90w\" sizes=\"(max-width: 800px) 100vw, 800px\" \/><figcaption id=\"caption-attachment-35538\" class=\"wp-caption-text\">52TOYS BD-01 HJUL RAPTOR<\/figcaption><\/figure>\n<figure id=\"attachment_35539\" aria-describedby=\"caption-attachment-35539\" style=\"width: 800px\" class=\"wp-caption aligncenter\"><img decoding=\"async\" class=\"wp-image-35539 size-full\" src=\"https:\/\/mouldking.store\/wp-content\/uploads\/2022\/11\/52TOYS-BEASTDRIVE-BD-01-6.jpg\" alt=\"52TOYS BD-01 WHEEL RAPTOR\" width=\"800\" height=\"800\" title=\"-\" srcset=\"https:\/\/mouldking.store\/wp-content\/uploads\/2022\/11\/52TOYS-BEASTDRIVE-BD-01-6.jpg 800w, https:\/\/mouldking.store\/wp-content\/uploads\/2022\/11\/52TOYS-BEASTDRIVE-BD-01-6-300x300.jpg 300w, https:\/\/mouldking.store\/wp-content\/uploads\/2022\/11\/52TOYS-BEASTDRIVE-BD-01-6-768x768.jpg 768w, https:\/\/mouldking.store\/wp-content\/uploads\/2022\/11\/52TOYS-BEASTDRIVE-BD-01-6-600x600.jpg 600w, https:\/\/mouldking.store\/wp-content\/uploads\/2022\/11\/52TOYS-BEASTDRIVE-BD-01-6-150x150.jpg 150w, https:\/\/mouldking.store\/wp-content\/uploads\/2022\/11\/52TOYS-BEASTDRIVE-BD-01-6-60x60.jpg 60w, https:\/\/mouldking.store\/wp-content\/uploads\/2022\/11\/52TOYS-BEASTDRIVE-BD-01-6-90x90.jpg 90w\" sizes=\"(max-width: 800px) 100vw, 800px\" \/><figcaption id=\"caption-attachment-35539\" class=\"wp-caption-text\">52TOYS BD-01 HJUL RAPTOR<\/figcaption><\/figure>\n<figure id=\"attachment_35540\" aria-describedby=\"caption-attachment-35540\" style=\"width: 587px\" class=\"wp-caption aligncenter\"><img decoding=\"async\" class=\"wp-image-35540 size-full\" src=\"https:\/\/mouldking.store\/wp-content\/uploads\/2022\/11\/52TOYS-BEASTDRIVE-BD-01-5.jpg\" alt=\"52TOYS BD-01 WHEEL RAPTOR\" width=\"587\" height=\"1024\" title=\"-\" srcset=\"https:\/\/mouldking.store\/wp-content\/uploads\/2022\/11\/52TOYS-BEASTDRIVE-BD-01-5.jpg 587w, https:\/\/mouldking.store\/wp-content\/uploads\/2022\/11\/52TOYS-BEASTDRIVE-BD-01-5-172x300.jpg 172w, https:\/\/mouldking.store\/wp-content\/uploads\/2022\/11\/52TOYS-BEASTDRIVE-BD-01-5-300x523.jpg 300w, https:\/\/mouldking.store\/wp-content\/uploads\/2022\/11\/52TOYS-BEASTDRIVE-BD-01-5-86x150.jpg 86w, https:\/\/mouldking.store\/wp-content\/uploads\/2022\/11\/52TOYS-BEASTDRIVE-BD-01-5-34x60.jpg 34w, https:\/\/mouldking.store\/wp-content\/uploads\/2022\/11\/52TOYS-BEASTDRIVE-BD-01-5-52x90.jpg 52w\" sizes=\"(max-width: 587px) 100vw, 587px\" \/><figcaption id=\"caption-attachment-35540\" class=\"wp-caption-text\">52TOYS BD-01 HJUL RAPTOR<\/figcaption><\/figure>\n<figure id=\"attachment_35541\" aria-describedby=\"caption-attachment-35541\" style=\"width: 459px\" class=\"wp-caption aligncenter\"><img loading=\"lazy\" decoding=\"async\" class=\"wp-image-35541 size-full\" src=\"https:\/\/mouldking.store\/wp-content\/uploads\/2022\/11\/52TOYS-BEASTDRIVE-BD-01-4.jpg\" alt=\"52TOYS BD-01 WHEEL RAPTOR\" width=\"459\" height=\"1024\" title=\"-\" srcset=\"https:\/\/mouldking.store\/wp-content\/uploads\/2022\/11\/52TOYS-BEASTDRIVE-BD-01-4.jpg 459w, https:\/\/mouldking.store\/wp-content\/uploads\/2022\/11\/52TOYS-BEASTDRIVE-BD-01-4-134x300.jpg 134w, https:\/\/mouldking.store\/wp-content\/uploads\/2022\/11\/52TOYS-BEASTDRIVE-BD-01-4-300x669.jpg 300w, https:\/\/mouldking.store\/wp-content\/uploads\/2022\/11\/52TOYS-BEASTDRIVE-BD-01-4-67x150.jpg 67w, https:\/\/mouldking.store\/wp-content\/uploads\/2022\/11\/52TOYS-BEASTDRIVE-BD-01-4-27x60.jpg 27w, https:\/\/mouldking.store\/wp-content\/uploads\/2022\/11\/52TOYS-BEASTDRIVE-BD-01-4-40x90.jpg 40w\" sizes=\"(max-width: 459px) 100vw, 459px\" \/><figcaption id=\"caption-attachment-35541\" class=\"wp-caption-text\">52TOYS BD-01 HJUL RAPTOR<\/figcaption><\/figure>\n<figure id=\"attachment_35542\" aria-describedby=\"caption-attachment-35542\" style=\"width: 410px\" class=\"wp-caption aligncenter\"><img loading=\"lazy\" decoding=\"async\" class=\"wp-image-35542 size-full\" src=\"https:\/\/mouldking.store\/wp-content\/uploads\/2022\/11\/52TOYS-BEASTDRIVE-BD-01-3.jpg\" alt=\"52TOYS BD-01 WHEEL RAPTOR\" width=\"410\" height=\"1024\" title=\"-\" srcset=\"https:\/\/mouldking.store\/wp-content\/uploads\/2022\/11\/52TOYS-BEASTDRIVE-BD-01-3.jpg 410w, https:\/\/mouldking.store\/wp-content\/uploads\/2022\/11\/52TOYS-BEASTDRIVE-BD-01-3-120x300.jpg 120w, https:\/\/mouldking.store\/wp-content\/uploads\/2022\/11\/52TOYS-BEASTDRIVE-BD-01-3-300x749.jpg 300w, https:\/\/mouldking.store\/wp-content\/uploads\/2022\/11\/52TOYS-BEASTDRIVE-BD-01-3-60x150.jpg 60w, https:\/\/mouldking.store\/wp-content\/uploads\/2022\/11\/52TOYS-BEASTDRIVE-BD-01-3-24x60.jpg 24w, https:\/\/mouldking.store\/wp-content\/uploads\/2022\/11\/52TOYS-BEASTDRIVE-BD-01-3-36x90.jpg 36w\" sizes=\"(max-width: 410px) 100vw, 410px\" \/><figcaption id=\"caption-attachment-35542\" class=\"wp-caption-text\">52TOYS BD-01 HJUL RAPTOR<\/figcaption><\/figure>\n<figure id=\"attachment_35543\" aria-describedby=\"caption-attachment-35543\" style=\"width: 616px\" class=\"wp-caption aligncenter\"><img loading=\"lazy\" decoding=\"async\" class=\"wp-image-35543 size-full\" src=\"https:\/\/mouldking.store\/wp-content\/uploads\/2022\/11\/52TOYS-BEASTDRIVE-BD-01-2.jpg\" alt=\"52TOYS BD-01 WHEEL RAPTOR\" width=\"616\" height=\"1024\" title=\"-\" srcset=\"https:\/\/mouldking.store\/wp-content\/uploads\/2022\/11\/52TOYS-BEASTDRIVE-BD-01-2.jpg 616w, https:\/\/mouldking.store\/wp-content\/uploads\/2022\/11\/52TOYS-BEASTDRIVE-BD-01-2-180x300.jpg 180w, https:\/\/mouldking.store\/wp-content\/uploads\/2022\/11\/52TOYS-BEASTDRIVE-BD-01-2-300x499.jpg 300w, https:\/\/mouldking.store\/wp-content\/uploads\/2022\/11\/52TOYS-BEASTDRIVE-BD-01-2-600x997.jpg 600w, https:\/\/mouldking.store\/wp-content\/uploads\/2022\/11\/52TOYS-BEASTDRIVE-BD-01-2-90x150.jpg 90w, https:\/\/mouldking.store\/wp-content\/uploads\/2022\/11\/52TOYS-BEASTDRIVE-BD-01-2-36x60.jpg 36w, https:\/\/mouldking.store\/wp-content\/uploads\/2022\/11\/52TOYS-BEASTDRIVE-BD-01-2-54x90.jpg 54w\" sizes=\"(max-width: 616px) 100vw, 616px\" \/><figcaption id=\"caption-attachment-35543\" class=\"wp-caption-text\">52TOYS BD-01 HJUL RAPTOR<\/figcaption><\/figure>\n<figure id=\"attachment_35544\" aria-describedby=\"caption-attachment-35544\" style=\"width: 511px\" class=\"wp-caption aligncenter\"><img loading=\"lazy\" decoding=\"async\" class=\"wp-image-35544 size-full\" src=\"https:\/\/mouldking.store\/wp-content\/uploads\/2022\/11\/52TOYS-BEASTDRIVE-BD-01-1.jpg\" alt=\"52TOYS BD-01 WHEEL RAPTOR\" width=\"511\" height=\"1024\" title=\"-\" srcset=\"https:\/\/mouldking.store\/wp-content\/uploads\/2022\/11\/52TOYS-BEASTDRIVE-BD-01-1.jpg 511w, https:\/\/mouldking.store\/wp-content\/uploads\/2022\/11\/52TOYS-BEASTDRIVE-BD-01-1-150x300.jpg 150w, https:\/\/mouldking.store\/wp-content\/uploads\/2022\/11\/52TOYS-BEASTDRIVE-BD-01-1-300x601.jpg 300w, https:\/\/mouldking.store\/wp-content\/uploads\/2022\/11\/52TOYS-BEASTDRIVE-BD-01-1-75x150.jpg 75w, https:\/\/mouldking.store\/wp-content\/uploads\/2022\/11\/52TOYS-BEASTDRIVE-BD-01-1-30x60.jpg 30w, https:\/\/mouldking.store\/wp-content\/uploads\/2022\/11\/52TOYS-BEASTDRIVE-BD-01-1-45x90.jpg 45w\" sizes=\"(max-width: 511px) 100vw, 511px\" \/><figcaption id=\"caption-attachment-35544\" class=\"wp-caption-text\">52TOYS BD-01 HJUL RAPTOR<\/figcaption><\/figure>","protected":false},"excerpt":{"rendered":"<p>Product information: Brand: 52TOYS Gender: Unisex Name: WHEEL RAPTOR Age Range: &gt; 6 years old Model Number: BD-01 Classification: Assemblage Plastic Block Shape: Self-Locking Bricks Material: Plastic Plastic Type: ABS Size: 10 cm Contains detailed assembly instructions. Notice: 1. Without an original box, but we guarantee our products have quality assurance and nice packaging. 2. [&hellip;]<\/p>","protected":false},"featured_media":35538,"comment_status":"closed","ping_status":"closed","template":"","meta":{"_acf_changed":false},"product_cat":[1365],"product_tag":[6179,7655,7650,7651,7653,7652,7654],"class_list":["product","first","outofstock","shipping-taxable","purchasable","product-type-simple"],"acf":[],"_links":{"self":[{"href":"https:\/\/mouldking.store\/nb\/wp-json\/wp\/v2\/product\/35537","targetHints":{"allow":["GET"]}}],"collection":[{"href":"https:\/\/mouldking.store\/nb\/wp-json\/wp\/v2\/product"}],"about":[{"href":"https:\/\/mouldking.store\/nb\/wp-json\/wp\/v2\/types\/product"}],"replies":[{"embeddable":true,"href":"https:\/\/mouldking.store\/nb\/wp-json\/wp\/v2\/comments?post=35537"}],"wp:featuredmedia":[{"embeddable":true,"href":"https:\/\/mouldking.store\/nb\/wp-json\/wp\/v2\/media\/35538"}],"wp:attachment":[{"href":"https:\/\/mouldking.store\/nb\/wp-json\/wp\/v2\/media?parent=35537"}],"wp:term":[{"taxonomy":"product_cat","embeddable":true,"href":"https:\/\/mouldking.store\/nb\/wp-json\/wp\/v2\/product_cat?post=35537"},{"taxonomy":"product_tag","embeddable":true,"href":"https:\/\/mouldking.store\/nb\/wp-json\/wp\/v2\/product_tag?post=35537"}],"curies":[{"name":"wp","href":"https:\/\/api.w.org\/{rel}","templated":true}]}}