{"id":35569,"date":"2022-11-21T15:22:52","date_gmt":"2022-11-21T08:22:52","guid":{"rendered":"https:\/\/mouldking.store\/?post_type=product&#038;p=35569"},"modified":"2022-11-21T15:22:52","modified_gmt":"2022-11-21T08:22:52","slug":"panlos-687401-godzilla-head-carving-with-379-pieces","status":"publish","type":"product","link":"https:\/\/mouldking.store\/nb\/shop\/panlos-687401-godzilla-head-carving-with-379-pieces\/","title":{"rendered":"PANLOS 687401 Godzilla-hodeutskj\u00e6ring med 379 deler"},"content":{"rendered":"<p>Produktinformasjon:<\/p>\n<ol>\n<li>Merke: PANLOS<\/li>\n<li>Kj\u00f8nn: Unisex<\/li>\n<li>Name: Godzilla Head Carving<\/li>\n<li>Aldersgruppe: &gt; 6 \u00e5r gammel<\/li>\n<li>Model Number: 687401<\/li>\n<li>Klassifisering: Montering<\/li>\n<li>Plastblokkform: Selvl\u00e5sende murstein<\/li>\n<li>Materiale: Plast<\/li>\n<li>Plasttype: ABS<\/li>\n<li>Bricks Blocks:379 PCS<\/li>\n<li>Size: 13 \u00d7 8 \u00d7 14.4 cm<\/li>\n<li>Inneholder detaljerte monteringsanvisninger.<\/li>\n<\/ol>\n<p>Legge merke til:<br \/>\n1. Uten original eske, men vi garanterer at v\u00e5re produkter har kvalitetssikring og pen emballasje.<br \/>\n2. Som alle delene vi har sjekket f\u00f8r frakt, s\u00e5 hvis du finner noen deler savnet eller skadet, ikke bekymre deg og bare kontakt oss, s\u00e5 kan vi sende dem til deg p\u00e5 nytt umiddelbart gratis.<\/p>\n<figure id=\"attachment_35570\" aria-describedby=\"caption-attachment-35570\" style=\"width: 768px\" class=\"wp-caption aligncenter\"><img fetchpriority=\"high\" decoding=\"async\" class=\"wp-image-35570 size-full\" src=\"https:\/\/mouldking.store\/wp-content\/uploads\/2022\/11\/PANLOS-687401-3.jpg\" alt=\"PANLOS 687401 Godzilla Head Carving With 379 Pieces\" width=\"768\" height=\"768\" title=\"-\" srcset=\"https:\/\/mouldking.store\/wp-content\/uploads\/2022\/11\/PANLOS-687401-3.jpg 768w, https:\/\/mouldking.store\/wp-content\/uploads\/2022\/11\/PANLOS-687401-3-300x300.jpg 300w, https:\/\/mouldking.store\/wp-content\/uploads\/2022\/11\/PANLOS-687401-3-600x600.jpg 600w, https:\/\/mouldking.store\/wp-content\/uploads\/2022\/11\/PANLOS-687401-3-150x150.jpg 150w, https:\/\/mouldking.store\/wp-content\/uploads\/2022\/11\/PANLOS-687401-3-60x60.jpg 60w, https:\/\/mouldking.store\/wp-content\/uploads\/2022\/11\/PANLOS-687401-3-90x90.jpg 90w\" sizes=\"(max-width: 768px) 100vw, 768px\" \/><figcaption id=\"caption-attachment-35570\" class=\"wp-caption-text\">PANLOS 687401 Godzilla-hodeutskj\u00e6ring med 379 deler<\/figcaption><\/figure>\n<figure id=\"attachment_35571\" aria-describedby=\"caption-attachment-35571\" style=\"width: 600px\" class=\"wp-caption aligncenter\"><img decoding=\"async\" class=\"wp-image-35571 size-full\" src=\"https:\/\/mouldking.store\/wp-content\/uploads\/2022\/11\/PANLOS-687401-2.jpg\" alt=\"PANLOS 687401 Godzilla Head Carving With 379 Pieces\" width=\"600\" height=\"954\" title=\"-\" srcset=\"https:\/\/mouldking.store\/wp-content\/uploads\/2022\/11\/PANLOS-687401-2.jpg 600w, https:\/\/mouldking.store\/wp-content\/uploads\/2022\/11\/PANLOS-687401-2-189x300.jpg 189w, https:\/\/mouldking.store\/wp-content\/uploads\/2022\/11\/PANLOS-687401-2-300x477.jpg 300w, https:\/\/mouldking.store\/wp-content\/uploads\/2022\/11\/PANLOS-687401-2-94x150.jpg 94w, https:\/\/mouldking.store\/wp-content\/uploads\/2022\/11\/PANLOS-687401-2-38x60.jpg 38w, https:\/\/mouldking.store\/wp-content\/uploads\/2022\/11\/PANLOS-687401-2-57x90.jpg 57w\" sizes=\"(max-width: 600px) 100vw, 600px\" \/><figcaption id=\"caption-attachment-35571\" class=\"wp-caption-text\">PANLOS 687401 Godzilla-hodeutskj\u00e6ring med 379 deler<\/figcaption><\/figure>\n<figure id=\"attachment_35572\" aria-describedby=\"caption-attachment-35572\" style=\"width: 768px\" class=\"wp-caption aligncenter\"><img decoding=\"async\" class=\"wp-image-35572 size-full\" src=\"https:\/\/mouldking.store\/wp-content\/uploads\/2022\/11\/PANLOS-687401-1.jpg\" alt=\"PANLOS 687401 Godzilla Head Carving With 379 Pieces\" width=\"768\" height=\"886\" title=\"-\" srcset=\"https:\/\/mouldking.store\/wp-content\/uploads\/2022\/11\/PANLOS-687401-1.jpg 768w, https:\/\/mouldking.store\/wp-content\/uploads\/2022\/11\/PANLOS-687401-1-260x300.jpg 260w, https:\/\/mouldking.store\/wp-content\/uploads\/2022\/11\/PANLOS-687401-1-300x346.jpg 300w, https:\/\/mouldking.store\/wp-content\/uploads\/2022\/11\/PANLOS-687401-1-600x692.jpg 600w, https:\/\/mouldking.store\/wp-content\/uploads\/2022\/11\/PANLOS-687401-1-130x150.jpg 130w, https:\/\/mouldking.store\/wp-content\/uploads\/2022\/11\/PANLOS-687401-1-52x60.jpg 52w, https:\/\/mouldking.store\/wp-content\/uploads\/2022\/11\/PANLOS-687401-1-78x90.jpg 78w\" sizes=\"(max-width: 768px) 100vw, 768px\" \/><figcaption id=\"caption-attachment-35572\" class=\"wp-caption-text\">PANLOS 687401 Godzilla-hodeutskj\u00e6ring med 379 deler<\/figcaption><\/figure>","protected":false},"excerpt":{"rendered":"<p>Product information: Brand: PANLOS Gender: Unisex Name: Godzilla Head Carving Age Range: &gt; 6 years old Model Number: 687401 Classification: Assemblage Plastic Block Shape: Self-Locking Bricks Material: Plastic Plastic Type: ABS Bricks Blocks:379 PCS Size: 13 \u00d7 8 \u00d7 14.4 cm Contains detailed assembly instructions. Notice: 1. Without an original box, but we guarantee our [&hellip;]<\/p>","protected":false},"featured_media":35570,"comment_status":"closed","ping_status":"closed","template":"","meta":{"_acf_changed":false},"product_cat":[1365],"product_tag":[7686,7682,3547,7688,6483,1851,7687,7689,7685],"class_list":["product","first","instock","shipping-taxable","purchasable","product-type-simple"],"acf":[],"_links":{"self":[{"href":"https:\/\/mouldking.store\/nb\/wp-json\/wp\/v2\/product\/35569","targetHints":{"allow":["GET"]}}],"collection":[{"href":"https:\/\/mouldking.store\/nb\/wp-json\/wp\/v2\/product"}],"about":[{"href":"https:\/\/mouldking.store\/nb\/wp-json\/wp\/v2\/types\/product"}],"replies":[{"embeddable":true,"href":"https:\/\/mouldking.store\/nb\/wp-json\/wp\/v2\/comments?post=35569"}],"wp:featuredmedia":[{"embeddable":true,"href":"https:\/\/mouldking.store\/nb\/wp-json\/wp\/v2\/media\/35570"}],"wp:attachment":[{"href":"https:\/\/mouldking.store\/nb\/wp-json\/wp\/v2\/media?parent=35569"}],"wp:term":[{"taxonomy":"product_cat","embeddable":true,"href":"https:\/\/mouldking.store\/nb\/wp-json\/wp\/v2\/product_cat?post=35569"},{"taxonomy":"product_tag","embeddable":true,"href":"https:\/\/mouldking.store\/nb\/wp-json\/wp\/v2\/product_tag?post=35569"}],"curies":[{"name":"wp","href":"https:\/\/api.w.org\/{rel}","templated":true}]}}