{"id":35607,"date":"2022-11-21T16:38:39","date_gmt":"2022-11-21T09:38:39","guid":{"rendered":"https:\/\/mouldking.store\/?post_type=product&#038;p=35607"},"modified":"2022-11-21T16:38:39","modified_gmt":"2022-11-21T09:38:39","slug":"zhegao-dz6020-cafe-havana-shining-with-3158-pieces","status":"publish","type":"product","link":"https:\/\/mouldking.store\/nb\/shop\/zhegao-dz6020-cafe-havana-shining-with-3158-pieces\/","title":{"rendered":"ZHEGAO DZ6020 Cafe Havana skinner med 3158 stykker"},"content":{"rendered":"<p>Produktinformasjon:<\/p>\n<ol>\n<li>Merke: ZHEGAO<\/li>\n<li>Kj\u00f8nn: Unisex<\/li>\n<li>Name: Cafe Havana Shining<\/li>\n<li>Aldersgruppe: &gt; 6 \u00e5r gammel<\/li>\n<li>Model Number: DZ6020<\/li>\n<li>Klassifisering: Montering<\/li>\n<li>Plastblokkform: Selvl\u00e5sende murstein<\/li>\n<li>Materiale: Plast<\/li>\n<li>Plasttype: ABS<\/li>\n<li>Bricks Blocks:3158 PCS<\/li>\n<li>Size: 19.2 \u00d7 19.2 \u00d7 22 cm<\/li>\n<li>Inneholder detaljerte monteringsanvisninger.<\/li>\n<\/ol>\n<p>Legge merke til:<br \/>\n1. Uten original eske, men vi garanterer at v\u00e5re produkter har kvalitetssikring og pen emballasje.<br \/>\n2. Som alle delene vi har sjekket f\u00f8r frakt, s\u00e5 hvis du finner noen deler savnet eller skadet, ikke bekymre deg og bare kontakt oss, s\u00e5 kan vi sende dem til deg p\u00e5 nytt umiddelbart gratis.<\/p>\n<figure id=\"attachment_35608\" aria-describedby=\"caption-attachment-35608\" style=\"width: 800px\" class=\"wp-caption aligncenter\"><img fetchpriority=\"high\" decoding=\"async\" class=\"wp-image-35608 size-full\" src=\"https:\/\/mouldking.store\/wp-content\/uploads\/2022\/11\/Cafe-Havana-Shining-ZHEGAO-DZ6020-4.jpg\" alt=\"ZHEGAO DZ6020 Cafe Havana Shining With 3158 Pieces\" width=\"800\" height=\"800\" title=\"-\" srcset=\"https:\/\/mouldking.store\/wp-content\/uploads\/2022\/11\/Cafe-Havana-Shining-ZHEGAO-DZ6020-4.jpg 800w, https:\/\/mouldking.store\/wp-content\/uploads\/2022\/11\/Cafe-Havana-Shining-ZHEGAO-DZ6020-4-300x300.jpg 300w, https:\/\/mouldking.store\/wp-content\/uploads\/2022\/11\/Cafe-Havana-Shining-ZHEGAO-DZ6020-4-768x768.jpg 768w, https:\/\/mouldking.store\/wp-content\/uploads\/2022\/11\/Cafe-Havana-Shining-ZHEGAO-DZ6020-4-600x600.jpg 600w, https:\/\/mouldking.store\/wp-content\/uploads\/2022\/11\/Cafe-Havana-Shining-ZHEGAO-DZ6020-4-150x150.jpg 150w, https:\/\/mouldking.store\/wp-content\/uploads\/2022\/11\/Cafe-Havana-Shining-ZHEGAO-DZ6020-4-60x60.jpg 60w, https:\/\/mouldking.store\/wp-content\/uploads\/2022\/11\/Cafe-Havana-Shining-ZHEGAO-DZ6020-4-90x90.jpg 90w\" sizes=\"(max-width: 800px) 100vw, 800px\" \/><figcaption id=\"caption-attachment-35608\" class=\"wp-caption-text\">ZHEGAO DZ6020 Cafe Havana skinner med 3158 stykker<\/figcaption><\/figure>\n<figure id=\"attachment_35609\" aria-describedby=\"caption-attachment-35609\" style=\"width: 800px\" class=\"wp-caption aligncenter\"><img decoding=\"async\" class=\"wp-image-35609 size-full\" src=\"https:\/\/mouldking.store\/wp-content\/uploads\/2022\/11\/Cafe-Havana-Shining-ZHEGAO-DZ6020-3.jpg\" alt=\"ZHEGAO DZ6020 Cafe Havana Shining With 3158 Pieces\" width=\"800\" height=\"800\" title=\"-\" srcset=\"https:\/\/mouldking.store\/wp-content\/uploads\/2022\/11\/Cafe-Havana-Shining-ZHEGAO-DZ6020-3.jpg 800w, https:\/\/mouldking.store\/wp-content\/uploads\/2022\/11\/Cafe-Havana-Shining-ZHEGAO-DZ6020-3-300x300.jpg 300w, https:\/\/mouldking.store\/wp-content\/uploads\/2022\/11\/Cafe-Havana-Shining-ZHEGAO-DZ6020-3-768x768.jpg 768w, https:\/\/mouldking.store\/wp-content\/uploads\/2022\/11\/Cafe-Havana-Shining-ZHEGAO-DZ6020-3-600x600.jpg 600w, https:\/\/mouldking.store\/wp-content\/uploads\/2022\/11\/Cafe-Havana-Shining-ZHEGAO-DZ6020-3-150x150.jpg 150w, https:\/\/mouldking.store\/wp-content\/uploads\/2022\/11\/Cafe-Havana-Shining-ZHEGAO-DZ6020-3-60x60.jpg 60w, https:\/\/mouldking.store\/wp-content\/uploads\/2022\/11\/Cafe-Havana-Shining-ZHEGAO-DZ6020-3-90x90.jpg 90w\" sizes=\"(max-width: 800px) 100vw, 800px\" \/><figcaption id=\"caption-attachment-35609\" class=\"wp-caption-text\">ZHEGAO DZ6020 Cafe Havana skinner med 3158 stykker<\/figcaption><\/figure>\n<figure id=\"attachment_35610\" aria-describedby=\"caption-attachment-35610\" style=\"width: 800px\" class=\"wp-caption aligncenter\"><img decoding=\"async\" class=\"wp-image-35610 size-full\" src=\"https:\/\/mouldking.store\/wp-content\/uploads\/2022\/11\/Cafe-Havana-Shining-ZHEGAO-DZ6020-2.jpg\" alt=\"ZHEGAO DZ6020 Cafe Havana Shining With 3158 Pieces\" width=\"800\" height=\"800\" title=\"-\" srcset=\"https:\/\/mouldking.store\/wp-content\/uploads\/2022\/11\/Cafe-Havana-Shining-ZHEGAO-DZ6020-2.jpg 800w, https:\/\/mouldking.store\/wp-content\/uploads\/2022\/11\/Cafe-Havana-Shining-ZHEGAO-DZ6020-2-300x300.jpg 300w, https:\/\/mouldking.store\/wp-content\/uploads\/2022\/11\/Cafe-Havana-Shining-ZHEGAO-DZ6020-2-768x768.jpg 768w, https:\/\/mouldking.store\/wp-content\/uploads\/2022\/11\/Cafe-Havana-Shining-ZHEGAO-DZ6020-2-600x600.jpg 600w, https:\/\/mouldking.store\/wp-content\/uploads\/2022\/11\/Cafe-Havana-Shining-ZHEGAO-DZ6020-2-150x150.jpg 150w, https:\/\/mouldking.store\/wp-content\/uploads\/2022\/11\/Cafe-Havana-Shining-ZHEGAO-DZ6020-2-60x60.jpg 60w, https:\/\/mouldking.store\/wp-content\/uploads\/2022\/11\/Cafe-Havana-Shining-ZHEGAO-DZ6020-2-90x90.jpg 90w\" sizes=\"(max-width: 800px) 100vw, 800px\" \/><figcaption id=\"caption-attachment-35610\" class=\"wp-caption-text\">ZHEGAO DZ6020 Cafe Havana skinner med 3158 stykker<\/figcaption><\/figure>\n<figure id=\"attachment_35611\" aria-describedby=\"caption-attachment-35611\" style=\"width: 800px\" class=\"wp-caption aligncenter\"><img loading=\"lazy\" decoding=\"async\" class=\"wp-image-35611 size-full\" src=\"https:\/\/mouldking.store\/wp-content\/uploads\/2022\/11\/Cafe-Havana-Shining-ZHEGAO-DZ6020-1.jpg\" alt=\"ZHEGAO DZ6020 Cafe Havana Shining With 3158 Pieces\" width=\"800\" height=\"800\" title=\"-\" srcset=\"https:\/\/mouldking.store\/wp-content\/uploads\/2022\/11\/Cafe-Havana-Shining-ZHEGAO-DZ6020-1.jpg 800w, https:\/\/mouldking.store\/wp-content\/uploads\/2022\/11\/Cafe-Havana-Shining-ZHEGAO-DZ6020-1-300x300.jpg 300w, https:\/\/mouldking.store\/wp-content\/uploads\/2022\/11\/Cafe-Havana-Shining-ZHEGAO-DZ6020-1-768x768.jpg 768w, https:\/\/mouldking.store\/wp-content\/uploads\/2022\/11\/Cafe-Havana-Shining-ZHEGAO-DZ6020-1-600x600.jpg 600w, https:\/\/mouldking.store\/wp-content\/uploads\/2022\/11\/Cafe-Havana-Shining-ZHEGAO-DZ6020-1-150x150.jpg 150w, https:\/\/mouldking.store\/wp-content\/uploads\/2022\/11\/Cafe-Havana-Shining-ZHEGAO-DZ6020-1-60x60.jpg 60w, https:\/\/mouldking.store\/wp-content\/uploads\/2022\/11\/Cafe-Havana-Shining-ZHEGAO-DZ6020-1-90x90.jpg 90w\" sizes=\"(max-width: 800px) 100vw, 800px\" \/><figcaption id=\"caption-attachment-35611\" class=\"wp-caption-text\">ZHEGAO DZ6020 Cafe Havana skinner med 3158 stykker<\/figcaption><\/figure>","protected":false},"excerpt":{"rendered":"<p>Product information: Brand: ZHEGAO Gender: Unisex Name: Cafe Havana Shining Age Range: &gt; 6 years old Model Number: DZ6020 Classification: Assemblage Plastic Block Shape: Self-Locking Bricks Material: Plastic Plastic Type: ABS Bricks Blocks:3158 PCS Size: 19.2 \u00d7 19.2 \u00d7 22 cm Contains detailed assembly instructions. Notice: 1. Without an original box, but we guarantee our [&hellip;]<\/p>","protected":false},"featured_media":35608,"comment_status":"closed","ping_status":"closed","template":"","meta":{"_acf_changed":false},"product_cat":[1395],"product_tag":[1704,7757,7753,7754,7755,1698,7756,7758,7752],"class_list":["product","first","instock","shipping-taxable","purchasable","product-type-simple"],"acf":[],"_links":{"self":[{"href":"https:\/\/mouldking.store\/nb\/wp-json\/wp\/v2\/product\/35607","targetHints":{"allow":["GET"]}}],"collection":[{"href":"https:\/\/mouldking.store\/nb\/wp-json\/wp\/v2\/product"}],"about":[{"href":"https:\/\/mouldking.store\/nb\/wp-json\/wp\/v2\/types\/product"}],"replies":[{"embeddable":true,"href":"https:\/\/mouldking.store\/nb\/wp-json\/wp\/v2\/comments?post=35607"}],"wp:featuredmedia":[{"embeddable":true,"href":"https:\/\/mouldking.store\/nb\/wp-json\/wp\/v2\/media\/35608"}],"wp:attachment":[{"href":"https:\/\/mouldking.store\/nb\/wp-json\/wp\/v2\/media?parent=35607"}],"wp:term":[{"taxonomy":"product_cat","embeddable":true,"href":"https:\/\/mouldking.store\/nb\/wp-json\/wp\/v2\/product_cat?post=35607"},{"taxonomy":"product_tag","embeddable":true,"href":"https:\/\/mouldking.store\/nb\/wp-json\/wp\/v2\/product_tag?post=35607"}],"curies":[{"name":"wp","href":"https:\/\/api.w.org\/{rel}","templated":true}]}}