{"id":35612,"date":"2022-11-21T16:44:25","date_gmt":"2022-11-21T09:44:25","guid":{"rendered":"https:\/\/mouldking.store\/?post_type=product&#038;p=35612"},"modified":"2022-11-21T16:44:25","modified_gmt":"2022-11-21T09:44:25","slug":"sluban-m38-b1098-racers-speed-champions-contash-sports-car-with-2300-pieces","status":"publish","type":"product","link":"https:\/\/mouldking.store\/nb\/shop\/sluban-m38-b1098-racers-speed-champions-contash-sports-car-with-2300-pieces\/","title":{"rendered":"Sluban M38-B1098 Racers Speed Champions Contash sportsbil med 2300 stykker"},"content":{"rendered":"<p>Produktinformasjon:<\/p>\n<ol>\n<li>Merke: Sluban<\/li>\n<li>Kj\u00f8nn: Unisex<\/li>\n<li>Name: Racers Speed Champions Contash Sports Car<\/li>\n<li>Aldersgruppe: &gt; 6 \u00e5r gammel<\/li>\n<li>Model Number: M38-B1098<\/li>\n<li>Klassifisering: Montering<\/li>\n<li>Plastblokkform: Selvl\u00e5sende murstein<\/li>\n<li>Materiale: Plast<\/li>\n<li>Plasttype: ABS<\/li>\n<li>Bricks Blocks:2300 PCS<\/li>\n<li>Size: 15.5 cm<\/li>\n<li>Inneholder detaljerte monteringsanvisninger.<\/li>\n<\/ol>\n<p>Legge merke til:<br \/>\n1. Uten original eske, men vi garanterer at v\u00e5re produkter har kvalitetssikring og pen emballasje.<br \/>\n2. Som alle delene vi har sjekket f\u00f8r frakt, s\u00e5 hvis du finner noen deler savnet eller skadet, ikke bekymre deg og bare kontakt oss, s\u00e5 kan vi sende dem til deg p\u00e5 nytt umiddelbart gratis.<\/p>\n<figure id=\"attachment_35613\" aria-describedby=\"caption-attachment-35613\" style=\"width: 800px\" class=\"wp-caption aligncenter\"><img fetchpriority=\"high\" decoding=\"async\" class=\"wp-image-35613 size-full\" src=\"https:\/\/mouldking.store\/wp-content\/uploads\/2022\/11\/Racers-Speed-Champions-Contash-Sports-Car-Sluban-M38-B1098-5.jpg\" alt=\"Sluban M38-B1098 Racers Speed Champions Contash Sports Car With 2300 Pieces\" width=\"800\" height=\"800\" title=\"-\" srcset=\"https:\/\/mouldking.store\/wp-content\/uploads\/2022\/11\/Racers-Speed-Champions-Contash-Sports-Car-Sluban-M38-B1098-5.jpg 800w, https:\/\/mouldking.store\/wp-content\/uploads\/2022\/11\/Racers-Speed-Champions-Contash-Sports-Car-Sluban-M38-B1098-5-300x300.jpg 300w, https:\/\/mouldking.store\/wp-content\/uploads\/2022\/11\/Racers-Speed-Champions-Contash-Sports-Car-Sluban-M38-B1098-5-768x768.jpg 768w, https:\/\/mouldking.store\/wp-content\/uploads\/2022\/11\/Racers-Speed-Champions-Contash-Sports-Car-Sluban-M38-B1098-5-600x600.jpg 600w, https:\/\/mouldking.store\/wp-content\/uploads\/2022\/11\/Racers-Speed-Champions-Contash-Sports-Car-Sluban-M38-B1098-5-150x150.jpg 150w, https:\/\/mouldking.store\/wp-content\/uploads\/2022\/11\/Racers-Speed-Champions-Contash-Sports-Car-Sluban-M38-B1098-5-60x60.jpg 60w, https:\/\/mouldking.store\/wp-content\/uploads\/2022\/11\/Racers-Speed-Champions-Contash-Sports-Car-Sluban-M38-B1098-5-90x90.jpg 90w\" sizes=\"(max-width: 800px) 100vw, 800px\" \/><figcaption id=\"caption-attachment-35613\" class=\"wp-caption-text\">Sluban M38-B1098 Racers Speed Champions Contash sportsbil med 2300 stykker<\/figcaption><\/figure>\n<figure id=\"attachment_35614\" aria-describedby=\"caption-attachment-35614\" style=\"width: 800px\" class=\"wp-caption aligncenter\"><img decoding=\"async\" class=\"wp-image-35614 size-full\" src=\"https:\/\/mouldking.store\/wp-content\/uploads\/2022\/11\/Racers-Speed-Champions-Contash-Sports-Car-Sluban-M38-B1098-4.jpg\" alt=\"Sluban M38-B1098 Racers Speed Champions Contash Sports Car With 2300 Pieces\" width=\"800\" height=\"800\" title=\"-\" srcset=\"https:\/\/mouldking.store\/wp-content\/uploads\/2022\/11\/Racers-Speed-Champions-Contash-Sports-Car-Sluban-M38-B1098-4.jpg 800w, https:\/\/mouldking.store\/wp-content\/uploads\/2022\/11\/Racers-Speed-Champions-Contash-Sports-Car-Sluban-M38-B1098-4-300x300.jpg 300w, https:\/\/mouldking.store\/wp-content\/uploads\/2022\/11\/Racers-Speed-Champions-Contash-Sports-Car-Sluban-M38-B1098-4-768x768.jpg 768w, https:\/\/mouldking.store\/wp-content\/uploads\/2022\/11\/Racers-Speed-Champions-Contash-Sports-Car-Sluban-M38-B1098-4-600x600.jpg 600w, https:\/\/mouldking.store\/wp-content\/uploads\/2022\/11\/Racers-Speed-Champions-Contash-Sports-Car-Sluban-M38-B1098-4-150x150.jpg 150w, https:\/\/mouldking.store\/wp-content\/uploads\/2022\/11\/Racers-Speed-Champions-Contash-Sports-Car-Sluban-M38-B1098-4-60x60.jpg 60w, https:\/\/mouldking.store\/wp-content\/uploads\/2022\/11\/Racers-Speed-Champions-Contash-Sports-Car-Sluban-M38-B1098-4-90x90.jpg 90w\" sizes=\"(max-width: 800px) 100vw, 800px\" \/><figcaption id=\"caption-attachment-35614\" class=\"wp-caption-text\">Sluban M38-B1098 Racers Speed Champions Contash sportsbil med 2300 stykker<\/figcaption><\/figure>\n<figure id=\"attachment_35615\" aria-describedby=\"caption-attachment-35615\" style=\"width: 800px\" class=\"wp-caption aligncenter\"><img decoding=\"async\" class=\"wp-image-35615 size-full\" src=\"https:\/\/mouldking.store\/wp-content\/uploads\/2022\/11\/Racers-Speed-Champions-Contash-Sports-Car-Sluban-M38-B1098-3.jpg\" alt=\"Sluban M38-B1098 Racers Speed Champions Contash Sports Car With 2300 Pieces\" width=\"800\" height=\"800\" title=\"-\" srcset=\"https:\/\/mouldking.store\/wp-content\/uploads\/2022\/11\/Racers-Speed-Champions-Contash-Sports-Car-Sluban-M38-B1098-3.jpg 800w, https:\/\/mouldking.store\/wp-content\/uploads\/2022\/11\/Racers-Speed-Champions-Contash-Sports-Car-Sluban-M38-B1098-3-300x300.jpg 300w, https:\/\/mouldking.store\/wp-content\/uploads\/2022\/11\/Racers-Speed-Champions-Contash-Sports-Car-Sluban-M38-B1098-3-768x768.jpg 768w, https:\/\/mouldking.store\/wp-content\/uploads\/2022\/11\/Racers-Speed-Champions-Contash-Sports-Car-Sluban-M38-B1098-3-600x600.jpg 600w, https:\/\/mouldking.store\/wp-content\/uploads\/2022\/11\/Racers-Speed-Champions-Contash-Sports-Car-Sluban-M38-B1098-3-150x150.jpg 150w, https:\/\/mouldking.store\/wp-content\/uploads\/2022\/11\/Racers-Speed-Champions-Contash-Sports-Car-Sluban-M38-B1098-3-60x60.jpg 60w, https:\/\/mouldking.store\/wp-content\/uploads\/2022\/11\/Racers-Speed-Champions-Contash-Sports-Car-Sluban-M38-B1098-3-90x90.jpg 90w\" sizes=\"(max-width: 800px) 100vw, 800px\" \/><figcaption id=\"caption-attachment-35615\" class=\"wp-caption-text\">Sluban M38-B1098 Racers Speed Champions Contash sportsbil med 2300 stykker<\/figcaption><\/figure>\n<figure id=\"attachment_35616\" aria-describedby=\"caption-attachment-35616\" style=\"width: 800px\" class=\"wp-caption aligncenter\"><img loading=\"lazy\" decoding=\"async\" class=\"wp-image-35616 size-full\" src=\"https:\/\/mouldking.store\/wp-content\/uploads\/2022\/11\/Racers-Speed-Champions-Contash-Sports-Car-Sluban-M38-B1098-2.jpg\" alt=\"Sluban M38-B1098 Racers Speed Champions Contash Sports Car With 2300 Pieces\" width=\"800\" height=\"800\" title=\"-\" srcset=\"https:\/\/mouldking.store\/wp-content\/uploads\/2022\/11\/Racers-Speed-Champions-Contash-Sports-Car-Sluban-M38-B1098-2.jpg 800w, https:\/\/mouldking.store\/wp-content\/uploads\/2022\/11\/Racers-Speed-Champions-Contash-Sports-Car-Sluban-M38-B1098-2-300x300.jpg 300w, https:\/\/mouldking.store\/wp-content\/uploads\/2022\/11\/Racers-Speed-Champions-Contash-Sports-Car-Sluban-M38-B1098-2-768x768.jpg 768w, https:\/\/mouldking.store\/wp-content\/uploads\/2022\/11\/Racers-Speed-Champions-Contash-Sports-Car-Sluban-M38-B1098-2-600x600.jpg 600w, https:\/\/mouldking.store\/wp-content\/uploads\/2022\/11\/Racers-Speed-Champions-Contash-Sports-Car-Sluban-M38-B1098-2-150x150.jpg 150w, https:\/\/mouldking.store\/wp-content\/uploads\/2022\/11\/Racers-Speed-Champions-Contash-Sports-Car-Sluban-M38-B1098-2-60x60.jpg 60w, https:\/\/mouldking.store\/wp-content\/uploads\/2022\/11\/Racers-Speed-Champions-Contash-Sports-Car-Sluban-M38-B1098-2-90x90.jpg 90w\" sizes=\"(max-width: 800px) 100vw, 800px\" \/><figcaption id=\"caption-attachment-35616\" class=\"wp-caption-text\">Sluban M38-B1098 Racers Speed Champions Contash sportsbil med 2300 stykker<\/figcaption><\/figure>\n<figure id=\"attachment_35617\" aria-describedby=\"caption-attachment-35617\" style=\"width: 800px\" class=\"wp-caption aligncenter\"><img loading=\"lazy\" decoding=\"async\" class=\"wp-image-35617 size-full\" src=\"https:\/\/mouldking.store\/wp-content\/uploads\/2022\/11\/Racers-Speed-Champions-Contash-Sports-Car-Sluban-M38-B1098-1.jpg\" alt=\"Sluban M38-B1098 Racers Speed Champions Contash Sports Car With 2300 Pieces\" width=\"800\" height=\"800\" title=\"-\" srcset=\"https:\/\/mouldking.store\/wp-content\/uploads\/2022\/11\/Racers-Speed-Champions-Contash-Sports-Car-Sluban-M38-B1098-1.jpg 800w, https:\/\/mouldking.store\/wp-content\/uploads\/2022\/11\/Racers-Speed-Champions-Contash-Sports-Car-Sluban-M38-B1098-1-300x300.jpg 300w, https:\/\/mouldking.store\/wp-content\/uploads\/2022\/11\/Racers-Speed-Champions-Contash-Sports-Car-Sluban-M38-B1098-1-768x768.jpg 768w, https:\/\/mouldking.store\/wp-content\/uploads\/2022\/11\/Racers-Speed-Champions-Contash-Sports-Car-Sluban-M38-B1098-1-600x600.jpg 600w, https:\/\/mouldking.store\/wp-content\/uploads\/2022\/11\/Racers-Speed-Champions-Contash-Sports-Car-Sluban-M38-B1098-1-150x150.jpg 150w, https:\/\/mouldking.store\/wp-content\/uploads\/2022\/11\/Racers-Speed-Champions-Contash-Sports-Car-Sluban-M38-B1098-1-60x60.jpg 60w, https:\/\/mouldking.store\/wp-content\/uploads\/2022\/11\/Racers-Speed-Champions-Contash-Sports-Car-Sluban-M38-B1098-1-90x90.jpg 90w\" sizes=\"(max-width: 800px) 100vw, 800px\" \/><figcaption id=\"caption-attachment-35617\" class=\"wp-caption-text\">Sluban M38-B1098 Racers Speed Champions Contash sportsbil med 2300 stykker<\/figcaption><\/figure>","protected":false},"excerpt":{"rendered":"<p>Ingen minifigurer<\/p>","protected":false},"featured_media":35614,"comment_status":"closed","ping_status":"closed","template":"","meta":{"_acf_changed":false},"product_cat":[1357],"product_tag":[6635,7762,7760,7761,7763,7517,7764,7765,7759,6633,5166],"class_list":["product","first","instock","shipping-taxable","purchasable","product-type-simple"],"acf":[],"_links":{"self":[{"href":"https:\/\/mouldking.store\/nb\/wp-json\/wp\/v2\/product\/35612","targetHints":{"allow":["GET"]}}],"collection":[{"href":"https:\/\/mouldking.store\/nb\/wp-json\/wp\/v2\/product"}],"about":[{"href":"https:\/\/mouldking.store\/nb\/wp-json\/wp\/v2\/types\/product"}],"replies":[{"embeddable":true,"href":"https:\/\/mouldking.store\/nb\/wp-json\/wp\/v2\/comments?post=35612"}],"wp:featuredmedia":[{"embeddable":true,"href":"https:\/\/mouldking.store\/nb\/wp-json\/wp\/v2\/media\/35614"}],"wp:attachment":[{"href":"https:\/\/mouldking.store\/nb\/wp-json\/wp\/v2\/media?parent=35612"}],"wp:term":[{"taxonomy":"product_cat","embeddable":true,"href":"https:\/\/mouldking.store\/nb\/wp-json\/wp\/v2\/product_cat?post=35612"},{"taxonomy":"product_tag","embeddable":true,"href":"https:\/\/mouldking.store\/nb\/wp-json\/wp\/v2\/product_tag?post=35612"}],"curies":[{"name":"wp","href":"https:\/\/api.w.org\/{rel}","templated":true}]}}