{"id":35629,"date":"2022-11-21T17:05:34","date_gmt":"2022-11-21T10:05:34","guid":{"rendered":"https:\/\/mouldking.store\/?post_type=product&#038;p=35629"},"modified":"2022-11-21T17:05:35","modified_gmt":"2022-11-21T10:05:35","slug":"mji-13004-phantom-wyevrn-with-1174-pieces","status":"publish","type":"product","link":"https:\/\/mouldking.store\/nb\/shop\/mji-13004-phantom-wyevrn-with-1174-pieces\/","title":{"rendered":"MJI 13004 Phantom Wyevrn med 1174 stykker"},"content":{"rendered":"<p>Produktinformasjon:<\/p>\n<ol>\n<li>Brand: MJI<\/li>\n<li>Kj\u00f8nn: Unisex<\/li>\n<li>Name: Phantom Wyevrn<\/li>\n<li>Aldersgruppe: &gt; 6 \u00e5r gammel<\/li>\n<li>Model Number: 13004<\/li>\n<li>Klassifisering: Montering<\/li>\n<li>Plastblokkform: Selvl\u00e5sende murstein<\/li>\n<li>Materiale: Plast<\/li>\n<li>Plasttype: ABS<\/li>\n<li>Bricks Blocks:1174 \u00a0PCS<\/li>\n<li>Size: 55 x 65 x36 cm<\/li>\n<li>Inneholder detaljerte monteringsanvisninger.<\/li>\n<\/ol>\n<p>Legge merke til:<br \/>\n1. Uten original eske, men vi garanterer at v\u00e5re produkter har kvalitetssikring og pen emballasje.<br \/>\n2. Som alle delene vi har sjekket f\u00f8r frakt, s\u00e5 hvis du finner noen deler savnet eller skadet, ikke bekymre deg og bare kontakt oss, s\u00e5 kan vi sende dem til deg p\u00e5 nytt umiddelbart gratis.<\/p>\n<figure id=\"attachment_35630\" aria-describedby=\"caption-attachment-35630\" style=\"width: 800px\" class=\"wp-caption aligncenter\"><img fetchpriority=\"high\" decoding=\"async\" class=\"wp-image-35630 size-full\" src=\"https:\/\/mouldking.store\/wp-content\/uploads\/2022\/11\/Phantom-Wyevrn-MJI-13004-6.jpg\" alt=\"MJI 13004 Phantom Wyevrn With 1174 Pieces\" width=\"800\" height=\"800\" title=\"-\" srcset=\"https:\/\/mouldking.store\/wp-content\/uploads\/2022\/11\/Phantom-Wyevrn-MJI-13004-6.jpg 800w, https:\/\/mouldking.store\/wp-content\/uploads\/2022\/11\/Phantom-Wyevrn-MJI-13004-6-300x300.jpg 300w, https:\/\/mouldking.store\/wp-content\/uploads\/2022\/11\/Phantom-Wyevrn-MJI-13004-6-768x768.jpg 768w, https:\/\/mouldking.store\/wp-content\/uploads\/2022\/11\/Phantom-Wyevrn-MJI-13004-6-600x600.jpg 600w, https:\/\/mouldking.store\/wp-content\/uploads\/2022\/11\/Phantom-Wyevrn-MJI-13004-6-150x150.jpg 150w, https:\/\/mouldking.store\/wp-content\/uploads\/2022\/11\/Phantom-Wyevrn-MJI-13004-6-60x60.jpg 60w, https:\/\/mouldking.store\/wp-content\/uploads\/2022\/11\/Phantom-Wyevrn-MJI-13004-6-90x90.jpg 90w\" sizes=\"(max-width: 800px) 100vw, 800px\" \/><figcaption id=\"caption-attachment-35630\" class=\"wp-caption-text\">MJI 13004 Phantom Wyevrn med 1174 stykker<\/figcaption><\/figure>\n<figure id=\"attachment_35631\" aria-describedby=\"caption-attachment-35631\" style=\"width: 800px\" class=\"wp-caption aligncenter\"><img decoding=\"async\" class=\"wp-image-35631 size-full\" src=\"https:\/\/mouldking.store\/wp-content\/uploads\/2022\/11\/Phantom-Wyevrn-MJI-13004-5.jpg\" alt=\"MJI 13004 Phantom Wyevrn With 1174 Pieces\" width=\"800\" height=\"800\" title=\"-\" srcset=\"https:\/\/mouldking.store\/wp-content\/uploads\/2022\/11\/Phantom-Wyevrn-MJI-13004-5.jpg 800w, https:\/\/mouldking.store\/wp-content\/uploads\/2022\/11\/Phantom-Wyevrn-MJI-13004-5-300x300.jpg 300w, https:\/\/mouldking.store\/wp-content\/uploads\/2022\/11\/Phantom-Wyevrn-MJI-13004-5-768x768.jpg 768w, https:\/\/mouldking.store\/wp-content\/uploads\/2022\/11\/Phantom-Wyevrn-MJI-13004-5-600x600.jpg 600w, https:\/\/mouldking.store\/wp-content\/uploads\/2022\/11\/Phantom-Wyevrn-MJI-13004-5-150x150.jpg 150w, https:\/\/mouldking.store\/wp-content\/uploads\/2022\/11\/Phantom-Wyevrn-MJI-13004-5-60x60.jpg 60w, https:\/\/mouldking.store\/wp-content\/uploads\/2022\/11\/Phantom-Wyevrn-MJI-13004-5-90x90.jpg 90w\" sizes=\"(max-width: 800px) 100vw, 800px\" \/><figcaption id=\"caption-attachment-35631\" class=\"wp-caption-text\">MJI 13004 Phantom Wyevrn med 1174 stykker<\/figcaption><\/figure>\n<figure id=\"attachment_35632\" aria-describedby=\"caption-attachment-35632\" style=\"width: 800px\" class=\"wp-caption aligncenter\"><img decoding=\"async\" class=\"wp-image-35632 size-full\" src=\"https:\/\/mouldking.store\/wp-content\/uploads\/2022\/11\/Phantom-Wyevrn-MJI-13004-4.jpg\" alt=\"MJI 13004 Phantom Wyevrn With 1174 Pieces\" width=\"800\" height=\"800\" title=\"-\" srcset=\"https:\/\/mouldking.store\/wp-content\/uploads\/2022\/11\/Phantom-Wyevrn-MJI-13004-4.jpg 800w, https:\/\/mouldking.store\/wp-content\/uploads\/2022\/11\/Phantom-Wyevrn-MJI-13004-4-300x300.jpg 300w, https:\/\/mouldking.store\/wp-content\/uploads\/2022\/11\/Phantom-Wyevrn-MJI-13004-4-768x768.jpg 768w, https:\/\/mouldking.store\/wp-content\/uploads\/2022\/11\/Phantom-Wyevrn-MJI-13004-4-600x600.jpg 600w, https:\/\/mouldking.store\/wp-content\/uploads\/2022\/11\/Phantom-Wyevrn-MJI-13004-4-150x150.jpg 150w, https:\/\/mouldking.store\/wp-content\/uploads\/2022\/11\/Phantom-Wyevrn-MJI-13004-4-60x60.jpg 60w, https:\/\/mouldking.store\/wp-content\/uploads\/2022\/11\/Phantom-Wyevrn-MJI-13004-4-90x90.jpg 90w\" sizes=\"(max-width: 800px) 100vw, 800px\" \/><figcaption id=\"caption-attachment-35632\" class=\"wp-caption-text\">MJI 13004 Phantom Wyevrn med 1174 stykker<\/figcaption><\/figure>\n<figure id=\"attachment_35633\" aria-describedby=\"caption-attachment-35633\" style=\"width: 800px\" class=\"wp-caption aligncenter\"><img loading=\"lazy\" decoding=\"async\" class=\"wp-image-35633 size-full\" src=\"https:\/\/mouldking.store\/wp-content\/uploads\/2022\/11\/Phantom-Wyevrn-MJI-13004-3.jpg\" alt=\"MJI 13004 Phantom Wyevrn With 1174 Pieces\" width=\"800\" height=\"800\" title=\"-\" srcset=\"https:\/\/mouldking.store\/wp-content\/uploads\/2022\/11\/Phantom-Wyevrn-MJI-13004-3.jpg 800w, https:\/\/mouldking.store\/wp-content\/uploads\/2022\/11\/Phantom-Wyevrn-MJI-13004-3-300x300.jpg 300w, https:\/\/mouldking.store\/wp-content\/uploads\/2022\/11\/Phantom-Wyevrn-MJI-13004-3-768x768.jpg 768w, https:\/\/mouldking.store\/wp-content\/uploads\/2022\/11\/Phantom-Wyevrn-MJI-13004-3-600x600.jpg 600w, https:\/\/mouldking.store\/wp-content\/uploads\/2022\/11\/Phantom-Wyevrn-MJI-13004-3-150x150.jpg 150w, https:\/\/mouldking.store\/wp-content\/uploads\/2022\/11\/Phantom-Wyevrn-MJI-13004-3-60x60.jpg 60w, https:\/\/mouldking.store\/wp-content\/uploads\/2022\/11\/Phantom-Wyevrn-MJI-13004-3-90x90.jpg 90w\" sizes=\"(max-width: 800px) 100vw, 800px\" \/><figcaption id=\"caption-attachment-35633\" class=\"wp-caption-text\">MJI 13004 Phantom Wyevrn med 1174 stykker<\/figcaption><\/figure>\n<figure id=\"attachment_35634\" aria-describedby=\"caption-attachment-35634\" style=\"width: 800px\" class=\"wp-caption aligncenter\"><img loading=\"lazy\" decoding=\"async\" class=\"wp-image-35634 size-full\" src=\"https:\/\/mouldking.store\/wp-content\/uploads\/2022\/11\/Phantom-Wyevrn-MJI-13004-2.jpg\" alt=\"MJI 13004 Phantom Wyevrn With 1174 Pieces\" width=\"800\" height=\"800\" title=\"-\" srcset=\"https:\/\/mouldking.store\/wp-content\/uploads\/2022\/11\/Phantom-Wyevrn-MJI-13004-2.jpg 800w, https:\/\/mouldking.store\/wp-content\/uploads\/2022\/11\/Phantom-Wyevrn-MJI-13004-2-300x300.jpg 300w, https:\/\/mouldking.store\/wp-content\/uploads\/2022\/11\/Phantom-Wyevrn-MJI-13004-2-768x768.jpg 768w, https:\/\/mouldking.store\/wp-content\/uploads\/2022\/11\/Phantom-Wyevrn-MJI-13004-2-600x600.jpg 600w, https:\/\/mouldking.store\/wp-content\/uploads\/2022\/11\/Phantom-Wyevrn-MJI-13004-2-150x150.jpg 150w, https:\/\/mouldking.store\/wp-content\/uploads\/2022\/11\/Phantom-Wyevrn-MJI-13004-2-60x60.jpg 60w, https:\/\/mouldking.store\/wp-content\/uploads\/2022\/11\/Phantom-Wyevrn-MJI-13004-2-90x90.jpg 90w\" sizes=\"(max-width: 800px) 100vw, 800px\" \/><figcaption id=\"caption-attachment-35634\" class=\"wp-caption-text\">MJI 13004 Phantom Wyevrn med 1174 stykker<\/figcaption><\/figure>\n<figure id=\"attachment_35635\" aria-describedby=\"caption-attachment-35635\" style=\"width: 800px\" class=\"wp-caption aligncenter\"><img loading=\"lazy\" decoding=\"async\" class=\"wp-image-35635 size-full\" src=\"https:\/\/mouldking.store\/wp-content\/uploads\/2022\/11\/Phantom-Wyevrn-MJI-13004-1.jpg\" alt=\"MJI 13004 Phantom Wyevrn With 1174 Pieces\" width=\"800\" height=\"800\" title=\"-\" srcset=\"https:\/\/mouldking.store\/wp-content\/uploads\/2022\/11\/Phantom-Wyevrn-MJI-13004-1.jpg 800w, https:\/\/mouldking.store\/wp-content\/uploads\/2022\/11\/Phantom-Wyevrn-MJI-13004-1-300x300.jpg 300w, https:\/\/mouldking.store\/wp-content\/uploads\/2022\/11\/Phantom-Wyevrn-MJI-13004-1-768x768.jpg 768w, https:\/\/mouldking.store\/wp-content\/uploads\/2022\/11\/Phantom-Wyevrn-MJI-13004-1-600x600.jpg 600w, https:\/\/mouldking.store\/wp-content\/uploads\/2022\/11\/Phantom-Wyevrn-MJI-13004-1-150x150.jpg 150w, https:\/\/mouldking.store\/wp-content\/uploads\/2022\/11\/Phantom-Wyevrn-MJI-13004-1-60x60.jpg 60w, https:\/\/mouldking.store\/wp-content\/uploads\/2022\/11\/Phantom-Wyevrn-MJI-13004-1-90x90.jpg 90w\" sizes=\"(max-width: 800px) 100vw, 800px\" \/><figcaption id=\"caption-attachment-35635\" class=\"wp-caption-text\">MJI 13004 Phantom Wyevrn med 1174 stykker<\/figcaption><\/figure>","protected":false},"excerpt":{"rendered":"<p>Ingen minifigurer<\/p>","protected":false},"featured_media":35630,"comment_status":"closed","ping_status":"closed","template":"","meta":{"_acf_changed":false},"product_cat":[1408],"product_tag":[7778,7777,7782,7783,7776,7779,7781,7780],"class_list":["product","first","instock","shipping-taxable","purchasable","product-type-simple"],"acf":[],"_links":{"self":[{"href":"https:\/\/mouldking.store\/nb\/wp-json\/wp\/v2\/product\/35629","targetHints":{"allow":["GET"]}}],"collection":[{"href":"https:\/\/mouldking.store\/nb\/wp-json\/wp\/v2\/product"}],"about":[{"href":"https:\/\/mouldking.store\/nb\/wp-json\/wp\/v2\/types\/product"}],"replies":[{"embeddable":true,"href":"https:\/\/mouldking.store\/nb\/wp-json\/wp\/v2\/comments?post=35629"}],"wp:featuredmedia":[{"embeddable":true,"href":"https:\/\/mouldking.store\/nb\/wp-json\/wp\/v2\/media\/35630"}],"wp:attachment":[{"href":"https:\/\/mouldking.store\/nb\/wp-json\/wp\/v2\/media?parent=35629"}],"wp:term":[{"taxonomy":"product_cat","embeddable":true,"href":"https:\/\/mouldking.store\/nb\/wp-json\/wp\/v2\/product_cat?post=35629"},{"taxonomy":"product_tag","embeddable":true,"href":"https:\/\/mouldking.store\/nb\/wp-json\/wp\/v2\/product_tag?post=35629"}],"curies":[{"name":"wp","href":"https:\/\/api.w.org\/{rel}","templated":true}]}}