{"id":35673,"date":"2022-11-22T10:02:16","date_gmt":"2022-11-22T03:02:16","guid":{"rendered":"https:\/\/mouldking.store\/?post_type=product&#038;p=35673"},"modified":"2023-06-21T14:56:48","modified_gmt":"2023-06-21T07:56:48","slug":"zhegao-dz6017-double-coffee-machine-with-928-pieces","status":"publish","type":"product","link":"https:\/\/mouldking.store\/nb\/shop\/zhegao-dz6017-double-coffee-machine-with-928-pieces\/","title":{"rendered":"ZHEGAO DZ6017 Dobbel kaffemaskin med 928 stk"},"content":{"rendered":"<p>Produktinformasjon:<\/p>\n<ol>\n<li>Merke: ZHEGAO<\/li>\n<li>Kj\u00f8nn: Unisex<\/li>\n<li>Name: Double Coffee Machine<\/li>\n<li>Aldersgruppe: &gt; 6 \u00e5r gammel<\/li>\n<li>Model Number: DZ6017<\/li>\n<li>Klassifisering: Montering<\/li>\n<li>Plastblokkform: Selvl\u00e5sende murstein<\/li>\n<li>Materiale: Plast<\/li>\n<li>Plasttype: ABS<\/li>\n<li>Bricks Blocks:928 PCS<\/li>\n<li>Size: 35 \u00d7 6 \u00d7 22 cm<\/li>\n<li>Inneholder detaljerte monteringsanvisninger.<\/li>\n<\/ol>\n<p>Legge merke til:<br \/>\n1. Uten original eske, men vi garanterer at v\u00e5re produkter har kvalitetssikring og pen emballasje.<br \/>\n2. Som alle delene vi har sjekket f\u00f8r frakt, s\u00e5 hvis du finner noen deler savnet eller skadet, ikke bekymre deg og bare kontakt oss, s\u00e5 kan vi sende dem til deg p\u00e5 nytt umiddelbart gratis.<\/p>\n<figure id=\"attachment_35674\" aria-describedby=\"caption-attachment-35674\" style=\"width: 800px\" class=\"wp-caption aligncenter\"><img fetchpriority=\"high\" decoding=\"async\" class=\"wp-image-35674 size-full\" src=\"https:\/\/mouldking.store\/wp-content\/uploads\/2022\/11\/Double-Coffee-Machine-ZHEGAO-DZ6017-4.jpg\" alt=\"ZHEGAO DZ6017 Double Coffee Machine With 928 Pieces\" width=\"800\" height=\"800\" title=\"-\" srcset=\"https:\/\/mouldking.store\/wp-content\/uploads\/2022\/11\/Double-Coffee-Machine-ZHEGAO-DZ6017-4.jpg 800w, https:\/\/mouldking.store\/wp-content\/uploads\/2022\/11\/Double-Coffee-Machine-ZHEGAO-DZ6017-4-300x300.jpg 300w, https:\/\/mouldking.store\/wp-content\/uploads\/2022\/11\/Double-Coffee-Machine-ZHEGAO-DZ6017-4-768x768.jpg 768w, https:\/\/mouldking.store\/wp-content\/uploads\/2022\/11\/Double-Coffee-Machine-ZHEGAO-DZ6017-4-600x600.jpg 600w, https:\/\/mouldking.store\/wp-content\/uploads\/2022\/11\/Double-Coffee-Machine-ZHEGAO-DZ6017-4-150x150.jpg 150w, https:\/\/mouldking.store\/wp-content\/uploads\/2022\/11\/Double-Coffee-Machine-ZHEGAO-DZ6017-4-60x60.jpg 60w, https:\/\/mouldking.store\/wp-content\/uploads\/2022\/11\/Double-Coffee-Machine-ZHEGAO-DZ6017-4-90x90.jpg 90w\" sizes=\"(max-width: 800px) 100vw, 800px\" \/><figcaption id=\"caption-attachment-35674\" class=\"wp-caption-text\">ZHEGAO DZ6017 Dobbel kaffemaskin med 928 stk<\/figcaption><\/figure>\n<figure id=\"attachment_35675\" aria-describedby=\"caption-attachment-35675\" style=\"width: 800px\" class=\"wp-caption aligncenter\"><img decoding=\"async\" class=\"wp-image-35675 size-full\" src=\"https:\/\/mouldking.store\/wp-content\/uploads\/2022\/11\/Double-Coffee-Machine-ZHEGAO-DZ6017-3.jpg\" alt=\"ZHEGAO DZ6017 Double Coffee Machine With 928 Pieces\" width=\"800\" height=\"800\" title=\"-\" srcset=\"https:\/\/mouldking.store\/wp-content\/uploads\/2022\/11\/Double-Coffee-Machine-ZHEGAO-DZ6017-3.jpg 800w, https:\/\/mouldking.store\/wp-content\/uploads\/2022\/11\/Double-Coffee-Machine-ZHEGAO-DZ6017-3-300x300.jpg 300w, https:\/\/mouldking.store\/wp-content\/uploads\/2022\/11\/Double-Coffee-Machine-ZHEGAO-DZ6017-3-768x768.jpg 768w, https:\/\/mouldking.store\/wp-content\/uploads\/2022\/11\/Double-Coffee-Machine-ZHEGAO-DZ6017-3-600x600.jpg 600w, https:\/\/mouldking.store\/wp-content\/uploads\/2022\/11\/Double-Coffee-Machine-ZHEGAO-DZ6017-3-150x150.jpg 150w, https:\/\/mouldking.store\/wp-content\/uploads\/2022\/11\/Double-Coffee-Machine-ZHEGAO-DZ6017-3-60x60.jpg 60w, https:\/\/mouldking.store\/wp-content\/uploads\/2022\/11\/Double-Coffee-Machine-ZHEGAO-DZ6017-3-90x90.jpg 90w\" sizes=\"(max-width: 800px) 100vw, 800px\" \/><figcaption id=\"caption-attachment-35675\" class=\"wp-caption-text\">ZHEGAO DZ6017 Dobbel kaffemaskin med 928 stk<\/figcaption><\/figure>\n<figure id=\"attachment_35676\" aria-describedby=\"caption-attachment-35676\" style=\"width: 800px\" class=\"wp-caption aligncenter\"><img decoding=\"async\" class=\"wp-image-35676 size-full\" src=\"https:\/\/mouldking.store\/wp-content\/uploads\/2022\/11\/Double-Coffee-Machine-ZHEGAO-DZ6017-2.jpg\" alt=\"ZHEGAO DZ6017 Double Coffee Machine With 928 Pieces\" width=\"800\" height=\"800\" title=\"-\" srcset=\"https:\/\/mouldking.store\/wp-content\/uploads\/2022\/11\/Double-Coffee-Machine-ZHEGAO-DZ6017-2.jpg 800w, https:\/\/mouldking.store\/wp-content\/uploads\/2022\/11\/Double-Coffee-Machine-ZHEGAO-DZ6017-2-300x300.jpg 300w, https:\/\/mouldking.store\/wp-content\/uploads\/2022\/11\/Double-Coffee-Machine-ZHEGAO-DZ6017-2-768x768.jpg 768w, https:\/\/mouldking.store\/wp-content\/uploads\/2022\/11\/Double-Coffee-Machine-ZHEGAO-DZ6017-2-600x600.jpg 600w, https:\/\/mouldking.store\/wp-content\/uploads\/2022\/11\/Double-Coffee-Machine-ZHEGAO-DZ6017-2-150x150.jpg 150w, https:\/\/mouldking.store\/wp-content\/uploads\/2022\/11\/Double-Coffee-Machine-ZHEGAO-DZ6017-2-60x60.jpg 60w, https:\/\/mouldking.store\/wp-content\/uploads\/2022\/11\/Double-Coffee-Machine-ZHEGAO-DZ6017-2-90x90.jpg 90w\" sizes=\"(max-width: 800px) 100vw, 800px\" \/><figcaption id=\"caption-attachment-35676\" class=\"wp-caption-text\">ZHEGAO DZ6017 Dobbel kaffemaskin med 928 stk<\/figcaption><\/figure>\n<figure id=\"attachment_35677\" aria-describedby=\"caption-attachment-35677\" style=\"width: 800px\" class=\"wp-caption aligncenter\"><img loading=\"lazy\" decoding=\"async\" class=\"wp-image-35677 size-full\" src=\"https:\/\/mouldking.store\/wp-content\/uploads\/2022\/11\/Double-Coffee-Machine-ZHEGAO-DZ6017-1.jpg\" alt=\"ZHEGAO DZ6017 Double Coffee Machine With 928 Pieces\" width=\"800\" height=\"800\" title=\"-\" srcset=\"https:\/\/mouldking.store\/wp-content\/uploads\/2022\/11\/Double-Coffee-Machine-ZHEGAO-DZ6017-1.jpg 800w, https:\/\/mouldking.store\/wp-content\/uploads\/2022\/11\/Double-Coffee-Machine-ZHEGAO-DZ6017-1-300x300.jpg 300w, https:\/\/mouldking.store\/wp-content\/uploads\/2022\/11\/Double-Coffee-Machine-ZHEGAO-DZ6017-1-768x768.jpg 768w, https:\/\/mouldking.store\/wp-content\/uploads\/2022\/11\/Double-Coffee-Machine-ZHEGAO-DZ6017-1-600x600.jpg 600w, https:\/\/mouldking.store\/wp-content\/uploads\/2022\/11\/Double-Coffee-Machine-ZHEGAO-DZ6017-1-150x150.jpg 150w, https:\/\/mouldking.store\/wp-content\/uploads\/2022\/11\/Double-Coffee-Machine-ZHEGAO-DZ6017-1-60x60.jpg 60w, https:\/\/mouldking.store\/wp-content\/uploads\/2022\/11\/Double-Coffee-Machine-ZHEGAO-DZ6017-1-90x90.jpg 90w\" sizes=\"(max-width: 800px) 100vw, 800px\" \/><figcaption id=\"caption-attachment-35677\" class=\"wp-caption-text\">ZHEGAO DZ6017 Dobbel kaffemaskin med 928 stk<\/figcaption><\/figure>","protected":false},"excerpt":{"rendered":"<p>Product information: Brand: ZHEGAO Gender: Unisex Name: Double Coffee Machine Age Range: &gt; 6 years old Model Number: DZ6017 Classification: Assemblage Plastic Block Shape: Self-Locking Bricks Material: Plastic Plastic Type: ABS Bricks Blocks:928 PCS Size: 35 \u00d7 6 \u00d7 22 cm Contains detailed assembly instructions. Notice: 1. Without an original box, but we guarantee our [&hellip;]<\/p>","protected":false},"featured_media":35674,"comment_status":"closed","ping_status":"closed","template":"","meta":{"_acf_changed":false},"product_cat":[1365],"product_tag":[5228,7821,7820,7822,7819,7793,1698,7823,7818],"class_list":["product","first","instock","shipping-taxable","purchasable","product-type-simple"],"acf":[],"_links":{"self":[{"href":"https:\/\/mouldking.store\/nb\/wp-json\/wp\/v2\/product\/35673","targetHints":{"allow":["GET"]}}],"collection":[{"href":"https:\/\/mouldking.store\/nb\/wp-json\/wp\/v2\/product"}],"about":[{"href":"https:\/\/mouldking.store\/nb\/wp-json\/wp\/v2\/types\/product"}],"replies":[{"embeddable":true,"href":"https:\/\/mouldking.store\/nb\/wp-json\/wp\/v2\/comments?post=35673"}],"wp:featuredmedia":[{"embeddable":true,"href":"https:\/\/mouldking.store\/nb\/wp-json\/wp\/v2\/media\/35674"}],"wp:attachment":[{"href":"https:\/\/mouldking.store\/nb\/wp-json\/wp\/v2\/media?parent=35673"}],"wp:term":[{"taxonomy":"product_cat","embeddable":true,"href":"https:\/\/mouldking.store\/nb\/wp-json\/wp\/v2\/product_cat?post=35673"},{"taxonomy":"product_tag","embeddable":true,"href":"https:\/\/mouldking.store\/nb\/wp-json\/wp\/v2\/product_tag?post=35673"}],"curies":[{"name":"wp","href":"https:\/\/api.w.org\/{rel}","templated":true}]}}