{"id":35685,"date":"2022-11-22T10:14:21","date_gmt":"2022-11-22T03:14:21","guid":{"rendered":"https:\/\/mouldking.store\/?post_type=product&#038;p=35685"},"modified":"2022-11-22T10:14:22","modified_gmt":"2022-11-22T03:14:22","slug":"jiestar-92032-wolfs-gravestone-knife-with-823-pieces","status":"publish","type":"product","link":"https:\/\/mouldking.store\/nb\/shop\/jiestar-92032-wolfs-gravestone-knife-with-823-pieces\/","title":{"rendered":"JIESTAR 92032 Ulvens gravstenskniv med 823 deler"},"content":{"rendered":"<p>Produktinformasjon:<\/p>\n<ol>\n<li>Merke: JIESTAR<\/li>\n<li>Kj\u00f8nn: Unisex<\/li>\n<li>Name: Wolf\u2019s Gravestone Knife<\/li>\n<li>Aldersgruppe: &gt; 6 \u00e5r gammel<\/li>\n<li>Model Number: 13167<\/li>\n<li>Klassifisering: Montering<\/li>\n<li>Plastblokkform: Selvl\u00e5sende murstein<\/li>\n<li>Materiale: Plast<\/li>\n<li>Plasttype: ABS<\/li>\n<li>Bricks Blocks:92032 PCS<\/li>\n<li>Size: 105 \u00d7 8 \u00d7 20 cm<\/li>\n<li>Inneholder detaljerte monteringsanvisninger.<\/li>\n<\/ol>\n<p>Legge merke til:<br \/>\n1. Uten original eske, men vi garanterer at v\u00e5re produkter har kvalitetssikring og pen emballasje.<br \/>\n2. Som alle delene vi har sjekket f\u00f8r frakt, s\u00e5 hvis du finner noen deler savnet eller skadet, ikke bekymre deg og bare kontakt oss, s\u00e5 kan vi sende dem til deg p\u00e5 nytt umiddelbart gratis.<\/p>\n<figure id=\"attachment_35686\" aria-describedby=\"caption-attachment-35686\" style=\"width: 800px\" class=\"wp-caption aligncenter\"><img fetchpriority=\"high\" decoding=\"async\" class=\"wp-image-35686 size-full\" src=\"https:\/\/mouldking.store\/wp-content\/uploads\/2022\/11\/Wolfs-Gravestone-Knife-JIESTAR-92032-5.jpg\" alt=\"JIESTAR 92032 Wolf\u2019s Gravestone Knife With 823 Pieces\" width=\"800\" height=\"800\" title=\"-\" srcset=\"https:\/\/mouldking.store\/wp-content\/uploads\/2022\/11\/Wolfs-Gravestone-Knife-JIESTAR-92032-5.jpg 800w, https:\/\/mouldking.store\/wp-content\/uploads\/2022\/11\/Wolfs-Gravestone-Knife-JIESTAR-92032-5-300x300.jpg 300w, https:\/\/mouldking.store\/wp-content\/uploads\/2022\/11\/Wolfs-Gravestone-Knife-JIESTAR-92032-5-768x768.jpg 768w, https:\/\/mouldking.store\/wp-content\/uploads\/2022\/11\/Wolfs-Gravestone-Knife-JIESTAR-92032-5-600x600.jpg 600w, https:\/\/mouldking.store\/wp-content\/uploads\/2022\/11\/Wolfs-Gravestone-Knife-JIESTAR-92032-5-150x150.jpg 150w, https:\/\/mouldking.store\/wp-content\/uploads\/2022\/11\/Wolfs-Gravestone-Knife-JIESTAR-92032-5-60x60.jpg 60w, https:\/\/mouldking.store\/wp-content\/uploads\/2022\/11\/Wolfs-Gravestone-Knife-JIESTAR-92032-5-90x90.jpg 90w\" sizes=\"(max-width: 800px) 100vw, 800px\" \/><figcaption id=\"caption-attachment-35686\" class=\"wp-caption-text\">JIESTAR 92032 Ulvens gravstenskniv med 823 deler<\/figcaption><\/figure>\n<figure id=\"attachment_35687\" aria-describedby=\"caption-attachment-35687\" style=\"width: 800px\" class=\"wp-caption aligncenter\"><img decoding=\"async\" class=\"wp-image-35687 size-full\" src=\"https:\/\/mouldking.store\/wp-content\/uploads\/2022\/11\/Wolfs-Gravestone-Knife-JIESTAR-92032-4.jpg\" alt=\"JIESTAR 92032 Wolf\u2019s Gravestone Knife With 823 Pieces\" width=\"800\" height=\"800\" title=\"-\" srcset=\"https:\/\/mouldking.store\/wp-content\/uploads\/2022\/11\/Wolfs-Gravestone-Knife-JIESTAR-92032-4.jpg 800w, https:\/\/mouldking.store\/wp-content\/uploads\/2022\/11\/Wolfs-Gravestone-Knife-JIESTAR-92032-4-300x300.jpg 300w, https:\/\/mouldking.store\/wp-content\/uploads\/2022\/11\/Wolfs-Gravestone-Knife-JIESTAR-92032-4-768x768.jpg 768w, https:\/\/mouldking.store\/wp-content\/uploads\/2022\/11\/Wolfs-Gravestone-Knife-JIESTAR-92032-4-600x600.jpg 600w, https:\/\/mouldking.store\/wp-content\/uploads\/2022\/11\/Wolfs-Gravestone-Knife-JIESTAR-92032-4-150x150.jpg 150w, https:\/\/mouldking.store\/wp-content\/uploads\/2022\/11\/Wolfs-Gravestone-Knife-JIESTAR-92032-4-60x60.jpg 60w, https:\/\/mouldking.store\/wp-content\/uploads\/2022\/11\/Wolfs-Gravestone-Knife-JIESTAR-92032-4-90x90.jpg 90w\" sizes=\"(max-width: 800px) 100vw, 800px\" \/><figcaption id=\"caption-attachment-35687\" class=\"wp-caption-text\">JIESTAR 92032 Ulvens gravstenskniv med 823 deler<\/figcaption><\/figure>\n<figure id=\"attachment_35688\" aria-describedby=\"caption-attachment-35688\" style=\"width: 800px\" class=\"wp-caption aligncenter\"><img decoding=\"async\" class=\"wp-image-35688 size-full\" src=\"https:\/\/mouldking.store\/wp-content\/uploads\/2022\/11\/Wolfs-Gravestone-Knife-JIESTAR-92032-3.jpg\" alt=\"JIESTAR 92032 Wolf\u2019s Gravestone Knife With 823 Pieces\" width=\"800\" height=\"800\" title=\"-\" srcset=\"https:\/\/mouldking.store\/wp-content\/uploads\/2022\/11\/Wolfs-Gravestone-Knife-JIESTAR-92032-3.jpg 800w, https:\/\/mouldking.store\/wp-content\/uploads\/2022\/11\/Wolfs-Gravestone-Knife-JIESTAR-92032-3-300x300.jpg 300w, https:\/\/mouldking.store\/wp-content\/uploads\/2022\/11\/Wolfs-Gravestone-Knife-JIESTAR-92032-3-768x768.jpg 768w, https:\/\/mouldking.store\/wp-content\/uploads\/2022\/11\/Wolfs-Gravestone-Knife-JIESTAR-92032-3-600x600.jpg 600w, https:\/\/mouldking.store\/wp-content\/uploads\/2022\/11\/Wolfs-Gravestone-Knife-JIESTAR-92032-3-150x150.jpg 150w, https:\/\/mouldking.store\/wp-content\/uploads\/2022\/11\/Wolfs-Gravestone-Knife-JIESTAR-92032-3-60x60.jpg 60w, https:\/\/mouldking.store\/wp-content\/uploads\/2022\/11\/Wolfs-Gravestone-Knife-JIESTAR-92032-3-90x90.jpg 90w\" sizes=\"(max-width: 800px) 100vw, 800px\" \/><figcaption id=\"caption-attachment-35688\" class=\"wp-caption-text\">JIESTAR 92032 Ulvens gravstenskniv med 823 deler<\/figcaption><\/figure>\n<figure id=\"attachment_35689\" aria-describedby=\"caption-attachment-35689\" style=\"width: 800px\" class=\"wp-caption aligncenter\"><img loading=\"lazy\" decoding=\"async\" class=\"wp-image-35689 size-full\" src=\"https:\/\/mouldking.store\/wp-content\/uploads\/2022\/11\/Wolfs-Gravestone-Knife-JIESTAR-92032-2.jpg\" alt=\"JIESTAR 92032 Wolf\u2019s Gravestone Knife With 823 Pieces\" width=\"800\" height=\"800\" title=\"-\" srcset=\"https:\/\/mouldking.store\/wp-content\/uploads\/2022\/11\/Wolfs-Gravestone-Knife-JIESTAR-92032-2.jpg 800w, https:\/\/mouldking.store\/wp-content\/uploads\/2022\/11\/Wolfs-Gravestone-Knife-JIESTAR-92032-2-300x300.jpg 300w, https:\/\/mouldking.store\/wp-content\/uploads\/2022\/11\/Wolfs-Gravestone-Knife-JIESTAR-92032-2-768x768.jpg 768w, https:\/\/mouldking.store\/wp-content\/uploads\/2022\/11\/Wolfs-Gravestone-Knife-JIESTAR-92032-2-600x600.jpg 600w, https:\/\/mouldking.store\/wp-content\/uploads\/2022\/11\/Wolfs-Gravestone-Knife-JIESTAR-92032-2-150x150.jpg 150w, https:\/\/mouldking.store\/wp-content\/uploads\/2022\/11\/Wolfs-Gravestone-Knife-JIESTAR-92032-2-60x60.jpg 60w, https:\/\/mouldking.store\/wp-content\/uploads\/2022\/11\/Wolfs-Gravestone-Knife-JIESTAR-92032-2-90x90.jpg 90w\" sizes=\"(max-width: 800px) 100vw, 800px\" \/><figcaption id=\"caption-attachment-35689\" class=\"wp-caption-text\">JIESTAR 92032 Ulvens gravstenskniv med 823 deler<\/figcaption><\/figure>\n<figure id=\"attachment_35690\" aria-describedby=\"caption-attachment-35690\" style=\"width: 800px\" class=\"wp-caption aligncenter\"><img loading=\"lazy\" decoding=\"async\" class=\"wp-image-35690 size-full\" src=\"https:\/\/mouldking.store\/wp-content\/uploads\/2022\/11\/Wolfs-Gravestone-Knife-JIESTAR-92032-1.jpg\" alt=\"JIESTAR 92032 Wolf\u2019s Gravestone Knife With 823 Pieces\" width=\"800\" height=\"800\" title=\"-\" srcset=\"https:\/\/mouldking.store\/wp-content\/uploads\/2022\/11\/Wolfs-Gravestone-Knife-JIESTAR-92032-1.jpg 800w, https:\/\/mouldking.store\/wp-content\/uploads\/2022\/11\/Wolfs-Gravestone-Knife-JIESTAR-92032-1-300x300.jpg 300w, https:\/\/mouldking.store\/wp-content\/uploads\/2022\/11\/Wolfs-Gravestone-Knife-JIESTAR-92032-1-768x768.jpg 768w, https:\/\/mouldking.store\/wp-content\/uploads\/2022\/11\/Wolfs-Gravestone-Knife-JIESTAR-92032-1-600x600.jpg 600w, https:\/\/mouldking.store\/wp-content\/uploads\/2022\/11\/Wolfs-Gravestone-Knife-JIESTAR-92032-1-150x150.jpg 150w, https:\/\/mouldking.store\/wp-content\/uploads\/2022\/11\/Wolfs-Gravestone-Knife-JIESTAR-92032-1-60x60.jpg 60w, https:\/\/mouldking.store\/wp-content\/uploads\/2022\/11\/Wolfs-Gravestone-Knife-JIESTAR-92032-1-90x90.jpg 90w\" sizes=\"(max-width: 800px) 100vw, 800px\" \/><figcaption id=\"caption-attachment-35690\" class=\"wp-caption-text\">JIESTAR 92032 Ulvens gravstenskniv med 823 deler<\/figcaption><\/figure>","protected":false},"excerpt":{"rendered":"<p>Product information: Brand: JIESTAR Gender: Unisex Name: Wolf\u2019s Gravestone Knife Age Range: &gt; 6 years old Model Number: 13167 Classification: Assemblage Plastic Block Shape: Self-Locking Bricks Material: Plastic Plastic Type: ABS Bricks Blocks:92032 PCS Size: 105 \u00d7 8 \u00d7 20 cm Contains detailed assembly instructions. Notice: 1. Without an original box, but we guarantee our [&hellip;]<\/p>","protected":false},"featured_media":35686,"comment_status":"closed","ping_status":"closed","template":"","meta":{"_acf_changed":false},"product_cat":[1408],"product_tag":[7834,7836,3075,7838,7840,7833,7828,7835,7837,7839],"class_list":["product","first","instock","shipping-taxable","purchasable","product-type-simple"],"acf":[],"_links":{"self":[{"href":"https:\/\/mouldking.store\/nb\/wp-json\/wp\/v2\/product\/35685","targetHints":{"allow":["GET"]}}],"collection":[{"href":"https:\/\/mouldking.store\/nb\/wp-json\/wp\/v2\/product"}],"about":[{"href":"https:\/\/mouldking.store\/nb\/wp-json\/wp\/v2\/types\/product"}],"replies":[{"embeddable":true,"href":"https:\/\/mouldking.store\/nb\/wp-json\/wp\/v2\/comments?post=35685"}],"wp:featuredmedia":[{"embeddable":true,"href":"https:\/\/mouldking.store\/nb\/wp-json\/wp\/v2\/media\/35686"}],"wp:attachment":[{"href":"https:\/\/mouldking.store\/nb\/wp-json\/wp\/v2\/media?parent=35685"}],"wp:term":[{"taxonomy":"product_cat","embeddable":true,"href":"https:\/\/mouldking.store\/nb\/wp-json\/wp\/v2\/product_cat?post=35685"},{"taxonomy":"product_tag","embeddable":true,"href":"https:\/\/mouldking.store\/nb\/wp-json\/wp\/v2\/product_tag?post=35685"}],"curies":[{"name":"wp","href":"https:\/\/api.w.org\/{rel}","templated":true}]}}