{"id":35696,"date":"2022-11-22T10:27:41","date_gmt":"2022-11-22T03:27:41","guid":{"rendered":"https:\/\/mouldking.store\/?post_type=product&#038;p=35696"},"modified":"2022-11-22T10:27:41","modified_gmt":"2022-11-22T03:27:41","slug":"panlos-672102-15-bmw-hp4-race-motorcycle-with-1972-pieces","status":"publish","type":"product","link":"https:\/\/mouldking.store\/nb\/shop\/panlos-672102-15-bmw-hp4-race-motorcycle-with-1972-pieces\/","title":{"rendered":"PANLOS 672102 1:5 BMW HP4 Race Motorcycle With 1972 Pieces"},"content":{"rendered":"<p>Produktinformasjon:<\/p>\n<ol>\n<li>Merke: PANLOS<\/li>\n<li>Kj\u00f8nn: Unisex<\/li>\n<li>Name: 1:5 BMW HP4 Race Motorcycle<\/li>\n<li>Aldersgruppe: &gt; 6 \u00e5r gammel<\/li>\n<li>Model Number: 672102<\/li>\n<li>Klassifisering: Montering<\/li>\n<li>Plastblokkform: Selvl\u00e5sende murstein<\/li>\n<li>Materiale: Plast<\/li>\n<li>Plasttype: ABS<\/li>\n<li>Bricks Blocks:1972 PCS<\/li>\n<li>Size: 49 \u00d7 19 \u00d7 32 cm<\/li>\n<li>Inneholder detaljerte monteringsanvisninger.<\/li>\n<\/ol>\n<p>Legge merke til:<br \/>\n1. Uten original eske, men vi garanterer at v\u00e5re produkter har kvalitetssikring og pen emballasje.<br \/>\n2. Som alle delene vi har sjekket f\u00f8r frakt, s\u00e5 hvis du finner noen deler savnet eller skadet, ikke bekymre deg og bare kontakt oss, s\u00e5 kan vi sende dem til deg p\u00e5 nytt umiddelbart gratis.<\/p>\n<figure id=\"attachment_35697\" aria-describedby=\"caption-attachment-35697\" style=\"width: 800px\" class=\"wp-caption aligncenter\"><img fetchpriority=\"high\" decoding=\"async\" class=\"wp-image-35697 size-full\" src=\"https:\/\/mouldking.store\/wp-content\/uploads\/2022\/11\/BMW-HP4-Race-Motorcycle-PANLOS-672102-4.jpg\" alt=\"PANLOS 672102 1:5 BMW HP4 Race Motorcycle With 1972 Pieces\" width=\"800\" height=\"800\" title=\"-\" srcset=\"https:\/\/mouldking.store\/wp-content\/uploads\/2022\/11\/BMW-HP4-Race-Motorcycle-PANLOS-672102-4.jpg 800w, https:\/\/mouldking.store\/wp-content\/uploads\/2022\/11\/BMW-HP4-Race-Motorcycle-PANLOS-672102-4-300x300.jpg 300w, https:\/\/mouldking.store\/wp-content\/uploads\/2022\/11\/BMW-HP4-Race-Motorcycle-PANLOS-672102-4-768x768.jpg 768w, https:\/\/mouldking.store\/wp-content\/uploads\/2022\/11\/BMW-HP4-Race-Motorcycle-PANLOS-672102-4-600x600.jpg 600w, https:\/\/mouldking.store\/wp-content\/uploads\/2022\/11\/BMW-HP4-Race-Motorcycle-PANLOS-672102-4-150x150.jpg 150w, https:\/\/mouldking.store\/wp-content\/uploads\/2022\/11\/BMW-HP4-Race-Motorcycle-PANLOS-672102-4-60x60.jpg 60w, https:\/\/mouldking.store\/wp-content\/uploads\/2022\/11\/BMW-HP4-Race-Motorcycle-PANLOS-672102-4-90x90.jpg 90w\" sizes=\"(max-width: 800px) 100vw, 800px\" \/><figcaption id=\"caption-attachment-35697\" class=\"wp-caption-text\">PANLOS 672102 1:5 BMW HP4 Race Motorcycle With 1972 Pieces<\/figcaption><\/figure>\n<figure id=\"attachment_35698\" aria-describedby=\"caption-attachment-35698\" style=\"width: 800px\" class=\"wp-caption aligncenter\"><img decoding=\"async\" class=\"wp-image-35698 size-full\" src=\"https:\/\/mouldking.store\/wp-content\/uploads\/2022\/11\/BMW-HP4-Race-Motorcycle-PANLOS-672102-3.jpg\" alt=\"PANLOS 672102 1:5 BMW HP4 Race Motorcycle With 1972 Pieces\" width=\"800\" height=\"800\" title=\"-\" srcset=\"https:\/\/mouldking.store\/wp-content\/uploads\/2022\/11\/BMW-HP4-Race-Motorcycle-PANLOS-672102-3.jpg 800w, https:\/\/mouldking.store\/wp-content\/uploads\/2022\/11\/BMW-HP4-Race-Motorcycle-PANLOS-672102-3-300x300.jpg 300w, https:\/\/mouldking.store\/wp-content\/uploads\/2022\/11\/BMW-HP4-Race-Motorcycle-PANLOS-672102-3-768x768.jpg 768w, https:\/\/mouldking.store\/wp-content\/uploads\/2022\/11\/BMW-HP4-Race-Motorcycle-PANLOS-672102-3-600x600.jpg 600w, https:\/\/mouldking.store\/wp-content\/uploads\/2022\/11\/BMW-HP4-Race-Motorcycle-PANLOS-672102-3-150x150.jpg 150w, https:\/\/mouldking.store\/wp-content\/uploads\/2022\/11\/BMW-HP4-Race-Motorcycle-PANLOS-672102-3-60x60.jpg 60w, https:\/\/mouldking.store\/wp-content\/uploads\/2022\/11\/BMW-HP4-Race-Motorcycle-PANLOS-672102-3-90x90.jpg 90w\" sizes=\"(max-width: 800px) 100vw, 800px\" \/><figcaption id=\"caption-attachment-35698\" class=\"wp-caption-text\">PANLOS 672102 1:5 BMW HP4 Race Motorcycle With 1972 Pieces<\/figcaption><\/figure>\n<figure id=\"attachment_35699\" aria-describedby=\"caption-attachment-35699\" style=\"width: 800px\" class=\"wp-caption aligncenter\"><img decoding=\"async\" class=\"wp-image-35699 size-full\" src=\"https:\/\/mouldking.store\/wp-content\/uploads\/2022\/11\/BMW-HP4-Race-Motorcycle-PANLOS-672102-2.jpg\" alt=\"PANLOS 672102 1:5 BMW HP4 Race Motorcycle With 1972 Pieces\" width=\"800\" height=\"800\" title=\"-\" srcset=\"https:\/\/mouldking.store\/wp-content\/uploads\/2022\/11\/BMW-HP4-Race-Motorcycle-PANLOS-672102-2.jpg 800w, https:\/\/mouldking.store\/wp-content\/uploads\/2022\/11\/BMW-HP4-Race-Motorcycle-PANLOS-672102-2-300x300.jpg 300w, https:\/\/mouldking.store\/wp-content\/uploads\/2022\/11\/BMW-HP4-Race-Motorcycle-PANLOS-672102-2-768x768.jpg 768w, https:\/\/mouldking.store\/wp-content\/uploads\/2022\/11\/BMW-HP4-Race-Motorcycle-PANLOS-672102-2-600x600.jpg 600w, https:\/\/mouldking.store\/wp-content\/uploads\/2022\/11\/BMW-HP4-Race-Motorcycle-PANLOS-672102-2-150x150.jpg 150w, https:\/\/mouldking.store\/wp-content\/uploads\/2022\/11\/BMW-HP4-Race-Motorcycle-PANLOS-672102-2-60x60.jpg 60w, https:\/\/mouldking.store\/wp-content\/uploads\/2022\/11\/BMW-HP4-Race-Motorcycle-PANLOS-672102-2-90x90.jpg 90w\" sizes=\"(max-width: 800px) 100vw, 800px\" \/><figcaption id=\"caption-attachment-35699\" class=\"wp-caption-text\">PANLOS 672102 1:5 BMW HP4 Race Motorcycle With 1972 Pieces<\/figcaption><\/figure>\n<figure id=\"attachment_35700\" aria-describedby=\"caption-attachment-35700\" style=\"width: 800px\" class=\"wp-caption aligncenter\"><img loading=\"lazy\" decoding=\"async\" class=\"wp-image-35700 size-full\" src=\"https:\/\/mouldking.store\/wp-content\/uploads\/2022\/11\/BMW-HP4-Race-Motorcycle-PANLOS-672102-1.jpg\" alt=\"PANLOS 672102 1:5 BMW HP4 Race Motorcycle With 1972 Pieces\" width=\"800\" height=\"800\" title=\"-\" srcset=\"https:\/\/mouldking.store\/wp-content\/uploads\/2022\/11\/BMW-HP4-Race-Motorcycle-PANLOS-672102-1.jpg 800w, https:\/\/mouldking.store\/wp-content\/uploads\/2022\/11\/BMW-HP4-Race-Motorcycle-PANLOS-672102-1-300x300.jpg 300w, https:\/\/mouldking.store\/wp-content\/uploads\/2022\/11\/BMW-HP4-Race-Motorcycle-PANLOS-672102-1-768x768.jpg 768w, https:\/\/mouldking.store\/wp-content\/uploads\/2022\/11\/BMW-HP4-Race-Motorcycle-PANLOS-672102-1-600x600.jpg 600w, https:\/\/mouldking.store\/wp-content\/uploads\/2022\/11\/BMW-HP4-Race-Motorcycle-PANLOS-672102-1-150x150.jpg 150w, https:\/\/mouldking.store\/wp-content\/uploads\/2022\/11\/BMW-HP4-Race-Motorcycle-PANLOS-672102-1-60x60.jpg 60w, https:\/\/mouldking.store\/wp-content\/uploads\/2022\/11\/BMW-HP4-Race-Motorcycle-PANLOS-672102-1-90x90.jpg 90w\" sizes=\"(max-width: 800px) 100vw, 800px\" \/><figcaption id=\"caption-attachment-35700\" class=\"wp-caption-text\">PANLOS 672102 1:5 BMW HP4 Race Motorcycle With 1972 Pieces<\/figcaption><\/figure>","protected":false},"excerpt":{"rendered":"<p>Product information: Brand: PANLOS Gender: Unisex Name: 1:5 BMW HP4 Race Motorcycle Age Range: &gt; 6 years old Model Number: 672102 Classification: Assemblage Plastic Block Shape: Self-Locking Bricks Material: Plastic Plastic Type: ABS Bricks Blocks:1972 PCS Size: 49 \u00d7 19 \u00d7 32 cm Contains detailed assembly instructions. Notice: 1. Without an original box, but we [&hellip;]<\/p>","protected":false},"featured_media":35697,"comment_status":"closed","ping_status":"closed","template":"","meta":{"_acf_changed":false},"product_cat":[1357],"product_tag":[7852,7849,5583,7850,1851,7853,7854,7848,7851],"class_list":["product","first","instock","shipping-taxable","purchasable","product-type-simple"],"acf":[],"_links":{"self":[{"href":"https:\/\/mouldking.store\/nb\/wp-json\/wp\/v2\/product\/35696","targetHints":{"allow":["GET"]}}],"collection":[{"href":"https:\/\/mouldking.store\/nb\/wp-json\/wp\/v2\/product"}],"about":[{"href":"https:\/\/mouldking.store\/nb\/wp-json\/wp\/v2\/types\/product"}],"replies":[{"embeddable":true,"href":"https:\/\/mouldking.store\/nb\/wp-json\/wp\/v2\/comments?post=35696"}],"wp:featuredmedia":[{"embeddable":true,"href":"https:\/\/mouldking.store\/nb\/wp-json\/wp\/v2\/media\/35697"}],"wp:attachment":[{"href":"https:\/\/mouldking.store\/nb\/wp-json\/wp\/v2\/media?parent=35696"}],"wp:term":[{"taxonomy":"product_cat","embeddable":true,"href":"https:\/\/mouldking.store\/nb\/wp-json\/wp\/v2\/product_cat?post=35696"},{"taxonomy":"product_tag","embeddable":true,"href":"https:\/\/mouldking.store\/nb\/wp-json\/wp\/v2\/product_tag?post=35696"}],"curies":[{"name":"wp","href":"https:\/\/api.w.org\/{rel}","templated":true}]}}