{"id":35701,"date":"2022-11-22T10:36:12","date_gmt":"2022-11-22T03:36:12","guid":{"rendered":"https:\/\/mouldking.store\/?post_type=product&#038;p=35701"},"modified":"2022-11-22T10:36:12","modified_gmt":"2022-11-22T03:36:12","slug":"panlos-672103-15-kawasaki-h2r-with-2347-pieces","status":"publish","type":"product","link":"https:\/\/mouldking.store\/nb\/shop\/panlos-672103-15-kawasaki-h2r-with-2347-pieces\/","title":{"rendered":"PANLOS 672103 1:5 Kawasaki H2R med 2347 deler"},"content":{"rendered":"<p>Produktinformasjon:<\/p>\n<ol>\n<li>Merke: PANLOS<\/li>\n<li>Kj\u00f8nn: Unisex<\/li>\n<li>Name: 1:5 Kawasaki H2R<\/li>\n<li>Aldersgruppe: &gt; 6 \u00e5r gammel<\/li>\n<li>Model Number: 672103<\/li>\n<li>Klassifisering: Montering<\/li>\n<li>Plastblokkform: Selvl\u00e5sende murstein<\/li>\n<li>Materiale: Plast<\/li>\n<li>Plasttype: ABS<\/li>\n<li>Mursteinblokker:2347 STK<\/li>\n<li>Size: \u00a046 \u00d7 19 \u00d7 31 cm<\/li>\n<li>Inneholder detaljerte monteringsanvisninger.<\/li>\n<\/ol>\n<p>Legge merke til:<br \/>\n1. Uten original eske, men vi garanterer at v\u00e5re produkter har kvalitetssikring og pen emballasje.<br \/>\n2. Som alle delene vi har sjekket f\u00f8r frakt, s\u00e5 hvis du finner noen deler savnet eller skadet, ikke bekymre deg og bare kontakt oss, s\u00e5 kan vi sende dem til deg p\u00e5 nytt umiddelbart gratis.<\/p>\n<figure id=\"attachment_35702\" aria-describedby=\"caption-attachment-35702\" style=\"width: 800px\" class=\"wp-caption aligncenter\"><img fetchpriority=\"high\" decoding=\"async\" class=\"wp-image-35702 size-full\" src=\"https:\/\/mouldking.store\/wp-content\/uploads\/2022\/11\/Kawasaki-H2R-PANLOS-672103-7.jpg\" alt=\"PANLOS 672103 1:5 Kawasaki H2R With 2347 Pieces\" width=\"800\" height=\"800\" title=\"-\" srcset=\"https:\/\/mouldking.store\/wp-content\/uploads\/2022\/11\/Kawasaki-H2R-PANLOS-672103-7.jpg 800w, https:\/\/mouldking.store\/wp-content\/uploads\/2022\/11\/Kawasaki-H2R-PANLOS-672103-7-300x300.jpg 300w, https:\/\/mouldking.store\/wp-content\/uploads\/2022\/11\/Kawasaki-H2R-PANLOS-672103-7-768x768.jpg 768w, https:\/\/mouldking.store\/wp-content\/uploads\/2022\/11\/Kawasaki-H2R-PANLOS-672103-7-600x600.jpg 600w, https:\/\/mouldking.store\/wp-content\/uploads\/2022\/11\/Kawasaki-H2R-PANLOS-672103-7-150x150.jpg 150w, https:\/\/mouldking.store\/wp-content\/uploads\/2022\/11\/Kawasaki-H2R-PANLOS-672103-7-60x60.jpg 60w, https:\/\/mouldking.store\/wp-content\/uploads\/2022\/11\/Kawasaki-H2R-PANLOS-672103-7-90x90.jpg 90w\" sizes=\"(max-width: 800px) 100vw, 800px\" \/><figcaption id=\"caption-attachment-35702\" class=\"wp-caption-text\">PANLOS 672103 1:5 Kawasaki H2R med 2347 deler<\/figcaption><\/figure>\n<figure id=\"attachment_35703\" aria-describedby=\"caption-attachment-35703\" style=\"width: 858px\" class=\"wp-caption aligncenter\"><img decoding=\"async\" class=\"wp-image-35703 size-full\" src=\"https:\/\/mouldking.store\/wp-content\/uploads\/2022\/11\/Kawasaki-H2R-PANLOS-672103-6.jpg\" alt=\"PANLOS 672103 1:5 Kawasaki H2R With 2347 Pieces\" width=\"858\" height=\"1024\" title=\"-\" srcset=\"https:\/\/mouldking.store\/wp-content\/uploads\/2022\/11\/Kawasaki-H2R-PANLOS-672103-6.jpg 858w, https:\/\/mouldking.store\/wp-content\/uploads\/2022\/11\/Kawasaki-H2R-PANLOS-672103-6-251x300.jpg 251w, https:\/\/mouldking.store\/wp-content\/uploads\/2022\/11\/Kawasaki-H2R-PANLOS-672103-6-768x917.jpg 768w, https:\/\/mouldking.store\/wp-content\/uploads\/2022\/11\/Kawasaki-H2R-PANLOS-672103-6-300x358.jpg 300w, https:\/\/mouldking.store\/wp-content\/uploads\/2022\/11\/Kawasaki-H2R-PANLOS-672103-6-600x716.jpg 600w, https:\/\/mouldking.store\/wp-content\/uploads\/2022\/11\/Kawasaki-H2R-PANLOS-672103-6-126x150.jpg 126w, https:\/\/mouldking.store\/wp-content\/uploads\/2022\/11\/Kawasaki-H2R-PANLOS-672103-6-50x60.jpg 50w, https:\/\/mouldking.store\/wp-content\/uploads\/2022\/11\/Kawasaki-H2R-PANLOS-672103-6-75x90.jpg 75w\" sizes=\"(max-width: 858px) 100vw, 858px\" \/><figcaption id=\"caption-attachment-35703\" class=\"wp-caption-text\">PANLOS 672103 1:5 Kawasaki H2R med 2347 deler<\/figcaption><\/figure>\n<figure id=\"attachment_35704\" aria-describedby=\"caption-attachment-35704\" style=\"width: 1024px\" class=\"wp-caption aligncenter\"><img decoding=\"async\" class=\"wp-image-35704 size-full\" src=\"https:\/\/mouldking.store\/wp-content\/uploads\/2022\/11\/Kawasaki-H2R-PANLOS-672103-5.jpg\" alt=\"PANLOS 672103 1:5 Kawasaki H2R With 2347 Pieces\" width=\"1024\" height=\"753\" title=\"-\" srcset=\"https:\/\/mouldking.store\/wp-content\/uploads\/2022\/11\/Kawasaki-H2R-PANLOS-672103-5.jpg 1024w, https:\/\/mouldking.store\/wp-content\/uploads\/2022\/11\/Kawasaki-H2R-PANLOS-672103-5-300x221.jpg 300w, https:\/\/mouldking.store\/wp-content\/uploads\/2022\/11\/Kawasaki-H2R-PANLOS-672103-5-768x565.jpg 768w, https:\/\/mouldking.store\/wp-content\/uploads\/2022\/11\/Kawasaki-H2R-PANLOS-672103-5-600x441.jpg 600w, https:\/\/mouldking.store\/wp-content\/uploads\/2022\/11\/Kawasaki-H2R-PANLOS-672103-5-150x110.jpg 150w, https:\/\/mouldking.store\/wp-content\/uploads\/2022\/11\/Kawasaki-H2R-PANLOS-672103-5-82x60.jpg 82w, https:\/\/mouldking.store\/wp-content\/uploads\/2022\/11\/Kawasaki-H2R-PANLOS-672103-5-122x90.jpg 122w\" sizes=\"(max-width: 1024px) 100vw, 1024px\" \/><figcaption id=\"caption-attachment-35704\" class=\"wp-caption-text\">PANLOS 672103 1:5 Kawasaki H2R med 2347 deler<\/figcaption><\/figure>\n<figure id=\"attachment_35705\" aria-describedby=\"caption-attachment-35705\" style=\"width: 790px\" class=\"wp-caption aligncenter\"><img loading=\"lazy\" decoding=\"async\" class=\"wp-image-35705 size-full\" src=\"https:\/\/mouldking.store\/wp-content\/uploads\/2022\/11\/Kawasaki-H2R-PANLOS-672103-4.jpg\" alt=\"PANLOS 672103 1:5 Kawasaki H2R With 2347 Pieces\" width=\"790\" height=\"1024\" title=\"-\" srcset=\"https:\/\/mouldking.store\/wp-content\/uploads\/2022\/11\/Kawasaki-H2R-PANLOS-672103-4.jpg 790w, https:\/\/mouldking.store\/wp-content\/uploads\/2022\/11\/Kawasaki-H2R-PANLOS-672103-4-231x300.jpg 231w, https:\/\/mouldking.store\/wp-content\/uploads\/2022\/11\/Kawasaki-H2R-PANLOS-672103-4-768x995.jpg 768w, https:\/\/mouldking.store\/wp-content\/uploads\/2022\/11\/Kawasaki-H2R-PANLOS-672103-4-300x389.jpg 300w, https:\/\/mouldking.store\/wp-content\/uploads\/2022\/11\/Kawasaki-H2R-PANLOS-672103-4-600x778.jpg 600w, https:\/\/mouldking.store\/wp-content\/uploads\/2022\/11\/Kawasaki-H2R-PANLOS-672103-4-116x150.jpg 116w, https:\/\/mouldking.store\/wp-content\/uploads\/2022\/11\/Kawasaki-H2R-PANLOS-672103-4-46x60.jpg 46w, https:\/\/mouldking.store\/wp-content\/uploads\/2022\/11\/Kawasaki-H2R-PANLOS-672103-4-69x90.jpg 69w\" sizes=\"(max-width: 790px) 100vw, 790px\" \/><figcaption id=\"caption-attachment-35705\" class=\"wp-caption-text\">PANLOS 672103 1:5 Kawasaki H2R med 2347 deler<\/figcaption><\/figure>\n<figure id=\"attachment_35706\" aria-describedby=\"caption-attachment-35706\" style=\"width: 1024px\" class=\"wp-caption aligncenter\"><img loading=\"lazy\" decoding=\"async\" class=\"wp-image-35706 size-full\" src=\"https:\/\/mouldking.store\/wp-content\/uploads\/2022\/11\/Kawasaki-H2R-PANLOS-672103-3.jpg\" alt=\"PANLOS 672103 1:5 Kawasaki H2R With 2347 Pieces\" width=\"1024\" height=\"969\" title=\"-\" srcset=\"https:\/\/mouldking.store\/wp-content\/uploads\/2022\/11\/Kawasaki-H2R-PANLOS-672103-3.jpg 1024w, https:\/\/mouldking.store\/wp-content\/uploads\/2022\/11\/Kawasaki-H2R-PANLOS-672103-3-300x284.jpg 300w, https:\/\/mouldking.store\/wp-content\/uploads\/2022\/11\/Kawasaki-H2R-PANLOS-672103-3-768x727.jpg 768w, https:\/\/mouldking.store\/wp-content\/uploads\/2022\/11\/Kawasaki-H2R-PANLOS-672103-3-600x568.jpg 600w, https:\/\/mouldking.store\/wp-content\/uploads\/2022\/11\/Kawasaki-H2R-PANLOS-672103-3-150x142.jpg 150w, https:\/\/mouldking.store\/wp-content\/uploads\/2022\/11\/Kawasaki-H2R-PANLOS-672103-3-63x60.jpg 63w, https:\/\/mouldking.store\/wp-content\/uploads\/2022\/11\/Kawasaki-H2R-PANLOS-672103-3-95x90.jpg 95w\" sizes=\"(max-width: 1024px) 100vw, 1024px\" \/><figcaption id=\"caption-attachment-35706\" class=\"wp-caption-text\">PANLOS 672103 1:5 Kawasaki H2R med 2347 deler<\/figcaption><\/figure>\n<figure id=\"attachment_35707\" aria-describedby=\"caption-attachment-35707\" style=\"width: 790px\" class=\"wp-caption aligncenter\"><img loading=\"lazy\" decoding=\"async\" class=\"wp-image-35707 size-full\" src=\"https:\/\/mouldking.store\/wp-content\/uploads\/2022\/11\/Kawasaki-H2R-PANLOS-672103-2.jpg\" alt=\"PANLOS 672103 1:5 Kawasaki H2R With 2347 Pieces\" width=\"790\" height=\"1024\" title=\"-\" srcset=\"https:\/\/mouldking.store\/wp-content\/uploads\/2022\/11\/Kawasaki-H2R-PANLOS-672103-2.jpg 790w, https:\/\/mouldking.store\/wp-content\/uploads\/2022\/11\/Kawasaki-H2R-PANLOS-672103-2-231x300.jpg 231w, https:\/\/mouldking.store\/wp-content\/uploads\/2022\/11\/Kawasaki-H2R-PANLOS-672103-2-768x995.jpg 768w, https:\/\/mouldking.store\/wp-content\/uploads\/2022\/11\/Kawasaki-H2R-PANLOS-672103-2-300x389.jpg 300w, https:\/\/mouldking.store\/wp-content\/uploads\/2022\/11\/Kawasaki-H2R-PANLOS-672103-2-600x778.jpg 600w, https:\/\/mouldking.store\/wp-content\/uploads\/2022\/11\/Kawasaki-H2R-PANLOS-672103-2-116x150.jpg 116w, https:\/\/mouldking.store\/wp-content\/uploads\/2022\/11\/Kawasaki-H2R-PANLOS-672103-2-46x60.jpg 46w, https:\/\/mouldking.store\/wp-content\/uploads\/2022\/11\/Kawasaki-H2R-PANLOS-672103-2-69x90.jpg 69w\" sizes=\"(max-width: 790px) 100vw, 790px\" \/><figcaption id=\"caption-attachment-35707\" class=\"wp-caption-text\">PANLOS 672103 1:5 Kawasaki H2R med 2347 deler<\/figcaption><\/figure>\n<figure id=\"attachment_35708\" aria-describedby=\"caption-attachment-35708\" style=\"width: 1024px\" class=\"wp-caption aligncenter\"><img loading=\"lazy\" decoding=\"async\" class=\"wp-image-35708 size-full\" src=\"https:\/\/mouldking.store\/wp-content\/uploads\/2022\/11\/Kawasaki-H2R-PANLOS-672103-1.jpg\" alt=\"PANLOS 672103 1:5 Kawasaki H2R With 2347 Pieces\" width=\"1024\" height=\"827\" title=\"-\" srcset=\"https:\/\/mouldking.store\/wp-content\/uploads\/2022\/11\/Kawasaki-H2R-PANLOS-672103-1.jpg 1024w, https:\/\/mouldking.store\/wp-content\/uploads\/2022\/11\/Kawasaki-H2R-PANLOS-672103-1-300x242.jpg 300w, https:\/\/mouldking.store\/wp-content\/uploads\/2022\/11\/Kawasaki-H2R-PANLOS-672103-1-768x620.jpg 768w, https:\/\/mouldking.store\/wp-content\/uploads\/2022\/11\/Kawasaki-H2R-PANLOS-672103-1-600x485.jpg 600w, https:\/\/mouldking.store\/wp-content\/uploads\/2022\/11\/Kawasaki-H2R-PANLOS-672103-1-150x121.jpg 150w, https:\/\/mouldking.store\/wp-content\/uploads\/2022\/11\/Kawasaki-H2R-PANLOS-672103-1-74x60.jpg 74w, https:\/\/mouldking.store\/wp-content\/uploads\/2022\/11\/Kawasaki-H2R-PANLOS-672103-1-111x90.jpg 111w\" sizes=\"(max-width: 1024px) 100vw, 1024px\" \/><figcaption id=\"caption-attachment-35708\" class=\"wp-caption-text\">PANLOS 672103 1:5 Kawasaki H2R med 2347 deler<\/figcaption><\/figure>","protected":false},"excerpt":{"rendered":"<p>Product information: Brand: PANLOS Gender: Unisex Name: 1:5 Kawasaki H2R Age Range: &gt; 6 years old Model Number: 672103 Classification: Assemblage Plastic Block Shape: Self-Locking Bricks Material: Plastic Plastic Type: ABS Bricks Blocks:2347 PCS Size: \u00a046 \u00d7 19 \u00d7 31 cm Contains detailed assembly instructions. Notice: 1. Without an original box, but we guarantee our [&hellip;]<\/p>","protected":false},"featured_media":35702,"comment_status":"closed","ping_status":"closed","template":"","meta":{"_acf_changed":false},"product_cat":[1357],"product_tag":[7859,7856,7858,7857,1851,7860,7861,7855],"class_list":["product","first","instock","shipping-taxable","purchasable","product-type-simple"],"acf":[],"_links":{"self":[{"href":"https:\/\/mouldking.store\/nb\/wp-json\/wp\/v2\/product\/35701","targetHints":{"allow":["GET"]}}],"collection":[{"href":"https:\/\/mouldking.store\/nb\/wp-json\/wp\/v2\/product"}],"about":[{"href":"https:\/\/mouldking.store\/nb\/wp-json\/wp\/v2\/types\/product"}],"replies":[{"embeddable":true,"href":"https:\/\/mouldking.store\/nb\/wp-json\/wp\/v2\/comments?post=35701"}],"wp:featuredmedia":[{"embeddable":true,"href":"https:\/\/mouldking.store\/nb\/wp-json\/wp\/v2\/media\/35702"}],"wp:attachment":[{"href":"https:\/\/mouldking.store\/nb\/wp-json\/wp\/v2\/media?parent=35701"}],"wp:term":[{"taxonomy":"product_cat","embeddable":true,"href":"https:\/\/mouldking.store\/nb\/wp-json\/wp\/v2\/product_cat?post=35701"},{"taxonomy":"product_tag","embeddable":true,"href":"https:\/\/mouldking.store\/nb\/wp-json\/wp\/v2\/product_tag?post=35701"}],"curies":[{"name":"wp","href":"https:\/\/api.w.org\/{rel}","templated":true}]}}