{"id":35716,"date":"2022-11-22T10:52:07","date_gmt":"2022-11-22T03:52:07","guid":{"rendered":"https:\/\/mouldking.store\/?post_type=product&#038;p=35716"},"modified":"2022-11-22T10:52:07","modified_gmt":"2022-11-22T03:52:07","slug":"panlos-632016-king-tiger-heavy-armored-tank-with-1974-pieces","status":"publish","type":"product","link":"https:\/\/mouldking.store\/nb\/shop\/panlos-632016-king-tiger-heavy-armored-tank-with-1974-pieces\/","title":{"rendered":"PANLOS 632016 King Tiger tung pansret tank med 1974 deler"},"content":{"rendered":"<p>Produktinformasjon:<\/p>\n<ol>\n<li>Merke: PANLOS<\/li>\n<li>Kj\u00f8nn: Unisex<\/li>\n<li>Name: King Tiger Heavy Armored Tank<\/li>\n<li>Aldersgruppe: &gt; 6 \u00e5r gammel<\/li>\n<li>Model Number: 632016<\/li>\n<li>Klassifisering: Montering<\/li>\n<li>Plastblokkform: Selvl\u00e5sende murstein<\/li>\n<li>Materiale: Plast<\/li>\n<li>Plasttype: ABS<\/li>\n<li>Bricks Blocks:1974 PCS<\/li>\n<li>Size: 36 \u00d7 13 \u00d7 14 cm<\/li>\n<li>Inneholder detaljerte monteringsanvisninger.<\/li>\n<\/ol>\n<p>Legge merke til:<br \/>\n1. Uten original eske, men vi garanterer at v\u00e5re produkter har kvalitetssikring og pen emballasje.<br \/>\n2. Som alle delene vi har sjekket f\u00f8r frakt, s\u00e5 hvis du finner noen deler savnet eller skadet, ikke bekymre deg og bare kontakt oss, s\u00e5 kan vi sende dem til deg p\u00e5 nytt umiddelbart gratis.<\/p>\n<figure id=\"attachment_35717\" aria-describedby=\"caption-attachment-35717\" style=\"width: 800px\" class=\"wp-caption aligncenter\"><img fetchpriority=\"high\" decoding=\"async\" class=\"wp-image-35717 size-full\" src=\"https:\/\/mouldking.store\/wp-content\/uploads\/2022\/11\/PANLOS-632016-King-Tiger-Heavy-Armored-Tank-4.jpg\" alt=\"PANLOS 632016 King Tiger Heavy Armored Tank With 1974 Pieces\" width=\"800\" height=\"800\" title=\"-\" srcset=\"https:\/\/mouldking.store\/wp-content\/uploads\/2022\/11\/PANLOS-632016-King-Tiger-Heavy-Armored-Tank-4.jpg 800w, https:\/\/mouldking.store\/wp-content\/uploads\/2022\/11\/PANLOS-632016-King-Tiger-Heavy-Armored-Tank-4-300x300.jpg 300w, https:\/\/mouldking.store\/wp-content\/uploads\/2022\/11\/PANLOS-632016-King-Tiger-Heavy-Armored-Tank-4-768x768.jpg 768w, https:\/\/mouldking.store\/wp-content\/uploads\/2022\/11\/PANLOS-632016-King-Tiger-Heavy-Armored-Tank-4-600x600.jpg 600w, https:\/\/mouldking.store\/wp-content\/uploads\/2022\/11\/PANLOS-632016-King-Tiger-Heavy-Armored-Tank-4-150x150.jpg 150w, https:\/\/mouldking.store\/wp-content\/uploads\/2022\/11\/PANLOS-632016-King-Tiger-Heavy-Armored-Tank-4-60x60.jpg 60w, https:\/\/mouldking.store\/wp-content\/uploads\/2022\/11\/PANLOS-632016-King-Tiger-Heavy-Armored-Tank-4-90x90.jpg 90w\" sizes=\"(max-width: 800px) 100vw, 800px\" \/><figcaption id=\"caption-attachment-35717\" class=\"wp-caption-text\">PANLOS 632016 King Tiger tung pansret tank med 1974 deler<\/figcaption><\/figure>\n<figure id=\"attachment_35718\" aria-describedby=\"caption-attachment-35718\" style=\"width: 800px\" class=\"wp-caption aligncenter\"><img decoding=\"async\" class=\"wp-image-35718 size-full\" src=\"https:\/\/mouldking.store\/wp-content\/uploads\/2022\/11\/PANLOS-632016-King-Tiger-Heavy-Armored-Tank-3.jpg\" alt=\"PANLOS 632016 King Tiger Heavy Armored Tank With 1974 Pieces\" width=\"800\" height=\"800\" title=\"-\" srcset=\"https:\/\/mouldking.store\/wp-content\/uploads\/2022\/11\/PANLOS-632016-King-Tiger-Heavy-Armored-Tank-3.jpg 800w, https:\/\/mouldking.store\/wp-content\/uploads\/2022\/11\/PANLOS-632016-King-Tiger-Heavy-Armored-Tank-3-300x300.jpg 300w, https:\/\/mouldking.store\/wp-content\/uploads\/2022\/11\/PANLOS-632016-King-Tiger-Heavy-Armored-Tank-3-768x768.jpg 768w, https:\/\/mouldking.store\/wp-content\/uploads\/2022\/11\/PANLOS-632016-King-Tiger-Heavy-Armored-Tank-3-600x600.jpg 600w, https:\/\/mouldking.store\/wp-content\/uploads\/2022\/11\/PANLOS-632016-King-Tiger-Heavy-Armored-Tank-3-150x150.jpg 150w, https:\/\/mouldking.store\/wp-content\/uploads\/2022\/11\/PANLOS-632016-King-Tiger-Heavy-Armored-Tank-3-60x60.jpg 60w, https:\/\/mouldking.store\/wp-content\/uploads\/2022\/11\/PANLOS-632016-King-Tiger-Heavy-Armored-Tank-3-90x90.jpg 90w\" sizes=\"(max-width: 800px) 100vw, 800px\" \/><figcaption id=\"caption-attachment-35718\" class=\"wp-caption-text\">PANLOS 632016 King Tiger tung pansret tank med 1974 deler<\/figcaption><\/figure>\n<figure id=\"attachment_35719\" aria-describedby=\"caption-attachment-35719\" style=\"width: 547px\" class=\"wp-caption aligncenter\"><img decoding=\"async\" class=\"wp-image-35719 size-full\" src=\"https:\/\/mouldking.store\/wp-content\/uploads\/2022\/11\/PANLOS-632016-King-Tiger-Heavy-Armored-Tank-2.jpg\" alt=\"PANLOS 632016 King Tiger Heavy Armored Tank With 1974 Pieces\" width=\"547\" height=\"1024\" title=\"-\" srcset=\"https:\/\/mouldking.store\/wp-content\/uploads\/2022\/11\/PANLOS-632016-King-Tiger-Heavy-Armored-Tank-2.jpg 547w, https:\/\/mouldking.store\/wp-content\/uploads\/2022\/11\/PANLOS-632016-King-Tiger-Heavy-Armored-Tank-2-160x300.jpg 160w, https:\/\/mouldking.store\/wp-content\/uploads\/2022\/11\/PANLOS-632016-King-Tiger-Heavy-Armored-Tank-2-300x562.jpg 300w, https:\/\/mouldking.store\/wp-content\/uploads\/2022\/11\/PANLOS-632016-King-Tiger-Heavy-Armored-Tank-2-80x150.jpg 80w, https:\/\/mouldking.store\/wp-content\/uploads\/2022\/11\/PANLOS-632016-King-Tiger-Heavy-Armored-Tank-2-32x60.jpg 32w, https:\/\/mouldking.store\/wp-content\/uploads\/2022\/11\/PANLOS-632016-King-Tiger-Heavy-Armored-Tank-2-48x90.jpg 48w\" sizes=\"(max-width: 547px) 100vw, 547px\" \/><figcaption id=\"caption-attachment-35719\" class=\"wp-caption-text\">PANLOS 632016 King Tiger tung pansret tank med 1974 deler<\/figcaption><\/figure>\n<figure id=\"attachment_35720\" aria-describedby=\"caption-attachment-35720\" style=\"width: 800px\" class=\"wp-caption aligncenter\"><img loading=\"lazy\" decoding=\"async\" class=\"wp-image-35720 size-full\" src=\"https:\/\/mouldking.store\/wp-content\/uploads\/2022\/11\/PANLOS-632016-King-Tiger-Heavy-Armored-Tank-1.jpg\" alt=\"PANLOS 632016 King Tiger Heavy Armored Tank With 1974 Pieces\" width=\"800\" height=\"800\" title=\"-\" srcset=\"https:\/\/mouldking.store\/wp-content\/uploads\/2022\/11\/PANLOS-632016-King-Tiger-Heavy-Armored-Tank-1.jpg 800w, https:\/\/mouldking.store\/wp-content\/uploads\/2022\/11\/PANLOS-632016-King-Tiger-Heavy-Armored-Tank-1-300x300.jpg 300w, https:\/\/mouldking.store\/wp-content\/uploads\/2022\/11\/PANLOS-632016-King-Tiger-Heavy-Armored-Tank-1-768x768.jpg 768w, https:\/\/mouldking.store\/wp-content\/uploads\/2022\/11\/PANLOS-632016-King-Tiger-Heavy-Armored-Tank-1-600x600.jpg 600w, https:\/\/mouldking.store\/wp-content\/uploads\/2022\/11\/PANLOS-632016-King-Tiger-Heavy-Armored-Tank-1-150x150.jpg 150w, https:\/\/mouldking.store\/wp-content\/uploads\/2022\/11\/PANLOS-632016-King-Tiger-Heavy-Armored-Tank-1-60x60.jpg 60w, https:\/\/mouldking.store\/wp-content\/uploads\/2022\/11\/PANLOS-632016-King-Tiger-Heavy-Armored-Tank-1-90x90.jpg 90w\" sizes=\"(max-width: 800px) 100vw, 800px\" \/><figcaption id=\"caption-attachment-35720\" class=\"wp-caption-text\">PANLOS 632016 King Tiger tung pansret tank med 1974 deler<\/figcaption><\/figure>","protected":false},"excerpt":{"rendered":"<p>Ingen minifigurer<\/p>","protected":false},"featured_media":35717,"comment_status":"closed","ping_status":"closed","template":"","meta":{"_acf_changed":false},"product_cat":[1350],"product_tag":[7870,7673,7872,7871,7873,1851,7874,7875,7869,485],"class_list":["product","first","instock","shipping-taxable","purchasable","product-type-simple"],"acf":[],"_links":{"self":[{"href":"https:\/\/mouldking.store\/nb\/wp-json\/wp\/v2\/product\/35716","targetHints":{"allow":["GET"]}}],"collection":[{"href":"https:\/\/mouldking.store\/nb\/wp-json\/wp\/v2\/product"}],"about":[{"href":"https:\/\/mouldking.store\/nb\/wp-json\/wp\/v2\/types\/product"}],"replies":[{"embeddable":true,"href":"https:\/\/mouldking.store\/nb\/wp-json\/wp\/v2\/comments?post=35716"}],"wp:featuredmedia":[{"embeddable":true,"href":"https:\/\/mouldking.store\/nb\/wp-json\/wp\/v2\/media\/35717"}],"wp:attachment":[{"href":"https:\/\/mouldking.store\/nb\/wp-json\/wp\/v2\/media?parent=35716"}],"wp:term":[{"taxonomy":"product_cat","embeddable":true,"href":"https:\/\/mouldking.store\/nb\/wp-json\/wp\/v2\/product_cat?post=35716"},{"taxonomy":"product_tag","embeddable":true,"href":"https:\/\/mouldking.store\/nb\/wp-json\/wp\/v2\/product_tag?post=35716"}],"curies":[{"name":"wp","href":"https:\/\/api.w.org\/{rel}","templated":true}]}}