{"id":35743,"date":"2022-11-22T12:07:39","date_gmt":"2022-11-22T05:07:39","guid":{"rendered":"https:\/\/mouldking.store\/?post_type=product&#038;p=35743"},"modified":"2022-11-22T12:07:39","modified_gmt":"2022-11-22T05:07:39","slug":"sembo-605025-christmas-music-fairyland-with-2963-pieces","status":"publish","type":"product","link":"https:\/\/mouldking.store\/nb\/shop\/sembo-605025-christmas-music-fairyland-with-2963-pieces\/","title":{"rendered":"SEMBO 605025 Julemusikk Eventyrland med 2963 stykker"},"content":{"rendered":"<p>Produktinformasjon:<\/p>\n<ol>\n<li>Merke: SEMBO<\/li>\n<li>Kj\u00f8nn: Unisex<\/li>\n<li>Navn: Christmas Music Fairyland<\/li>\n<li>Aldersgruppe: &gt; 6 \u00e5r gammel<\/li>\n<li>Modellnummer: 605025<\/li>\n<li>Klassifisering: Montering<\/li>\n<li>Plastblokkform: Selvl\u00e5sende murstein<\/li>\n<li>Materiale: Plast<\/li>\n<li>Plasttype: ABS<\/li>\n<li>Mursteinblokker:2963 STK<\/li>\n<li>St\u00f8rrelse: 40,5 \u00d7 36 \u00d7 16 cm<\/li>\n<li>Inneholder detaljerte monteringsanvisninger.<\/li>\n<\/ol>\n<p>Legge merke til:<br \/>\n1. Uten original eske, men vi garanterer at v\u00e5re produkter har kvalitetssikring og pen emballasje.<br \/>\n2. Som alle delene vi har sjekket f\u00f8r frakt, s\u00e5 hvis du finner noen deler savnet eller skadet, ikke bekymre deg og bare kontakt oss, s\u00e5 kan vi sende dem til deg p\u00e5 nytt umiddelbart gratis.<\/p>\n<figure id=\"attachment_35745\" aria-describedby=\"caption-attachment-35745\" style=\"width: 800px\" class=\"wp-caption aligncenter\"><img fetchpriority=\"high\" decoding=\"async\" class=\"wp-image-35745 size-full\" src=\"https:\/\/mouldking.store\/wp-content\/uploads\/2022\/11\/Christmas-Music-Fairyland-SEMBO-605025-7.jpg\" alt=\"SEMBO 605025 Christmas Music Fairyland With 2963 Pieces\" width=\"800\" height=\"800\" title=\"-\" srcset=\"https:\/\/mouldking.store\/wp-content\/uploads\/2022\/11\/Christmas-Music-Fairyland-SEMBO-605025-7.jpg 800w, https:\/\/mouldking.store\/wp-content\/uploads\/2022\/11\/Christmas-Music-Fairyland-SEMBO-605025-7-300x300.jpg 300w, https:\/\/mouldking.store\/wp-content\/uploads\/2022\/11\/Christmas-Music-Fairyland-SEMBO-605025-7-768x768.jpg 768w, https:\/\/mouldking.store\/wp-content\/uploads\/2022\/11\/Christmas-Music-Fairyland-SEMBO-605025-7-600x600.jpg 600w, https:\/\/mouldking.store\/wp-content\/uploads\/2022\/11\/Christmas-Music-Fairyland-SEMBO-605025-7-150x150.jpg 150w, https:\/\/mouldking.store\/wp-content\/uploads\/2022\/11\/Christmas-Music-Fairyland-SEMBO-605025-7-60x60.jpg 60w, https:\/\/mouldking.store\/wp-content\/uploads\/2022\/11\/Christmas-Music-Fairyland-SEMBO-605025-7-90x90.jpg 90w\" sizes=\"(max-width: 800px) 100vw, 800px\" \/><figcaption id=\"caption-attachment-35745\" class=\"wp-caption-text\">SEMBO 605025 Julemusikk Eventyrland med 2963 stykker<\/figcaption><\/figure>\n<figure id=\"attachment_35746\" aria-describedby=\"caption-attachment-35746\" style=\"width: 800px\" class=\"wp-caption aligncenter\"><img decoding=\"async\" class=\"wp-image-35746 size-full\" src=\"https:\/\/mouldking.store\/wp-content\/uploads\/2022\/11\/Christmas-Music-Fairyland-SEMBO-605025-6.jpg\" alt=\"SEMBO 605025 Christmas Music Fairyland With 2963 Pieces\" width=\"800\" height=\"800\" title=\"-\" srcset=\"https:\/\/mouldking.store\/wp-content\/uploads\/2022\/11\/Christmas-Music-Fairyland-SEMBO-605025-6.jpg 800w, https:\/\/mouldking.store\/wp-content\/uploads\/2022\/11\/Christmas-Music-Fairyland-SEMBO-605025-6-300x300.jpg 300w, https:\/\/mouldking.store\/wp-content\/uploads\/2022\/11\/Christmas-Music-Fairyland-SEMBO-605025-6-768x768.jpg 768w, https:\/\/mouldking.store\/wp-content\/uploads\/2022\/11\/Christmas-Music-Fairyland-SEMBO-605025-6-600x600.jpg 600w, https:\/\/mouldking.store\/wp-content\/uploads\/2022\/11\/Christmas-Music-Fairyland-SEMBO-605025-6-150x150.jpg 150w, https:\/\/mouldking.store\/wp-content\/uploads\/2022\/11\/Christmas-Music-Fairyland-SEMBO-605025-6-60x60.jpg 60w, https:\/\/mouldking.store\/wp-content\/uploads\/2022\/11\/Christmas-Music-Fairyland-SEMBO-605025-6-90x90.jpg 90w\" sizes=\"(max-width: 800px) 100vw, 800px\" \/><figcaption id=\"caption-attachment-35746\" class=\"wp-caption-text\">SEMBO 605025 Julemusikk Eventyrland med 2963 stykker<\/figcaption><\/figure>\n<figure id=\"attachment_35747\" aria-describedby=\"caption-attachment-35747\" style=\"width: 800px\" class=\"wp-caption aligncenter\"><img decoding=\"async\" class=\"wp-image-35747 size-full\" src=\"https:\/\/mouldking.store\/wp-content\/uploads\/2022\/11\/Christmas-Music-Fairyland-SEMBO-605025-5.jpg\" alt=\"SEMBO 605025 Christmas Music Fairyland With 2963 Pieces\" width=\"800\" height=\"800\" title=\"-\" srcset=\"https:\/\/mouldking.store\/wp-content\/uploads\/2022\/11\/Christmas-Music-Fairyland-SEMBO-605025-5.jpg 800w, https:\/\/mouldking.store\/wp-content\/uploads\/2022\/11\/Christmas-Music-Fairyland-SEMBO-605025-5-300x300.jpg 300w, https:\/\/mouldking.store\/wp-content\/uploads\/2022\/11\/Christmas-Music-Fairyland-SEMBO-605025-5-768x768.jpg 768w, https:\/\/mouldking.store\/wp-content\/uploads\/2022\/11\/Christmas-Music-Fairyland-SEMBO-605025-5-600x600.jpg 600w, https:\/\/mouldking.store\/wp-content\/uploads\/2022\/11\/Christmas-Music-Fairyland-SEMBO-605025-5-150x150.jpg 150w, https:\/\/mouldking.store\/wp-content\/uploads\/2022\/11\/Christmas-Music-Fairyland-SEMBO-605025-5-60x60.jpg 60w, https:\/\/mouldking.store\/wp-content\/uploads\/2022\/11\/Christmas-Music-Fairyland-SEMBO-605025-5-90x90.jpg 90w\" sizes=\"(max-width: 800px) 100vw, 800px\" \/><figcaption id=\"caption-attachment-35747\" class=\"wp-caption-text\">SEMBO 605025 Julemusikk Eventyrland med 2963 stykker<\/figcaption><\/figure>\n<figure id=\"attachment_35748\" aria-describedby=\"caption-attachment-35748\" style=\"width: 800px\" class=\"wp-caption aligncenter\"><img loading=\"lazy\" decoding=\"async\" class=\"wp-image-35748 size-full\" src=\"https:\/\/mouldking.store\/wp-content\/uploads\/2022\/11\/Christmas-Music-Fairyland-SEMBO-605025-4.jpg\" alt=\"SEMBO 605025 Christmas Music Fairyland With 2963 Pieces\" width=\"800\" height=\"800\" title=\"-\" srcset=\"https:\/\/mouldking.store\/wp-content\/uploads\/2022\/11\/Christmas-Music-Fairyland-SEMBO-605025-4.jpg 800w, https:\/\/mouldking.store\/wp-content\/uploads\/2022\/11\/Christmas-Music-Fairyland-SEMBO-605025-4-300x300.jpg 300w, https:\/\/mouldking.store\/wp-content\/uploads\/2022\/11\/Christmas-Music-Fairyland-SEMBO-605025-4-768x768.jpg 768w, https:\/\/mouldking.store\/wp-content\/uploads\/2022\/11\/Christmas-Music-Fairyland-SEMBO-605025-4-600x600.jpg 600w, https:\/\/mouldking.store\/wp-content\/uploads\/2022\/11\/Christmas-Music-Fairyland-SEMBO-605025-4-150x150.jpg 150w, https:\/\/mouldking.store\/wp-content\/uploads\/2022\/11\/Christmas-Music-Fairyland-SEMBO-605025-4-60x60.jpg 60w, https:\/\/mouldking.store\/wp-content\/uploads\/2022\/11\/Christmas-Music-Fairyland-SEMBO-605025-4-90x90.jpg 90w\" sizes=\"(max-width: 800px) 100vw, 800px\" \/><figcaption id=\"caption-attachment-35748\" class=\"wp-caption-text\">SEMBO 605025 Julemusikk Eventyrland med 2963 stykker<\/figcaption><\/figure>\n<figure id=\"attachment_35749\" aria-describedby=\"caption-attachment-35749\" style=\"width: 800px\" class=\"wp-caption aligncenter\"><img loading=\"lazy\" decoding=\"async\" class=\"wp-image-35749 size-full\" src=\"https:\/\/mouldking.store\/wp-content\/uploads\/2022\/11\/Christmas-Music-Fairyland-SEMBO-605025-3.jpg\" alt=\"SEMBO 605025 Christmas Music Fairyland With 2963 Pieces\" width=\"800\" height=\"800\" title=\"-\" srcset=\"https:\/\/mouldking.store\/wp-content\/uploads\/2022\/11\/Christmas-Music-Fairyland-SEMBO-605025-3.jpg 800w, https:\/\/mouldking.store\/wp-content\/uploads\/2022\/11\/Christmas-Music-Fairyland-SEMBO-605025-3-300x300.jpg 300w, https:\/\/mouldking.store\/wp-content\/uploads\/2022\/11\/Christmas-Music-Fairyland-SEMBO-605025-3-768x768.jpg 768w, https:\/\/mouldking.store\/wp-content\/uploads\/2022\/11\/Christmas-Music-Fairyland-SEMBO-605025-3-600x600.jpg 600w, https:\/\/mouldking.store\/wp-content\/uploads\/2022\/11\/Christmas-Music-Fairyland-SEMBO-605025-3-150x150.jpg 150w, https:\/\/mouldking.store\/wp-content\/uploads\/2022\/11\/Christmas-Music-Fairyland-SEMBO-605025-3-60x60.jpg 60w, https:\/\/mouldking.store\/wp-content\/uploads\/2022\/11\/Christmas-Music-Fairyland-SEMBO-605025-3-90x90.jpg 90w\" sizes=\"(max-width: 800px) 100vw, 800px\" \/><figcaption id=\"caption-attachment-35749\" class=\"wp-caption-text\">SEMBO 605025 Julemusikk Eventyrland med 2963 stykker<\/figcaption><\/figure>\n<figure id=\"attachment_35750\" aria-describedby=\"caption-attachment-35750\" style=\"width: 800px\" class=\"wp-caption aligncenter\"><img loading=\"lazy\" decoding=\"async\" class=\"wp-image-35750 size-full\" src=\"https:\/\/mouldking.store\/wp-content\/uploads\/2022\/11\/Christmas-Music-Fairyland-SEMBO-605025-2.jpg\" alt=\"SEMBO 605025 Christmas Music Fairyland With 2963 Pieces\" width=\"800\" height=\"800\" title=\"-\" srcset=\"https:\/\/mouldking.store\/wp-content\/uploads\/2022\/11\/Christmas-Music-Fairyland-SEMBO-605025-2.jpg 800w, https:\/\/mouldking.store\/wp-content\/uploads\/2022\/11\/Christmas-Music-Fairyland-SEMBO-605025-2-300x300.jpg 300w, https:\/\/mouldking.store\/wp-content\/uploads\/2022\/11\/Christmas-Music-Fairyland-SEMBO-605025-2-768x768.jpg 768w, https:\/\/mouldking.store\/wp-content\/uploads\/2022\/11\/Christmas-Music-Fairyland-SEMBO-605025-2-600x600.jpg 600w, https:\/\/mouldking.store\/wp-content\/uploads\/2022\/11\/Christmas-Music-Fairyland-SEMBO-605025-2-150x150.jpg 150w, https:\/\/mouldking.store\/wp-content\/uploads\/2022\/11\/Christmas-Music-Fairyland-SEMBO-605025-2-60x60.jpg 60w, https:\/\/mouldking.store\/wp-content\/uploads\/2022\/11\/Christmas-Music-Fairyland-SEMBO-605025-2-90x90.jpg 90w\" sizes=\"(max-width: 800px) 100vw, 800px\" \/><figcaption id=\"caption-attachment-35750\" class=\"wp-caption-text\">SEMBO 605025 Julemusikk Eventyrland med 2963 stykker<\/figcaption><\/figure>\n<figure id=\"attachment_35751\" aria-describedby=\"caption-attachment-35751\" style=\"width: 800px\" class=\"wp-caption aligncenter\"><img loading=\"lazy\" decoding=\"async\" class=\"wp-image-35751 size-full\" src=\"https:\/\/mouldking.store\/wp-content\/uploads\/2022\/11\/Christmas-Music-Fairyland-SEMBO-605025-1.jpg\" alt=\"SEMBO 605025 Christmas Music Fairyland With 2963 Pieces\" width=\"800\" height=\"800\" title=\"-\" srcset=\"https:\/\/mouldking.store\/wp-content\/uploads\/2022\/11\/Christmas-Music-Fairyland-SEMBO-605025-1.jpg 800w, https:\/\/mouldking.store\/wp-content\/uploads\/2022\/11\/Christmas-Music-Fairyland-SEMBO-605025-1-300x300.jpg 300w, https:\/\/mouldking.store\/wp-content\/uploads\/2022\/11\/Christmas-Music-Fairyland-SEMBO-605025-1-768x768.jpg 768w, https:\/\/mouldking.store\/wp-content\/uploads\/2022\/11\/Christmas-Music-Fairyland-SEMBO-605025-1-600x600.jpg 600w, https:\/\/mouldking.store\/wp-content\/uploads\/2022\/11\/Christmas-Music-Fairyland-SEMBO-605025-1-150x150.jpg 150w, https:\/\/mouldking.store\/wp-content\/uploads\/2022\/11\/Christmas-Music-Fairyland-SEMBO-605025-1-60x60.jpg 60w, https:\/\/mouldking.store\/wp-content\/uploads\/2022\/11\/Christmas-Music-Fairyland-SEMBO-605025-1-90x90.jpg 90w\" sizes=\"(max-width: 800px) 100vw, 800px\" \/><figcaption id=\"caption-attachment-35751\" class=\"wp-caption-text\">SEMBO 605025 Julemusikk Eventyrland med 2963 stykker<\/figcaption><\/figure>","protected":false},"excerpt":{"rendered":"<p>Product information: Brand: SEMBO Gender: Unisex Name: Christmas Music Fairyland Age Range: &gt; 6 years old Model Number: 605025 Classification: Assemblage Plastic Block Shape: Self-Locking Bricks Material: Plastic Plastic Type: ABS Bricks Blocks:2963 PCS Size: 40.5 \u00d7 36 \u00d7 16 cm Contains detailed assembly instructions. Notice: 1. Without an original box, but we guarantee our [&hellip;]<\/p>","protected":false},"featured_media":35745,"comment_status":"closed","ping_status":"closed","template":"","meta":{"_acf_changed":false},"product_cat":[1365],"product_tag":[7899,1066,7900,7901,1465,7902,1491,7903,7904,7898],"class_list":["product","first","instock","shipping-taxable","purchasable","product-type-simple"],"acf":[],"_links":{"self":[{"href":"https:\/\/mouldking.store\/nb\/wp-json\/wp\/v2\/product\/35743","targetHints":{"allow":["GET"]}}],"collection":[{"href":"https:\/\/mouldking.store\/nb\/wp-json\/wp\/v2\/product"}],"about":[{"href":"https:\/\/mouldking.store\/nb\/wp-json\/wp\/v2\/types\/product"}],"replies":[{"embeddable":true,"href":"https:\/\/mouldking.store\/nb\/wp-json\/wp\/v2\/comments?post=35743"}],"wp:featuredmedia":[{"embeddable":true,"href":"https:\/\/mouldking.store\/nb\/wp-json\/wp\/v2\/media\/35745"}],"wp:attachment":[{"href":"https:\/\/mouldking.store\/nb\/wp-json\/wp\/v2\/media?parent=35743"}],"wp:term":[{"taxonomy":"product_cat","embeddable":true,"href":"https:\/\/mouldking.store\/nb\/wp-json\/wp\/v2\/product_cat?post=35743"},{"taxonomy":"product_tag","embeddable":true,"href":"https:\/\/mouldking.store\/nb\/wp-json\/wp\/v2\/product_tag?post=35743"}],"curies":[{"name":"wp","href":"https:\/\/api.w.org\/{rel}","templated":true}]}}