{"id":35758,"date":"2022-11-22T12:34:18","date_gmt":"2022-11-22T05:34:18","guid":{"rendered":"https:\/\/mouldking.store\/?post_type=product&#038;p=35758"},"modified":"2022-11-22T12:34:18","modified_gmt":"2022-11-22T05:34:18","slug":"panlosinbrixx-687403-mechanical-king-kong-head-with-2595-pieces","status":"publish","type":"product","link":"https:\/\/mouldking.store\/nb\/shop\/panlosinbrixx-687403-mechanical-king-kong-head-with-2595-pieces\/","title":{"rendered":"(PANLOS)Inbrixx 687403 Mekanisk King Kong-hode med 2595 stykker"},"content":{"rendered":"<p>Produktinformasjon:<\/p>\n<ol>\n<li>Merke: (PANLOS)Inbrixx<\/li>\n<li>Kj\u00f8nn: Unisex<\/li>\n<li>Navn: Mekanisk King Kong Head<\/li>\n<li>Aldersgruppe: &gt; 6 \u00e5r gammel<\/li>\n<li>Modellnummer: 687403<\/li>\n<li>Klassifisering: Montering<\/li>\n<li>Plastblokkform: Selvl\u00e5sende murstein<\/li>\n<li>Materiale: Plast<\/li>\n<li>Plasttype: ABS<\/li>\n<li>Mursteinblokker: 2595 STK<\/li>\n<li>St\u00f8rrelse: 16 \u00d7 34,5 \u00d7 25 cm<\/li>\n<li>Inneholder detaljerte monteringsanvisninger.<\/li>\n<\/ol>\n<p>Legge merke til:<br \/>\n1. Uten original eske, men vi garanterer at v\u00e5re produkter har kvalitetssikring og pen emballasje.<br \/>\n2. Som alle delene vi har sjekket f\u00f8r frakt, s\u00e5 hvis du finner noen deler savnet eller skadet, ikke bekymre deg og bare kontakt oss, s\u00e5 kan vi sende dem til deg p\u00e5 nytt umiddelbart gratis.<\/p>\n<figure id=\"attachment_35759\" aria-describedby=\"caption-attachment-35759\" style=\"width: 800px\" class=\"wp-caption aligncenter\"><img fetchpriority=\"high\" decoding=\"async\" class=\"wp-image-35759 size-full\" src=\"https:\/\/mouldking.store\/wp-content\/uploads\/2022\/11\/Mechanical-King-Kong-Head-PANLOSInbrixx-687403-1.jpg\" alt=\"(PANLOS)Inbrixx 687403 Mechanical King Kong Head With 2595 Pieces\" width=\"800\" height=\"800\" title=\"-\" srcset=\"https:\/\/mouldking.store\/wp-content\/uploads\/2022\/11\/Mechanical-King-Kong-Head-PANLOSInbrixx-687403-1.jpg 800w, https:\/\/mouldking.store\/wp-content\/uploads\/2022\/11\/Mechanical-King-Kong-Head-PANLOSInbrixx-687403-1-300x300.jpg 300w, https:\/\/mouldking.store\/wp-content\/uploads\/2022\/11\/Mechanical-King-Kong-Head-PANLOSInbrixx-687403-1-768x768.jpg 768w, https:\/\/mouldking.store\/wp-content\/uploads\/2022\/11\/Mechanical-King-Kong-Head-PANLOSInbrixx-687403-1-600x600.jpg 600w, https:\/\/mouldking.store\/wp-content\/uploads\/2022\/11\/Mechanical-King-Kong-Head-PANLOSInbrixx-687403-1-150x150.jpg 150w, https:\/\/mouldking.store\/wp-content\/uploads\/2022\/11\/Mechanical-King-Kong-Head-PANLOSInbrixx-687403-1-60x60.jpg 60w, https:\/\/mouldking.store\/wp-content\/uploads\/2022\/11\/Mechanical-King-Kong-Head-PANLOSInbrixx-687403-1-90x90.jpg 90w\" sizes=\"(max-width: 800px) 100vw, 800px\" \/><figcaption id=\"caption-attachment-35759\" class=\"wp-caption-text\">(PANLOS)Inbrixx 687403 Mekanisk King Kong-hode med 2595 stykker<\/figcaption><\/figure>","protected":false},"excerpt":{"rendered":"<p>Product information: Brand: (PANLOS)Inbrixx Gender: Unisex Name: Mechanical King Kong Head Age Range: &gt; 6 years old Model Number: 687403 Classification: Assemblage Plastic Block Shape: Self-Locking Bricks Material: Plastic Plastic Type: ABS Bricks Blocks:2595PCS Size: 16 \u00d7 34.5 \u00d7 25 cm Contains detailed assembly instructions. Notice: 1. Without an original box, but we guarantee our [&hellip;]<\/p>","protected":false},"featured_media":35759,"comment_status":"closed","ping_status":"closed","template":"","meta":{"_acf_changed":false},"product_cat":[1408],"product_tag":[7917,7918,7912,7914,6483,7913,7916,2508,7345,7915,1851],"class_list":["product","first","instock","shipping-taxable","purchasable","product-type-simple"],"acf":[],"_links":{"self":[{"href":"https:\/\/mouldking.store\/nb\/wp-json\/wp\/v2\/product\/35758","targetHints":{"allow":["GET"]}}],"collection":[{"href":"https:\/\/mouldking.store\/nb\/wp-json\/wp\/v2\/product"}],"about":[{"href":"https:\/\/mouldking.store\/nb\/wp-json\/wp\/v2\/types\/product"}],"replies":[{"embeddable":true,"href":"https:\/\/mouldking.store\/nb\/wp-json\/wp\/v2\/comments?post=35758"}],"wp:featuredmedia":[{"embeddable":true,"href":"https:\/\/mouldking.store\/nb\/wp-json\/wp\/v2\/media\/35759"}],"wp:attachment":[{"href":"https:\/\/mouldking.store\/nb\/wp-json\/wp\/v2\/media?parent=35758"}],"wp:term":[{"taxonomy":"product_cat","embeddable":true,"href":"https:\/\/mouldking.store\/nb\/wp-json\/wp\/v2\/product_cat?post=35758"},{"taxonomy":"product_tag","embeddable":true,"href":"https:\/\/mouldking.store\/nb\/wp-json\/wp\/v2\/product_tag?post=35758"}],"curies":[{"name":"wp","href":"https:\/\/api.w.org\/{rel}","templated":true}]}}