{"id":35766,"date":"2022-11-22T14:37:21","date_gmt":"2022-11-22T07:37:21","guid":{"rendered":"https:\/\/mouldking.store\/?post_type=product&#038;p=35766"},"modified":"2022-11-22T14:37:22","modified_gmt":"2022-11-22T07:37:22","slug":"dk-1512-demon-slayer-butterfly-blade-with-782-pieces","status":"publish","type":"product","link":"https:\/\/mouldking.store\/nb\/shop\/dk-1512-demon-slayer-butterfly-blade-with-782-pieces\/","title":{"rendered":"DK 1512 Demon Slayer sommerfuglblad med 782 deler"},"content":{"rendered":"<p>Produktinformasjon:<\/p>\n<ol>\n<li>Merke: DK<\/li>\n<li>Kj\u00f8nn: Unisex<\/li>\n<li>Name: Demon Slayer Butterfly Blade<\/li>\n<li>Aldersgruppe: &gt; 6 \u00e5r gammel<\/li>\n<li>Model Number: 1512<\/li>\n<li>Klassifisering: Montering<\/li>\n<li>Plastblokkform: Selvl\u00e5sende murstein<\/li>\n<li>Materiale: Plast<\/li>\n<li>Plasttype: ABS<\/li>\n<li>Bricks Blocks:782 PCS<\/li>\n<li>Size: 97.6 x 13 cm<\/li>\n<li>Inneholder detaljerte monteringsanvisninger.<\/li>\n<\/ol>\n<p>Legge merke til:<br \/>\n1. Uten original eske, men vi garanterer at v\u00e5re produkter har kvalitetssikring og pen emballasje.<br \/>\n2. Som alle delene vi har sjekket f\u00f8r frakt, s\u00e5 hvis du finner noen deler savnet eller skadet, ikke bekymre deg og bare kontakt oss, s\u00e5 kan vi sende dem til deg p\u00e5 nytt umiddelbart gratis.<\/p>\n<figure id=\"attachment_35767\" aria-describedby=\"caption-attachment-35767\" style=\"width: 800px\" class=\"wp-caption aligncenter\"><img fetchpriority=\"high\" decoding=\"async\" class=\"wp-image-35767 size-full\" src=\"https:\/\/mouldking.store\/wp-content\/uploads\/2022\/11\/Demon-Slayer-Butterfly-Blade-DK-1512-3.jpg\" alt=\"DK 1512 Demon Slayer Butterfly Blade With 782 Pieces\" width=\"800\" height=\"800\" title=\"-\" srcset=\"https:\/\/mouldking.store\/wp-content\/uploads\/2022\/11\/Demon-Slayer-Butterfly-Blade-DK-1512-3.jpg 800w, https:\/\/mouldking.store\/wp-content\/uploads\/2022\/11\/Demon-Slayer-Butterfly-Blade-DK-1512-3-300x300.jpg 300w, https:\/\/mouldking.store\/wp-content\/uploads\/2022\/11\/Demon-Slayer-Butterfly-Blade-DK-1512-3-768x768.jpg 768w, https:\/\/mouldking.store\/wp-content\/uploads\/2022\/11\/Demon-Slayer-Butterfly-Blade-DK-1512-3-600x600.jpg 600w, https:\/\/mouldking.store\/wp-content\/uploads\/2022\/11\/Demon-Slayer-Butterfly-Blade-DK-1512-3-150x150.jpg 150w, https:\/\/mouldking.store\/wp-content\/uploads\/2022\/11\/Demon-Slayer-Butterfly-Blade-DK-1512-3-60x60.jpg 60w, https:\/\/mouldking.store\/wp-content\/uploads\/2022\/11\/Demon-Slayer-Butterfly-Blade-DK-1512-3-90x90.jpg 90w\" sizes=\"(max-width: 800px) 100vw, 800px\" \/><figcaption id=\"caption-attachment-35767\" class=\"wp-caption-text\">DK 1512 Demon Slayer sommerfuglblad med 782 deler<\/figcaption><\/figure>\n<figure id=\"attachment_35768\" aria-describedby=\"caption-attachment-35768\" style=\"width: 800px\" class=\"wp-caption aligncenter\"><img decoding=\"async\" class=\"wp-image-35768 size-full\" src=\"https:\/\/mouldking.store\/wp-content\/uploads\/2022\/11\/Demon-Slayer-Butterfly-Blade-DK-1512-2.jpg\" alt=\"DK 1512 Demon Slayer Butterfly Blade With 782 Pieces\" width=\"800\" height=\"800\" title=\"-\" srcset=\"https:\/\/mouldking.store\/wp-content\/uploads\/2022\/11\/Demon-Slayer-Butterfly-Blade-DK-1512-2.jpg 800w, https:\/\/mouldking.store\/wp-content\/uploads\/2022\/11\/Demon-Slayer-Butterfly-Blade-DK-1512-2-300x300.jpg 300w, https:\/\/mouldking.store\/wp-content\/uploads\/2022\/11\/Demon-Slayer-Butterfly-Blade-DK-1512-2-768x768.jpg 768w, https:\/\/mouldking.store\/wp-content\/uploads\/2022\/11\/Demon-Slayer-Butterfly-Blade-DK-1512-2-600x600.jpg 600w, https:\/\/mouldking.store\/wp-content\/uploads\/2022\/11\/Demon-Slayer-Butterfly-Blade-DK-1512-2-150x150.jpg 150w, https:\/\/mouldking.store\/wp-content\/uploads\/2022\/11\/Demon-Slayer-Butterfly-Blade-DK-1512-2-60x60.jpg 60w, https:\/\/mouldking.store\/wp-content\/uploads\/2022\/11\/Demon-Slayer-Butterfly-Blade-DK-1512-2-90x90.jpg 90w\" sizes=\"(max-width: 800px) 100vw, 800px\" \/><figcaption id=\"caption-attachment-35768\" class=\"wp-caption-text\">DK 1512 Demon Slayer sommerfuglblad med 782 deler<\/figcaption><\/figure>\n<figure id=\"attachment_35769\" aria-describedby=\"caption-attachment-35769\" style=\"width: 800px\" class=\"wp-caption aligncenter\"><img decoding=\"async\" class=\"wp-image-35769 size-full\" src=\"https:\/\/mouldking.store\/wp-content\/uploads\/2022\/11\/Demon-Slayer-Butterfly-Blade-DK-1512-1.jpg\" alt=\"DK 1512 Demon Slayer Butterfly Blade With 782 Pieces\" width=\"800\" height=\"800\" title=\"-\" srcset=\"https:\/\/mouldking.store\/wp-content\/uploads\/2022\/11\/Demon-Slayer-Butterfly-Blade-DK-1512-1.jpg 800w, https:\/\/mouldking.store\/wp-content\/uploads\/2022\/11\/Demon-Slayer-Butterfly-Blade-DK-1512-1-300x300.jpg 300w, https:\/\/mouldking.store\/wp-content\/uploads\/2022\/11\/Demon-Slayer-Butterfly-Blade-DK-1512-1-768x768.jpg 768w, https:\/\/mouldking.store\/wp-content\/uploads\/2022\/11\/Demon-Slayer-Butterfly-Blade-DK-1512-1-600x600.jpg 600w, https:\/\/mouldking.store\/wp-content\/uploads\/2022\/11\/Demon-Slayer-Butterfly-Blade-DK-1512-1-150x150.jpg 150w, https:\/\/mouldking.store\/wp-content\/uploads\/2022\/11\/Demon-Slayer-Butterfly-Blade-DK-1512-1-60x60.jpg 60w, https:\/\/mouldking.store\/wp-content\/uploads\/2022\/11\/Demon-Slayer-Butterfly-Blade-DK-1512-1-90x90.jpg 90w\" sizes=\"(max-width: 800px) 100vw, 800px\" \/><figcaption id=\"caption-attachment-35769\" class=\"wp-caption-text\">DK 1512 Demon Slayer sommerfuglblad med 782 deler<\/figcaption><\/figure>","protected":false},"excerpt":{"rendered":"<p>Product information: Brand: DK Gender: Unisex Name: Demon Slayer Butterfly Blade Age Range: &gt; 6 years old Model Number: 1512 Classification: Assemblage Plastic Block Shape: Self-Locking Bricks Material: Plastic Plastic Type: ABS Bricks Blocks:782 PCS Size: 97.6 x 13 cm Contains detailed assembly instructions. Notice: 1. Without an original box, but we guarantee our products [&hellip;]<\/p>","protected":false},"featured_media":35767,"comment_status":"closed","ping_status":"closed","template":"","meta":{"_acf_changed":false},"product_cat":[1408],"product_tag":[7925,7926,2977,7927,2914,7928,7929,7924],"class_list":["product","first","instock","shipping-taxable","purchasable","product-type-simple"],"acf":[],"_links":{"self":[{"href":"https:\/\/mouldking.store\/nb\/wp-json\/wp\/v2\/product\/35766","targetHints":{"allow":["GET"]}}],"collection":[{"href":"https:\/\/mouldking.store\/nb\/wp-json\/wp\/v2\/product"}],"about":[{"href":"https:\/\/mouldking.store\/nb\/wp-json\/wp\/v2\/types\/product"}],"replies":[{"embeddable":true,"href":"https:\/\/mouldking.store\/nb\/wp-json\/wp\/v2\/comments?post=35766"}],"wp:featuredmedia":[{"embeddable":true,"href":"https:\/\/mouldking.store\/nb\/wp-json\/wp\/v2\/media\/35767"}],"wp:attachment":[{"href":"https:\/\/mouldking.store\/nb\/wp-json\/wp\/v2\/media?parent=35766"}],"wp:term":[{"taxonomy":"product_cat","embeddable":true,"href":"https:\/\/mouldking.store\/nb\/wp-json\/wp\/v2\/product_cat?post=35766"},{"taxonomy":"product_tag","embeddable":true,"href":"https:\/\/mouldking.store\/nb\/wp-json\/wp\/v2\/product_tag?post=35766"}],"curies":[{"name":"wp","href":"https:\/\/api.w.org\/{rel}","templated":true}]}}