{"id":35783,"date":"2022-11-22T15:06:01","date_gmt":"2022-11-22T08:06:01","guid":{"rendered":"https:\/\/mouldking.store\/?post_type=product&#038;p=35783"},"modified":"2022-11-22T15:06:01","modified_gmt":"2022-11-22T08:06:01","slug":"mould-king-13083-pirates-seagull-ship-with-1288-pieces","status":"publish","type":"product","link":"https:\/\/mouldking.store\/nb\/shop\/mould-king-13083-pirates-seagull-ship-with-1288-pieces\/","title":{"rendered":"M\u00d8PEKONGE 13083 Pirater M\u00e5keskip Med 1288 Stykker"},"content":{"rendered":"<p>Produktinformasjon:<\/p>\n<ol>\n<li>Merke: Mold King<\/li>\n<li>Kj\u00f8nn: Unisex<\/li>\n<li>Navn: Pirates m\u00e5keskip<\/li>\n<li>Aldersgruppe: &gt; 6 \u00e5r gammel<\/li>\n<li>Modellnummer: 13083<\/li>\n<li>Klassifisering: Montering<\/li>\n<li>Plastblokkform: Selvl\u00e5sende murstein<\/li>\n<li>Materiale: Plast<\/li>\n<li>Plasttype: ABS<\/li>\n<li>Mursteinblokker:1288 STK<\/li>\n<li>St\u00f8rrelse: 43,7 \u00d7 25,7 \u00d7 40,9 cm<\/li>\n<li>Inneholder detaljerte monteringsanvisninger.<\/li>\n<\/ol>\n<p>Legge merke til:<br \/>\n1. Uten original eske, men vi garanterer at v\u00e5re produkter har kvalitetssikring og pen emballasje.<br \/>\n2. Som alle delene vi har sjekket f\u00f8r frakt, s\u00e5 hvis du finner noen deler savnet eller skadet, ikke bekymre deg og bare kontakt oss, s\u00e5 kan vi sende dem til deg p\u00e5 nytt umiddelbart gratis.<\/p>\n<figure id=\"attachment_35784\" aria-describedby=\"caption-attachment-35784\" style=\"width: 800px\" class=\"wp-caption aligncenter\"><img fetchpriority=\"high\" decoding=\"async\" class=\"wp-image-35784 size-full\" src=\"https:\/\/mouldking.store\/wp-content\/uploads\/2022\/11\/Pirates-Seagull-Ship-MOULD-KING-13083-5.jpg\" alt=\"MOULD KING 13083 Pirates Seagull Ship With 1288 Pieces\" width=\"800\" height=\"800\" title=\"-\" srcset=\"https:\/\/mouldking.store\/wp-content\/uploads\/2022\/11\/Pirates-Seagull-Ship-MOULD-KING-13083-5.jpg 800w, https:\/\/mouldking.store\/wp-content\/uploads\/2022\/11\/Pirates-Seagull-Ship-MOULD-KING-13083-5-300x300.jpg 300w, https:\/\/mouldking.store\/wp-content\/uploads\/2022\/11\/Pirates-Seagull-Ship-MOULD-KING-13083-5-768x768.jpg 768w, https:\/\/mouldking.store\/wp-content\/uploads\/2022\/11\/Pirates-Seagull-Ship-MOULD-KING-13083-5-600x600.jpg 600w, https:\/\/mouldking.store\/wp-content\/uploads\/2022\/11\/Pirates-Seagull-Ship-MOULD-KING-13083-5-150x150.jpg 150w, https:\/\/mouldking.store\/wp-content\/uploads\/2022\/11\/Pirates-Seagull-Ship-MOULD-KING-13083-5-60x60.jpg 60w, https:\/\/mouldking.store\/wp-content\/uploads\/2022\/11\/Pirates-Seagull-Ship-MOULD-KING-13083-5-90x90.jpg 90w\" sizes=\"(max-width: 800px) 100vw, 800px\" \/><figcaption id=\"caption-attachment-35784\" class=\"wp-caption-text\">M\u00d8PEKONGE 13083 Pirater M\u00e5keskip Med 1288 Stykker<\/figcaption><\/figure>\n<figure id=\"attachment_35785\" aria-describedby=\"caption-attachment-35785\" style=\"width: 800px\" class=\"wp-caption aligncenter\"><img decoding=\"async\" class=\"wp-image-35785 size-full\" src=\"https:\/\/mouldking.store\/wp-content\/uploads\/2022\/11\/Pirates-Seagull-Ship-MOULD-KING-13083-4.jpg\" alt=\"MOULD KING 13083 Pirates Seagull Ship With 1288 Pieces\" width=\"800\" height=\"800\" title=\"-\" srcset=\"https:\/\/mouldking.store\/wp-content\/uploads\/2022\/11\/Pirates-Seagull-Ship-MOULD-KING-13083-4.jpg 800w, https:\/\/mouldking.store\/wp-content\/uploads\/2022\/11\/Pirates-Seagull-Ship-MOULD-KING-13083-4-300x300.jpg 300w, https:\/\/mouldking.store\/wp-content\/uploads\/2022\/11\/Pirates-Seagull-Ship-MOULD-KING-13083-4-768x768.jpg 768w, https:\/\/mouldking.store\/wp-content\/uploads\/2022\/11\/Pirates-Seagull-Ship-MOULD-KING-13083-4-600x600.jpg 600w, https:\/\/mouldking.store\/wp-content\/uploads\/2022\/11\/Pirates-Seagull-Ship-MOULD-KING-13083-4-150x150.jpg 150w, https:\/\/mouldking.store\/wp-content\/uploads\/2022\/11\/Pirates-Seagull-Ship-MOULD-KING-13083-4-60x60.jpg 60w, https:\/\/mouldking.store\/wp-content\/uploads\/2022\/11\/Pirates-Seagull-Ship-MOULD-KING-13083-4-90x90.jpg 90w\" sizes=\"(max-width: 800px) 100vw, 800px\" \/><figcaption id=\"caption-attachment-35785\" class=\"wp-caption-text\">M\u00d8PEKONGE 13083 Pirater M\u00e5keskip Med 1288 Stykker<\/figcaption><\/figure>\n<figure id=\"attachment_35786\" aria-describedby=\"caption-attachment-35786\" style=\"width: 800px\" class=\"wp-caption aligncenter\"><img decoding=\"async\" class=\"wp-image-35786 size-full\" src=\"https:\/\/mouldking.store\/wp-content\/uploads\/2022\/11\/Pirates-Seagull-Ship-MOULD-KING-13083-3.jpg\" alt=\"MOULD KING 13083 Pirates Seagull Ship With 1288 Pieces\" width=\"800\" height=\"800\" title=\"-\" srcset=\"https:\/\/mouldking.store\/wp-content\/uploads\/2022\/11\/Pirates-Seagull-Ship-MOULD-KING-13083-3.jpg 800w, https:\/\/mouldking.store\/wp-content\/uploads\/2022\/11\/Pirates-Seagull-Ship-MOULD-KING-13083-3-300x300.jpg 300w, https:\/\/mouldking.store\/wp-content\/uploads\/2022\/11\/Pirates-Seagull-Ship-MOULD-KING-13083-3-768x768.jpg 768w, https:\/\/mouldking.store\/wp-content\/uploads\/2022\/11\/Pirates-Seagull-Ship-MOULD-KING-13083-3-600x600.jpg 600w, https:\/\/mouldking.store\/wp-content\/uploads\/2022\/11\/Pirates-Seagull-Ship-MOULD-KING-13083-3-150x150.jpg 150w, https:\/\/mouldking.store\/wp-content\/uploads\/2022\/11\/Pirates-Seagull-Ship-MOULD-KING-13083-3-60x60.jpg 60w, https:\/\/mouldking.store\/wp-content\/uploads\/2022\/11\/Pirates-Seagull-Ship-MOULD-KING-13083-3-90x90.jpg 90w\" sizes=\"(max-width: 800px) 100vw, 800px\" \/><figcaption id=\"caption-attachment-35786\" class=\"wp-caption-text\">M\u00d8PEKONGE 13083 Pirater M\u00e5keskip Med 1288 Stykker<\/figcaption><\/figure>\n<figure id=\"attachment_35787\" aria-describedby=\"caption-attachment-35787\" style=\"width: 800px\" class=\"wp-caption aligncenter\"><img loading=\"lazy\" decoding=\"async\" class=\"wp-image-35787 size-full\" src=\"https:\/\/mouldking.store\/wp-content\/uploads\/2022\/11\/Pirates-Seagull-Ship-MOULD-KING-13083-2.jpg\" alt=\"MOULD KING 13083 Pirates Seagull Ship With 1288 Pieces\" width=\"800\" height=\"800\" title=\"-\" srcset=\"https:\/\/mouldking.store\/wp-content\/uploads\/2022\/11\/Pirates-Seagull-Ship-MOULD-KING-13083-2.jpg 800w, https:\/\/mouldking.store\/wp-content\/uploads\/2022\/11\/Pirates-Seagull-Ship-MOULD-KING-13083-2-300x300.jpg 300w, https:\/\/mouldking.store\/wp-content\/uploads\/2022\/11\/Pirates-Seagull-Ship-MOULD-KING-13083-2-768x768.jpg 768w, https:\/\/mouldking.store\/wp-content\/uploads\/2022\/11\/Pirates-Seagull-Ship-MOULD-KING-13083-2-600x600.jpg 600w, https:\/\/mouldking.store\/wp-content\/uploads\/2022\/11\/Pirates-Seagull-Ship-MOULD-KING-13083-2-150x150.jpg 150w, https:\/\/mouldking.store\/wp-content\/uploads\/2022\/11\/Pirates-Seagull-Ship-MOULD-KING-13083-2-60x60.jpg 60w, https:\/\/mouldking.store\/wp-content\/uploads\/2022\/11\/Pirates-Seagull-Ship-MOULD-KING-13083-2-90x90.jpg 90w\" sizes=\"(max-width: 800px) 100vw, 800px\" \/><figcaption id=\"caption-attachment-35787\" class=\"wp-caption-text\">M\u00d8PEKONGE 13083 Pirater M\u00e5keskip Med 1288 Stykker<\/figcaption><\/figure>\n<figure id=\"attachment_35788\" aria-describedby=\"caption-attachment-35788\" style=\"width: 800px\" class=\"wp-caption aligncenter\"><img loading=\"lazy\" decoding=\"async\" class=\"wp-image-35788 size-full\" src=\"https:\/\/mouldking.store\/wp-content\/uploads\/2022\/11\/Pirates-Seagull-Ship-MOULD-KING-13083-1.jpg\" alt=\"MOULD KING 13083 Pirates Seagull Ship With 1288 Pieces\" width=\"800\" height=\"800\" title=\"-\" srcset=\"https:\/\/mouldking.store\/wp-content\/uploads\/2022\/11\/Pirates-Seagull-Ship-MOULD-KING-13083-1.jpg 800w, https:\/\/mouldking.store\/wp-content\/uploads\/2022\/11\/Pirates-Seagull-Ship-MOULD-KING-13083-1-300x300.jpg 300w, https:\/\/mouldking.store\/wp-content\/uploads\/2022\/11\/Pirates-Seagull-Ship-MOULD-KING-13083-1-768x768.jpg 768w, https:\/\/mouldking.store\/wp-content\/uploads\/2022\/11\/Pirates-Seagull-Ship-MOULD-KING-13083-1-600x600.jpg 600w, https:\/\/mouldking.store\/wp-content\/uploads\/2022\/11\/Pirates-Seagull-Ship-MOULD-KING-13083-1-150x150.jpg 150w, https:\/\/mouldking.store\/wp-content\/uploads\/2022\/11\/Pirates-Seagull-Ship-MOULD-KING-13083-1-60x60.jpg 60w, https:\/\/mouldking.store\/wp-content\/uploads\/2022\/11\/Pirates-Seagull-Ship-MOULD-KING-13083-1-90x90.jpg 90w\" sizes=\"(max-width: 800px) 100vw, 800px\" \/><figcaption id=\"caption-attachment-35788\" class=\"wp-caption-text\">M\u00d8PEKONGE 13083 Pirater M\u00e5keskip Med 1288 Stykker<\/figcaption><\/figure>","protected":false},"excerpt":{"rendered":"<p>Product information: Brand: Mould King Gender: Unisex Name: Pirates Seagull Ship Age Range: &gt; 6 years old Model Number: 13083 Classification: Assemblage Plastic Block Shape: Self-Locking Bricks Material: Plastic Plastic Type: ABS Bricks Blocks:1288 PCS Size: 43.7 \u00d7 25.7 \u00d7 40.9 cm Contains detailed assembly instructions. Notice: 1. Without an original box, but we guarantee [&hellip;]<\/p>","protected":false},"featured_media":35784,"comment_status":"closed","ping_status":"closed","template":"","meta":{"_acf_changed":false},"product_cat":[1365],"product_tag":[7948,615,7951,7952,7947,2429,7950,7949,304],"class_list":["product","first","instock","shipping-taxable","purchasable","product-type-simple"],"acf":[],"_links":{"self":[{"href":"https:\/\/mouldking.store\/nb\/wp-json\/wp\/v2\/product\/35783","targetHints":{"allow":["GET"]}}],"collection":[{"href":"https:\/\/mouldking.store\/nb\/wp-json\/wp\/v2\/product"}],"about":[{"href":"https:\/\/mouldking.store\/nb\/wp-json\/wp\/v2\/types\/product"}],"replies":[{"embeddable":true,"href":"https:\/\/mouldking.store\/nb\/wp-json\/wp\/v2\/comments?post=35783"}],"wp:featuredmedia":[{"embeddable":true,"href":"https:\/\/mouldking.store\/nb\/wp-json\/wp\/v2\/media\/35784"}],"wp:attachment":[{"href":"https:\/\/mouldking.store\/nb\/wp-json\/wp\/v2\/media?parent=35783"}],"wp:term":[{"taxonomy":"product_cat","embeddable":true,"href":"https:\/\/mouldking.store\/nb\/wp-json\/wp\/v2\/product_cat?post=35783"},{"taxonomy":"product_tag","embeddable":true,"href":"https:\/\/mouldking.store\/nb\/wp-json\/wp\/v2\/product_tag?post=35783"}],"curies":[{"name":"wp","href":"https:\/\/api.w.org\/{rel}","templated":true}]}}