{"id":35789,"date":"2022-11-22T15:30:59","date_gmt":"2022-11-22T08:30:59","guid":{"rendered":"https:\/\/mouldking.store\/?post_type=product&#038;p=35789"},"modified":"2022-11-22T15:31:00","modified_gmt":"2022-11-22T08:31:00","slug":"mji-13005-blue-dragon-vise-rion-with-1186-pieces","status":"publish","type":"product","link":"https:\/\/mouldking.store\/nb\/shop\/mji-13005-blue-dragon-vise-rion-with-1186-pieces\/","title":{"rendered":"MJI 13005 Blue Dragon Vise Rion med 1186 stk"},"content":{"rendered":"<p>Produktinformasjon:<\/p>\n<ol>\n<li>Brand: MJI<\/li>\n<li>Kj\u00f8nn: Unisex<\/li>\n<li>Name: Blue Dragon Vise Rion<\/li>\n<li>Aldersgruppe: &gt; 6 \u00e5r gammel<\/li>\n<li>Model Number: 13005<\/li>\n<li>Klassifisering: Montering<\/li>\n<li>Plastblokkform: Selvl\u00e5sende murstein<\/li>\n<li>Materiale: Plast<\/li>\n<li>Plasttype: ABS<\/li>\n<li>Bricks Blocks:1186 PCS<\/li>\n<li>Size: 56 \u00d7 68 \u00d7 28 cm<\/li>\n<li>Inneholder detaljerte monteringsanvisninger.<\/li>\n<\/ol>\n<p>Legge merke til:<br \/>\n1. Uten original eske, men vi garanterer at v\u00e5re produkter har kvalitetssikring og pen emballasje.<br \/>\n2. Som alle delene vi har sjekket f\u00f8r frakt, s\u00e5 hvis du finner noen deler savnet eller skadet, ikke bekymre deg og bare kontakt oss, s\u00e5 kan vi sende dem til deg p\u00e5 nytt umiddelbart gratis.<\/p>\n<figure id=\"attachment_35790\" aria-describedby=\"caption-attachment-35790\" style=\"width: 800px\" class=\"wp-caption aligncenter\"><img fetchpriority=\"high\" decoding=\"async\" class=\"wp-image-35790 size-full\" src=\"https:\/\/mouldking.store\/wp-content\/uploads\/2022\/11\/Blue-Dragon-Vise-Rion-MJI-13005-8.jpg\" alt=\"MJI 13005 Blue Dragon Vise Rion With 1186 Pieces\" width=\"800\" height=\"800\" title=\"-\" srcset=\"https:\/\/mouldking.store\/wp-content\/uploads\/2022\/11\/Blue-Dragon-Vise-Rion-MJI-13005-8.jpg 800w, https:\/\/mouldking.store\/wp-content\/uploads\/2022\/11\/Blue-Dragon-Vise-Rion-MJI-13005-8-300x300.jpg 300w, https:\/\/mouldking.store\/wp-content\/uploads\/2022\/11\/Blue-Dragon-Vise-Rion-MJI-13005-8-768x768.jpg 768w, https:\/\/mouldking.store\/wp-content\/uploads\/2022\/11\/Blue-Dragon-Vise-Rion-MJI-13005-8-600x600.jpg 600w, https:\/\/mouldking.store\/wp-content\/uploads\/2022\/11\/Blue-Dragon-Vise-Rion-MJI-13005-8-150x150.jpg 150w, https:\/\/mouldking.store\/wp-content\/uploads\/2022\/11\/Blue-Dragon-Vise-Rion-MJI-13005-8-60x60.jpg 60w, https:\/\/mouldking.store\/wp-content\/uploads\/2022\/11\/Blue-Dragon-Vise-Rion-MJI-13005-8-90x90.jpg 90w\" sizes=\"(max-width: 800px) 100vw, 800px\" \/><figcaption id=\"caption-attachment-35790\" class=\"wp-caption-text\">MJI 13005 Blue Dragon Vise Rion med 1186 stk<\/figcaption><\/figure>\n<figure id=\"attachment_35791\" aria-describedby=\"caption-attachment-35791\" style=\"width: 800px\" class=\"wp-caption aligncenter\"><img decoding=\"async\" class=\"wp-image-35791 size-full\" src=\"https:\/\/mouldking.store\/wp-content\/uploads\/2022\/11\/Blue-Dragon-Vise-Rion-MJI-13005-7.jpg\" alt=\"MJI 13005 Blue Dragon Vise Rion With 1186 Pieces\" width=\"800\" height=\"800\" title=\"-\" srcset=\"https:\/\/mouldking.store\/wp-content\/uploads\/2022\/11\/Blue-Dragon-Vise-Rion-MJI-13005-7.jpg 800w, https:\/\/mouldking.store\/wp-content\/uploads\/2022\/11\/Blue-Dragon-Vise-Rion-MJI-13005-7-300x300.jpg 300w, https:\/\/mouldking.store\/wp-content\/uploads\/2022\/11\/Blue-Dragon-Vise-Rion-MJI-13005-7-768x768.jpg 768w, https:\/\/mouldking.store\/wp-content\/uploads\/2022\/11\/Blue-Dragon-Vise-Rion-MJI-13005-7-600x600.jpg 600w, https:\/\/mouldking.store\/wp-content\/uploads\/2022\/11\/Blue-Dragon-Vise-Rion-MJI-13005-7-150x150.jpg 150w, https:\/\/mouldking.store\/wp-content\/uploads\/2022\/11\/Blue-Dragon-Vise-Rion-MJI-13005-7-60x60.jpg 60w, https:\/\/mouldking.store\/wp-content\/uploads\/2022\/11\/Blue-Dragon-Vise-Rion-MJI-13005-7-90x90.jpg 90w\" sizes=\"(max-width: 800px) 100vw, 800px\" \/><figcaption id=\"caption-attachment-35791\" class=\"wp-caption-text\">MJI 13005 Blue Dragon Vise Rion med 1186 stk<\/figcaption><\/figure>\n<figure id=\"attachment_35792\" aria-describedby=\"caption-attachment-35792\" style=\"width: 800px\" class=\"wp-caption aligncenter\"><img decoding=\"async\" class=\"wp-image-35792 size-full\" src=\"https:\/\/mouldking.store\/wp-content\/uploads\/2022\/11\/Blue-Dragon-Vise-Rion-MJI-13005-6.jpg\" alt=\"MJI 13005 Blue Dragon Vise Rion With 1186 Pieces\" width=\"800\" height=\"800\" title=\"-\" srcset=\"https:\/\/mouldking.store\/wp-content\/uploads\/2022\/11\/Blue-Dragon-Vise-Rion-MJI-13005-6.jpg 800w, https:\/\/mouldking.store\/wp-content\/uploads\/2022\/11\/Blue-Dragon-Vise-Rion-MJI-13005-6-300x300.jpg 300w, https:\/\/mouldking.store\/wp-content\/uploads\/2022\/11\/Blue-Dragon-Vise-Rion-MJI-13005-6-768x768.jpg 768w, https:\/\/mouldking.store\/wp-content\/uploads\/2022\/11\/Blue-Dragon-Vise-Rion-MJI-13005-6-600x600.jpg 600w, https:\/\/mouldking.store\/wp-content\/uploads\/2022\/11\/Blue-Dragon-Vise-Rion-MJI-13005-6-150x150.jpg 150w, https:\/\/mouldking.store\/wp-content\/uploads\/2022\/11\/Blue-Dragon-Vise-Rion-MJI-13005-6-60x60.jpg 60w, https:\/\/mouldking.store\/wp-content\/uploads\/2022\/11\/Blue-Dragon-Vise-Rion-MJI-13005-6-90x90.jpg 90w\" sizes=\"(max-width: 800px) 100vw, 800px\" \/><figcaption id=\"caption-attachment-35792\" class=\"wp-caption-text\">MJI 13005 Blue Dragon Vise Rion med 1186 stk<\/figcaption><\/figure>\n<figure id=\"attachment_35793\" aria-describedby=\"caption-attachment-35793\" style=\"width: 800px\" class=\"wp-caption aligncenter\"><img loading=\"lazy\" decoding=\"async\" class=\"wp-image-35793 size-full\" src=\"https:\/\/mouldking.store\/wp-content\/uploads\/2022\/11\/Blue-Dragon-Vise-Rion-MJI-13005-5.jpg\" alt=\"MJI 13005 Blue Dragon Vise Rion With 1186 Pieces\" width=\"800\" height=\"800\" title=\"-\" srcset=\"https:\/\/mouldking.store\/wp-content\/uploads\/2022\/11\/Blue-Dragon-Vise-Rion-MJI-13005-5.jpg 800w, https:\/\/mouldking.store\/wp-content\/uploads\/2022\/11\/Blue-Dragon-Vise-Rion-MJI-13005-5-300x300.jpg 300w, https:\/\/mouldking.store\/wp-content\/uploads\/2022\/11\/Blue-Dragon-Vise-Rion-MJI-13005-5-768x768.jpg 768w, https:\/\/mouldking.store\/wp-content\/uploads\/2022\/11\/Blue-Dragon-Vise-Rion-MJI-13005-5-600x600.jpg 600w, https:\/\/mouldking.store\/wp-content\/uploads\/2022\/11\/Blue-Dragon-Vise-Rion-MJI-13005-5-150x150.jpg 150w, https:\/\/mouldking.store\/wp-content\/uploads\/2022\/11\/Blue-Dragon-Vise-Rion-MJI-13005-5-60x60.jpg 60w, https:\/\/mouldking.store\/wp-content\/uploads\/2022\/11\/Blue-Dragon-Vise-Rion-MJI-13005-5-90x90.jpg 90w\" sizes=\"(max-width: 800px) 100vw, 800px\" \/><figcaption id=\"caption-attachment-35793\" class=\"wp-caption-text\">MJI 13005 Blue Dragon Vise Rion med 1186 stk<\/figcaption><\/figure>\n<figure id=\"attachment_35794\" aria-describedby=\"caption-attachment-35794\" style=\"width: 800px\" class=\"wp-caption aligncenter\"><img loading=\"lazy\" decoding=\"async\" class=\"wp-image-35794 size-full\" src=\"https:\/\/mouldking.store\/wp-content\/uploads\/2022\/11\/Blue-Dragon-Vise-Rion-MJI-13005-4.jpg\" alt=\"MJI 13005 Blue Dragon Vise Rion With 1186 Pieces\" width=\"800\" height=\"800\" title=\"-\" srcset=\"https:\/\/mouldking.store\/wp-content\/uploads\/2022\/11\/Blue-Dragon-Vise-Rion-MJI-13005-4.jpg 800w, https:\/\/mouldking.store\/wp-content\/uploads\/2022\/11\/Blue-Dragon-Vise-Rion-MJI-13005-4-300x300.jpg 300w, https:\/\/mouldking.store\/wp-content\/uploads\/2022\/11\/Blue-Dragon-Vise-Rion-MJI-13005-4-768x768.jpg 768w, https:\/\/mouldking.store\/wp-content\/uploads\/2022\/11\/Blue-Dragon-Vise-Rion-MJI-13005-4-600x600.jpg 600w, https:\/\/mouldking.store\/wp-content\/uploads\/2022\/11\/Blue-Dragon-Vise-Rion-MJI-13005-4-150x150.jpg 150w, https:\/\/mouldking.store\/wp-content\/uploads\/2022\/11\/Blue-Dragon-Vise-Rion-MJI-13005-4-60x60.jpg 60w, https:\/\/mouldking.store\/wp-content\/uploads\/2022\/11\/Blue-Dragon-Vise-Rion-MJI-13005-4-90x90.jpg 90w\" sizes=\"(max-width: 800px) 100vw, 800px\" \/><figcaption id=\"caption-attachment-35794\" class=\"wp-caption-text\">MJI 13005 Blue Dragon Vise Rion med 1186 stk<\/figcaption><\/figure>\n<figure id=\"attachment_35795\" aria-describedby=\"caption-attachment-35795\" style=\"width: 800px\" class=\"wp-caption aligncenter\"><img loading=\"lazy\" decoding=\"async\" class=\"wp-image-35795 size-full\" src=\"https:\/\/mouldking.store\/wp-content\/uploads\/2022\/11\/Blue-Dragon-Vise-Rion-MJI-13005-3.jpg\" alt=\"MJI 13005 Blue Dragon Vise Rion With 1186 Pieces\" width=\"800\" height=\"800\" title=\"-\" srcset=\"https:\/\/mouldking.store\/wp-content\/uploads\/2022\/11\/Blue-Dragon-Vise-Rion-MJI-13005-3.jpg 800w, https:\/\/mouldking.store\/wp-content\/uploads\/2022\/11\/Blue-Dragon-Vise-Rion-MJI-13005-3-300x300.jpg 300w, https:\/\/mouldking.store\/wp-content\/uploads\/2022\/11\/Blue-Dragon-Vise-Rion-MJI-13005-3-768x768.jpg 768w, https:\/\/mouldking.store\/wp-content\/uploads\/2022\/11\/Blue-Dragon-Vise-Rion-MJI-13005-3-600x600.jpg 600w, https:\/\/mouldking.store\/wp-content\/uploads\/2022\/11\/Blue-Dragon-Vise-Rion-MJI-13005-3-150x150.jpg 150w, https:\/\/mouldking.store\/wp-content\/uploads\/2022\/11\/Blue-Dragon-Vise-Rion-MJI-13005-3-60x60.jpg 60w, https:\/\/mouldking.store\/wp-content\/uploads\/2022\/11\/Blue-Dragon-Vise-Rion-MJI-13005-3-90x90.jpg 90w\" sizes=\"(max-width: 800px) 100vw, 800px\" \/><figcaption id=\"caption-attachment-35795\" class=\"wp-caption-text\">MJI 13005 Blue Dragon Vise Rion med 1186 stk<\/figcaption><\/figure>\n<figure id=\"attachment_35796\" aria-describedby=\"caption-attachment-35796\" style=\"width: 800px\" class=\"wp-caption aligncenter\"><img loading=\"lazy\" decoding=\"async\" class=\"wp-image-35796 size-full\" src=\"https:\/\/mouldking.store\/wp-content\/uploads\/2022\/11\/Blue-Dragon-Vise-Rion-MJI-13005-2.jpg\" alt=\"MJI 13005 Blue Dragon Vise Rion With 1186 Pieces\" width=\"800\" height=\"800\" title=\"-\" srcset=\"https:\/\/mouldking.store\/wp-content\/uploads\/2022\/11\/Blue-Dragon-Vise-Rion-MJI-13005-2.jpg 800w, https:\/\/mouldking.store\/wp-content\/uploads\/2022\/11\/Blue-Dragon-Vise-Rion-MJI-13005-2-300x300.jpg 300w, https:\/\/mouldking.store\/wp-content\/uploads\/2022\/11\/Blue-Dragon-Vise-Rion-MJI-13005-2-768x768.jpg 768w, https:\/\/mouldking.store\/wp-content\/uploads\/2022\/11\/Blue-Dragon-Vise-Rion-MJI-13005-2-600x600.jpg 600w, https:\/\/mouldking.store\/wp-content\/uploads\/2022\/11\/Blue-Dragon-Vise-Rion-MJI-13005-2-150x150.jpg 150w, https:\/\/mouldking.store\/wp-content\/uploads\/2022\/11\/Blue-Dragon-Vise-Rion-MJI-13005-2-60x60.jpg 60w, https:\/\/mouldking.store\/wp-content\/uploads\/2022\/11\/Blue-Dragon-Vise-Rion-MJI-13005-2-90x90.jpg 90w\" sizes=\"(max-width: 800px) 100vw, 800px\" \/><figcaption id=\"caption-attachment-35796\" class=\"wp-caption-text\">MJI 13005 Blue Dragon Vise Rion med 1186 stk<\/figcaption><\/figure>\n<figure id=\"attachment_35797\" aria-describedby=\"caption-attachment-35797\" style=\"width: 800px\" class=\"wp-caption aligncenter\"><img loading=\"lazy\" decoding=\"async\" class=\"wp-image-35797 size-full\" src=\"https:\/\/mouldking.store\/wp-content\/uploads\/2022\/11\/Blue-Dragon-Vise-Rion-MJI-13005-1.jpg\" alt=\"MJI 13005 Blue Dragon Vise Rion With 1186 Pieces\" width=\"800\" height=\"800\" title=\"-\" srcset=\"https:\/\/mouldking.store\/wp-content\/uploads\/2022\/11\/Blue-Dragon-Vise-Rion-MJI-13005-1.jpg 800w, https:\/\/mouldking.store\/wp-content\/uploads\/2022\/11\/Blue-Dragon-Vise-Rion-MJI-13005-1-300x300.jpg 300w, https:\/\/mouldking.store\/wp-content\/uploads\/2022\/11\/Blue-Dragon-Vise-Rion-MJI-13005-1-768x768.jpg 768w, https:\/\/mouldking.store\/wp-content\/uploads\/2022\/11\/Blue-Dragon-Vise-Rion-MJI-13005-1-600x600.jpg 600w, https:\/\/mouldking.store\/wp-content\/uploads\/2022\/11\/Blue-Dragon-Vise-Rion-MJI-13005-1-150x150.jpg 150w, https:\/\/mouldking.store\/wp-content\/uploads\/2022\/11\/Blue-Dragon-Vise-Rion-MJI-13005-1-60x60.jpg 60w, https:\/\/mouldking.store\/wp-content\/uploads\/2022\/11\/Blue-Dragon-Vise-Rion-MJI-13005-1-90x90.jpg 90w\" sizes=\"(max-width: 800px) 100vw, 800px\" \/><figcaption id=\"caption-attachment-35797\" class=\"wp-caption-text\">MJI 13005 Blue Dragon Vise Rion med 1186 stk<\/figcaption><\/figure>","protected":false},"excerpt":{"rendered":"<p>Product information: Brand: MJI Gender: Unisex Name: Blue Dragon Vise Rion Age Range: &gt; 6 years old Model Number: 13005 Classification: Assemblage Plastic Block Shape: Self-Locking Bricks Material: Plastic Plastic Type: ABS Bricks Blocks:1186 PCS Size: 56 \u00d7 68 \u00d7 28 cm Contains detailed assembly instructions. Notice: 1. Without an original box, but we guarantee [&hellip;]<\/p>","protected":false},"featured_media":35790,"comment_status":"closed","ping_status":"closed","template":"","meta":{"_acf_changed":false},"product_cat":[1365],"product_tag":[7954,7955,7958,1771,7777,7957,7959,7953,7956],"class_list":["product","first","instock","shipping-taxable","purchasable","product-type-simple"],"acf":[],"_links":{"self":[{"href":"https:\/\/mouldking.store\/nb\/wp-json\/wp\/v2\/product\/35789","targetHints":{"allow":["GET"]}}],"collection":[{"href":"https:\/\/mouldking.store\/nb\/wp-json\/wp\/v2\/product"}],"about":[{"href":"https:\/\/mouldking.store\/nb\/wp-json\/wp\/v2\/types\/product"}],"replies":[{"embeddable":true,"href":"https:\/\/mouldking.store\/nb\/wp-json\/wp\/v2\/comments?post=35789"}],"wp:featuredmedia":[{"embeddable":true,"href":"https:\/\/mouldking.store\/nb\/wp-json\/wp\/v2\/media\/35790"}],"wp:attachment":[{"href":"https:\/\/mouldking.store\/nb\/wp-json\/wp\/v2\/media?parent=35789"}],"wp:term":[{"taxonomy":"product_cat","embeddable":true,"href":"https:\/\/mouldking.store\/nb\/wp-json\/wp\/v2\/product_cat?post=35789"},{"taxonomy":"product_tag","embeddable":true,"href":"https:\/\/mouldking.store\/nb\/wp-json\/wp\/v2\/product_tag?post=35789"}],"curies":[{"name":"wp","href":"https:\/\/api.w.org\/{rel}","templated":true}]}}