{"id":35798,"date":"2022-11-22T15:47:33","date_gmt":"2022-11-22T08:47:33","guid":{"rendered":"https:\/\/mouldking.store\/?post_type=product&#038;p=35798"},"modified":"2022-11-22T15:47:33","modified_gmt":"2022-11-22T08:47:33","slug":"zhegao-01016-mushroom-house-with-2233-pieces","status":"publish","type":"product","link":"https:\/\/mouldking.store\/nb\/shop\/zhegao-01016-mushroom-house-with-2233-pieces\/","title":{"rendered":"ZHEGAO 01016 Sopphus med 2233 stk"},"content":{"rendered":"<p>Produktinformasjon:<\/p>\n<ol>\n<li>Merke: ZHEGAO<\/li>\n<li>Kj\u00f8nn: Unisex<\/li>\n<li>Name: Mushroom House<\/li>\n<li>Aldersgruppe: &gt; 6 \u00e5r gammel<\/li>\n<li>Model Number: 01016<\/li>\n<li>Klassifisering: Montering<\/li>\n<li>Plastblokkform: Selvl\u00e5sende murstein<\/li>\n<li>Materiale: Plast<\/li>\n<li>Plasttype: ABS<\/li>\n<li>Bricks Blocks:2233 PCS<\/li>\n<li>Size: 24.5 x 25.5 x15.5 cm<\/li>\n<li>Inneholder detaljerte monteringsanvisninger.<\/li>\n<\/ol>\n<p>Legge merke til:<br \/>\n1. Uten original eske, men vi garanterer at v\u00e5re produkter har kvalitetssikring og pen emballasje.<br \/>\n2. Som alle delene vi har sjekket f\u00f8r frakt, s\u00e5 hvis du finner noen deler savnet eller skadet, ikke bekymre deg og bare kontakt oss, s\u00e5 kan vi sende dem til deg p\u00e5 nytt umiddelbart gratis.<\/p>\n<figure id=\"attachment_35807\" aria-describedby=\"caption-attachment-35807\" style=\"width: 800px\" class=\"wp-caption aligncenter\"><img fetchpriority=\"high\" decoding=\"async\" class=\"wp-image-35807 size-full\" src=\"https:\/\/mouldking.store\/wp-content\/uploads\/2022\/11\/Mushroom-House-ZHEGAO-01016-3.jpg\" alt=\"ZHEGAO 01016 Mushroom House With 2233 Pieces\" width=\"800\" height=\"800\" title=\"-\" srcset=\"https:\/\/mouldking.store\/wp-content\/uploads\/2022\/11\/Mushroom-House-ZHEGAO-01016-3.jpg 800w, https:\/\/mouldking.store\/wp-content\/uploads\/2022\/11\/Mushroom-House-ZHEGAO-01016-3-300x300.jpg 300w, https:\/\/mouldking.store\/wp-content\/uploads\/2022\/11\/Mushroom-House-ZHEGAO-01016-3-768x768.jpg 768w, https:\/\/mouldking.store\/wp-content\/uploads\/2022\/11\/Mushroom-House-ZHEGAO-01016-3-600x600.jpg 600w, https:\/\/mouldking.store\/wp-content\/uploads\/2022\/11\/Mushroom-House-ZHEGAO-01016-3-150x150.jpg 150w, https:\/\/mouldking.store\/wp-content\/uploads\/2022\/11\/Mushroom-House-ZHEGAO-01016-3-60x60.jpg 60w, https:\/\/mouldking.store\/wp-content\/uploads\/2022\/11\/Mushroom-House-ZHEGAO-01016-3-90x90.jpg 90w\" sizes=\"(max-width: 800px) 100vw, 800px\" \/><figcaption id=\"caption-attachment-35807\" class=\"wp-caption-text\">ZHEGAO 01016 Sopphus med 2233 stk<\/figcaption><\/figure>\n<figure id=\"attachment_35808\" aria-describedby=\"caption-attachment-35808\" style=\"width: 800px\" class=\"wp-caption aligncenter\"><img decoding=\"async\" class=\"wp-image-35808 size-full\" src=\"https:\/\/mouldking.store\/wp-content\/uploads\/2022\/11\/Mushroom-House-ZHEGAO-01016-2.jpg\" alt=\"ZHEGAO 01016 Mushroom House With 2233 Pieces\" width=\"800\" height=\"800\" title=\"-\" srcset=\"https:\/\/mouldking.store\/wp-content\/uploads\/2022\/11\/Mushroom-House-ZHEGAO-01016-2.jpg 800w, https:\/\/mouldking.store\/wp-content\/uploads\/2022\/11\/Mushroom-House-ZHEGAO-01016-2-300x300.jpg 300w, https:\/\/mouldking.store\/wp-content\/uploads\/2022\/11\/Mushroom-House-ZHEGAO-01016-2-768x768.jpg 768w, https:\/\/mouldking.store\/wp-content\/uploads\/2022\/11\/Mushroom-House-ZHEGAO-01016-2-600x600.jpg 600w, https:\/\/mouldking.store\/wp-content\/uploads\/2022\/11\/Mushroom-House-ZHEGAO-01016-2-150x150.jpg 150w, https:\/\/mouldking.store\/wp-content\/uploads\/2022\/11\/Mushroom-House-ZHEGAO-01016-2-60x60.jpg 60w, https:\/\/mouldking.store\/wp-content\/uploads\/2022\/11\/Mushroom-House-ZHEGAO-01016-2-90x90.jpg 90w\" sizes=\"(max-width: 800px) 100vw, 800px\" \/><figcaption id=\"caption-attachment-35808\" class=\"wp-caption-text\">ZHEGAO 01016 Sopphus med 2233 stk<\/figcaption><\/figure>\n<figure id=\"attachment_35809\" aria-describedby=\"caption-attachment-35809\" style=\"width: 800px\" class=\"wp-caption aligncenter\"><img decoding=\"async\" class=\"wp-image-35809 size-full\" src=\"https:\/\/mouldking.store\/wp-content\/uploads\/2022\/11\/Mushroom-House-ZHEGAO-01016-1.jpg\" alt=\"ZHEGAO 01016 Mushroom House With 2233 Pieces\" width=\"800\" height=\"800\" title=\"-\" srcset=\"https:\/\/mouldking.store\/wp-content\/uploads\/2022\/11\/Mushroom-House-ZHEGAO-01016-1.jpg 800w, https:\/\/mouldking.store\/wp-content\/uploads\/2022\/11\/Mushroom-House-ZHEGAO-01016-1-300x300.jpg 300w, https:\/\/mouldking.store\/wp-content\/uploads\/2022\/11\/Mushroom-House-ZHEGAO-01016-1-768x768.jpg 768w, https:\/\/mouldking.store\/wp-content\/uploads\/2022\/11\/Mushroom-House-ZHEGAO-01016-1-600x600.jpg 600w, https:\/\/mouldking.store\/wp-content\/uploads\/2022\/11\/Mushroom-House-ZHEGAO-01016-1-150x150.jpg 150w, https:\/\/mouldking.store\/wp-content\/uploads\/2022\/11\/Mushroom-House-ZHEGAO-01016-1-60x60.jpg 60w, https:\/\/mouldking.store\/wp-content\/uploads\/2022\/11\/Mushroom-House-ZHEGAO-01016-1-90x90.jpg 90w\" sizes=\"(max-width: 800px) 100vw, 800px\" \/><figcaption id=\"caption-attachment-35809\" class=\"wp-caption-text\">ZHEGAO 01016 Sopphus med 2233 stk<\/figcaption><\/figure>\n<p>&nbsp;<\/p>","protected":false},"excerpt":{"rendered":"<p>Product information: Brand: ZHEGAO Gender: Unisex Name: Mushroom House Age Range: &gt; 6 years old Model Number: 01016 Classification: Assemblage Plastic Block Shape: Self-Locking Bricks Material: Plastic Plastic Type: ABS Bricks Blocks:2233 PCS Size: 24.5 x 25.5 x15.5 cm Contains detailed assembly instructions. Notice: 1. Without an original box, but we guarantee our products have [&hellip;]<\/p>","protected":false},"featured_media":35807,"comment_status":"closed","ping_status":"closed","template":"","meta":{"_acf_changed":false},"product_cat":[1365],"product_tag":[7961,2318,7962,3573,1698,7963,7964,7960],"class_list":["product","first","instock","shipping-taxable","purchasable","product-type-simple"],"acf":[],"_links":{"self":[{"href":"https:\/\/mouldking.store\/nb\/wp-json\/wp\/v2\/product\/35798","targetHints":{"allow":["GET"]}}],"collection":[{"href":"https:\/\/mouldking.store\/nb\/wp-json\/wp\/v2\/product"}],"about":[{"href":"https:\/\/mouldking.store\/nb\/wp-json\/wp\/v2\/types\/product"}],"replies":[{"embeddable":true,"href":"https:\/\/mouldking.store\/nb\/wp-json\/wp\/v2\/comments?post=35798"}],"wp:featuredmedia":[{"embeddable":true,"href":"https:\/\/mouldking.store\/nb\/wp-json\/wp\/v2\/media\/35807"}],"wp:attachment":[{"href":"https:\/\/mouldking.store\/nb\/wp-json\/wp\/v2\/media?parent=35798"}],"wp:term":[{"taxonomy":"product_cat","embeddable":true,"href":"https:\/\/mouldking.store\/nb\/wp-json\/wp\/v2\/product_cat?post=35798"},{"taxonomy":"product_tag","embeddable":true,"href":"https:\/\/mouldking.store\/nb\/wp-json\/wp\/v2\/product_tag?post=35798"}],"curies":[{"name":"wp","href":"https:\/\/api.w.org\/{rel}","templated":true}]}}