{"id":35815,"date":"2022-11-22T16:00:24","date_gmt":"2022-11-22T09:00:24","guid":{"rendered":"https:\/\/mouldking.store\/?post_type=product&#038;p=35815"},"modified":"2022-11-22T16:00:24","modified_gmt":"2022-11-22T09:00:24","slug":"zhegao-dz6022-cuban-restaurant-with-2279-pieces","status":"publish","type":"product","link":"https:\/\/mouldking.store\/nb\/shop\/zhegao-dz6022-cuban-restaurant-with-2279-pieces\/","title":{"rendered":"ZHEGAO DZ6022 Cuban Restaurant With 2279 Pieces"},"content":{"rendered":"<p>Produktinformasjon:<\/p>\n<ol>\n<li>Merke: ZHEGAO<\/li>\n<li>Kj\u00f8nn: Unisex<\/li>\n<li>Name: Cuban Restaurant<\/li>\n<li>Aldersgruppe: &gt; 6 \u00e5r gammel<\/li>\n<li>Model Number: DZ6022<\/li>\n<li>Klassifisering: Montering<\/li>\n<li>Plastblokkform: Selvl\u00e5sende murstein<\/li>\n<li>Materiale: Plast<\/li>\n<li>Plasttype: ABS<\/li>\n<li>Bricks Blocks:2279 PCS<\/li>\n<li>Size: 19.2 \u00d7 19.2 \u00d7 21 cm<\/li>\n<li>Inneholder detaljerte monteringsanvisninger.<\/li>\n<\/ol>\n<p>Legge merke til:<br \/>\n1. Uten original eske, men vi garanterer at v\u00e5re produkter har kvalitetssikring og pen emballasje.<br \/>\n2. Som alle delene vi har sjekket f\u00f8r frakt, s\u00e5 hvis du finner noen deler savnet eller skadet, ikke bekymre deg og bare kontakt oss, s\u00e5 kan vi sende dem til deg p\u00e5 nytt umiddelbart gratis.<\/p>\n<figure id=\"attachment_35816\" aria-describedby=\"caption-attachment-35816\" style=\"width: 800px\" class=\"wp-caption aligncenter\"><img fetchpriority=\"high\" decoding=\"async\" class=\"wp-image-35816 size-full\" src=\"https:\/\/mouldking.store\/wp-content\/uploads\/2022\/11\/Cuban-Restaurant-ZHEGAO-DZ6022-4.jpg\" alt=\"ZHEGAO DZ6022 Cuban Restaurant With 2279 Pieces\" width=\"800\" height=\"800\" title=\"-\" srcset=\"https:\/\/mouldking.store\/wp-content\/uploads\/2022\/11\/Cuban-Restaurant-ZHEGAO-DZ6022-4.jpg 800w, https:\/\/mouldking.store\/wp-content\/uploads\/2022\/11\/Cuban-Restaurant-ZHEGAO-DZ6022-4-300x300.jpg 300w, https:\/\/mouldking.store\/wp-content\/uploads\/2022\/11\/Cuban-Restaurant-ZHEGAO-DZ6022-4-768x768.jpg 768w, https:\/\/mouldking.store\/wp-content\/uploads\/2022\/11\/Cuban-Restaurant-ZHEGAO-DZ6022-4-600x600.jpg 600w, https:\/\/mouldking.store\/wp-content\/uploads\/2022\/11\/Cuban-Restaurant-ZHEGAO-DZ6022-4-150x150.jpg 150w, https:\/\/mouldking.store\/wp-content\/uploads\/2022\/11\/Cuban-Restaurant-ZHEGAO-DZ6022-4-60x60.jpg 60w, https:\/\/mouldking.store\/wp-content\/uploads\/2022\/11\/Cuban-Restaurant-ZHEGAO-DZ6022-4-90x90.jpg 90w\" sizes=\"(max-width: 800px) 100vw, 800px\" \/><figcaption id=\"caption-attachment-35816\" class=\"wp-caption-text\">ZHEGAO DZ6022 Cuban Restaurant With 2279 Pieces<\/figcaption><\/figure>\n<figure id=\"attachment_35817\" aria-describedby=\"caption-attachment-35817\" style=\"width: 800px\" class=\"wp-caption aligncenter\"><img decoding=\"async\" class=\"wp-image-35817 size-full\" src=\"https:\/\/mouldking.store\/wp-content\/uploads\/2022\/11\/Cuban-Restaurant-ZHEGAO-DZ6022-3.jpg\" alt=\"ZHEGAO DZ6022 Cuban Restaurant With 2279 Pieces\" width=\"800\" height=\"800\" title=\"-\" srcset=\"https:\/\/mouldking.store\/wp-content\/uploads\/2022\/11\/Cuban-Restaurant-ZHEGAO-DZ6022-3.jpg 800w, https:\/\/mouldking.store\/wp-content\/uploads\/2022\/11\/Cuban-Restaurant-ZHEGAO-DZ6022-3-300x300.jpg 300w, https:\/\/mouldking.store\/wp-content\/uploads\/2022\/11\/Cuban-Restaurant-ZHEGAO-DZ6022-3-768x768.jpg 768w, https:\/\/mouldking.store\/wp-content\/uploads\/2022\/11\/Cuban-Restaurant-ZHEGAO-DZ6022-3-600x600.jpg 600w, https:\/\/mouldking.store\/wp-content\/uploads\/2022\/11\/Cuban-Restaurant-ZHEGAO-DZ6022-3-150x150.jpg 150w, https:\/\/mouldking.store\/wp-content\/uploads\/2022\/11\/Cuban-Restaurant-ZHEGAO-DZ6022-3-60x60.jpg 60w, https:\/\/mouldking.store\/wp-content\/uploads\/2022\/11\/Cuban-Restaurant-ZHEGAO-DZ6022-3-90x90.jpg 90w\" sizes=\"(max-width: 800px) 100vw, 800px\" \/><figcaption id=\"caption-attachment-35817\" class=\"wp-caption-text\">ZHEGAO DZ6022 Cuban Restaurant With 2279 Pieces<\/figcaption><\/figure>\n<figure id=\"attachment_35818\" aria-describedby=\"caption-attachment-35818\" style=\"width: 800px\" class=\"wp-caption aligncenter\"><img decoding=\"async\" class=\"wp-image-35818 size-full\" src=\"https:\/\/mouldking.store\/wp-content\/uploads\/2022\/11\/Cuban-Restaurant-ZHEGAO-DZ6022-2.jpg\" alt=\"ZHEGAO DZ6022 Cuban Restaurant With 2279 Pieces\" width=\"800\" height=\"800\" title=\"-\" srcset=\"https:\/\/mouldking.store\/wp-content\/uploads\/2022\/11\/Cuban-Restaurant-ZHEGAO-DZ6022-2.jpg 800w, https:\/\/mouldking.store\/wp-content\/uploads\/2022\/11\/Cuban-Restaurant-ZHEGAO-DZ6022-2-300x300.jpg 300w, https:\/\/mouldking.store\/wp-content\/uploads\/2022\/11\/Cuban-Restaurant-ZHEGAO-DZ6022-2-768x768.jpg 768w, https:\/\/mouldking.store\/wp-content\/uploads\/2022\/11\/Cuban-Restaurant-ZHEGAO-DZ6022-2-600x600.jpg 600w, https:\/\/mouldking.store\/wp-content\/uploads\/2022\/11\/Cuban-Restaurant-ZHEGAO-DZ6022-2-150x150.jpg 150w, https:\/\/mouldking.store\/wp-content\/uploads\/2022\/11\/Cuban-Restaurant-ZHEGAO-DZ6022-2-60x60.jpg 60w, https:\/\/mouldking.store\/wp-content\/uploads\/2022\/11\/Cuban-Restaurant-ZHEGAO-DZ6022-2-90x90.jpg 90w\" sizes=\"(max-width: 800px) 100vw, 800px\" \/><figcaption id=\"caption-attachment-35818\" class=\"wp-caption-text\">ZHEGAO DZ6022 Cuban Restaurant With 2279 Pieces<\/figcaption><\/figure>\n<figure id=\"attachment_35819\" aria-describedby=\"caption-attachment-35819\" style=\"width: 800px\" class=\"wp-caption aligncenter\"><img loading=\"lazy\" decoding=\"async\" class=\"wp-image-35819 size-full\" src=\"https:\/\/mouldking.store\/wp-content\/uploads\/2022\/11\/Cuban-Restaurant-ZHEGAO-DZ6022-1.jpg\" alt=\"ZHEGAO DZ6022 Cuban Restaurant With 2279 Pieces\" width=\"800\" height=\"800\" title=\"-\" srcset=\"https:\/\/mouldking.store\/wp-content\/uploads\/2022\/11\/Cuban-Restaurant-ZHEGAO-DZ6022-1.jpg 800w, https:\/\/mouldking.store\/wp-content\/uploads\/2022\/11\/Cuban-Restaurant-ZHEGAO-DZ6022-1-300x300.jpg 300w, https:\/\/mouldking.store\/wp-content\/uploads\/2022\/11\/Cuban-Restaurant-ZHEGAO-DZ6022-1-768x768.jpg 768w, https:\/\/mouldking.store\/wp-content\/uploads\/2022\/11\/Cuban-Restaurant-ZHEGAO-DZ6022-1-600x600.jpg 600w, https:\/\/mouldking.store\/wp-content\/uploads\/2022\/11\/Cuban-Restaurant-ZHEGAO-DZ6022-1-150x150.jpg 150w, https:\/\/mouldking.store\/wp-content\/uploads\/2022\/11\/Cuban-Restaurant-ZHEGAO-DZ6022-1-60x60.jpg 60w, https:\/\/mouldking.store\/wp-content\/uploads\/2022\/11\/Cuban-Restaurant-ZHEGAO-DZ6022-1-90x90.jpg 90w\" sizes=\"(max-width: 800px) 100vw, 800px\" \/><figcaption id=\"caption-attachment-35819\" class=\"wp-caption-text\">ZHEGAO DZ6022 Cuban Restaurant With 2279 Pieces<\/figcaption><\/figure>","protected":false},"excerpt":{"rendered":"<p>Product information: Brand: ZHEGAO Gender: Unisex Name: Cuban Restaurant Age Range: &gt; 6 years old Model Number: DZ6022 Classification: Assemblage Plastic Block Shape: Self-Locking Bricks Material: Plastic Plastic Type: ABS Bricks Blocks:2279 PCS Size: 19.2 \u00d7 19.2 \u00d7 21 cm Contains detailed assembly instructions. Notice: 1. Without an original box, but we guarantee our products [&hellip;]<\/p>","protected":false},"featured_media":35816,"comment_status":"closed","ping_status":"closed","template":"","meta":{"_acf_changed":false},"product_cat":[1395],"product_tag":[7971,7974,7970,2870,1698,7973,7975,7972],"class_list":["product","first","instock","shipping-taxable","purchasable","product-type-simple"],"acf":[],"_links":{"self":[{"href":"https:\/\/mouldking.store\/nb\/wp-json\/wp\/v2\/product\/35815","targetHints":{"allow":["GET"]}}],"collection":[{"href":"https:\/\/mouldking.store\/nb\/wp-json\/wp\/v2\/product"}],"about":[{"href":"https:\/\/mouldking.store\/nb\/wp-json\/wp\/v2\/types\/product"}],"replies":[{"embeddable":true,"href":"https:\/\/mouldking.store\/nb\/wp-json\/wp\/v2\/comments?post=35815"}],"wp:featuredmedia":[{"embeddable":true,"href":"https:\/\/mouldking.store\/nb\/wp-json\/wp\/v2\/media\/35816"}],"wp:attachment":[{"href":"https:\/\/mouldking.store\/nb\/wp-json\/wp\/v2\/media?parent=35815"}],"wp:term":[{"taxonomy":"product_cat","embeddable":true,"href":"https:\/\/mouldking.store\/nb\/wp-json\/wp\/v2\/product_cat?post=35815"},{"taxonomy":"product_tag","embeddable":true,"href":"https:\/\/mouldking.store\/nb\/wp-json\/wp\/v2\/product_tag?post=35815"}],"curies":[{"name":"wp","href":"https:\/\/api.w.org\/{rel}","templated":true}]}}