{"id":35820,"date":"2022-11-22T16:04:59","date_gmt":"2022-11-22T09:04:59","guid":{"rendered":"https:\/\/mouldking.store\/?post_type=product&#038;p=35820"},"modified":"2022-11-22T16:04:59","modified_gmt":"2022-11-22T09:04:59","slug":"cada-s059-001-power-function-package","status":"publish","type":"product","link":"https:\/\/mouldking.store\/nb\/shop\/cada-s059-001-power-function-package\/","title":{"rendered":"CADA S059-001 Power-funksjonspakke"},"content":{"rendered":"<p>Produktinformasjon:<\/p>\n<ol>\n<li>Merke: CADA<\/li>\n<li>Kj\u00f8nn: Unisex<\/li>\n<li>Navn: Power Function Package<\/li>\n<li>Aldersgruppe: &gt; 6 \u00e5r gammel<\/li>\n<li>Modellnummer: S059-001<\/li>\n<li>Klassifisering: Montering<\/li>\n<li>Plastblokkform: Selvl\u00e5sende murstein<\/li>\n<li>Materiale: Plast<\/li>\n<li>Plasttype: ABS<\/li>\n<li>Inneholder detaljerte monteringsanvisninger.<\/li>\n<\/ol>\n<p>Legge merke til:<br \/>\n1. Uten original eske, men vi garanterer at v\u00e5re produkter har kvalitetssikring og pen emballasje.<br \/>\n2. Som alle delene vi har sjekket f\u00f8r frakt, s\u00e5 hvis du finner noen deler savnet eller skadet, ikke bekymre deg og bare kontakt oss, s\u00e5 kan vi sende dem til deg p\u00e5 nytt umiddelbart gratis.<\/p>\n<figure id=\"attachment_35821\" aria-describedby=\"caption-attachment-35821\" style=\"width: 800px\" class=\"wp-caption aligncenter\"><img fetchpriority=\"high\" decoding=\"async\" class=\"wp-image-35821 size-full\" src=\"https:\/\/mouldking.store\/wp-content\/uploads\/2022\/11\/CADA-S059-001-Power-Function-Package-2.jpg\" alt=\"CADA S059-001 Power Function Package\" width=\"800\" height=\"800\" title=\"-\" srcset=\"https:\/\/mouldking.store\/wp-content\/uploads\/2022\/11\/CADA-S059-001-Power-Function-Package-2.jpg 800w, https:\/\/mouldking.store\/wp-content\/uploads\/2022\/11\/CADA-S059-001-Power-Function-Package-2-300x300.jpg 300w, https:\/\/mouldking.store\/wp-content\/uploads\/2022\/11\/CADA-S059-001-Power-Function-Package-2-768x768.jpg 768w, https:\/\/mouldking.store\/wp-content\/uploads\/2022\/11\/CADA-S059-001-Power-Function-Package-2-600x600.jpg 600w, https:\/\/mouldking.store\/wp-content\/uploads\/2022\/11\/CADA-S059-001-Power-Function-Package-2-150x150.jpg 150w, https:\/\/mouldking.store\/wp-content\/uploads\/2022\/11\/CADA-S059-001-Power-Function-Package-2-60x60.jpg 60w, https:\/\/mouldking.store\/wp-content\/uploads\/2022\/11\/CADA-S059-001-Power-Function-Package-2-90x90.jpg 90w\" sizes=\"(max-width: 800px) 100vw, 800px\" \/><figcaption id=\"caption-attachment-35821\" class=\"wp-caption-text\">CADA S059-001 Power-funksjonspakke<\/figcaption><\/figure>\n<figure id=\"attachment_35822\" aria-describedby=\"caption-attachment-35822\" style=\"width: 800px\" class=\"wp-caption aligncenter\"><img decoding=\"async\" class=\"wp-image-35822 size-full\" src=\"https:\/\/mouldking.store\/wp-content\/uploads\/2022\/11\/CADA-S059-001-Power-Function-Package-1.jpg\" alt=\"CADA S059-001 Power Function Package\" width=\"800\" height=\"800\" title=\"-\" srcset=\"https:\/\/mouldking.store\/wp-content\/uploads\/2022\/11\/CADA-S059-001-Power-Function-Package-1.jpg 800w, https:\/\/mouldking.store\/wp-content\/uploads\/2022\/11\/CADA-S059-001-Power-Function-Package-1-300x300.jpg 300w, https:\/\/mouldking.store\/wp-content\/uploads\/2022\/11\/CADA-S059-001-Power-Function-Package-1-768x768.jpg 768w, https:\/\/mouldking.store\/wp-content\/uploads\/2022\/11\/CADA-S059-001-Power-Function-Package-1-600x600.jpg 600w, https:\/\/mouldking.store\/wp-content\/uploads\/2022\/11\/CADA-S059-001-Power-Function-Package-1-150x150.jpg 150w, https:\/\/mouldking.store\/wp-content\/uploads\/2022\/11\/CADA-S059-001-Power-Function-Package-1-60x60.jpg 60w, https:\/\/mouldking.store\/wp-content\/uploads\/2022\/11\/CADA-S059-001-Power-Function-Package-1-90x90.jpg 90w\" sizes=\"(max-width: 800px) 100vw, 800px\" \/><figcaption id=\"caption-attachment-35822\" class=\"wp-caption-text\">CADA S059-001 Power-funksjonspakke<\/figcaption><\/figure>","protected":false},"excerpt":{"rendered":"<p>Product information: Brand: CADA Gender: Unisex Name: Power Function Package Age Range: &gt; 6 years old Model Number: S059-001 Classification: Assemblage Plastic Block Shape: Self-Locking Bricks Material: Plastic Plastic Type: ABS Contains detailed assembly instructions. Notice: 1. Without an original box, but we guarantee our products have quality assurance and nice packaging. 2. As all [&hellip;]<\/p>","protected":false},"featured_media":35821,"comment_status":"closed","ping_status":"closed","template":"","meta":{"_acf_changed":false},"product_cat":[1357],"product_tag":[1916,7983,7976,7979,7980,7978,7982,7981,7977],"class_list":["product","first","instock","shipping-taxable","purchasable","product-type-simple"],"acf":[],"_links":{"self":[{"href":"https:\/\/mouldking.store\/nb\/wp-json\/wp\/v2\/product\/35820","targetHints":{"allow":["GET"]}}],"collection":[{"href":"https:\/\/mouldking.store\/nb\/wp-json\/wp\/v2\/product"}],"about":[{"href":"https:\/\/mouldking.store\/nb\/wp-json\/wp\/v2\/types\/product"}],"replies":[{"embeddable":true,"href":"https:\/\/mouldking.store\/nb\/wp-json\/wp\/v2\/comments?post=35820"}],"wp:featuredmedia":[{"embeddable":true,"href":"https:\/\/mouldking.store\/nb\/wp-json\/wp\/v2\/media\/35821"}],"wp:attachment":[{"href":"https:\/\/mouldking.store\/nb\/wp-json\/wp\/v2\/media?parent=35820"}],"wp:term":[{"taxonomy":"product_cat","embeddable":true,"href":"https:\/\/mouldking.store\/nb\/wp-json\/wp\/v2\/product_cat?post=35820"},{"taxonomy":"product_tag","embeddable":true,"href":"https:\/\/mouldking.store\/nb\/wp-json\/wp\/v2\/product_tag?post=35820"}],"curies":[{"name":"wp","href":"https:\/\/api.w.org\/{rel}","templated":true}]}}