{"id":35823,"date":"2022-11-22T16:14:01","date_gmt":"2022-11-22T09:14:01","guid":{"rendered":"https:\/\/mouldking.store\/?post_type=product&#038;p=35823"},"modified":"2022-11-22T16:14:01","modified_gmt":"2022-11-22T09:14:01","slug":"tgl-t4016-rc-tiger-tank-with-2236-pieces","status":"publish","type":"product","link":"https:\/\/mouldking.store\/nb\/shop\/tgl-t4016-rc-tiger-tank-with-2236-pieces\/","title":{"rendered":"TGL T4016 RC TIGERTANK Med 2236 stk"},"content":{"rendered":"<p>Produktinformasjon:<\/p>\n<ol>\n<li>Merke: TGL<\/li>\n<li>Kj\u00f8nn: Unisex<\/li>\n<li>Name: RC TIGER TANK<\/li>\n<li>Aldersgruppe: &gt; 6 \u00e5r gammel<\/li>\n<li>Model Number: T4016<\/li>\n<li>Klassifisering: Montering<\/li>\n<li>Plastblokkform: Selvl\u00e5sende murstein<\/li>\n<li>Materiale: Plast<\/li>\n<li>Plasttype: ABS<\/li>\n<li>Bricks Blocks:2236 PCS<\/li>\n<li>Size: 44 \u00d7 19 \u00d7 17.5 cm<\/li>\n<li>Inneholder detaljerte monteringsanvisninger.<\/li>\n<\/ol>\n<p>Legge merke til:<br \/>\n1. Uten original eske, men vi garanterer at v\u00e5re produkter har kvalitetssikring og pen emballasje.<br \/>\n2. Som alle delene vi har sjekket f\u00f8r frakt, s\u00e5 hvis du finner noen deler savnet eller skadet, ikke bekymre deg og bare kontakt oss, s\u00e5 kan vi sende dem til deg p\u00e5 nytt umiddelbart gratis.<\/p>\n<figure id=\"attachment_35824\" aria-describedby=\"caption-attachment-35824\" style=\"width: 800px\" class=\"wp-caption aligncenter\"><img fetchpriority=\"high\" decoding=\"async\" class=\"wp-image-35824 size-full\" src=\"https:\/\/mouldking.store\/wp-content\/uploads\/2022\/11\/TGL-T4016-RC-TIGER-TANK-11.jpg\" alt=\"TGL T4016 RC TIGER TANK With 2236 Pieces\" width=\"800\" height=\"800\" title=\"-\" srcset=\"https:\/\/mouldking.store\/wp-content\/uploads\/2022\/11\/TGL-T4016-RC-TIGER-TANK-11.jpg 800w, https:\/\/mouldking.store\/wp-content\/uploads\/2022\/11\/TGL-T4016-RC-TIGER-TANK-11-300x300.jpg 300w, https:\/\/mouldking.store\/wp-content\/uploads\/2022\/11\/TGL-T4016-RC-TIGER-TANK-11-768x768.jpg 768w, https:\/\/mouldking.store\/wp-content\/uploads\/2022\/11\/TGL-T4016-RC-TIGER-TANK-11-600x600.jpg 600w, https:\/\/mouldking.store\/wp-content\/uploads\/2022\/11\/TGL-T4016-RC-TIGER-TANK-11-150x150.jpg 150w, https:\/\/mouldking.store\/wp-content\/uploads\/2022\/11\/TGL-T4016-RC-TIGER-TANK-11-60x60.jpg 60w, https:\/\/mouldking.store\/wp-content\/uploads\/2022\/11\/TGL-T4016-RC-TIGER-TANK-11-90x90.jpg 90w\" sizes=\"(max-width: 800px) 100vw, 800px\" \/><figcaption id=\"caption-attachment-35824\" class=\"wp-caption-text\">TGL T4016 RC TIGERTANK Med 2236 stk<\/figcaption><\/figure>\n<figure id=\"attachment_35825\" aria-describedby=\"caption-attachment-35825\" style=\"width: 563px\" class=\"wp-caption aligncenter\"><img decoding=\"async\" class=\"wp-image-35825 size-full\" src=\"https:\/\/mouldking.store\/wp-content\/uploads\/2022\/11\/TGL-T4016-RC-TIGER-TANK-10.jpg\" alt=\"TGL T4016 RC TIGER TANK With 2236 Pieces\" width=\"563\" height=\"1024\" title=\"-\" srcset=\"https:\/\/mouldking.store\/wp-content\/uploads\/2022\/11\/TGL-T4016-RC-TIGER-TANK-10.jpg 563w, https:\/\/mouldking.store\/wp-content\/uploads\/2022\/11\/TGL-T4016-RC-TIGER-TANK-10-165x300.jpg 165w, https:\/\/mouldking.store\/wp-content\/uploads\/2022\/11\/TGL-T4016-RC-TIGER-TANK-10-300x546.jpg 300w, https:\/\/mouldking.store\/wp-content\/uploads\/2022\/11\/TGL-T4016-RC-TIGER-TANK-10-82x150.jpg 82w, https:\/\/mouldking.store\/wp-content\/uploads\/2022\/11\/TGL-T4016-RC-TIGER-TANK-10-33x60.jpg 33w, https:\/\/mouldking.store\/wp-content\/uploads\/2022\/11\/TGL-T4016-RC-TIGER-TANK-10-49x90.jpg 49w\" sizes=\"(max-width: 563px) 100vw, 563px\" \/><figcaption id=\"caption-attachment-35825\" class=\"wp-caption-text\">TGL T4016 RC TIGERTANK Med 2236 stk<\/figcaption><\/figure>\n<figure id=\"attachment_35826\" aria-describedby=\"caption-attachment-35826\" style=\"width: 577px\" class=\"wp-caption aligncenter\"><img decoding=\"async\" class=\"wp-image-35826 size-full\" src=\"https:\/\/mouldking.store\/wp-content\/uploads\/2022\/11\/TGL-T4016-RC-TIGER-TANK-9.jpg\" alt=\"TGL T4016 RC TIGER TANK With 2236 Pieces\" width=\"577\" height=\"1024\" title=\"-\" srcset=\"https:\/\/mouldking.store\/wp-content\/uploads\/2022\/11\/TGL-T4016-RC-TIGER-TANK-9.jpg 577w, https:\/\/mouldking.store\/wp-content\/uploads\/2022\/11\/TGL-T4016-RC-TIGER-TANK-9-169x300.jpg 169w, https:\/\/mouldking.store\/wp-content\/uploads\/2022\/11\/TGL-T4016-RC-TIGER-TANK-9-300x532.jpg 300w, https:\/\/mouldking.store\/wp-content\/uploads\/2022\/11\/TGL-T4016-RC-TIGER-TANK-9-85x150.jpg 85w, https:\/\/mouldking.store\/wp-content\/uploads\/2022\/11\/TGL-T4016-RC-TIGER-TANK-9-34x60.jpg 34w, https:\/\/mouldking.store\/wp-content\/uploads\/2022\/11\/TGL-T4016-RC-TIGER-TANK-9-51x90.jpg 51w\" sizes=\"(max-width: 577px) 100vw, 577px\" \/><figcaption id=\"caption-attachment-35826\" class=\"wp-caption-text\">TGL T4016 RC TIGERTANK Med 2236 stk<\/figcaption><\/figure>\n<figure id=\"attachment_35827\" aria-describedby=\"caption-attachment-35827\" style=\"width: 669px\" class=\"wp-caption aligncenter\"><img loading=\"lazy\" decoding=\"async\" class=\"wp-image-35827 size-full\" src=\"https:\/\/mouldking.store\/wp-content\/uploads\/2022\/11\/TGL-T4016-RC-TIGER-TANK-8.jpg\" alt=\"TGL T4016 RC TIGER TANK With 2236 Pieces\" width=\"669\" height=\"1024\" title=\"-\" srcset=\"https:\/\/mouldking.store\/wp-content\/uploads\/2022\/11\/TGL-T4016-RC-TIGER-TANK-8.jpg 669w, https:\/\/mouldking.store\/wp-content\/uploads\/2022\/11\/TGL-T4016-RC-TIGER-TANK-8-196x300.jpg 196w, https:\/\/mouldking.store\/wp-content\/uploads\/2022\/11\/TGL-T4016-RC-TIGER-TANK-8-300x459.jpg 300w, https:\/\/mouldking.store\/wp-content\/uploads\/2022\/11\/TGL-T4016-RC-TIGER-TANK-8-600x918.jpg 600w, https:\/\/mouldking.store\/wp-content\/uploads\/2022\/11\/TGL-T4016-RC-TIGER-TANK-8-98x150.jpg 98w, https:\/\/mouldking.store\/wp-content\/uploads\/2022\/11\/TGL-T4016-RC-TIGER-TANK-8-39x60.jpg 39w, https:\/\/mouldking.store\/wp-content\/uploads\/2022\/11\/TGL-T4016-RC-TIGER-TANK-8-59x90.jpg 59w\" sizes=\"(max-width: 669px) 100vw, 669px\" \/><figcaption id=\"caption-attachment-35827\" class=\"wp-caption-text\">TGL T4016 RC TIGERTANK Med 2236 stk<\/figcaption><\/figure>\n<figure id=\"attachment_35828\" aria-describedby=\"caption-attachment-35828\" style=\"width: 618px\" class=\"wp-caption aligncenter\"><img loading=\"lazy\" decoding=\"async\" class=\"wp-image-35828 size-full\" src=\"https:\/\/mouldking.store\/wp-content\/uploads\/2022\/11\/TGL-T4016-RC-TIGER-TANK-7.jpg\" alt=\"TGL T4016 RC TIGER TANK With 2236 Pieces\" width=\"618\" height=\"1024\" title=\"-\" srcset=\"https:\/\/mouldking.store\/wp-content\/uploads\/2022\/11\/TGL-T4016-RC-TIGER-TANK-7.jpg 618w, https:\/\/mouldking.store\/wp-content\/uploads\/2022\/11\/TGL-T4016-RC-TIGER-TANK-7-181x300.jpg 181w, https:\/\/mouldking.store\/wp-content\/uploads\/2022\/11\/TGL-T4016-RC-TIGER-TANK-7-300x497.jpg 300w, https:\/\/mouldking.store\/wp-content\/uploads\/2022\/11\/TGL-T4016-RC-TIGER-TANK-7-600x994.jpg 600w, https:\/\/mouldking.store\/wp-content\/uploads\/2022\/11\/TGL-T4016-RC-TIGER-TANK-7-91x150.jpg 91w, https:\/\/mouldking.store\/wp-content\/uploads\/2022\/11\/TGL-T4016-RC-TIGER-TANK-7-36x60.jpg 36w, https:\/\/mouldking.store\/wp-content\/uploads\/2022\/11\/TGL-T4016-RC-TIGER-TANK-7-54x90.jpg 54w\" sizes=\"(max-width: 618px) 100vw, 618px\" \/><figcaption id=\"caption-attachment-35828\" class=\"wp-caption-text\">TGL T4016 RC TIGERTANK Med 2236 stk<\/figcaption><\/figure>\n<figure id=\"attachment_35829\" aria-describedby=\"caption-attachment-35829\" style=\"width: 525px\" class=\"wp-caption aligncenter\"><img loading=\"lazy\" decoding=\"async\" class=\"wp-image-35829 size-full\" src=\"https:\/\/mouldking.store\/wp-content\/uploads\/2022\/11\/TGL-T4016-RC-TIGER-TANK-6.jpg\" alt=\"TGL T4016 RC TIGER TANK With 2236 Pieces\" width=\"525\" height=\"1024\" title=\"-\" srcset=\"https:\/\/mouldking.store\/wp-content\/uploads\/2022\/11\/TGL-T4016-RC-TIGER-TANK-6.jpg 525w, https:\/\/mouldking.store\/wp-content\/uploads\/2022\/11\/TGL-T4016-RC-TIGER-TANK-6-154x300.jpg 154w, https:\/\/mouldking.store\/wp-content\/uploads\/2022\/11\/TGL-T4016-RC-TIGER-TANK-6-300x585.jpg 300w, https:\/\/mouldking.store\/wp-content\/uploads\/2022\/11\/TGL-T4016-RC-TIGER-TANK-6-77x150.jpg 77w, https:\/\/mouldking.store\/wp-content\/uploads\/2022\/11\/TGL-T4016-RC-TIGER-TANK-6-31x60.jpg 31w, https:\/\/mouldking.store\/wp-content\/uploads\/2022\/11\/TGL-T4016-RC-TIGER-TANK-6-46x90.jpg 46w\" sizes=\"(max-width: 525px) 100vw, 525px\" \/><figcaption id=\"caption-attachment-35829\" class=\"wp-caption-text\">TGL T4016 RC TIGERTANK Med 2236 stk<\/figcaption><\/figure>\n<figure id=\"attachment_35830\" aria-describedby=\"caption-attachment-35830\" style=\"width: 683px\" class=\"wp-caption aligncenter\"><img loading=\"lazy\" decoding=\"async\" class=\"wp-image-35830 size-full\" src=\"https:\/\/mouldking.store\/wp-content\/uploads\/2022\/11\/TGL-T4016-RC-TIGER-TANK-5.jpg\" alt=\"TGL T4016 RC TIGER TANK With 2236 Pieces\" width=\"683\" height=\"1024\" title=\"-\" srcset=\"https:\/\/mouldking.store\/wp-content\/uploads\/2022\/11\/TGL-T4016-RC-TIGER-TANK-5.jpg 683w, https:\/\/mouldking.store\/wp-content\/uploads\/2022\/11\/TGL-T4016-RC-TIGER-TANK-5-200x300.jpg 200w, https:\/\/mouldking.store\/wp-content\/uploads\/2022\/11\/TGL-T4016-RC-TIGER-TANK-5-300x450.jpg 300w, https:\/\/mouldking.store\/wp-content\/uploads\/2022\/11\/TGL-T4016-RC-TIGER-TANK-5-600x900.jpg 600w, https:\/\/mouldking.store\/wp-content\/uploads\/2022\/11\/TGL-T4016-RC-TIGER-TANK-5-100x150.jpg 100w, https:\/\/mouldking.store\/wp-content\/uploads\/2022\/11\/TGL-T4016-RC-TIGER-TANK-5-40x60.jpg 40w, https:\/\/mouldking.store\/wp-content\/uploads\/2022\/11\/TGL-T4016-RC-TIGER-TANK-5-60x90.jpg 60w\" sizes=\"(max-width: 683px) 100vw, 683px\" \/><figcaption id=\"caption-attachment-35830\" class=\"wp-caption-text\">TGL T4016 RC TIGERTANK Med 2236 stk<\/figcaption><\/figure>\n<figure id=\"attachment_35831\" aria-describedby=\"caption-attachment-35831\" style=\"width: 472px\" class=\"wp-caption aligncenter\"><img loading=\"lazy\" decoding=\"async\" class=\"wp-image-35831 size-full\" src=\"https:\/\/mouldking.store\/wp-content\/uploads\/2022\/11\/TGL-T4016-RC-TIGER-TANK-4.jpg\" alt=\"TGL T4016 RC TIGER TANK With 2236 Pieces\" width=\"472\" height=\"1024\" title=\"-\" srcset=\"https:\/\/mouldking.store\/wp-content\/uploads\/2022\/11\/TGL-T4016-RC-TIGER-TANK-4.jpg 472w, https:\/\/mouldking.store\/wp-content\/uploads\/2022\/11\/TGL-T4016-RC-TIGER-TANK-4-138x300.jpg 138w, https:\/\/mouldking.store\/wp-content\/uploads\/2022\/11\/TGL-T4016-RC-TIGER-TANK-4-300x651.jpg 300w, https:\/\/mouldking.store\/wp-content\/uploads\/2022\/11\/TGL-T4016-RC-TIGER-TANK-4-69x150.jpg 69w, https:\/\/mouldking.store\/wp-content\/uploads\/2022\/11\/TGL-T4016-RC-TIGER-TANK-4-28x60.jpg 28w, https:\/\/mouldking.store\/wp-content\/uploads\/2022\/11\/TGL-T4016-RC-TIGER-TANK-4-41x90.jpg 41w\" sizes=\"(max-width: 472px) 100vw, 472px\" \/><figcaption id=\"caption-attachment-35831\" class=\"wp-caption-text\">TGL T4016 RC TIGERTANK Med 2236 stk<\/figcaption><\/figure>\n<figure id=\"attachment_35832\" aria-describedby=\"caption-attachment-35832\" style=\"width: 575px\" class=\"wp-caption aligncenter\"><img loading=\"lazy\" decoding=\"async\" class=\"wp-image-35832 size-full\" src=\"https:\/\/mouldking.store\/wp-content\/uploads\/2022\/11\/TGL-T4016-RC-TIGER-TANK-3.jpg\" alt=\"TGL T4016 RC TIGER TANK With 2236 Pieces\" width=\"575\" height=\"1024\" title=\"-\" srcset=\"https:\/\/mouldking.store\/wp-content\/uploads\/2022\/11\/TGL-T4016-RC-TIGER-TANK-3.jpg 575w, https:\/\/mouldking.store\/wp-content\/uploads\/2022\/11\/TGL-T4016-RC-TIGER-TANK-3-168x300.jpg 168w, https:\/\/mouldking.store\/wp-content\/uploads\/2022\/11\/TGL-T4016-RC-TIGER-TANK-3-300x534.jpg 300w, https:\/\/mouldking.store\/wp-content\/uploads\/2022\/11\/TGL-T4016-RC-TIGER-TANK-3-84x150.jpg 84w, https:\/\/mouldking.store\/wp-content\/uploads\/2022\/11\/TGL-T4016-RC-TIGER-TANK-3-34x60.jpg 34w, https:\/\/mouldking.store\/wp-content\/uploads\/2022\/11\/TGL-T4016-RC-TIGER-TANK-3-51x90.jpg 51w\" sizes=\"(max-width: 575px) 100vw, 575px\" \/><figcaption id=\"caption-attachment-35832\" class=\"wp-caption-text\">TGL T4016 RC TIGERTANK Med 2236 stk<\/figcaption><\/figure>\n<figure id=\"attachment_35833\" aria-describedby=\"caption-attachment-35833\" style=\"width: 657px\" class=\"wp-caption aligncenter\"><img loading=\"lazy\" decoding=\"async\" class=\"wp-image-35833 size-full\" src=\"https:\/\/mouldking.store\/wp-content\/uploads\/2022\/11\/TGL-T4016-RC-TIGER-TANK-2.jpg\" alt=\"TGL T4016 RC TIGER TANK With 2236 Pieces\" width=\"657\" height=\"1024\" title=\"-\" srcset=\"https:\/\/mouldking.store\/wp-content\/uploads\/2022\/11\/TGL-T4016-RC-TIGER-TANK-2.jpg 657w, https:\/\/mouldking.store\/wp-content\/uploads\/2022\/11\/TGL-T4016-RC-TIGER-TANK-2-192x300.jpg 192w, https:\/\/mouldking.store\/wp-content\/uploads\/2022\/11\/TGL-T4016-RC-TIGER-TANK-2-300x468.jpg 300w, https:\/\/mouldking.store\/wp-content\/uploads\/2022\/11\/TGL-T4016-RC-TIGER-TANK-2-600x935.jpg 600w, https:\/\/mouldking.store\/wp-content\/uploads\/2022\/11\/TGL-T4016-RC-TIGER-TANK-2-96x150.jpg 96w, https:\/\/mouldking.store\/wp-content\/uploads\/2022\/11\/TGL-T4016-RC-TIGER-TANK-2-38x60.jpg 38w, https:\/\/mouldking.store\/wp-content\/uploads\/2022\/11\/TGL-T4016-RC-TIGER-TANK-2-58x90.jpg 58w\" sizes=\"(max-width: 657px) 100vw, 657px\" \/><figcaption id=\"caption-attachment-35833\" class=\"wp-caption-text\">TGL T4016 RC TIGERTANK Med 2236 stk<\/figcaption><\/figure>\n<figure id=\"attachment_35834\" aria-describedby=\"caption-attachment-35834\" style=\"width: 580px\" class=\"wp-caption aligncenter\"><img loading=\"lazy\" decoding=\"async\" class=\"wp-image-35834 size-full\" src=\"https:\/\/mouldking.store\/wp-content\/uploads\/2022\/11\/TGL-T4016-RC-TIGER-TANK-1.jpg\" alt=\"TGL T4016 RC TIGER TANK With 2236 Pieces\" width=\"580\" height=\"1024\" title=\"-\" srcset=\"https:\/\/mouldking.store\/wp-content\/uploads\/2022\/11\/TGL-T4016-RC-TIGER-TANK-1.jpg 580w, https:\/\/mouldking.store\/wp-content\/uploads\/2022\/11\/TGL-T4016-RC-TIGER-TANK-1-170x300.jpg 170w, https:\/\/mouldking.store\/wp-content\/uploads\/2022\/11\/TGL-T4016-RC-TIGER-TANK-1-300x530.jpg 300w, https:\/\/mouldking.store\/wp-content\/uploads\/2022\/11\/TGL-T4016-RC-TIGER-TANK-1-85x150.jpg 85w, https:\/\/mouldking.store\/wp-content\/uploads\/2022\/11\/TGL-T4016-RC-TIGER-TANK-1-34x60.jpg 34w, https:\/\/mouldking.store\/wp-content\/uploads\/2022\/11\/TGL-T4016-RC-TIGER-TANK-1-51x90.jpg 51w\" sizes=\"(max-width: 580px) 100vw, 580px\" \/><figcaption id=\"caption-attachment-35834\" class=\"wp-caption-text\">TGL T4016 RC TIGERTANK Med 2236 stk<\/figcaption><\/figure>","protected":false},"excerpt":{"rendered":"<p>Product information: Brand: TGL Gender: Unisex Name: RC TIGER TANK Age Range: &gt; 6 years old Model Number: T4016 Classification: Assemblage Plastic Block Shape: Self-Locking Bricks Material: Plastic Plastic Type: ABS Bricks Blocks:2236 PCS Size: 44 \u00d7 19 \u00d7 17.5 cm Contains detailed assembly instructions. Notice: 1. Without an original box, but we guarantee our [&hellip;]<\/p>","protected":false},"featured_media":35824,"comment_status":"closed","ping_status":"closed","template":"","meta":{"_acf_changed":false},"product_cat":[1350],"product_tag":[481,7986,7985,485,2739,7987,7988,7984,6482],"class_list":["product","first","instock","shipping-taxable","purchasable","product-type-simple"],"acf":[],"_links":{"self":[{"href":"https:\/\/mouldking.store\/nb\/wp-json\/wp\/v2\/product\/35823","targetHints":{"allow":["GET"]}}],"collection":[{"href":"https:\/\/mouldking.store\/nb\/wp-json\/wp\/v2\/product"}],"about":[{"href":"https:\/\/mouldking.store\/nb\/wp-json\/wp\/v2\/types\/product"}],"replies":[{"embeddable":true,"href":"https:\/\/mouldking.store\/nb\/wp-json\/wp\/v2\/comments?post=35823"}],"wp:featuredmedia":[{"embeddable":true,"href":"https:\/\/mouldking.store\/nb\/wp-json\/wp\/v2\/media\/35824"}],"wp:attachment":[{"href":"https:\/\/mouldking.store\/nb\/wp-json\/wp\/v2\/media?parent=35823"}],"wp:term":[{"taxonomy":"product_cat","embeddable":true,"href":"https:\/\/mouldking.store\/nb\/wp-json\/wp\/v2\/product_cat?post=35823"},{"taxonomy":"product_tag","embeddable":true,"href":"https:\/\/mouldking.store\/nb\/wp-json\/wp\/v2\/product_tag?post=35823"}],"curies":[{"name":"wp","href":"https:\/\/api.w.org\/{rel}","templated":true}]}}