{"id":35870,"date":"2022-11-22T16:41:21","date_gmt":"2022-11-22T09:41:21","guid":{"rendered":"https:\/\/mouldking.store\/?post_type=product&#038;p=35870"},"modified":"2022-11-22T16:41:22","modified_gmt":"2022-11-22T09:41:22","slug":"tgl-4008-water-spray-fire-truck-with-4629-pieces","status":"publish","type":"product","link":"https:\/\/mouldking.store\/nb\/shop\/tgl-4008-water-spray-fire-truck-with-4629-pieces\/","title":{"rendered":"TGL 4008 Vannspray brannbil med 4629 stk"},"content":{"rendered":"<p>Produktinformasjon:<\/p>\n<ol>\n<li>Merke: TGL<\/li>\n<li>Kj\u00f8nn: Unisex<\/li>\n<li>Name: Water Spray Fire Truck<\/li>\n<li>Aldersgruppe: &gt; 6 \u00e5r gammel<\/li>\n<li>Model Number: 4008<\/li>\n<li>Klassifisering: Montering<\/li>\n<li>Plastblokkform: Selvl\u00e5sende murstein<\/li>\n<li>Materiale: Plast<\/li>\n<li>Plasttype: ABS<\/li>\n<li>Bricks Blocks:4629 PCS<\/li>\n<li>Size: \u00a084 \u00d7 32 \u00d7 78 cm<\/li>\n<li>Inneholder detaljerte monteringsanvisninger.<\/li>\n<\/ol>\n<p>Legge merke til:<br \/>\n1. Uten original eske, men vi garanterer at v\u00e5re produkter har kvalitetssikring og pen emballasje.<br \/>\n2. Som alle delene vi har sjekket f\u00f8r frakt, s\u00e5 hvis du finner noen deler savnet eller skadet, ikke bekymre deg og bare kontakt oss, s\u00e5 kan vi sende dem til deg p\u00e5 nytt umiddelbart gratis.<\/p>\n<figure id=\"attachment_35871\" aria-describedby=\"caption-attachment-35871\" style=\"width: 800px\" class=\"wp-caption aligncenter\"><img fetchpriority=\"high\" decoding=\"async\" class=\"wp-image-35871 size-full\" src=\"https:\/\/mouldking.store\/wp-content\/uploads\/2022\/11\/TGL-4008-Water-Spray-Fire-Truck-5.jpg\" alt=\"TGL 4008 Water Spray Fire Truck With 4629 Pieces\" width=\"800\" height=\"800\" title=\"-\" srcset=\"https:\/\/mouldking.store\/wp-content\/uploads\/2022\/11\/TGL-4008-Water-Spray-Fire-Truck-5.jpg 800w, https:\/\/mouldking.store\/wp-content\/uploads\/2022\/11\/TGL-4008-Water-Spray-Fire-Truck-5-300x300.jpg 300w, https:\/\/mouldking.store\/wp-content\/uploads\/2022\/11\/TGL-4008-Water-Spray-Fire-Truck-5-768x768.jpg 768w, https:\/\/mouldking.store\/wp-content\/uploads\/2022\/11\/TGL-4008-Water-Spray-Fire-Truck-5-600x600.jpg 600w, https:\/\/mouldking.store\/wp-content\/uploads\/2022\/11\/TGL-4008-Water-Spray-Fire-Truck-5-150x150.jpg 150w, https:\/\/mouldking.store\/wp-content\/uploads\/2022\/11\/TGL-4008-Water-Spray-Fire-Truck-5-60x60.jpg 60w, https:\/\/mouldking.store\/wp-content\/uploads\/2022\/11\/TGL-4008-Water-Spray-Fire-Truck-5-90x90.jpg 90w\" sizes=\"(max-width: 800px) 100vw, 800px\" \/><figcaption id=\"caption-attachment-35871\" class=\"wp-caption-text\">TGL 4008 Vannspray brannbil med 4629 stk<\/figcaption><\/figure>\n<figure id=\"attachment_35872\" aria-describedby=\"caption-attachment-35872\" style=\"width: 800px\" class=\"wp-caption aligncenter\"><img decoding=\"async\" class=\"wp-image-35872 size-full\" src=\"https:\/\/mouldking.store\/wp-content\/uploads\/2022\/11\/TGL-4008-Water-Spray-Fire-Truck-4.jpg\" alt=\"TGL 4008 Water Spray Fire Truck With 4629 Pieces\" width=\"800\" height=\"800\" title=\"-\" srcset=\"https:\/\/mouldking.store\/wp-content\/uploads\/2022\/11\/TGL-4008-Water-Spray-Fire-Truck-4.jpg 800w, https:\/\/mouldking.store\/wp-content\/uploads\/2022\/11\/TGL-4008-Water-Spray-Fire-Truck-4-300x300.jpg 300w, https:\/\/mouldking.store\/wp-content\/uploads\/2022\/11\/TGL-4008-Water-Spray-Fire-Truck-4-768x768.jpg 768w, https:\/\/mouldking.store\/wp-content\/uploads\/2022\/11\/TGL-4008-Water-Spray-Fire-Truck-4-600x600.jpg 600w, https:\/\/mouldking.store\/wp-content\/uploads\/2022\/11\/TGL-4008-Water-Spray-Fire-Truck-4-150x150.jpg 150w, https:\/\/mouldking.store\/wp-content\/uploads\/2022\/11\/TGL-4008-Water-Spray-Fire-Truck-4-60x60.jpg 60w, https:\/\/mouldking.store\/wp-content\/uploads\/2022\/11\/TGL-4008-Water-Spray-Fire-Truck-4-90x90.jpg 90w\" sizes=\"(max-width: 800px) 100vw, 800px\" \/><figcaption id=\"caption-attachment-35872\" class=\"wp-caption-text\">TGL 4008 Vannspray brannbil med 4629 stk<\/figcaption><\/figure>\n<figure id=\"attachment_35873\" aria-describedby=\"caption-attachment-35873\" style=\"width: 800px\" class=\"wp-caption aligncenter\"><img decoding=\"async\" class=\"wp-image-35873 size-full\" src=\"https:\/\/mouldking.store\/wp-content\/uploads\/2022\/11\/TGL-4008-Water-Spray-Fire-Truck-3.jpg\" alt=\"TGL 4008 Water Spray Fire Truck With 4629 Pieces\" width=\"800\" height=\"800\" title=\"-\" srcset=\"https:\/\/mouldking.store\/wp-content\/uploads\/2022\/11\/TGL-4008-Water-Spray-Fire-Truck-3.jpg 800w, https:\/\/mouldking.store\/wp-content\/uploads\/2022\/11\/TGL-4008-Water-Spray-Fire-Truck-3-300x300.jpg 300w, https:\/\/mouldking.store\/wp-content\/uploads\/2022\/11\/TGL-4008-Water-Spray-Fire-Truck-3-768x768.jpg 768w, https:\/\/mouldking.store\/wp-content\/uploads\/2022\/11\/TGL-4008-Water-Spray-Fire-Truck-3-600x600.jpg 600w, https:\/\/mouldking.store\/wp-content\/uploads\/2022\/11\/TGL-4008-Water-Spray-Fire-Truck-3-150x150.jpg 150w, https:\/\/mouldking.store\/wp-content\/uploads\/2022\/11\/TGL-4008-Water-Spray-Fire-Truck-3-60x60.jpg 60w, https:\/\/mouldking.store\/wp-content\/uploads\/2022\/11\/TGL-4008-Water-Spray-Fire-Truck-3-90x90.jpg 90w\" sizes=\"(max-width: 800px) 100vw, 800px\" \/><figcaption id=\"caption-attachment-35873\" class=\"wp-caption-text\">TGL 4008 Vannspray brannbil med 4629 stk<\/figcaption><\/figure>\n<figure id=\"attachment_35874\" aria-describedby=\"caption-attachment-35874\" style=\"width: 800px\" class=\"wp-caption aligncenter\"><img loading=\"lazy\" decoding=\"async\" class=\"wp-image-35874 size-full\" src=\"https:\/\/mouldking.store\/wp-content\/uploads\/2022\/11\/TGL-4008-Water-Spray-Fire-Truck-2.jpg\" alt=\"TGL 4008 Water Spray Fire Truck With 4629 Pieces\" width=\"800\" height=\"800\" title=\"-\" srcset=\"https:\/\/mouldking.store\/wp-content\/uploads\/2022\/11\/TGL-4008-Water-Spray-Fire-Truck-2.jpg 800w, https:\/\/mouldking.store\/wp-content\/uploads\/2022\/11\/TGL-4008-Water-Spray-Fire-Truck-2-300x300.jpg 300w, https:\/\/mouldking.store\/wp-content\/uploads\/2022\/11\/TGL-4008-Water-Spray-Fire-Truck-2-768x768.jpg 768w, https:\/\/mouldking.store\/wp-content\/uploads\/2022\/11\/TGL-4008-Water-Spray-Fire-Truck-2-600x600.jpg 600w, https:\/\/mouldking.store\/wp-content\/uploads\/2022\/11\/TGL-4008-Water-Spray-Fire-Truck-2-150x150.jpg 150w, https:\/\/mouldking.store\/wp-content\/uploads\/2022\/11\/TGL-4008-Water-Spray-Fire-Truck-2-60x60.jpg 60w, https:\/\/mouldking.store\/wp-content\/uploads\/2022\/11\/TGL-4008-Water-Spray-Fire-Truck-2-90x90.jpg 90w\" sizes=\"(max-width: 800px) 100vw, 800px\" \/><figcaption id=\"caption-attachment-35874\" class=\"wp-caption-text\">TGL 4008 Vannspray brannbil med 4629 stk<\/figcaption><\/figure>\n<figure id=\"attachment_35875\" aria-describedby=\"caption-attachment-35875\" style=\"width: 800px\" class=\"wp-caption aligncenter\"><img loading=\"lazy\" decoding=\"async\" class=\"wp-image-35875 size-full\" src=\"https:\/\/mouldking.store\/wp-content\/uploads\/2022\/11\/TGL-4008-Water-Spray-Fire-Truck-1.jpg\" alt=\"TGL 4008 Water Spray Fire Truck With 4629 Pieces\" width=\"800\" height=\"800\" title=\"-\" srcset=\"https:\/\/mouldking.store\/wp-content\/uploads\/2022\/11\/TGL-4008-Water-Spray-Fire-Truck-1.jpg 800w, https:\/\/mouldking.store\/wp-content\/uploads\/2022\/11\/TGL-4008-Water-Spray-Fire-Truck-1-300x300.jpg 300w, https:\/\/mouldking.store\/wp-content\/uploads\/2022\/11\/TGL-4008-Water-Spray-Fire-Truck-1-768x768.jpg 768w, https:\/\/mouldking.store\/wp-content\/uploads\/2022\/11\/TGL-4008-Water-Spray-Fire-Truck-1-600x600.jpg 600w, https:\/\/mouldking.store\/wp-content\/uploads\/2022\/11\/TGL-4008-Water-Spray-Fire-Truck-1-150x150.jpg 150w, https:\/\/mouldking.store\/wp-content\/uploads\/2022\/11\/TGL-4008-Water-Spray-Fire-Truck-1-60x60.jpg 60w, https:\/\/mouldking.store\/wp-content\/uploads\/2022\/11\/TGL-4008-Water-Spray-Fire-Truck-1-90x90.jpg 90w\" sizes=\"(max-width: 800px) 100vw, 800px\" \/><figcaption id=\"caption-attachment-35875\" class=\"wp-caption-text\">TGL 4008 Vannspray brannbil med 4629 stk<\/figcaption><\/figure>","protected":false},"excerpt":{"rendered":"<p>Product information: Brand: TGL Gender: Unisex Name: Water Spray Fire Truck Age Range: &gt; 6 years old Model Number: 4008 Classification: Assemblage Plastic Block Shape: Self-Locking Bricks Material: Plastic Plastic Type: ABS Bricks Blocks:4629 PCS Size: \u00a084 \u00d7 32 \u00d7 78 cm Contains detailed assembly instructions. Notice: 1. Without an original box, but we guarantee [&hellip;]<\/p>","protected":false},"featured_media":35871,"comment_status":"closed","ping_status":"closed","template":"","meta":{"_acf_changed":false},"product_cat":[1357],"product_tag":[8008,3565,2739,8010,8012,8007,466,8009,8011],"class_list":["product","first","instock","shipping-taxable","purchasable","product-type-simple"],"acf":[],"_links":{"self":[{"href":"https:\/\/mouldking.store\/nb\/wp-json\/wp\/v2\/product\/35870","targetHints":{"allow":["GET"]}}],"collection":[{"href":"https:\/\/mouldking.store\/nb\/wp-json\/wp\/v2\/product"}],"about":[{"href":"https:\/\/mouldking.store\/nb\/wp-json\/wp\/v2\/types\/product"}],"replies":[{"embeddable":true,"href":"https:\/\/mouldking.store\/nb\/wp-json\/wp\/v2\/comments?post=35870"}],"wp:featuredmedia":[{"embeddable":true,"href":"https:\/\/mouldking.store\/nb\/wp-json\/wp\/v2\/media\/35871"}],"wp:attachment":[{"href":"https:\/\/mouldking.store\/nb\/wp-json\/wp\/v2\/media?parent=35870"}],"wp:term":[{"taxonomy":"product_cat","embeddable":true,"href":"https:\/\/mouldking.store\/nb\/wp-json\/wp\/v2\/product_cat?post=35870"},{"taxonomy":"product_tag","embeddable":true,"href":"https:\/\/mouldking.store\/nb\/wp-json\/wp\/v2\/product_tag?post=35870"}],"curies":[{"name":"wp","href":"https:\/\/api.w.org\/{rel}","templated":true}]}}