{"id":35914,"date":"2022-11-22T17:36:03","date_gmt":"2022-11-22T10:36:03","guid":{"rendered":"https:\/\/mouldking.store\/?post_type=product&#038;p=35914"},"modified":"2025-12-25T09:12:22","modified_gmt":"2025-12-25T02:12:22","slug":"moc-100573-devil-may-hare-tasmanian-devil-taz-with-698-pieces","status":"publish","type":"product","link":"https:\/\/mouldking.store\/nb\/shop\/moc-100573-devil-may-hare-tasmanian-devil-taz-with-698-pieces\/","title":{"rendered":"MOC-100573 Devil May Hare Tasmanian Devil Taz med 698 stykker"},"content":{"rendered":"<p>Produktinformasjon:<\/p>\n<ol>\n<li>Merke: MOC<\/li>\n<li>Kj\u00f8nn: Unisex<\/li>\n<li>Navn: Devil May Hare Tasmanian Devil Taz<\/li>\n<li>Aldersgruppe: &gt; 6 \u00e5r gammel<\/li>\n<li>Modellnummer: 100573<\/li>\n<li>Klassifisering: Montering<\/li>\n<li>Plastblokkform: Selvl\u00e5sende murstein<\/li>\n<li>Materiale: Plast<\/li>\n<li>Plasttype: ABS<\/li>\n<li>Mursteinsblokker:698 STK<\/li>\n<li>St\u00f8rrelse: 25 x 13,4 x 22,6 cm<\/li>\n<li>Vekt: 0,34 kg<\/li>\n<li>Inneholder detaljerte monteringsanvisninger.<\/li>\n<\/ol>\n<p>Legge merke til:<br \/>\n1. Uten original eske, men vi garanterer at v\u00e5re produkter har kvalitetssikring og pen emballasje.<br \/>\n2. Som alle delene vi har sjekket f\u00f8r frakt, s\u00e5 hvis du finner noen deler savnet eller skadet, ikke bekymre deg og bare kontakt oss, s\u00e5 kan vi sende dem til deg p\u00e5 nytt umiddelbart gratis.<\/p>\n<figure id=\"attachment_35939\" aria-describedby=\"caption-attachment-35939\" style=\"width: 730px\" class=\"wp-caption aligncenter\"><img fetchpriority=\"high\" decoding=\"async\" class=\"wp-image-35939 size-full\" src=\"https:\/\/mouldking.store\/wp-content\/uploads\/2022\/11\/MOC-100573-Creator-Devil-May-Hare-Tasmanian-Devil-Taz-MOC-FACTORY-1.png\" alt=\"MOC-100573 Devil May Hare Tasmanian Devil Taz With 698 Pieces\" width=\"730\" height=\"730\" title=\"-\" srcset=\"https:\/\/mouldking.store\/wp-content\/uploads\/2022\/11\/MOC-100573-Creator-Devil-May-Hare-Tasmanian-Devil-Taz-MOC-FACTORY-1.png 730w, https:\/\/mouldking.store\/wp-content\/uploads\/2022\/11\/MOC-100573-Creator-Devil-May-Hare-Tasmanian-Devil-Taz-MOC-FACTORY-1-300x300.png 300w, https:\/\/mouldking.store\/wp-content\/uploads\/2022\/11\/MOC-100573-Creator-Devil-May-Hare-Tasmanian-Devil-Taz-MOC-FACTORY-1-600x600.png 600w, https:\/\/mouldking.store\/wp-content\/uploads\/2022\/11\/MOC-100573-Creator-Devil-May-Hare-Tasmanian-Devil-Taz-MOC-FACTORY-1-150x150.png 150w, https:\/\/mouldking.store\/wp-content\/uploads\/2022\/11\/MOC-100573-Creator-Devil-May-Hare-Tasmanian-Devil-Taz-MOC-FACTORY-1-60x60.png 60w, https:\/\/mouldking.store\/wp-content\/uploads\/2022\/11\/MOC-100573-Creator-Devil-May-Hare-Tasmanian-Devil-Taz-MOC-FACTORY-1-90x90.png 90w\" sizes=\"(max-width: 730px) 100vw, 730px\" \/><figcaption id=\"caption-attachment-35939\" class=\"wp-caption-text\">MOC-100573 Devil May Hare Tasmanian Devil Taz med 698 stykker<\/figcaption><\/figure>\n<figure id=\"attachment_35916\" aria-describedby=\"caption-attachment-35916\" style=\"width: 1000px\" class=\"wp-caption aligncenter\"><img decoding=\"async\" class=\"wp-image-35916 size-full\" src=\"https:\/\/mouldking.store\/wp-content\/uploads\/2022\/11\/Devil-May-Hare-Tasmanian-Devil-Taz-7.jpg\" alt=\"MOC-100573 Devil May Hare Tasmanian Devil Taz With 698 Pieces\" width=\"1000\" height=\"1000\" title=\"-\" srcset=\"https:\/\/mouldking.store\/wp-content\/uploads\/2022\/11\/Devil-May-Hare-Tasmanian-Devil-Taz-7.jpg 1000w, https:\/\/mouldking.store\/wp-content\/uploads\/2022\/11\/Devil-May-Hare-Tasmanian-Devil-Taz-7-300x300.jpg 300w, https:\/\/mouldking.store\/wp-content\/uploads\/2022\/11\/Devil-May-Hare-Tasmanian-Devil-Taz-7-768x768.jpg 768w, https:\/\/mouldking.store\/wp-content\/uploads\/2022\/11\/Devil-May-Hare-Tasmanian-Devil-Taz-7-600x600.jpg 600w, https:\/\/mouldking.store\/wp-content\/uploads\/2022\/11\/Devil-May-Hare-Tasmanian-Devil-Taz-7-150x150.jpg 150w, https:\/\/mouldking.store\/wp-content\/uploads\/2022\/11\/Devil-May-Hare-Tasmanian-Devil-Taz-7-60x60.jpg 60w, https:\/\/mouldking.store\/wp-content\/uploads\/2022\/11\/Devil-May-Hare-Tasmanian-Devil-Taz-7-90x90.jpg 90w\" sizes=\"(max-width: 1000px) 100vw, 1000px\" \/><figcaption id=\"caption-attachment-35916\" class=\"wp-caption-text\">MOC-100573 Devil May Hare Tasmanian Devil Taz med 698 stykker<\/figcaption><\/figure>\n<figure id=\"attachment_35917\" aria-describedby=\"caption-attachment-35917\" style=\"width: 1000px\" class=\"wp-caption aligncenter\"><img decoding=\"async\" class=\"wp-image-35917 size-full\" src=\"https:\/\/mouldking.store\/wp-content\/uploads\/2022\/11\/Devil-May-Hare-Tasmanian-Devil-Taz-6.jpg\" alt=\"MOC-100573 Devil May Hare Tasmanian Devil Taz With 698 Pieces\" width=\"1000\" height=\"1000\" title=\"-\" srcset=\"https:\/\/mouldking.store\/wp-content\/uploads\/2022\/11\/Devil-May-Hare-Tasmanian-Devil-Taz-6.jpg 1000w, https:\/\/mouldking.store\/wp-content\/uploads\/2022\/11\/Devil-May-Hare-Tasmanian-Devil-Taz-6-300x300.jpg 300w, https:\/\/mouldking.store\/wp-content\/uploads\/2022\/11\/Devil-May-Hare-Tasmanian-Devil-Taz-6-768x768.jpg 768w, https:\/\/mouldking.store\/wp-content\/uploads\/2022\/11\/Devil-May-Hare-Tasmanian-Devil-Taz-6-600x600.jpg 600w, https:\/\/mouldking.store\/wp-content\/uploads\/2022\/11\/Devil-May-Hare-Tasmanian-Devil-Taz-6-150x150.jpg 150w, https:\/\/mouldking.store\/wp-content\/uploads\/2022\/11\/Devil-May-Hare-Tasmanian-Devil-Taz-6-60x60.jpg 60w, https:\/\/mouldking.store\/wp-content\/uploads\/2022\/11\/Devil-May-Hare-Tasmanian-Devil-Taz-6-90x90.jpg 90w\" sizes=\"(max-width: 1000px) 100vw, 1000px\" \/><figcaption id=\"caption-attachment-35917\" class=\"wp-caption-text\">MOC-100573 Devil May Hare Tasmanian Devil Taz med 698 stykker<\/figcaption><\/figure>\n<figure id=\"attachment_35918\" aria-describedby=\"caption-attachment-35918\" style=\"width: 1000px\" class=\"wp-caption aligncenter\"><img loading=\"lazy\" decoding=\"async\" class=\"wp-image-35918 size-full\" src=\"https:\/\/mouldking.store\/wp-content\/uploads\/2022\/11\/Devil-May-Hare-Tasmanian-Devil-Taz-5.jpg\" alt=\"MOC-100573 Devil May Hare Tasmanian Devil Taz With 698 Pieces\" width=\"1000\" height=\"1000\" title=\"-\" srcset=\"https:\/\/mouldking.store\/wp-content\/uploads\/2022\/11\/Devil-May-Hare-Tasmanian-Devil-Taz-5.jpg 1000w, https:\/\/mouldking.store\/wp-content\/uploads\/2022\/11\/Devil-May-Hare-Tasmanian-Devil-Taz-5-300x300.jpg 300w, https:\/\/mouldking.store\/wp-content\/uploads\/2022\/11\/Devil-May-Hare-Tasmanian-Devil-Taz-5-768x768.jpg 768w, https:\/\/mouldking.store\/wp-content\/uploads\/2022\/11\/Devil-May-Hare-Tasmanian-Devil-Taz-5-600x600.jpg 600w, https:\/\/mouldking.store\/wp-content\/uploads\/2022\/11\/Devil-May-Hare-Tasmanian-Devil-Taz-5-150x150.jpg 150w, https:\/\/mouldking.store\/wp-content\/uploads\/2022\/11\/Devil-May-Hare-Tasmanian-Devil-Taz-5-60x60.jpg 60w, https:\/\/mouldking.store\/wp-content\/uploads\/2022\/11\/Devil-May-Hare-Tasmanian-Devil-Taz-5-90x90.jpg 90w\" sizes=\"(max-width: 1000px) 100vw, 1000px\" \/><figcaption id=\"caption-attachment-35918\" class=\"wp-caption-text\">MOC-100573 Devil May Hare Tasmanian Devil Taz med 698 stykker<\/figcaption><\/figure>\n<figure id=\"attachment_35919\" aria-describedby=\"caption-attachment-35919\" style=\"width: 1000px\" class=\"wp-caption aligncenter\"><img loading=\"lazy\" decoding=\"async\" class=\"wp-image-35919 size-full\" src=\"https:\/\/mouldking.store\/wp-content\/uploads\/2022\/11\/Devil-May-Hare-Tasmanian-Devil-Taz-4.jpg\" alt=\"MOC-100573 Devil May Hare Tasmanian Devil Taz With 698 Pieces\" width=\"1000\" height=\"1000\" title=\"-\" srcset=\"https:\/\/mouldking.store\/wp-content\/uploads\/2022\/11\/Devil-May-Hare-Tasmanian-Devil-Taz-4.jpg 1000w, https:\/\/mouldking.store\/wp-content\/uploads\/2022\/11\/Devil-May-Hare-Tasmanian-Devil-Taz-4-300x300.jpg 300w, https:\/\/mouldking.store\/wp-content\/uploads\/2022\/11\/Devil-May-Hare-Tasmanian-Devil-Taz-4-768x768.jpg 768w, https:\/\/mouldking.store\/wp-content\/uploads\/2022\/11\/Devil-May-Hare-Tasmanian-Devil-Taz-4-600x600.jpg 600w, https:\/\/mouldking.store\/wp-content\/uploads\/2022\/11\/Devil-May-Hare-Tasmanian-Devil-Taz-4-150x150.jpg 150w, https:\/\/mouldking.store\/wp-content\/uploads\/2022\/11\/Devil-May-Hare-Tasmanian-Devil-Taz-4-60x60.jpg 60w, https:\/\/mouldking.store\/wp-content\/uploads\/2022\/11\/Devil-May-Hare-Tasmanian-Devil-Taz-4-90x90.jpg 90w\" sizes=\"(max-width: 1000px) 100vw, 1000px\" \/><figcaption id=\"caption-attachment-35919\" class=\"wp-caption-text\">MOC-100573 Devil May Hare Tasmanian Devil Taz med 698 stykker<\/figcaption><\/figure>\n<figure id=\"attachment_35920\" aria-describedby=\"caption-attachment-35920\" style=\"width: 1000px\" class=\"wp-caption aligncenter\"><img loading=\"lazy\" decoding=\"async\" class=\"wp-image-35920 size-full\" src=\"https:\/\/mouldking.store\/wp-content\/uploads\/2022\/11\/Devil-May-Hare-Tasmanian-Devil-Taz-3.jpg\" alt=\"MOC-100573 Devil May Hare Tasmanian Devil Taz With 698 Pieces\" width=\"1000\" height=\"1000\" title=\"-\" srcset=\"https:\/\/mouldking.store\/wp-content\/uploads\/2022\/11\/Devil-May-Hare-Tasmanian-Devil-Taz-3.jpg 1000w, https:\/\/mouldking.store\/wp-content\/uploads\/2022\/11\/Devil-May-Hare-Tasmanian-Devil-Taz-3-300x300.jpg 300w, https:\/\/mouldking.store\/wp-content\/uploads\/2022\/11\/Devil-May-Hare-Tasmanian-Devil-Taz-3-768x768.jpg 768w, https:\/\/mouldking.store\/wp-content\/uploads\/2022\/11\/Devil-May-Hare-Tasmanian-Devil-Taz-3-600x600.jpg 600w, https:\/\/mouldking.store\/wp-content\/uploads\/2022\/11\/Devil-May-Hare-Tasmanian-Devil-Taz-3-150x150.jpg 150w, https:\/\/mouldking.store\/wp-content\/uploads\/2022\/11\/Devil-May-Hare-Tasmanian-Devil-Taz-3-60x60.jpg 60w, https:\/\/mouldking.store\/wp-content\/uploads\/2022\/11\/Devil-May-Hare-Tasmanian-Devil-Taz-3-90x90.jpg 90w\" sizes=\"(max-width: 1000px) 100vw, 1000px\" \/><figcaption id=\"caption-attachment-35920\" class=\"wp-caption-text\">MOC-100573 Devil May Hare Tasmanian Devil Taz med 698 stykker<\/figcaption><\/figure>\n<figure id=\"attachment_35921\" aria-describedby=\"caption-attachment-35921\" style=\"width: 1000px\" class=\"wp-caption aligncenter\"><img loading=\"lazy\" decoding=\"async\" class=\"wp-image-35921 size-full\" src=\"https:\/\/mouldking.store\/wp-content\/uploads\/2022\/11\/Devil-May-Hare-Tasmanian-Devil-Taz-2.jpg\" alt=\"MOC-100573 Devil May Hare Tasmanian Devil Taz With 698 Pieces\" width=\"1000\" height=\"1000\" title=\"-\" srcset=\"https:\/\/mouldking.store\/wp-content\/uploads\/2022\/11\/Devil-May-Hare-Tasmanian-Devil-Taz-2.jpg 1000w, https:\/\/mouldking.store\/wp-content\/uploads\/2022\/11\/Devil-May-Hare-Tasmanian-Devil-Taz-2-300x300.jpg 300w, https:\/\/mouldking.store\/wp-content\/uploads\/2022\/11\/Devil-May-Hare-Tasmanian-Devil-Taz-2-768x768.jpg 768w, https:\/\/mouldking.store\/wp-content\/uploads\/2022\/11\/Devil-May-Hare-Tasmanian-Devil-Taz-2-600x600.jpg 600w, https:\/\/mouldking.store\/wp-content\/uploads\/2022\/11\/Devil-May-Hare-Tasmanian-Devil-Taz-2-150x150.jpg 150w, https:\/\/mouldking.store\/wp-content\/uploads\/2022\/11\/Devil-May-Hare-Tasmanian-Devil-Taz-2-60x60.jpg 60w, https:\/\/mouldking.store\/wp-content\/uploads\/2022\/11\/Devil-May-Hare-Tasmanian-Devil-Taz-2-90x90.jpg 90w\" sizes=\"(max-width: 1000px) 100vw, 1000px\" \/><figcaption id=\"caption-attachment-35921\" class=\"wp-caption-text\">MOC-100573 Devil May Hare Tasmanian Devil Taz med 698 stykker<\/figcaption><\/figure>\n<figure id=\"attachment_35922\" aria-describedby=\"caption-attachment-35922\" style=\"width: 1000px\" class=\"wp-caption aligncenter\"><img loading=\"lazy\" decoding=\"async\" class=\"wp-image-35922 size-full\" src=\"https:\/\/mouldking.store\/wp-content\/uploads\/2022\/11\/Devil-May-Hare-Tasmanian-Devil-Taz-1.jpg\" alt=\"MOC-100573 Devil May Hare Tasmanian Devil Taz With 698 Pieces\" width=\"1000\" height=\"1000\" title=\"-\" srcset=\"https:\/\/mouldking.store\/wp-content\/uploads\/2022\/11\/Devil-May-Hare-Tasmanian-Devil-Taz-1.jpg 1000w, https:\/\/mouldking.store\/wp-content\/uploads\/2022\/11\/Devil-May-Hare-Tasmanian-Devil-Taz-1-300x300.jpg 300w, https:\/\/mouldking.store\/wp-content\/uploads\/2022\/11\/Devil-May-Hare-Tasmanian-Devil-Taz-1-768x768.jpg 768w, https:\/\/mouldking.store\/wp-content\/uploads\/2022\/11\/Devil-May-Hare-Tasmanian-Devil-Taz-1-600x600.jpg 600w, https:\/\/mouldking.store\/wp-content\/uploads\/2022\/11\/Devil-May-Hare-Tasmanian-Devil-Taz-1-150x150.jpg 150w, https:\/\/mouldking.store\/wp-content\/uploads\/2022\/11\/Devil-May-Hare-Tasmanian-Devil-Taz-1-60x60.jpg 60w, https:\/\/mouldking.store\/wp-content\/uploads\/2022\/11\/Devil-May-Hare-Tasmanian-Devil-Taz-1-90x90.jpg 90w\" sizes=\"(max-width: 1000px) 100vw, 1000px\" \/><figcaption id=\"caption-attachment-35922\" class=\"wp-caption-text\">MOC-100573 Devil May Hare Tasmanian Devil Taz med 698 stykker<\/figcaption><\/figure>","protected":false},"excerpt":{"rendered":"<p>Product information: Brand: MOC Gender: Unisex Name: Devil May Hare Tasmanian Devil Taz Age Range: &gt; 6 years old Model Number: 100573 Classification: Assemblage Plastic Block Shape: Self-Locking Bricks Material: Plastic Plastic Type: ABS Bricks Blocks:698 PCS Size: 25 x 13.4 x 22.6 cm Weight:0.34 kg Contains detailed assembly instructions. Notice: 1. Without an original [&hellip;]<\/p>","protected":false},"featured_media":35939,"comment_status":"closed","ping_status":"closed","template":"","meta":{"_acf_changed":false},"product_cat":[1365],"product_tag":[8038,8042,8040,8037,8043,8036,8039,8041],"class_list":["product","first","instock","shipping-taxable","purchasable","product-type-simple"],"acf":[],"_links":{"self":[{"href":"https:\/\/mouldking.store\/nb\/wp-json\/wp\/v2\/product\/35914","targetHints":{"allow":["GET"]}}],"collection":[{"href":"https:\/\/mouldking.store\/nb\/wp-json\/wp\/v2\/product"}],"about":[{"href":"https:\/\/mouldking.store\/nb\/wp-json\/wp\/v2\/types\/product"}],"replies":[{"embeddable":true,"href":"https:\/\/mouldking.store\/nb\/wp-json\/wp\/v2\/comments?post=35914"}],"wp:featuredmedia":[{"embeddable":true,"href":"https:\/\/mouldking.store\/nb\/wp-json\/wp\/v2\/media\/35939"}],"wp:attachment":[{"href":"https:\/\/mouldking.store\/nb\/wp-json\/wp\/v2\/media?parent=35914"}],"wp:term":[{"taxonomy":"product_cat","embeddable":true,"href":"https:\/\/mouldking.store\/nb\/wp-json\/wp\/v2\/product_cat?post=35914"},{"taxonomy":"product_tag","embeddable":true,"href":"https:\/\/mouldking.store\/nb\/wp-json\/wp\/v2\/product_tag?post=35914"}],"curies":[{"name":"wp","href":"https:\/\/api.w.org\/{rel}","templated":true}]}}