{"id":35938,"date":"2022-11-23T09:19:20","date_gmt":"2022-11-23T02:19:20","guid":{"rendered":"https:\/\/mouldking.store\/?post_type=product&#038;p=35938"},"modified":"2025-12-25T09:12:22","modified_gmt":"2025-12-25T02:12:22","slug":"moc-123192-hopper-wagon-brown-tanoos-896-with-613-pieces","status":"publish","type":"product","link":"https:\/\/mouldking.store\/nb\/shop\/moc-123192-hopper-wagon-brown-tanoos-896-with-613-pieces\/","title":{"rendered":"MOC-123192 Hopper Wagon Brun (Tanoos 896) med 613 deler"},"content":{"rendered":"<p>Produktinformasjon:<\/p>\n<ol>\n<li>Merke: MOC<\/li>\n<li>Kj\u00f8nn: Unisex<\/li>\n<li>Navn: Devil May Hare Tasmanian Devil Taz<\/li>\n<li>Aldersgruppe: &gt; 6 \u00e5r gammel<\/li>\n<li>Modellnummer: 123192<\/li>\n<li>Klassifisering: Montering<\/li>\n<li>Plastblokkform: Selvl\u00e5sende murstein<\/li>\n<li>Materiale: Plast<\/li>\n<li>Plasttype: ABS<\/li>\n<li>Mursteinblokker:613 STK<\/li>\n<li>St\u00f8rrelse: 35 x 5 x 9,6 cm<\/li>\n<li>Vekt: 0,43 kg<\/li>\n<li>Inneholder detaljerte monteringsanvisninger.<\/li>\n<\/ol>\n<p>Legge merke til:<br \/>\n1. Uten original eske, men vi garanterer at v\u00e5re produkter har kvalitetssikring og pen emballasje.<br \/>\n2. Som alle delene vi har sjekket f\u00f8r frakt, s\u00e5 hvis du finner noen deler savnet eller skadet, ikke bekymre deg og bare kontakt oss, s\u00e5 kan vi sende dem til deg p\u00e5 nytt umiddelbart gratis.<\/p>\n<figure id=\"attachment_35941\" aria-describedby=\"caption-attachment-35941\" style=\"width: 730px\" class=\"wp-caption aligncenter\"><img fetchpriority=\"high\" decoding=\"async\" class=\"wp-image-35941 size-full\" src=\"https:\/\/mouldking.store\/wp-content\/uploads\/2022\/11\/MOC-123192-Technic-Hopper-Wagon-Brown-Tanoos-896-MOC-FACTORY.png\" alt=\"MOC-123192 Hopper Wagon Brown (Tanoos 896) With 613 Pieces\" width=\"730\" height=\"730\" title=\"-\" srcset=\"https:\/\/mouldking.store\/wp-content\/uploads\/2022\/11\/MOC-123192-Technic-Hopper-Wagon-Brown-Tanoos-896-MOC-FACTORY.png 730w, https:\/\/mouldking.store\/wp-content\/uploads\/2022\/11\/MOC-123192-Technic-Hopper-Wagon-Brown-Tanoos-896-MOC-FACTORY-300x300.png 300w, https:\/\/mouldking.store\/wp-content\/uploads\/2022\/11\/MOC-123192-Technic-Hopper-Wagon-Brown-Tanoos-896-MOC-FACTORY-600x600.png 600w, https:\/\/mouldking.store\/wp-content\/uploads\/2022\/11\/MOC-123192-Technic-Hopper-Wagon-Brown-Tanoos-896-MOC-FACTORY-150x150.png 150w, https:\/\/mouldking.store\/wp-content\/uploads\/2022\/11\/MOC-123192-Technic-Hopper-Wagon-Brown-Tanoos-896-MOC-FACTORY-60x60.png 60w, https:\/\/mouldking.store\/wp-content\/uploads\/2022\/11\/MOC-123192-Technic-Hopper-Wagon-Brown-Tanoos-896-MOC-FACTORY-90x90.png 90w\" sizes=\"(max-width: 730px) 100vw, 730px\" \/><figcaption id=\"caption-attachment-35941\" class=\"wp-caption-text\">MOC-123192 Hopper Wagon Brun (Tanoos 896) med 613 deler<\/figcaption><\/figure>\n<figure id=\"attachment_35942\" aria-describedby=\"caption-attachment-35942\" style=\"width: 1000px\" class=\"wp-caption aligncenter\"><img decoding=\"async\" class=\"wp-image-35942 size-full\" src=\"https:\/\/mouldking.store\/wp-content\/uploads\/2022\/11\/MOC-123192-Hopper-wagon-brown-Tanoos-896-4.jpg\" alt=\"MOC-123192 Hopper Wagon Brown (Tanoos 896) With 613 Pieces\" width=\"1000\" height=\"1000\" title=\"-\" srcset=\"https:\/\/mouldking.store\/wp-content\/uploads\/2022\/11\/MOC-123192-Hopper-wagon-brown-Tanoos-896-4.jpg 1000w, https:\/\/mouldking.store\/wp-content\/uploads\/2022\/11\/MOC-123192-Hopper-wagon-brown-Tanoos-896-4-300x300.jpg 300w, https:\/\/mouldking.store\/wp-content\/uploads\/2022\/11\/MOC-123192-Hopper-wagon-brown-Tanoos-896-4-768x768.jpg 768w, https:\/\/mouldking.store\/wp-content\/uploads\/2022\/11\/MOC-123192-Hopper-wagon-brown-Tanoos-896-4-600x600.jpg 600w, https:\/\/mouldking.store\/wp-content\/uploads\/2022\/11\/MOC-123192-Hopper-wagon-brown-Tanoos-896-4-150x150.jpg 150w, https:\/\/mouldking.store\/wp-content\/uploads\/2022\/11\/MOC-123192-Hopper-wagon-brown-Tanoos-896-4-60x60.jpg 60w, https:\/\/mouldking.store\/wp-content\/uploads\/2022\/11\/MOC-123192-Hopper-wagon-brown-Tanoos-896-4-90x90.jpg 90w\" sizes=\"(max-width: 1000px) 100vw, 1000px\" \/><figcaption id=\"caption-attachment-35942\" class=\"wp-caption-text\">MOC-123192 Hopper Wagon Brun (Tanoos 896) med 613 deler<\/figcaption><\/figure>\n<figure id=\"attachment_35943\" aria-describedby=\"caption-attachment-35943\" style=\"width: 1000px\" class=\"wp-caption aligncenter\"><img decoding=\"async\" class=\"wp-image-35943 size-full\" src=\"https:\/\/mouldking.store\/wp-content\/uploads\/2022\/11\/MOC-123192-Hopper-wagon-brown-Tanoos-896-3.jpg\" alt=\"MOC-123192 Hopper Wagon Brown (Tanoos 896) With 613 Pieces\" width=\"1000\" height=\"1000\" title=\"-\" srcset=\"https:\/\/mouldking.store\/wp-content\/uploads\/2022\/11\/MOC-123192-Hopper-wagon-brown-Tanoos-896-3.jpg 1000w, https:\/\/mouldking.store\/wp-content\/uploads\/2022\/11\/MOC-123192-Hopper-wagon-brown-Tanoos-896-3-300x300.jpg 300w, https:\/\/mouldking.store\/wp-content\/uploads\/2022\/11\/MOC-123192-Hopper-wagon-brown-Tanoos-896-3-768x768.jpg 768w, https:\/\/mouldking.store\/wp-content\/uploads\/2022\/11\/MOC-123192-Hopper-wagon-brown-Tanoos-896-3-600x600.jpg 600w, https:\/\/mouldking.store\/wp-content\/uploads\/2022\/11\/MOC-123192-Hopper-wagon-brown-Tanoos-896-3-150x150.jpg 150w, https:\/\/mouldking.store\/wp-content\/uploads\/2022\/11\/MOC-123192-Hopper-wagon-brown-Tanoos-896-3-60x60.jpg 60w, https:\/\/mouldking.store\/wp-content\/uploads\/2022\/11\/MOC-123192-Hopper-wagon-brown-Tanoos-896-3-90x90.jpg 90w\" sizes=\"(max-width: 1000px) 100vw, 1000px\" \/><figcaption id=\"caption-attachment-35943\" class=\"wp-caption-text\">MOC-123192 Hopper Wagon Brun (Tanoos 896) med 613 deler<\/figcaption><\/figure>\n<figure id=\"attachment_35944\" aria-describedby=\"caption-attachment-35944\" style=\"width: 1000px\" class=\"wp-caption aligncenter\"><img loading=\"lazy\" decoding=\"async\" class=\"wp-image-35944 size-full\" src=\"https:\/\/mouldking.store\/wp-content\/uploads\/2022\/11\/MOC-123192-Hopper-wagon-brown-Tanoos-896-2.jpg\" alt=\"MOC-123192 Hopper Wagon Brown (Tanoos 896) With 613 Pieces\" width=\"1000\" height=\"1000\" title=\"-\" srcset=\"https:\/\/mouldking.store\/wp-content\/uploads\/2022\/11\/MOC-123192-Hopper-wagon-brown-Tanoos-896-2.jpg 1000w, https:\/\/mouldking.store\/wp-content\/uploads\/2022\/11\/MOC-123192-Hopper-wagon-brown-Tanoos-896-2-300x300.jpg 300w, https:\/\/mouldking.store\/wp-content\/uploads\/2022\/11\/MOC-123192-Hopper-wagon-brown-Tanoos-896-2-768x768.jpg 768w, https:\/\/mouldking.store\/wp-content\/uploads\/2022\/11\/MOC-123192-Hopper-wagon-brown-Tanoos-896-2-600x600.jpg 600w, https:\/\/mouldking.store\/wp-content\/uploads\/2022\/11\/MOC-123192-Hopper-wagon-brown-Tanoos-896-2-150x150.jpg 150w, https:\/\/mouldking.store\/wp-content\/uploads\/2022\/11\/MOC-123192-Hopper-wagon-brown-Tanoos-896-2-60x60.jpg 60w, https:\/\/mouldking.store\/wp-content\/uploads\/2022\/11\/MOC-123192-Hopper-wagon-brown-Tanoos-896-2-90x90.jpg 90w\" sizes=\"(max-width: 1000px) 100vw, 1000px\" \/><figcaption id=\"caption-attachment-35944\" class=\"wp-caption-text\">MOC-123192 Hopper Wagon Brun (Tanoos 896) med 613 deler<\/figcaption><\/figure>\n<figure id=\"attachment_35945\" aria-describedby=\"caption-attachment-35945\" style=\"width: 710px\" class=\"wp-caption aligncenter\"><img loading=\"lazy\" decoding=\"async\" class=\"wp-image-35945 size-full\" src=\"https:\/\/mouldking.store\/wp-content\/uploads\/2022\/11\/MOC-123192-Hopper-wagon-brown-Tanoos-896-1.jpg\" alt=\"MOC-123192 Hopper Wagon Brown (Tanoos 896) With 613 Pieces\" width=\"710\" height=\"1200\" title=\"-\" srcset=\"https:\/\/mouldking.store\/wp-content\/uploads\/2022\/11\/MOC-123192-Hopper-wagon-brown-Tanoos-896-1.jpg 710w, https:\/\/mouldking.store\/wp-content\/uploads\/2022\/11\/MOC-123192-Hopper-wagon-brown-Tanoos-896-1-178x300.jpg 178w, https:\/\/mouldking.store\/wp-content\/uploads\/2022\/11\/MOC-123192-Hopper-wagon-brown-Tanoos-896-1-606x1024.jpg 606w, https:\/\/mouldking.store\/wp-content\/uploads\/2022\/11\/MOC-123192-Hopper-wagon-brown-Tanoos-896-1-300x507.jpg 300w, https:\/\/mouldking.store\/wp-content\/uploads\/2022\/11\/MOC-123192-Hopper-wagon-brown-Tanoos-896-1-600x1014.jpg 600w, https:\/\/mouldking.store\/wp-content\/uploads\/2022\/11\/MOC-123192-Hopper-wagon-brown-Tanoos-896-1-89x150.jpg 89w, https:\/\/mouldking.store\/wp-content\/uploads\/2022\/11\/MOC-123192-Hopper-wagon-brown-Tanoos-896-1-36x60.jpg 36w, https:\/\/mouldking.store\/wp-content\/uploads\/2022\/11\/MOC-123192-Hopper-wagon-brown-Tanoos-896-1-53x90.jpg 53w\" sizes=\"(max-width: 710px) 100vw, 710px\" \/><figcaption id=\"caption-attachment-35945\" class=\"wp-caption-text\">MOC-123192 Hopper Wagon Brun (Tanoos 896) med 613 deler<\/figcaption><\/figure>","protected":false},"excerpt":{"rendered":"<p>Product information: Brand: MOC Gender: Unisex Name: Devil May Hare Tasmanian Devil Taz Age Range: &gt; 6 years old Model Number: 123192 Classification: Assemblage Plastic Block Shape: Self-Locking Bricks Material: Plastic Plastic Type: ABS Bricks Blocks:613 PCS Size: \u00a035 x 5 x 9.6 cm Weight:0.43 kg Contains detailed assembly instructions. Notice: 1. Without an original [&hellip;]<\/p>","protected":false},"featured_media":35941,"comment_status":"closed","ping_status":"closed","template":"","meta":{"_acf_changed":false},"product_cat":[1357],"product_tag":[8055,8054,8053,8057,8052,8058,8051,8056,2310],"class_list":["product","first","instock","shipping-taxable","purchasable","product-type-simple"],"acf":[],"_links":{"self":[{"href":"https:\/\/mouldking.store\/nb\/wp-json\/wp\/v2\/product\/35938","targetHints":{"allow":["GET"]}}],"collection":[{"href":"https:\/\/mouldking.store\/nb\/wp-json\/wp\/v2\/product"}],"about":[{"href":"https:\/\/mouldking.store\/nb\/wp-json\/wp\/v2\/types\/product"}],"replies":[{"embeddable":true,"href":"https:\/\/mouldking.store\/nb\/wp-json\/wp\/v2\/comments?post=35938"}],"wp:featuredmedia":[{"embeddable":true,"href":"https:\/\/mouldking.store\/nb\/wp-json\/wp\/v2\/media\/35941"}],"wp:attachment":[{"href":"https:\/\/mouldking.store\/nb\/wp-json\/wp\/v2\/media?parent=35938"}],"wp:term":[{"taxonomy":"product_cat","embeddable":true,"href":"https:\/\/mouldking.store\/nb\/wp-json\/wp\/v2\/product_cat?post=35938"},{"taxonomy":"product_tag","embeddable":true,"href":"https:\/\/mouldking.store\/nb\/wp-json\/wp\/v2\/product_tag?post=35938"}],"curies":[{"name":"wp","href":"https:\/\/api.w.org\/{rel}","templated":true}]}}