{"id":35968,"date":"2022-11-23T09:48:58","date_gmt":"2022-11-23T02:48:58","guid":{"rendered":"https:\/\/mouldking.store\/?post_type=product&#038;p=35968"},"modified":"2025-12-25T09:12:22","modified_gmt":"2025-12-25T02:12:22","slug":"moc-112360-diligence-divine-mech-suit-with-434-pieces","status":"publish","type":"product","link":"https:\/\/mouldking.store\/nb\/shop\/moc-112360-diligence-divine-mech-suit-with-434-pieces\/","title":{"rendered":"MOC-112360 Diligence-Divine Mech-drakt med 434 deler"},"content":{"rendered":"<p>Produktinformasjon:<\/p>\n<ol>\n<li>Merke: MOC<\/li>\n<li>Kj\u00f8nn: Unisex<\/li>\n<li>Name: Diligence-Divine Mech Suit<\/li>\n<li>Aldersgruppe: &gt; 6 \u00e5r gammel<\/li>\n<li>Model Number: 112360<\/li>\n<li>Klassifisering: Montering<\/li>\n<li>Plastblokkform: Selvl\u00e5sende murstein<\/li>\n<li>Materiale: Plast<\/li>\n<li>Plasttype: ABS<\/li>\n<li>Bricks Blocks:434 PCS<\/li>\n<li>Size: 16 x 8 x 12 cm<\/li>\n<li>Weight:0.18 kg<\/li>\n<li>Inneholder detaljerte monteringsanvisninger.<\/li>\n<\/ol>\n<p>Legge merke til:<br \/>\n1. Uten original eske, men vi garanterer at v\u00e5re produkter har kvalitetssikring og pen emballasje.<br \/>\n2. Som alle delene vi har sjekket f\u00f8r frakt, s\u00e5 hvis du finner noen deler savnet eller skadet, ikke bekymre deg og bare kontakt oss, s\u00e5 kan vi sende dem til deg p\u00e5 nytt umiddelbart gratis.<\/p>\n<figure id=\"attachment_35969\" aria-describedby=\"caption-attachment-35969\" style=\"width: 1024px\" class=\"wp-caption aligncenter\"><img fetchpriority=\"high\" decoding=\"async\" class=\"wp-image-35969 size-large\" src=\"https:\/\/mouldking.store\/wp-content\/uploads\/2022\/11\/MOC-112360-Movie-Diligence-Divine-Mech-Suit-MOC-FACTORY-1024x1024.png\" alt=\"MOC-112360 Diligence-Divine Mech Suit With 434 Pieces\" width=\"1024\" height=\"1024\" title=\"-\" srcset=\"https:\/\/mouldking.store\/wp-content\/uploads\/2022\/11\/MOC-112360-Movie-Diligence-Divine-Mech-Suit-MOC-FACTORY-1024x1024.png 1024w, https:\/\/mouldking.store\/wp-content\/uploads\/2022\/11\/MOC-112360-Movie-Diligence-Divine-Mech-Suit-MOC-FACTORY-300x300.png 300w, https:\/\/mouldking.store\/wp-content\/uploads\/2022\/11\/MOC-112360-Movie-Diligence-Divine-Mech-Suit-MOC-FACTORY-768x768.png 768w, https:\/\/mouldking.store\/wp-content\/uploads\/2022\/11\/MOC-112360-Movie-Diligence-Divine-Mech-Suit-MOC-FACTORY-600x600.png 600w, https:\/\/mouldking.store\/wp-content\/uploads\/2022\/11\/MOC-112360-Movie-Diligence-Divine-Mech-Suit-MOC-FACTORY-150x150.png 150w, https:\/\/mouldking.store\/wp-content\/uploads\/2022\/11\/MOC-112360-Movie-Diligence-Divine-Mech-Suit-MOC-FACTORY-60x60.png 60w, https:\/\/mouldking.store\/wp-content\/uploads\/2022\/11\/MOC-112360-Movie-Diligence-Divine-Mech-Suit-MOC-FACTORY-90x90.png 90w, https:\/\/mouldking.store\/wp-content\/uploads\/2022\/11\/MOC-112360-Movie-Diligence-Divine-Mech-Suit-MOC-FACTORY.png 1095w\" sizes=\"(max-width: 1024px) 100vw, 1024px\" \/><figcaption id=\"caption-attachment-35969\" class=\"wp-caption-text\">MOC-112360 Diligence-Divine Mech-drakt med 434 deler<\/figcaption><\/figure>\n<figure id=\"attachment_35970\" aria-describedby=\"caption-attachment-35970\" style=\"width: 1000px\" class=\"wp-caption aligncenter\"><img decoding=\"async\" class=\"wp-image-35970 size-full\" src=\"https:\/\/mouldking.store\/wp-content\/uploads\/2022\/11\/MOC-112360-Diligence-Divine-Mech-Suit-5.jpg\" alt=\"MOC-112360 Diligence-Divine Mech Suit With 434 Pieces\" width=\"1000\" height=\"1000\" title=\"-\" srcset=\"https:\/\/mouldking.store\/wp-content\/uploads\/2022\/11\/MOC-112360-Diligence-Divine-Mech-Suit-5.jpg 1000w, https:\/\/mouldking.store\/wp-content\/uploads\/2022\/11\/MOC-112360-Diligence-Divine-Mech-Suit-5-300x300.jpg 300w, https:\/\/mouldking.store\/wp-content\/uploads\/2022\/11\/MOC-112360-Diligence-Divine-Mech-Suit-5-768x768.jpg 768w, https:\/\/mouldking.store\/wp-content\/uploads\/2022\/11\/MOC-112360-Diligence-Divine-Mech-Suit-5-600x600.jpg 600w, https:\/\/mouldking.store\/wp-content\/uploads\/2022\/11\/MOC-112360-Diligence-Divine-Mech-Suit-5-150x150.jpg 150w, https:\/\/mouldking.store\/wp-content\/uploads\/2022\/11\/MOC-112360-Diligence-Divine-Mech-Suit-5-60x60.jpg 60w, https:\/\/mouldking.store\/wp-content\/uploads\/2022\/11\/MOC-112360-Diligence-Divine-Mech-Suit-5-90x90.jpg 90w\" sizes=\"(max-width: 1000px) 100vw, 1000px\" \/><figcaption id=\"caption-attachment-35970\" class=\"wp-caption-text\">MOC-112360 Diligence-Divine Mech-drakt med 434 deler<\/figcaption><\/figure>\n<figure id=\"attachment_35971\" aria-describedby=\"caption-attachment-35971\" style=\"width: 1000px\" class=\"wp-caption aligncenter\"><img decoding=\"async\" class=\"wp-image-35971 size-full\" src=\"https:\/\/mouldking.store\/wp-content\/uploads\/2022\/11\/MOC-112360-Diligence-Divine-Mech-Suit-4.jpg\" alt=\"MOC-112360 Diligence-Divine Mech Suit With 434 Pieces\" width=\"1000\" height=\"1000\" title=\"-\" srcset=\"https:\/\/mouldking.store\/wp-content\/uploads\/2022\/11\/MOC-112360-Diligence-Divine-Mech-Suit-4.jpg 1000w, https:\/\/mouldking.store\/wp-content\/uploads\/2022\/11\/MOC-112360-Diligence-Divine-Mech-Suit-4-300x300.jpg 300w, https:\/\/mouldking.store\/wp-content\/uploads\/2022\/11\/MOC-112360-Diligence-Divine-Mech-Suit-4-768x768.jpg 768w, https:\/\/mouldking.store\/wp-content\/uploads\/2022\/11\/MOC-112360-Diligence-Divine-Mech-Suit-4-600x600.jpg 600w, https:\/\/mouldking.store\/wp-content\/uploads\/2022\/11\/MOC-112360-Diligence-Divine-Mech-Suit-4-150x150.jpg 150w, https:\/\/mouldking.store\/wp-content\/uploads\/2022\/11\/MOC-112360-Diligence-Divine-Mech-Suit-4-60x60.jpg 60w, https:\/\/mouldking.store\/wp-content\/uploads\/2022\/11\/MOC-112360-Diligence-Divine-Mech-Suit-4-90x90.jpg 90w\" sizes=\"(max-width: 1000px) 100vw, 1000px\" \/><figcaption id=\"caption-attachment-35971\" class=\"wp-caption-text\">MOC-112360 Diligence-Divine Mech-drakt med 434 deler<\/figcaption><\/figure>\n<figure id=\"attachment_35972\" aria-describedby=\"caption-attachment-35972\" style=\"width: 1000px\" class=\"wp-caption aligncenter\"><img loading=\"lazy\" decoding=\"async\" class=\"wp-image-35972 size-full\" src=\"https:\/\/mouldking.store\/wp-content\/uploads\/2022\/11\/MOC-112360-Diligence-Divine-Mech-Suit-3.jpg\" alt=\"MOC-112360 Diligence-Divine Mech Suit With 434 Pieces\" width=\"1000\" height=\"1000\" title=\"-\" srcset=\"https:\/\/mouldking.store\/wp-content\/uploads\/2022\/11\/MOC-112360-Diligence-Divine-Mech-Suit-3.jpg 1000w, https:\/\/mouldking.store\/wp-content\/uploads\/2022\/11\/MOC-112360-Diligence-Divine-Mech-Suit-3-300x300.jpg 300w, https:\/\/mouldking.store\/wp-content\/uploads\/2022\/11\/MOC-112360-Diligence-Divine-Mech-Suit-3-768x768.jpg 768w, https:\/\/mouldking.store\/wp-content\/uploads\/2022\/11\/MOC-112360-Diligence-Divine-Mech-Suit-3-600x600.jpg 600w, https:\/\/mouldking.store\/wp-content\/uploads\/2022\/11\/MOC-112360-Diligence-Divine-Mech-Suit-3-150x150.jpg 150w, https:\/\/mouldking.store\/wp-content\/uploads\/2022\/11\/MOC-112360-Diligence-Divine-Mech-Suit-3-60x60.jpg 60w, https:\/\/mouldking.store\/wp-content\/uploads\/2022\/11\/MOC-112360-Diligence-Divine-Mech-Suit-3-90x90.jpg 90w\" sizes=\"(max-width: 1000px) 100vw, 1000px\" \/><figcaption id=\"caption-attachment-35972\" class=\"wp-caption-text\">MOC-112360 Diligence-Divine Mech-drakt med 434 deler<\/figcaption><\/figure>\n<figure id=\"attachment_35973\" aria-describedby=\"caption-attachment-35973\" style=\"width: 1000px\" class=\"wp-caption aligncenter\"><img loading=\"lazy\" decoding=\"async\" class=\"wp-image-35973 size-full\" src=\"https:\/\/mouldking.store\/wp-content\/uploads\/2022\/11\/MOC-112360-Diligence-Divine-Mech-Suit-2.jpg\" alt=\"MOC-112360 Diligence-Divine Mech Suit With 434 Pieces\" width=\"1000\" height=\"1000\" title=\"-\" srcset=\"https:\/\/mouldking.store\/wp-content\/uploads\/2022\/11\/MOC-112360-Diligence-Divine-Mech-Suit-2.jpg 1000w, https:\/\/mouldking.store\/wp-content\/uploads\/2022\/11\/MOC-112360-Diligence-Divine-Mech-Suit-2-300x300.jpg 300w, https:\/\/mouldking.store\/wp-content\/uploads\/2022\/11\/MOC-112360-Diligence-Divine-Mech-Suit-2-768x768.jpg 768w, https:\/\/mouldking.store\/wp-content\/uploads\/2022\/11\/MOC-112360-Diligence-Divine-Mech-Suit-2-600x600.jpg 600w, https:\/\/mouldking.store\/wp-content\/uploads\/2022\/11\/MOC-112360-Diligence-Divine-Mech-Suit-2-150x150.jpg 150w, https:\/\/mouldking.store\/wp-content\/uploads\/2022\/11\/MOC-112360-Diligence-Divine-Mech-Suit-2-60x60.jpg 60w, https:\/\/mouldking.store\/wp-content\/uploads\/2022\/11\/MOC-112360-Diligence-Divine-Mech-Suit-2-90x90.jpg 90w\" sizes=\"(max-width: 1000px) 100vw, 1000px\" \/><figcaption id=\"caption-attachment-35973\" class=\"wp-caption-text\">MOC-112360 Diligence-Divine Mech-drakt med 434 deler<\/figcaption><\/figure>\n<figure id=\"attachment_35974\" aria-describedby=\"caption-attachment-35974\" style=\"width: 614px\" class=\"wp-caption aligncenter\"><img loading=\"lazy\" decoding=\"async\" class=\"wp-image-35974 size-large\" src=\"https:\/\/mouldking.store\/wp-content\/uploads\/2022\/11\/MOC-112360-Diligence-Divine-Mech-Suit-1-614x1024.jpg\" alt=\"MOC-112360 Diligence-Divine Mech Suit With 434 Pieces\" width=\"614\" height=\"1024\" title=\"-\" srcset=\"https:\/\/mouldking.store\/wp-content\/uploads\/2022\/11\/MOC-112360-Diligence-Divine-Mech-Suit-1-614x1024.jpg 614w, https:\/\/mouldking.store\/wp-content\/uploads\/2022\/11\/MOC-112360-Diligence-Divine-Mech-Suit-1-180x300.jpg 180w, https:\/\/mouldking.store\/wp-content\/uploads\/2022\/11\/MOC-112360-Diligence-Divine-Mech-Suit-1-300x500.jpg 300w, https:\/\/mouldking.store\/wp-content\/uploads\/2022\/11\/MOC-112360-Diligence-Divine-Mech-Suit-1-600x1000.jpg 600w, https:\/\/mouldking.store\/wp-content\/uploads\/2022\/11\/MOC-112360-Diligence-Divine-Mech-Suit-1-90x150.jpg 90w, https:\/\/mouldking.store\/wp-content\/uploads\/2022\/11\/MOC-112360-Diligence-Divine-Mech-Suit-1-36x60.jpg 36w, https:\/\/mouldking.store\/wp-content\/uploads\/2022\/11\/MOC-112360-Diligence-Divine-Mech-Suit-1-54x90.jpg 54w, https:\/\/mouldking.store\/wp-content\/uploads\/2022\/11\/MOC-112360-Diligence-Divine-Mech-Suit-1.jpg 720w\" sizes=\"(max-width: 614px) 100vw, 614px\" \/><figcaption id=\"caption-attachment-35974\" class=\"wp-caption-text\">MOC-112360 Diligence-Divine Mech-drakt med 434 deler<\/figcaption><\/figure>","protected":false},"excerpt":{"rendered":"<p>Product information: Brand: MOC Gender: Unisex Name: Diligence-Divine Mech Suit Age Range: &gt; 6 years old Model Number: 112360 Classification: Assemblage Plastic Block Shape: Self-Locking Bricks Material: Plastic Plastic Type: ABS Bricks Blocks:434 PCS Size: 16 x 8 x 12 cm Weight:0.18 kg Contains detailed assembly instructions. Notice: 1. Without an original box, but we [&hellip;]<\/p>","protected":false},"featured_media":35969,"comment_status":"closed","ping_status":"closed","template":"","meta":{"_acf_changed":false},"product_cat":[1406,1408],"product_tag":[8072,8075,8073,8074,8071,8076,8070],"class_list":["product","first","instock","shipping-taxable","purchasable","product-type-simple"],"acf":[],"_links":{"self":[{"href":"https:\/\/mouldking.store\/nb\/wp-json\/wp\/v2\/product\/35968","targetHints":{"allow":["GET"]}}],"collection":[{"href":"https:\/\/mouldking.store\/nb\/wp-json\/wp\/v2\/product"}],"about":[{"href":"https:\/\/mouldking.store\/nb\/wp-json\/wp\/v2\/types\/product"}],"replies":[{"embeddable":true,"href":"https:\/\/mouldking.store\/nb\/wp-json\/wp\/v2\/comments?post=35968"}],"wp:featuredmedia":[{"embeddable":true,"href":"https:\/\/mouldking.store\/nb\/wp-json\/wp\/v2\/media\/35969"}],"wp:attachment":[{"href":"https:\/\/mouldking.store\/nb\/wp-json\/wp\/v2\/media?parent=35968"}],"wp:term":[{"taxonomy":"product_cat","embeddable":true,"href":"https:\/\/mouldking.store\/nb\/wp-json\/wp\/v2\/product_cat?post=35968"},{"taxonomy":"product_tag","embeddable":true,"href":"https:\/\/mouldking.store\/nb\/wp-json\/wp\/v2\/product_tag?post=35968"}],"curies":[{"name":"wp","href":"https:\/\/api.w.org\/{rel}","templated":true}]}}