{"id":35975,"date":"2022-11-23T09:58:55","date_gmt":"2022-11-23T02:58:55","guid":{"rendered":"https:\/\/mouldking.store\/?post_type=product&#038;p=35975"},"modified":"2025-12-25T09:12:22","modified_gmt":"2025-12-25T02:12:22","slug":"moc-111511-the-warlock-mech-suit-with-363-pieces","status":"publish","type":"product","link":"https:\/\/mouldking.store\/nb\/shop\/moc-111511-the-warlock-mech-suit-with-363-pieces\/","title":{"rendered":"MOC-111511 The Warlock Mech-drakt med 363 deler"},"content":{"rendered":"<p>Produktinformasjon:<\/p>\n<ol>\n<li>Merke: MOC<\/li>\n<li>Kj\u00f8nn: Unisex<\/li>\n<li>Name: The Warlock Mech Suit<\/li>\n<li>Aldersgruppe: &gt; 6 \u00e5r gammel<\/li>\n<li>Model Number: 111511<\/li>\n<li>Klassifisering: Montering<\/li>\n<li>Plastblokkform: Selvl\u00e5sende murstein<\/li>\n<li>Materiale: Plast<\/li>\n<li>Plasttype: ABS<\/li>\n<li>Bricks Blocks:363 PCS<\/li>\n<li>Size: 16 x 8 x 12 cm<\/li>\n<li>Weight:0.14 kg<\/li>\n<li>Inneholder detaljerte monteringsanvisninger.<\/li>\n<\/ol>\n<p>Legge merke til:<br \/>\n1. Uten original eske, men vi garanterer at v\u00e5re produkter har kvalitetssikring og pen emballasje.<br \/>\n2. Som alle delene vi har sjekket f\u00f8r frakt, s\u00e5 hvis du finner noen deler savnet eller skadet, ikke bekymre deg og bare kontakt oss, s\u00e5 kan vi sende dem til deg p\u00e5 nytt umiddelbart gratis.<\/p>\n<figure id=\"attachment_35976\" aria-describedby=\"caption-attachment-35976\" style=\"width: 1024px\" class=\"wp-caption aligncenter\"><img fetchpriority=\"high\" decoding=\"async\" class=\"wp-image-35976 size-large\" src=\"https:\/\/mouldking.store\/wp-content\/uploads\/2022\/11\/MOC-111511-Movie-The-Warlock-Mech-Suit-MOC-FACTORY-1024x1024.png\" alt=\"MOC-111511 The Warlock Mech Suit With 363 Pieces\" width=\"1024\" height=\"1024\" title=\"-\" srcset=\"https:\/\/mouldking.store\/wp-content\/uploads\/2022\/11\/MOC-111511-Movie-The-Warlock-Mech-Suit-MOC-FACTORY-1024x1024.png 1024w, https:\/\/mouldking.store\/wp-content\/uploads\/2022\/11\/MOC-111511-Movie-The-Warlock-Mech-Suit-MOC-FACTORY-300x300.png 300w, https:\/\/mouldking.store\/wp-content\/uploads\/2022\/11\/MOC-111511-Movie-The-Warlock-Mech-Suit-MOC-FACTORY-768x768.png 768w, https:\/\/mouldking.store\/wp-content\/uploads\/2022\/11\/MOC-111511-Movie-The-Warlock-Mech-Suit-MOC-FACTORY-600x600.png 600w, https:\/\/mouldking.store\/wp-content\/uploads\/2022\/11\/MOC-111511-Movie-The-Warlock-Mech-Suit-MOC-FACTORY-150x150.png 150w, https:\/\/mouldking.store\/wp-content\/uploads\/2022\/11\/MOC-111511-Movie-The-Warlock-Mech-Suit-MOC-FACTORY-60x60.png 60w, https:\/\/mouldking.store\/wp-content\/uploads\/2022\/11\/MOC-111511-Movie-The-Warlock-Mech-Suit-MOC-FACTORY-90x90.png 90w, https:\/\/mouldking.store\/wp-content\/uploads\/2022\/11\/MOC-111511-Movie-The-Warlock-Mech-Suit-MOC-FACTORY.png 1095w\" sizes=\"(max-width: 1024px) 100vw, 1024px\" \/><figcaption id=\"caption-attachment-35976\" class=\"wp-caption-text\">MOC-111511 The Warlock Mech-drakt med 363 deler<\/figcaption><\/figure>\n<figure id=\"attachment_35977\" aria-describedby=\"caption-attachment-35977\" style=\"width: 1000px\" class=\"wp-caption aligncenter\"><img decoding=\"async\" class=\"wp-image-35977 size-full\" src=\"https:\/\/mouldking.store\/wp-content\/uploads\/2022\/11\/MOC-111511-The-Warlock-Mech-Suit-6.jpg\" alt=\"MOC-111511 The Warlock Mech Suit With 363 Pieces\" width=\"1000\" height=\"1000\" title=\"-\" srcset=\"https:\/\/mouldking.store\/wp-content\/uploads\/2022\/11\/MOC-111511-The-Warlock-Mech-Suit-6.jpg 1000w, https:\/\/mouldking.store\/wp-content\/uploads\/2022\/11\/MOC-111511-The-Warlock-Mech-Suit-6-300x300.jpg 300w, https:\/\/mouldking.store\/wp-content\/uploads\/2022\/11\/MOC-111511-The-Warlock-Mech-Suit-6-768x768.jpg 768w, https:\/\/mouldking.store\/wp-content\/uploads\/2022\/11\/MOC-111511-The-Warlock-Mech-Suit-6-600x600.jpg 600w, https:\/\/mouldking.store\/wp-content\/uploads\/2022\/11\/MOC-111511-The-Warlock-Mech-Suit-6-150x150.jpg 150w, https:\/\/mouldking.store\/wp-content\/uploads\/2022\/11\/MOC-111511-The-Warlock-Mech-Suit-6-60x60.jpg 60w, https:\/\/mouldking.store\/wp-content\/uploads\/2022\/11\/MOC-111511-The-Warlock-Mech-Suit-6-90x90.jpg 90w\" sizes=\"(max-width: 1000px) 100vw, 1000px\" \/><figcaption id=\"caption-attachment-35977\" class=\"wp-caption-text\">MOC-111511 The Warlock Mech-drakt med 363 deler<\/figcaption><\/figure>\n<figure id=\"attachment_35978\" aria-describedby=\"caption-attachment-35978\" style=\"width: 1000px\" class=\"wp-caption aligncenter\"><img decoding=\"async\" class=\"wp-image-35978 size-full\" src=\"https:\/\/mouldking.store\/wp-content\/uploads\/2022\/11\/MOC-111511-The-Warlock-Mech-Suit-5.jpg\" alt=\"MOC-111511 The Warlock Mech Suit With 363 Pieces\" width=\"1000\" height=\"1000\" title=\"-\" srcset=\"https:\/\/mouldking.store\/wp-content\/uploads\/2022\/11\/MOC-111511-The-Warlock-Mech-Suit-5.jpg 1000w, https:\/\/mouldking.store\/wp-content\/uploads\/2022\/11\/MOC-111511-The-Warlock-Mech-Suit-5-300x300.jpg 300w, https:\/\/mouldking.store\/wp-content\/uploads\/2022\/11\/MOC-111511-The-Warlock-Mech-Suit-5-768x768.jpg 768w, https:\/\/mouldking.store\/wp-content\/uploads\/2022\/11\/MOC-111511-The-Warlock-Mech-Suit-5-600x600.jpg 600w, https:\/\/mouldking.store\/wp-content\/uploads\/2022\/11\/MOC-111511-The-Warlock-Mech-Suit-5-150x150.jpg 150w, https:\/\/mouldking.store\/wp-content\/uploads\/2022\/11\/MOC-111511-The-Warlock-Mech-Suit-5-60x60.jpg 60w, https:\/\/mouldking.store\/wp-content\/uploads\/2022\/11\/MOC-111511-The-Warlock-Mech-Suit-5-90x90.jpg 90w\" sizes=\"(max-width: 1000px) 100vw, 1000px\" \/><figcaption id=\"caption-attachment-35978\" class=\"wp-caption-text\">MOC-111511 The Warlock Mech-drakt med 363 deler<\/figcaption><\/figure>\n<figure id=\"attachment_35979\" aria-describedby=\"caption-attachment-35979\" style=\"width: 1000px\" class=\"wp-caption aligncenter\"><img loading=\"lazy\" decoding=\"async\" class=\"wp-image-35979 size-full\" src=\"https:\/\/mouldking.store\/wp-content\/uploads\/2022\/11\/MOC-111511-The-Warlock-Mech-Suit-4.jpg\" alt=\"MOC-111511 The Warlock Mech Suit With 363 Pieces\" width=\"1000\" height=\"1000\" title=\"-\" srcset=\"https:\/\/mouldking.store\/wp-content\/uploads\/2022\/11\/MOC-111511-The-Warlock-Mech-Suit-4.jpg 1000w, https:\/\/mouldking.store\/wp-content\/uploads\/2022\/11\/MOC-111511-The-Warlock-Mech-Suit-4-300x300.jpg 300w, https:\/\/mouldking.store\/wp-content\/uploads\/2022\/11\/MOC-111511-The-Warlock-Mech-Suit-4-768x768.jpg 768w, https:\/\/mouldking.store\/wp-content\/uploads\/2022\/11\/MOC-111511-The-Warlock-Mech-Suit-4-600x600.jpg 600w, https:\/\/mouldking.store\/wp-content\/uploads\/2022\/11\/MOC-111511-The-Warlock-Mech-Suit-4-150x150.jpg 150w, https:\/\/mouldking.store\/wp-content\/uploads\/2022\/11\/MOC-111511-The-Warlock-Mech-Suit-4-60x60.jpg 60w, https:\/\/mouldking.store\/wp-content\/uploads\/2022\/11\/MOC-111511-The-Warlock-Mech-Suit-4-90x90.jpg 90w\" sizes=\"(max-width: 1000px) 100vw, 1000px\" \/><figcaption id=\"caption-attachment-35979\" class=\"wp-caption-text\">MOC-111511 The Warlock Mech-drakt med 363 deler<\/figcaption><\/figure>\n<figure id=\"attachment_35980\" aria-describedby=\"caption-attachment-35980\" style=\"width: 1000px\" class=\"wp-caption aligncenter\"><img loading=\"lazy\" decoding=\"async\" class=\"wp-image-35980 size-full\" src=\"https:\/\/mouldking.store\/wp-content\/uploads\/2022\/11\/MOC-111511-The-Warlock-Mech-Suit-3.jpg\" alt=\"MOC-111511 The Warlock Mech Suit With 363 Pieces\" width=\"1000\" height=\"1000\" title=\"-\" srcset=\"https:\/\/mouldking.store\/wp-content\/uploads\/2022\/11\/MOC-111511-The-Warlock-Mech-Suit-3.jpg 1000w, https:\/\/mouldking.store\/wp-content\/uploads\/2022\/11\/MOC-111511-The-Warlock-Mech-Suit-3-300x300.jpg 300w, https:\/\/mouldking.store\/wp-content\/uploads\/2022\/11\/MOC-111511-The-Warlock-Mech-Suit-3-768x768.jpg 768w, https:\/\/mouldking.store\/wp-content\/uploads\/2022\/11\/MOC-111511-The-Warlock-Mech-Suit-3-600x600.jpg 600w, https:\/\/mouldking.store\/wp-content\/uploads\/2022\/11\/MOC-111511-The-Warlock-Mech-Suit-3-150x150.jpg 150w, https:\/\/mouldking.store\/wp-content\/uploads\/2022\/11\/MOC-111511-The-Warlock-Mech-Suit-3-60x60.jpg 60w, https:\/\/mouldking.store\/wp-content\/uploads\/2022\/11\/MOC-111511-The-Warlock-Mech-Suit-3-90x90.jpg 90w\" sizes=\"(max-width: 1000px) 100vw, 1000px\" \/><figcaption id=\"caption-attachment-35980\" class=\"wp-caption-text\">MOC-111511 The Warlock Mech-drakt med 363 deler<\/figcaption><\/figure>\n<figure id=\"attachment_35981\" aria-describedby=\"caption-attachment-35981\" style=\"width: 1000px\" class=\"wp-caption aligncenter\"><img loading=\"lazy\" decoding=\"async\" class=\"wp-image-35981 size-full\" src=\"https:\/\/mouldking.store\/wp-content\/uploads\/2022\/11\/MOC-111511-The-Warlock-Mech-Suit-2.jpg\" alt=\"MOC-111511 The Warlock Mech Suit With 363 Pieces\" width=\"1000\" height=\"1000\" title=\"-\" srcset=\"https:\/\/mouldking.store\/wp-content\/uploads\/2022\/11\/MOC-111511-The-Warlock-Mech-Suit-2.jpg 1000w, https:\/\/mouldking.store\/wp-content\/uploads\/2022\/11\/MOC-111511-The-Warlock-Mech-Suit-2-300x300.jpg 300w, https:\/\/mouldking.store\/wp-content\/uploads\/2022\/11\/MOC-111511-The-Warlock-Mech-Suit-2-768x768.jpg 768w, https:\/\/mouldking.store\/wp-content\/uploads\/2022\/11\/MOC-111511-The-Warlock-Mech-Suit-2-600x600.jpg 600w, https:\/\/mouldking.store\/wp-content\/uploads\/2022\/11\/MOC-111511-The-Warlock-Mech-Suit-2-150x150.jpg 150w, https:\/\/mouldking.store\/wp-content\/uploads\/2022\/11\/MOC-111511-The-Warlock-Mech-Suit-2-60x60.jpg 60w, https:\/\/mouldking.store\/wp-content\/uploads\/2022\/11\/MOC-111511-The-Warlock-Mech-Suit-2-90x90.jpg 90w\" sizes=\"(max-width: 1000px) 100vw, 1000px\" \/><figcaption id=\"caption-attachment-35981\" class=\"wp-caption-text\">MOC-111511 The Warlock Mech-drakt med 363 deler<\/figcaption><\/figure>\n<figure id=\"attachment_35982\" aria-describedby=\"caption-attachment-35982\" style=\"width: 753px\" class=\"wp-caption aligncenter\"><img loading=\"lazy\" decoding=\"async\" class=\"wp-image-35982 size-large\" src=\"https:\/\/mouldking.store\/wp-content\/uploads\/2022\/11\/MOC-111511-The-Warlock-Mech-Suit-1-753x1024.jpg\" alt=\"MOC-111511 The Warlock Mech Suit With 363 Pieces\" width=\"753\" height=\"1024\" title=\"-\" srcset=\"https:\/\/mouldking.store\/wp-content\/uploads\/2022\/11\/MOC-111511-The-Warlock-Mech-Suit-1-753x1024.jpg 753w, https:\/\/mouldking.store\/wp-content\/uploads\/2022\/11\/MOC-111511-The-Warlock-Mech-Suit-1-221x300.jpg 221w, https:\/\/mouldking.store\/wp-content\/uploads\/2022\/11\/MOC-111511-The-Warlock-Mech-Suit-1-768x1044.jpg 768w, https:\/\/mouldking.store\/wp-content\/uploads\/2022\/11\/MOC-111511-The-Warlock-Mech-Suit-1-300x408.jpg 300w, https:\/\/mouldking.store\/wp-content\/uploads\/2022\/11\/MOC-111511-The-Warlock-Mech-Suit-1-600x815.jpg 600w, https:\/\/mouldking.store\/wp-content\/uploads\/2022\/11\/MOC-111511-The-Warlock-Mech-Suit-1-110x150.jpg 110w, https:\/\/mouldking.store\/wp-content\/uploads\/2022\/11\/MOC-111511-The-Warlock-Mech-Suit-1-44x60.jpg 44w, https:\/\/mouldking.store\/wp-content\/uploads\/2022\/11\/MOC-111511-The-Warlock-Mech-Suit-1-66x90.jpg 66w, https:\/\/mouldking.store\/wp-content\/uploads\/2022\/11\/MOC-111511-The-Warlock-Mech-Suit-1.jpg 883w\" sizes=\"(max-width: 753px) 100vw, 753px\" \/><figcaption id=\"caption-attachment-35982\" class=\"wp-caption-text\">MOC-111511 The Warlock Mech-drakt med 363 deler<\/figcaption><\/figure>","protected":false},"excerpt":{"rendered":"<p>Product information: Brand: MOC Gender: Unisex Name: The Warlock Mech Suit Age Range: &gt; 6 years old Model Number: 111511 Classification: Assemblage Plastic Block Shape: Self-Locking Bricks Material: Plastic Plastic Type: ABS Bricks Blocks:363 PCS Size: 16 x 8 x 12 cm Weight:0.14 kg Contains detailed assembly instructions. Notice: 1. Without an original box, but [&hellip;]<\/p>","protected":false},"featured_media":35976,"comment_status":"closed","ping_status":"closed","template":"","meta":{"_acf_changed":false},"product_cat":[1406,1408],"product_tag":[8074,8078,8081,8077,8079,8080],"class_list":["product","first","instock","shipping-taxable","purchasable","product-type-simple"],"acf":[],"_links":{"self":[{"href":"https:\/\/mouldking.store\/nb\/wp-json\/wp\/v2\/product\/35975","targetHints":{"allow":["GET"]}}],"collection":[{"href":"https:\/\/mouldking.store\/nb\/wp-json\/wp\/v2\/product"}],"about":[{"href":"https:\/\/mouldking.store\/nb\/wp-json\/wp\/v2\/types\/product"}],"replies":[{"embeddable":true,"href":"https:\/\/mouldking.store\/nb\/wp-json\/wp\/v2\/comments?post=35975"}],"wp:featuredmedia":[{"embeddable":true,"href":"https:\/\/mouldking.store\/nb\/wp-json\/wp\/v2\/media\/35976"}],"wp:attachment":[{"href":"https:\/\/mouldking.store\/nb\/wp-json\/wp\/v2\/media?parent=35975"}],"wp:term":[{"taxonomy":"product_cat","embeddable":true,"href":"https:\/\/mouldking.store\/nb\/wp-json\/wp\/v2\/product_cat?post=35975"},{"taxonomy":"product_tag","embeddable":true,"href":"https:\/\/mouldking.store\/nb\/wp-json\/wp\/v2\/product_tag?post=35975"}],"curies":[{"name":"wp","href":"https:\/\/api.w.org\/{rel}","templated":true}]}}