{"id":36030,"date":"2022-11-23T11:20:19","date_gmt":"2022-11-23T04:20:19","guid":{"rendered":"https:\/\/mouldking.store\/?post_type=product&#038;p=36030"},"modified":"2025-12-25T09:12:21","modified_gmt":"2025-12-25T02:12:21","slug":"moc-89549-r-7-rocket-8k71ps-m1-1ps-and-sputnik-1-of-1957-with-541-pieces","status":"publish","type":"product","link":"https:\/\/mouldking.store\/nb\/shop\/moc-89549-r-7-rocket-8k71ps-m1-1ps-and-sputnik-1-of-1957-with-541-pieces\/","title":{"rendered":"MOC-89549 R-7 rakett 8K71PS M1-1PS Og Sputnik 1 av 1957 med 541 stykker"},"content":{"rendered":"<p>Produktinformasjon:<\/p>\n<ol>\n<li>Merke: MOC<\/li>\n<li>Kj\u00f8nn: Unisex<\/li>\n<li>Name: R-7 rocket 8K71PS M1-1PS And Sputnik 1 Of 1957<\/li>\n<li>Aldersgruppe: &gt; 6 \u00e5r gammel<\/li>\n<li>Model Number: 89549<\/li>\n<li>Klassifisering: Montering<\/li>\n<li>Plastblokkform: Selvl\u00e5sende murstein<\/li>\n<li>Materiale: Plast<\/li>\n<li>Plasttype: ABS<\/li>\n<li>Bricks Blocks:541 PCS<\/li>\n<li>Size: 11.5 x 11.5 x 29.3 cm<\/li>\n<li>Weight:\u00a0\u00a00.3 kg<\/li>\n<li>Inneholder detaljerte monteringsanvisninger.<\/li>\n<\/ol>\n<p>Legge merke til:<br \/>\n1. Uten original eske, men vi garanterer at v\u00e5re produkter har kvalitetssikring og pen emballasje.<br \/>\n2. Som alle delene vi har sjekket f\u00f8r frakt, s\u00e5 hvis du finner noen deler savnet eller skadet, ikke bekymre deg og bare kontakt oss, s\u00e5 kan vi sende dem til deg p\u00e5 nytt umiddelbart gratis.<\/p>\n<figure id=\"attachment_36031\" aria-describedby=\"caption-attachment-36031\" style=\"width: 1024px\" class=\"wp-caption aligncenter\"><img fetchpriority=\"high\" decoding=\"async\" class=\"wp-image-36031 size-large\" src=\"https:\/\/mouldking.store\/wp-content\/uploads\/2022\/11\/MOC-89549-Space-R-7-rocket-8K71PS-M1-1PS-And-Sputnik-1-Of-1957-MOC-FACTORY-1024x1024.png\" alt=\"MOC-89549 R-7 rocket 8K71PS M1-1PS And Sputnik 1 Of 1957 With 541 Pieces\" width=\"1024\" height=\"1024\" title=\"-\" srcset=\"https:\/\/mouldking.store\/wp-content\/uploads\/2022\/11\/MOC-89549-Space-R-7-rocket-8K71PS-M1-1PS-And-Sputnik-1-Of-1957-MOC-FACTORY-1024x1024.png 1024w, https:\/\/mouldking.store\/wp-content\/uploads\/2022\/11\/MOC-89549-Space-R-7-rocket-8K71PS-M1-1PS-And-Sputnik-1-Of-1957-MOC-FACTORY-300x300.png 300w, https:\/\/mouldking.store\/wp-content\/uploads\/2022\/11\/MOC-89549-Space-R-7-rocket-8K71PS-M1-1PS-And-Sputnik-1-Of-1957-MOC-FACTORY-768x768.png 768w, https:\/\/mouldking.store\/wp-content\/uploads\/2022\/11\/MOC-89549-Space-R-7-rocket-8K71PS-M1-1PS-And-Sputnik-1-Of-1957-MOC-FACTORY-600x600.png 600w, https:\/\/mouldking.store\/wp-content\/uploads\/2022\/11\/MOC-89549-Space-R-7-rocket-8K71PS-M1-1PS-And-Sputnik-1-Of-1957-MOC-FACTORY-150x150.png 150w, https:\/\/mouldking.store\/wp-content\/uploads\/2022\/11\/MOC-89549-Space-R-7-rocket-8K71PS-M1-1PS-And-Sputnik-1-Of-1957-MOC-FACTORY-60x60.png 60w, https:\/\/mouldking.store\/wp-content\/uploads\/2022\/11\/MOC-89549-Space-R-7-rocket-8K71PS-M1-1PS-And-Sputnik-1-Of-1957-MOC-FACTORY-90x90.png 90w, https:\/\/mouldking.store\/wp-content\/uploads\/2022\/11\/MOC-89549-Space-R-7-rocket-8K71PS-M1-1PS-And-Sputnik-1-Of-1957-MOC-FACTORY.png 1095w\" sizes=\"(max-width: 1024px) 100vw, 1024px\" \/><figcaption id=\"caption-attachment-36031\" class=\"wp-caption-text\">MOC-89549 R-7 rakett 8K71PS M1-1PS Og Sputnik 1 av 1957 med 541 stykker<\/figcaption><\/figure>\n<figure id=\"attachment_36033\" aria-describedby=\"caption-attachment-36033\" style=\"width: 1000px\" class=\"wp-caption aligncenter\"><img decoding=\"async\" class=\"wp-image-36033 size-full\" src=\"https:\/\/mouldking.store\/wp-content\/uploads\/2022\/11\/R-7-rocket-8K71PS-M1-1PS-And-Sputnik-1-Of-1957-Space-4.jpg\" alt=\"MOC-89549 R-7 rocket 8K71PS M1-1PS And Sputnik 1 Of 1957 With 541 Pieces\" width=\"1000\" height=\"1000\" title=\"-\" srcset=\"https:\/\/mouldking.store\/wp-content\/uploads\/2022\/11\/R-7-rocket-8K71PS-M1-1PS-And-Sputnik-1-Of-1957-Space-4.jpg 1000w, https:\/\/mouldking.store\/wp-content\/uploads\/2022\/11\/R-7-rocket-8K71PS-M1-1PS-And-Sputnik-1-Of-1957-Space-4-300x300.jpg 300w, https:\/\/mouldking.store\/wp-content\/uploads\/2022\/11\/R-7-rocket-8K71PS-M1-1PS-And-Sputnik-1-Of-1957-Space-4-768x768.jpg 768w, https:\/\/mouldking.store\/wp-content\/uploads\/2022\/11\/R-7-rocket-8K71PS-M1-1PS-And-Sputnik-1-Of-1957-Space-4-600x600.jpg 600w, https:\/\/mouldking.store\/wp-content\/uploads\/2022\/11\/R-7-rocket-8K71PS-M1-1PS-And-Sputnik-1-Of-1957-Space-4-150x150.jpg 150w, https:\/\/mouldking.store\/wp-content\/uploads\/2022\/11\/R-7-rocket-8K71PS-M1-1PS-And-Sputnik-1-Of-1957-Space-4-60x60.jpg 60w, https:\/\/mouldking.store\/wp-content\/uploads\/2022\/11\/R-7-rocket-8K71PS-M1-1PS-And-Sputnik-1-Of-1957-Space-4-90x90.jpg 90w\" sizes=\"(max-width: 1000px) 100vw, 1000px\" \/><figcaption id=\"caption-attachment-36033\" class=\"wp-caption-text\">MOC-89549 R-7 rakett 8K71PS M1-1PS Og Sputnik 1 av 1957 med 541 stykker<\/figcaption><\/figure>\n<figure id=\"attachment_36034\" aria-describedby=\"caption-attachment-36034\" style=\"width: 1000px\" class=\"wp-caption aligncenter\"><img decoding=\"async\" class=\"wp-image-36034 size-full\" src=\"https:\/\/mouldking.store\/wp-content\/uploads\/2022\/11\/R-7-rocket-8K71PS-M1-1PS-And-Sputnik-1-Of-1957-Space-3.jpg\" alt=\"MOC-89549 R-7 rocket 8K71PS M1-1PS And Sputnik 1 Of 1957 With 541 Pieces\" width=\"1000\" height=\"1000\" title=\"-\" srcset=\"https:\/\/mouldking.store\/wp-content\/uploads\/2022\/11\/R-7-rocket-8K71PS-M1-1PS-And-Sputnik-1-Of-1957-Space-3.jpg 1000w, https:\/\/mouldking.store\/wp-content\/uploads\/2022\/11\/R-7-rocket-8K71PS-M1-1PS-And-Sputnik-1-Of-1957-Space-3-300x300.jpg 300w, https:\/\/mouldking.store\/wp-content\/uploads\/2022\/11\/R-7-rocket-8K71PS-M1-1PS-And-Sputnik-1-Of-1957-Space-3-768x768.jpg 768w, https:\/\/mouldking.store\/wp-content\/uploads\/2022\/11\/R-7-rocket-8K71PS-M1-1PS-And-Sputnik-1-Of-1957-Space-3-600x600.jpg 600w, https:\/\/mouldking.store\/wp-content\/uploads\/2022\/11\/R-7-rocket-8K71PS-M1-1PS-And-Sputnik-1-Of-1957-Space-3-150x150.jpg 150w, https:\/\/mouldking.store\/wp-content\/uploads\/2022\/11\/R-7-rocket-8K71PS-M1-1PS-And-Sputnik-1-Of-1957-Space-3-60x60.jpg 60w, https:\/\/mouldking.store\/wp-content\/uploads\/2022\/11\/R-7-rocket-8K71PS-M1-1PS-And-Sputnik-1-Of-1957-Space-3-90x90.jpg 90w\" sizes=\"(max-width: 1000px) 100vw, 1000px\" \/><figcaption id=\"caption-attachment-36034\" class=\"wp-caption-text\">MOC-89549 R-7 rakett 8K71PS M1-1PS Og Sputnik 1 av 1957 med 541 stykker<\/figcaption><\/figure>\n<figure id=\"attachment_36035\" aria-describedby=\"caption-attachment-36035\" style=\"width: 1000px\" class=\"wp-caption aligncenter\"><img loading=\"lazy\" decoding=\"async\" class=\"wp-image-36035 size-full\" src=\"https:\/\/mouldking.store\/wp-content\/uploads\/2022\/11\/R-7-rocket-8K71PS-M1-1PS-And-Sputnik-1-Of-1957-Space-2.jpg\" alt=\"MOC-89549 R-7 rocket 8K71PS M1-1PS And Sputnik 1 Of 1957 With 541 Pieces\" width=\"1000\" height=\"1000\" title=\"-\" srcset=\"https:\/\/mouldking.store\/wp-content\/uploads\/2022\/11\/R-7-rocket-8K71PS-M1-1PS-And-Sputnik-1-Of-1957-Space-2.jpg 1000w, https:\/\/mouldking.store\/wp-content\/uploads\/2022\/11\/R-7-rocket-8K71PS-M1-1PS-And-Sputnik-1-Of-1957-Space-2-300x300.jpg 300w, https:\/\/mouldking.store\/wp-content\/uploads\/2022\/11\/R-7-rocket-8K71PS-M1-1PS-And-Sputnik-1-Of-1957-Space-2-768x768.jpg 768w, https:\/\/mouldking.store\/wp-content\/uploads\/2022\/11\/R-7-rocket-8K71PS-M1-1PS-And-Sputnik-1-Of-1957-Space-2-600x600.jpg 600w, https:\/\/mouldking.store\/wp-content\/uploads\/2022\/11\/R-7-rocket-8K71PS-M1-1PS-And-Sputnik-1-Of-1957-Space-2-150x150.jpg 150w, https:\/\/mouldking.store\/wp-content\/uploads\/2022\/11\/R-7-rocket-8K71PS-M1-1PS-And-Sputnik-1-Of-1957-Space-2-60x60.jpg 60w, https:\/\/mouldking.store\/wp-content\/uploads\/2022\/11\/R-7-rocket-8K71PS-M1-1PS-And-Sputnik-1-Of-1957-Space-2-90x90.jpg 90w\" sizes=\"(max-width: 1000px) 100vw, 1000px\" \/><figcaption id=\"caption-attachment-36035\" class=\"wp-caption-text\">MOC-89549 R-7 rakett 8K71PS M1-1PS Og Sputnik 1 av 1957 med 541 stykker<\/figcaption><\/figure>\n<figure id=\"attachment_36036\" aria-describedby=\"caption-attachment-36036\" style=\"width: 1000px\" class=\"wp-caption aligncenter\"><img loading=\"lazy\" decoding=\"async\" class=\"wp-image-36036 size-full\" src=\"https:\/\/mouldking.store\/wp-content\/uploads\/2022\/11\/R-7-rocket-8K71PS-M1-1PS-And-Sputnik-1-Of-1957-Space-1.jpg\" alt=\"MOC-89549 R-7 rocket 8K71PS M1-1PS And Sputnik 1 Of 1957 With 541 Pieces\" width=\"1000\" height=\"1000\" title=\"-\" srcset=\"https:\/\/mouldking.store\/wp-content\/uploads\/2022\/11\/R-7-rocket-8K71PS-M1-1PS-And-Sputnik-1-Of-1957-Space-1.jpg 1000w, https:\/\/mouldking.store\/wp-content\/uploads\/2022\/11\/R-7-rocket-8K71PS-M1-1PS-And-Sputnik-1-Of-1957-Space-1-300x300.jpg 300w, https:\/\/mouldking.store\/wp-content\/uploads\/2022\/11\/R-7-rocket-8K71PS-M1-1PS-And-Sputnik-1-Of-1957-Space-1-768x768.jpg 768w, https:\/\/mouldking.store\/wp-content\/uploads\/2022\/11\/R-7-rocket-8K71PS-M1-1PS-And-Sputnik-1-Of-1957-Space-1-600x600.jpg 600w, https:\/\/mouldking.store\/wp-content\/uploads\/2022\/11\/R-7-rocket-8K71PS-M1-1PS-And-Sputnik-1-Of-1957-Space-1-150x150.jpg 150w, https:\/\/mouldking.store\/wp-content\/uploads\/2022\/11\/R-7-rocket-8K71PS-M1-1PS-And-Sputnik-1-Of-1957-Space-1-60x60.jpg 60w, https:\/\/mouldking.store\/wp-content\/uploads\/2022\/11\/R-7-rocket-8K71PS-M1-1PS-And-Sputnik-1-Of-1957-Space-1-90x90.jpg 90w\" sizes=\"(max-width: 1000px) 100vw, 1000px\" \/><figcaption id=\"caption-attachment-36036\" class=\"wp-caption-text\">MOC-89549 R-7 rakett 8K71PS M1-1PS Og Sputnik 1 av 1957 med 541 stykker<\/figcaption><\/figure>","protected":false},"excerpt":{"rendered":"<p>Product information: Brand: MOC Gender: Unisex Name: R-7 rocket 8K71PS M1-1PS And Sputnik 1 Of 1957 Age Range: &gt; 6 years old Model Number: 89549 Classification: Assemblage Plastic Block Shape: Self-Locking Bricks Material: Plastic Plastic Type: ABS Bricks Blocks:541 PCS Size: 11.5 x 11.5 x 29.3 cm Weight:\u00a0\u00a00.3 kg Contains detailed assembly instructions. Notice: 1. [&hellip;]<\/p>","protected":false},"featured_media":36031,"comment_status":"closed","ping_status":"closed","template":"","meta":{"_acf_changed":false},"product_cat":[6016],"product_tag":[8134,8135,8132,8139,8131,8133,8137,8140,8136,8138],"class_list":["product","first","instock","shipping-taxable","purchasable","product-type-simple"],"acf":[],"_links":{"self":[{"href":"https:\/\/mouldking.store\/nb\/wp-json\/wp\/v2\/product\/36030","targetHints":{"allow":["GET"]}}],"collection":[{"href":"https:\/\/mouldking.store\/nb\/wp-json\/wp\/v2\/product"}],"about":[{"href":"https:\/\/mouldking.store\/nb\/wp-json\/wp\/v2\/types\/product"}],"replies":[{"embeddable":true,"href":"https:\/\/mouldking.store\/nb\/wp-json\/wp\/v2\/comments?post=36030"}],"wp:featuredmedia":[{"embeddable":true,"href":"https:\/\/mouldking.store\/nb\/wp-json\/wp\/v2\/media\/36031"}],"wp:attachment":[{"href":"https:\/\/mouldking.store\/nb\/wp-json\/wp\/v2\/media?parent=36030"}],"wp:term":[{"taxonomy":"product_cat","embeddable":true,"href":"https:\/\/mouldking.store\/nb\/wp-json\/wp\/v2\/product_cat?post=36030"},{"taxonomy":"product_tag","embeddable":true,"href":"https:\/\/mouldking.store\/nb\/wp-json\/wp\/v2\/product_tag?post=36030"}],"curies":[{"name":"wp","href":"https:\/\/api.w.org\/{rel}","templated":true}]}}