{"id":36086,"date":"2022-11-23T12:23:59","date_gmt":"2022-11-23T05:23:59","guid":{"rendered":"https:\/\/mouldking.store\/?post_type=product&#038;p=36086"},"modified":"2025-12-25T09:12:20","modified_gmt":"2025-12-25T02:12:20","slug":"moc-89546-saturn-v-mlv-25l-with-5389-pieces","status":"publish","type":"product","link":"https:\/\/mouldking.store\/nb\/shop\/moc-89546-saturn-v-mlv-25l-with-5389-pieces\/","title":{"rendered":"MOC-89546 Saturn V MLV-25L Med 5389 stk"},"content":{"rendered":"<p>Produktinformasjon:<\/p>\n<ol>\n<li>Merke: MOC<\/li>\n<li>Kj\u00f8nn: Unisex<\/li>\n<li>Name: Saturn V MLV-25L<\/li>\n<li>Aldersgruppe: &gt; 6 \u00e5r gammel<\/li>\n<li>Model Number: 89546<\/li>\n<li>Klassifisering: Montering<\/li>\n<li>Plastblokkform: Selvl\u00e5sende murstein<\/li>\n<li>Materiale: Plast<\/li>\n<li>Plasttype: ABS<\/li>\n<li>Bricks Blocks:5389 PCS<\/li>\n<li>Size: 24 x 24 x 128 cm<\/li>\n<li>Weight:4.94 kg<\/li>\n<li>Inneholder detaljerte monteringsanvisninger.<\/li>\n<\/ol>\n<p>Legge merke til:<br \/>\n1. Uten original eske, men vi garanterer at v\u00e5re produkter har kvalitetssikring og pen emballasje.<br \/>\n2. Som alle delene vi har sjekket f\u00f8r frakt, s\u00e5 hvis du finner noen deler savnet eller skadet, ikke bekymre deg og bare kontakt oss, s\u00e5 kan vi sende dem til deg p\u00e5 nytt umiddelbart gratis.<\/p>\n<figure id=\"attachment_36087\" aria-describedby=\"caption-attachment-36087\" style=\"width: 1024px\" class=\"wp-caption aligncenter\"><img fetchpriority=\"high\" decoding=\"async\" class=\"wp-image-36087 size-large\" src=\"https:\/\/mouldking.store\/wp-content\/uploads\/2022\/11\/MOC-89546-Space-Saturn-V-MLV-25L-MOC-FACTORY-1024x1024.png\" alt=\"MOC-89546 Saturn V MLV-25L With 5389 Pieces\" width=\"1024\" height=\"1024\" title=\"-\" srcset=\"https:\/\/mouldking.store\/wp-content\/uploads\/2022\/11\/MOC-89546-Space-Saturn-V-MLV-25L-MOC-FACTORY-1024x1024.png 1024w, https:\/\/mouldking.store\/wp-content\/uploads\/2022\/11\/MOC-89546-Space-Saturn-V-MLV-25L-MOC-FACTORY-300x300.png 300w, https:\/\/mouldking.store\/wp-content\/uploads\/2022\/11\/MOC-89546-Space-Saturn-V-MLV-25L-MOC-FACTORY-768x768.png 768w, https:\/\/mouldking.store\/wp-content\/uploads\/2022\/11\/MOC-89546-Space-Saturn-V-MLV-25L-MOC-FACTORY-600x600.png 600w, https:\/\/mouldking.store\/wp-content\/uploads\/2022\/11\/MOC-89546-Space-Saturn-V-MLV-25L-MOC-FACTORY-150x150.png 150w, https:\/\/mouldking.store\/wp-content\/uploads\/2022\/11\/MOC-89546-Space-Saturn-V-MLV-25L-MOC-FACTORY-60x60.png 60w, https:\/\/mouldking.store\/wp-content\/uploads\/2022\/11\/MOC-89546-Space-Saturn-V-MLV-25L-MOC-FACTORY-90x90.png 90w, https:\/\/mouldking.store\/wp-content\/uploads\/2022\/11\/MOC-89546-Space-Saturn-V-MLV-25L-MOC-FACTORY.png 1095w\" sizes=\"(max-width: 1024px) 100vw, 1024px\" \/><figcaption id=\"caption-attachment-36087\" class=\"wp-caption-text\">MOC-89546 Saturn V MLV-25L Med 5389 stk<\/figcaption><\/figure>\n<figure id=\"attachment_36088\" aria-describedby=\"caption-attachment-36088\" style=\"width: 1000px\" class=\"wp-caption aligncenter\"><img decoding=\"async\" class=\"wp-image-36088 size-full\" src=\"https:\/\/mouldking.store\/wp-content\/uploads\/2022\/11\/MOC-Saturn-V-MLV-25L-5.jpg\" alt=\"MOC-89546 Saturn V MLV-25L With 5389 Pieces\" width=\"1000\" height=\"1000\" title=\"-\" srcset=\"https:\/\/mouldking.store\/wp-content\/uploads\/2022\/11\/MOC-Saturn-V-MLV-25L-5.jpg 1000w, https:\/\/mouldking.store\/wp-content\/uploads\/2022\/11\/MOC-Saturn-V-MLV-25L-5-300x300.jpg 300w, https:\/\/mouldking.store\/wp-content\/uploads\/2022\/11\/MOC-Saturn-V-MLV-25L-5-768x768.jpg 768w, https:\/\/mouldking.store\/wp-content\/uploads\/2022\/11\/MOC-Saturn-V-MLV-25L-5-600x600.jpg 600w, https:\/\/mouldking.store\/wp-content\/uploads\/2022\/11\/MOC-Saturn-V-MLV-25L-5-150x150.jpg 150w, https:\/\/mouldking.store\/wp-content\/uploads\/2022\/11\/MOC-Saturn-V-MLV-25L-5-60x60.jpg 60w, https:\/\/mouldking.store\/wp-content\/uploads\/2022\/11\/MOC-Saturn-V-MLV-25L-5-90x90.jpg 90w\" sizes=\"(max-width: 1000px) 100vw, 1000px\" \/><figcaption id=\"caption-attachment-36088\" class=\"wp-caption-text\">MOC-89546 Saturn V MLV-25L Med 5389 stk<\/figcaption><\/figure>\n<figure id=\"attachment_36089\" aria-describedby=\"caption-attachment-36089\" style=\"width: 1000px\" class=\"wp-caption aligncenter\"><img decoding=\"async\" class=\"wp-image-36089 size-full\" src=\"https:\/\/mouldking.store\/wp-content\/uploads\/2022\/11\/MOC-Saturn-V-MLV-25L-4.jpg\" alt=\"MOC-89546 Saturn V MLV-25L With 5389 Pieces\" width=\"1000\" height=\"1000\" title=\"-\" srcset=\"https:\/\/mouldking.store\/wp-content\/uploads\/2022\/11\/MOC-Saturn-V-MLV-25L-4.jpg 1000w, https:\/\/mouldking.store\/wp-content\/uploads\/2022\/11\/MOC-Saturn-V-MLV-25L-4-300x300.jpg 300w, https:\/\/mouldking.store\/wp-content\/uploads\/2022\/11\/MOC-Saturn-V-MLV-25L-4-768x768.jpg 768w, https:\/\/mouldking.store\/wp-content\/uploads\/2022\/11\/MOC-Saturn-V-MLV-25L-4-600x600.jpg 600w, https:\/\/mouldking.store\/wp-content\/uploads\/2022\/11\/MOC-Saturn-V-MLV-25L-4-150x150.jpg 150w, https:\/\/mouldking.store\/wp-content\/uploads\/2022\/11\/MOC-Saturn-V-MLV-25L-4-60x60.jpg 60w, https:\/\/mouldking.store\/wp-content\/uploads\/2022\/11\/MOC-Saturn-V-MLV-25L-4-90x90.jpg 90w\" sizes=\"(max-width: 1000px) 100vw, 1000px\" \/><figcaption id=\"caption-attachment-36089\" class=\"wp-caption-text\">MOC-89546 Saturn V MLV-25L Med 5389 stk<\/figcaption><\/figure>\n<figure id=\"attachment_36090\" aria-describedby=\"caption-attachment-36090\" style=\"width: 1000px\" class=\"wp-caption aligncenter\"><img loading=\"lazy\" decoding=\"async\" class=\"wp-image-36090 size-full\" src=\"https:\/\/mouldking.store\/wp-content\/uploads\/2022\/11\/MOC-Saturn-V-MLV-25L-3.jpg\" alt=\"MOC-89546 Saturn V MLV-25L With 5389 Pieces\" width=\"1000\" height=\"1000\" title=\"-\" srcset=\"https:\/\/mouldking.store\/wp-content\/uploads\/2022\/11\/MOC-Saturn-V-MLV-25L-3.jpg 1000w, https:\/\/mouldking.store\/wp-content\/uploads\/2022\/11\/MOC-Saturn-V-MLV-25L-3-300x300.jpg 300w, https:\/\/mouldking.store\/wp-content\/uploads\/2022\/11\/MOC-Saturn-V-MLV-25L-3-768x768.jpg 768w, https:\/\/mouldking.store\/wp-content\/uploads\/2022\/11\/MOC-Saturn-V-MLV-25L-3-600x600.jpg 600w, https:\/\/mouldking.store\/wp-content\/uploads\/2022\/11\/MOC-Saturn-V-MLV-25L-3-150x150.jpg 150w, https:\/\/mouldking.store\/wp-content\/uploads\/2022\/11\/MOC-Saturn-V-MLV-25L-3-60x60.jpg 60w, https:\/\/mouldking.store\/wp-content\/uploads\/2022\/11\/MOC-Saturn-V-MLV-25L-3-90x90.jpg 90w\" sizes=\"(max-width: 1000px) 100vw, 1000px\" \/><figcaption id=\"caption-attachment-36090\" class=\"wp-caption-text\">MOC-89546 Saturn V MLV-25L Med 5389 stk<\/figcaption><\/figure>\n<figure id=\"attachment_36091\" aria-describedby=\"caption-attachment-36091\" style=\"width: 1000px\" class=\"wp-caption aligncenter\"><img loading=\"lazy\" decoding=\"async\" class=\"wp-image-36091 size-full\" src=\"https:\/\/mouldking.store\/wp-content\/uploads\/2022\/11\/MOC-Saturn-V-MLV-25L-2.jpg\" alt=\"MOC-89546 Saturn V MLV-25L With 5389 Pieces\" width=\"1000\" height=\"1000\" title=\"-\" srcset=\"https:\/\/mouldking.store\/wp-content\/uploads\/2022\/11\/MOC-Saturn-V-MLV-25L-2.jpg 1000w, https:\/\/mouldking.store\/wp-content\/uploads\/2022\/11\/MOC-Saturn-V-MLV-25L-2-300x300.jpg 300w, https:\/\/mouldking.store\/wp-content\/uploads\/2022\/11\/MOC-Saturn-V-MLV-25L-2-768x768.jpg 768w, https:\/\/mouldking.store\/wp-content\/uploads\/2022\/11\/MOC-Saturn-V-MLV-25L-2-600x600.jpg 600w, https:\/\/mouldking.store\/wp-content\/uploads\/2022\/11\/MOC-Saturn-V-MLV-25L-2-150x150.jpg 150w, https:\/\/mouldking.store\/wp-content\/uploads\/2022\/11\/MOC-Saturn-V-MLV-25L-2-60x60.jpg 60w, https:\/\/mouldking.store\/wp-content\/uploads\/2022\/11\/MOC-Saturn-V-MLV-25L-2-90x90.jpg 90w\" sizes=\"(max-width: 1000px) 100vw, 1000px\" \/><figcaption id=\"caption-attachment-36091\" class=\"wp-caption-text\">MOC-89546 Saturn V MLV-25L Med 5389 stk<\/figcaption><\/figure>\n<figure id=\"attachment_36092\" aria-describedby=\"caption-attachment-36092\" style=\"width: 643px\" class=\"wp-caption aligncenter\"><img loading=\"lazy\" decoding=\"async\" class=\"wp-image-36092 size-large\" src=\"https:\/\/mouldking.store\/wp-content\/uploads\/2022\/11\/MOC-Saturn-V-MLV-25L-1-643x1024.jpg\" alt=\"MOC-89546 Saturn V MLV-25L With 5389 Pieces\" width=\"643\" height=\"1024\" title=\"-\" srcset=\"https:\/\/mouldking.store\/wp-content\/uploads\/2022\/11\/MOC-Saturn-V-MLV-25L-1-643x1024.jpg 643w, https:\/\/mouldking.store\/wp-content\/uploads\/2022\/11\/MOC-Saturn-V-MLV-25L-1-188x300.jpg 188w, https:\/\/mouldking.store\/wp-content\/uploads\/2022\/11\/MOC-Saturn-V-MLV-25L-1-300x478.jpg 300w, https:\/\/mouldking.store\/wp-content\/uploads\/2022\/11\/MOC-Saturn-V-MLV-25L-1-600x956.jpg 600w, https:\/\/mouldking.store\/wp-content\/uploads\/2022\/11\/MOC-Saturn-V-MLV-25L-1-94x150.jpg 94w, https:\/\/mouldking.store\/wp-content\/uploads\/2022\/11\/MOC-Saturn-V-MLV-25L-1-38x60.jpg 38w, https:\/\/mouldking.store\/wp-content\/uploads\/2022\/11\/MOC-Saturn-V-MLV-25L-1-56x90.jpg 56w, https:\/\/mouldking.store\/wp-content\/uploads\/2022\/11\/MOC-Saturn-V-MLV-25L-1.jpg 753w\" sizes=\"(max-width: 643px) 100vw, 643px\" \/><figcaption id=\"caption-attachment-36092\" class=\"wp-caption-text\">MOC-89546 Saturn V MLV-25L Med 5389 stk<\/figcaption><\/figure>","protected":false},"excerpt":{"rendered":"<p>Product information: Brand: MOC Gender: Unisex Name: Saturn V MLV-25L Age Range: &gt; 6 years old Model Number: 89546 Classification: Assemblage Plastic Block Shape: Self-Locking Bricks Material: Plastic Plastic Type: ABS Bricks Blocks:5389 PCS Size: 24 x 24 x 128 cm Weight:4.94 kg Contains detailed assembly instructions. Notice: 1. Without an original box, but we [&hellip;]<\/p>","protected":false},"featured_media":36087,"comment_status":"closed","ping_status":"closed","template":"","meta":{"_acf_changed":false},"product_cat":[1406,6016],"product_tag":[8173,8172,8175,8171,3665,8174],"class_list":["product","first","instock","shipping-taxable","purchasable","product-type-simple"],"acf":[],"_links":{"self":[{"href":"https:\/\/mouldking.store\/nb\/wp-json\/wp\/v2\/product\/36086","targetHints":{"allow":["GET"]}}],"collection":[{"href":"https:\/\/mouldking.store\/nb\/wp-json\/wp\/v2\/product"}],"about":[{"href":"https:\/\/mouldking.store\/nb\/wp-json\/wp\/v2\/types\/product"}],"replies":[{"embeddable":true,"href":"https:\/\/mouldking.store\/nb\/wp-json\/wp\/v2\/comments?post=36086"}],"wp:featuredmedia":[{"embeddable":true,"href":"https:\/\/mouldking.store\/nb\/wp-json\/wp\/v2\/media\/36087"}],"wp:attachment":[{"href":"https:\/\/mouldking.store\/nb\/wp-json\/wp\/v2\/media?parent=36086"}],"wp:term":[{"taxonomy":"product_cat","embeddable":true,"href":"https:\/\/mouldking.store\/nb\/wp-json\/wp\/v2\/product_cat?post=36086"},{"taxonomy":"product_tag","embeddable":true,"href":"https:\/\/mouldking.store\/nb\/wp-json\/wp\/v2\/product_tag?post=36086"}],"curies":[{"name":"wp","href":"https:\/\/api.w.org\/{rel}","templated":true}]}}