{"id":36110,"date":"2022-11-23T14:26:25","date_gmt":"2022-11-23T07:26:25","guid":{"rendered":"https:\/\/mouldking.store\/?post_type=product&#038;p=36110"},"modified":"2025-12-25T09:12:20","modified_gmt":"2025-12-25T02:12:20","slug":"moc-123859-wdw-the-haunted-mansion-with-553-pieces","status":"publish","type":"product","link":"https:\/\/mouldking.store\/nb\/shop\/moc-123859-wdw-the-haunted-mansion-with-553-pieces\/","title":{"rendered":"MOC-123859 WDW The Haunted Mansion med 553 deler"},"content":{"rendered":"<p>Produktinformasjon:<\/p>\n<ol>\n<li>Merke: MOC<\/li>\n<li>Kj\u00f8nn: Unisex<\/li>\n<li>Name: WDW The Haunted Mansion<\/li>\n<li>Aldersgruppe: &gt; 6 \u00e5r gammel<\/li>\n<li>Model Number: 123859<\/li>\n<li>Klassifisering: Montering<\/li>\n<li>Plastblokkform: Selvl\u00e5sende murstein<\/li>\n<li>Materiale: Plast<\/li>\n<li>Plasttype: ABS<\/li>\n<li>Bricks Blocks:553 PCS<\/li>\n<li>Size: 16 x 16 x 12 cm<\/li>\n<li>Weight:0.48 kg<\/li>\n<li>Inneholder detaljerte monteringsanvisninger.<\/li>\n<\/ol>\n<p>Legge merke til:<br \/>\n1. Uten original eske, men vi garanterer at v\u00e5re produkter har kvalitetssikring og pen emballasje.<br \/>\n2. Som alle delene vi har sjekket f\u00f8r frakt, s\u00e5 hvis du finner noen deler savnet eller skadet, ikke bekymre deg og bare kontakt oss, s\u00e5 kan vi sende dem til deg p\u00e5 nytt umiddelbart gratis.<\/p>\n<figure id=\"attachment_36111\" aria-describedby=\"caption-attachment-36111\" style=\"width: 730px\" class=\"wp-caption aligncenter\"><img fetchpriority=\"high\" decoding=\"async\" class=\"wp-image-36111 size-full\" src=\"https:\/\/mouldking.store\/wp-content\/uploads\/2022\/11\/MOC-123859-Modular-Building-WDW-The-Haunted-Mansion-MOC-FACTORY.png\" alt=\"MOC-123859 WDW The Haunted Mansion With 553 Pieces\" width=\"730\" height=\"730\" title=\"-\" srcset=\"https:\/\/mouldking.store\/wp-content\/uploads\/2022\/11\/MOC-123859-Modular-Building-WDW-The-Haunted-Mansion-MOC-FACTORY.png 730w, https:\/\/mouldking.store\/wp-content\/uploads\/2022\/11\/MOC-123859-Modular-Building-WDW-The-Haunted-Mansion-MOC-FACTORY-300x300.png 300w, https:\/\/mouldking.store\/wp-content\/uploads\/2022\/11\/MOC-123859-Modular-Building-WDW-The-Haunted-Mansion-MOC-FACTORY-600x600.png 600w, https:\/\/mouldking.store\/wp-content\/uploads\/2022\/11\/MOC-123859-Modular-Building-WDW-The-Haunted-Mansion-MOC-FACTORY-150x150.png 150w, https:\/\/mouldking.store\/wp-content\/uploads\/2022\/11\/MOC-123859-Modular-Building-WDW-The-Haunted-Mansion-MOC-FACTORY-60x60.png 60w, https:\/\/mouldking.store\/wp-content\/uploads\/2022\/11\/MOC-123859-Modular-Building-WDW-The-Haunted-Mansion-MOC-FACTORY-90x90.png 90w\" sizes=\"(max-width: 730px) 100vw, 730px\" \/><figcaption id=\"caption-attachment-36111\" class=\"wp-caption-text\">MOC-123859 WDW The Haunted Mansion med 553 deler<\/figcaption><\/figure>\n<figure id=\"attachment_36112\" aria-describedby=\"caption-attachment-36112\" style=\"width: 1000px\" class=\"wp-caption aligncenter\"><img decoding=\"async\" class=\"wp-image-36112 size-full\" src=\"https:\/\/mouldking.store\/wp-content\/uploads\/2022\/11\/MOC-123859-WDW-The-Haunted-Mansion-4.jpg\" alt=\"MOC-123859 WDW The Haunted Mansion With 553 Pieces\" width=\"1000\" height=\"1000\" title=\"-\" srcset=\"https:\/\/mouldking.store\/wp-content\/uploads\/2022\/11\/MOC-123859-WDW-The-Haunted-Mansion-4.jpg 1000w, https:\/\/mouldking.store\/wp-content\/uploads\/2022\/11\/MOC-123859-WDW-The-Haunted-Mansion-4-300x300.jpg 300w, https:\/\/mouldking.store\/wp-content\/uploads\/2022\/11\/MOC-123859-WDW-The-Haunted-Mansion-4-768x768.jpg 768w, https:\/\/mouldking.store\/wp-content\/uploads\/2022\/11\/MOC-123859-WDW-The-Haunted-Mansion-4-600x600.jpg 600w, https:\/\/mouldking.store\/wp-content\/uploads\/2022\/11\/MOC-123859-WDW-The-Haunted-Mansion-4-150x150.jpg 150w, https:\/\/mouldking.store\/wp-content\/uploads\/2022\/11\/MOC-123859-WDW-The-Haunted-Mansion-4-60x60.jpg 60w, https:\/\/mouldking.store\/wp-content\/uploads\/2022\/11\/MOC-123859-WDW-The-Haunted-Mansion-4-90x90.jpg 90w\" sizes=\"(max-width: 1000px) 100vw, 1000px\" \/><figcaption id=\"caption-attachment-36112\" class=\"wp-caption-text\">MOC-123859 WDW The Haunted Mansion med 553 deler<\/figcaption><\/figure>\n<figure id=\"attachment_36113\" aria-describedby=\"caption-attachment-36113\" style=\"width: 1000px\" class=\"wp-caption aligncenter\"><img decoding=\"async\" class=\"wp-image-36113 size-full\" src=\"https:\/\/mouldking.store\/wp-content\/uploads\/2022\/11\/MOC-123859-WDW-The-Haunted-Mansion-3.jpg\" alt=\"MOC-123859 WDW The Haunted Mansion With 553 Pieces\" width=\"1000\" height=\"1000\" title=\"-\" srcset=\"https:\/\/mouldking.store\/wp-content\/uploads\/2022\/11\/MOC-123859-WDW-The-Haunted-Mansion-3.jpg 1000w, https:\/\/mouldking.store\/wp-content\/uploads\/2022\/11\/MOC-123859-WDW-The-Haunted-Mansion-3-300x300.jpg 300w, https:\/\/mouldking.store\/wp-content\/uploads\/2022\/11\/MOC-123859-WDW-The-Haunted-Mansion-3-768x768.jpg 768w, https:\/\/mouldking.store\/wp-content\/uploads\/2022\/11\/MOC-123859-WDW-The-Haunted-Mansion-3-600x600.jpg 600w, https:\/\/mouldking.store\/wp-content\/uploads\/2022\/11\/MOC-123859-WDW-The-Haunted-Mansion-3-150x150.jpg 150w, https:\/\/mouldking.store\/wp-content\/uploads\/2022\/11\/MOC-123859-WDW-The-Haunted-Mansion-3-60x60.jpg 60w, https:\/\/mouldking.store\/wp-content\/uploads\/2022\/11\/MOC-123859-WDW-The-Haunted-Mansion-3-90x90.jpg 90w\" sizes=\"(max-width: 1000px) 100vw, 1000px\" \/><figcaption id=\"caption-attachment-36113\" class=\"wp-caption-text\">MOC-123859 WDW The Haunted Mansion med 553 deler<\/figcaption><\/figure>\n<figure id=\"attachment_36114\" aria-describedby=\"caption-attachment-36114\" style=\"width: 1000px\" class=\"wp-caption aligncenter\"><img loading=\"lazy\" decoding=\"async\" class=\"wp-image-36114 size-full\" src=\"https:\/\/mouldking.store\/wp-content\/uploads\/2022\/11\/MOC-123859-WDW-The-Haunted-Mansion-2.jpg\" alt=\"MOC-123859 WDW The Haunted Mansion With 553 Pieces\" width=\"1000\" height=\"1000\" title=\"-\" srcset=\"https:\/\/mouldking.store\/wp-content\/uploads\/2022\/11\/MOC-123859-WDW-The-Haunted-Mansion-2.jpg 1000w, https:\/\/mouldking.store\/wp-content\/uploads\/2022\/11\/MOC-123859-WDW-The-Haunted-Mansion-2-300x300.jpg 300w, https:\/\/mouldking.store\/wp-content\/uploads\/2022\/11\/MOC-123859-WDW-The-Haunted-Mansion-2-768x768.jpg 768w, https:\/\/mouldking.store\/wp-content\/uploads\/2022\/11\/MOC-123859-WDW-The-Haunted-Mansion-2-600x600.jpg 600w, https:\/\/mouldking.store\/wp-content\/uploads\/2022\/11\/MOC-123859-WDW-The-Haunted-Mansion-2-150x150.jpg 150w, https:\/\/mouldking.store\/wp-content\/uploads\/2022\/11\/MOC-123859-WDW-The-Haunted-Mansion-2-60x60.jpg 60w, https:\/\/mouldking.store\/wp-content\/uploads\/2022\/11\/MOC-123859-WDW-The-Haunted-Mansion-2-90x90.jpg 90w\" sizes=\"(max-width: 1000px) 100vw, 1000px\" \/><figcaption id=\"caption-attachment-36114\" class=\"wp-caption-text\">MOC-123859 WDW The Haunted Mansion med 553 deler<\/figcaption><\/figure>\n<figure id=\"attachment_36115\" aria-describedby=\"caption-attachment-36115\" style=\"width: 675px\" class=\"wp-caption aligncenter\"><img loading=\"lazy\" decoding=\"async\" class=\"wp-image-36115 size-large\" src=\"https:\/\/mouldking.store\/wp-content\/uploads\/2022\/11\/MOC-123859-WDW-The-Haunted-Mansion-1-675x1024.jpg\" alt=\"MOC-123859 WDW The Haunted Mansion With 553 Pieces\" width=\"675\" height=\"1024\" title=\"-\" srcset=\"https:\/\/mouldking.store\/wp-content\/uploads\/2022\/11\/MOC-123859-WDW-The-Haunted-Mansion-1-675x1024.jpg 675w, https:\/\/mouldking.store\/wp-content\/uploads\/2022\/11\/MOC-123859-WDW-The-Haunted-Mansion-1-198x300.jpg 198w, https:\/\/mouldking.store\/wp-content\/uploads\/2022\/11\/MOC-123859-WDW-The-Haunted-Mansion-1-768x1165.jpg 768w, https:\/\/mouldking.store\/wp-content\/uploads\/2022\/11\/MOC-123859-WDW-The-Haunted-Mansion-1-300x455.jpg 300w, https:\/\/mouldking.store\/wp-content\/uploads\/2022\/11\/MOC-123859-WDW-The-Haunted-Mansion-1-600x910.jpg 600w, https:\/\/mouldking.store\/wp-content\/uploads\/2022\/11\/MOC-123859-WDW-The-Haunted-Mansion-1-99x150.jpg 99w, https:\/\/mouldking.store\/wp-content\/uploads\/2022\/11\/MOC-123859-WDW-The-Haunted-Mansion-1-40x60.jpg 40w, https:\/\/mouldking.store\/wp-content\/uploads\/2022\/11\/MOC-123859-WDW-The-Haunted-Mansion-1-59x90.jpg 59w, https:\/\/mouldking.store\/wp-content\/uploads\/2022\/11\/MOC-123859-WDW-The-Haunted-Mansion-1.jpg 791w\" sizes=\"(max-width: 675px) 100vw, 675px\" \/><figcaption id=\"caption-attachment-36115\" class=\"wp-caption-text\">MOC-123859 WDW The Haunted Mansion med 553 deler<\/figcaption><\/figure>","protected":false},"excerpt":{"rendered":"<p>Product information: Brand: MOC Gender: Unisex Name: WDW The Haunted Mansion Age Range: &gt; 6 years old Model Number: 123859 Classification: Assemblage Plastic Block Shape: Self-Locking Bricks Material: Plastic Plastic Type: ABS Bricks Blocks:553 PCS Size: 16 x 16 x 12 cm Weight:0.48 kg Contains detailed assembly instructions. Notice: 1. Without an original box, but [&hellip;]<\/p>","protected":false},"featured_media":36111,"comment_status":"closed","ping_status":"closed","template":"","meta":{"_acf_changed":false},"product_cat":[1395,1406],"product_tag":[8189,8193,8188,8191,8190,8192],"class_list":["product","first","instock","shipping-taxable","purchasable","product-type-simple"],"acf":[],"_links":{"self":[{"href":"https:\/\/mouldking.store\/nb\/wp-json\/wp\/v2\/product\/36110","targetHints":{"allow":["GET"]}}],"collection":[{"href":"https:\/\/mouldking.store\/nb\/wp-json\/wp\/v2\/product"}],"about":[{"href":"https:\/\/mouldking.store\/nb\/wp-json\/wp\/v2\/types\/product"}],"replies":[{"embeddable":true,"href":"https:\/\/mouldking.store\/nb\/wp-json\/wp\/v2\/comments?post=36110"}],"wp:featuredmedia":[{"embeddable":true,"href":"https:\/\/mouldking.store\/nb\/wp-json\/wp\/v2\/media\/36111"}],"wp:attachment":[{"href":"https:\/\/mouldking.store\/nb\/wp-json\/wp\/v2\/media?parent=36110"}],"wp:term":[{"taxonomy":"product_cat","embeddable":true,"href":"https:\/\/mouldking.store\/nb\/wp-json\/wp\/v2\/product_cat?post=36110"},{"taxonomy":"product_tag","embeddable":true,"href":"https:\/\/mouldking.store\/nb\/wp-json\/wp\/v2\/product_tag?post=36110"}],"curies":[{"name":"wp","href":"https:\/\/api.w.org\/{rel}","templated":true}]}}