{"id":36116,"date":"2022-11-23T14:34:24","date_gmt":"2022-11-23T07:34:24","guid":{"rendered":"https:\/\/mouldking.store\/?post_type=product&#038;p=36116"},"modified":"2025-12-25T09:12:20","modified_gmt":"2025-12-25T02:12:20","slug":"moc-113817-reek-beast-from-petranaki-geonosian-arena-with-487-pieces","status":"publish","type":"product","link":"https:\/\/mouldking.store\/nb\/shop\/moc-113817-reek-beast-from-petranaki-geonosian-arena-with-487-pieces\/","title":{"rendered":"MOC-113817 Reek Beast \u2013 Fra Petranaki \/ Geonosian Arena med 487 stykker"},"content":{"rendered":"<p>Produktinformasjon:<\/p>\n<ol>\n<li>Merke: MOC<\/li>\n<li>Kj\u00f8nn: Unisex<\/li>\n<li>Navn: Reek Beast \u2013 Fra Petranaki \/ Geonosian Arena<\/li>\n<li>Aldersgruppe: &gt; 6 \u00e5r gammel<\/li>\n<li>Modellnummer: 113817<\/li>\n<li>Klassifisering: Montering<\/li>\n<li>Plastblokkform: Selvl\u00e5sende murstein<\/li>\n<li>Materiale: Plast<\/li>\n<li>Plasttype: ABS<\/li>\n<li>Mursteinblokker:487 STK<\/li>\n<li>St\u00f8rrelse: 20 x 13,6 x 12 cm<\/li>\n<li>Vekt: 0,21 kg<\/li>\n<li>Inneholder detaljerte monteringsanvisninger.<\/li>\n<\/ol>\n<p>Legge merke til:<br \/>\n1. Uten original eske, men vi garanterer at v\u00e5re produkter har kvalitetssikring og pen emballasje.<br \/>\n2. Som alle delene vi har sjekket f\u00f8r frakt, s\u00e5 hvis du finner noen deler savnet eller skadet, ikke bekymre deg og bare kontakt oss, s\u00e5 kan vi sende dem til deg p\u00e5 nytt umiddelbart gratis.<\/p>\n<figure id=\"attachment_36117\" aria-describedby=\"caption-attachment-36117\" style=\"width: 1095px\" class=\"wp-caption aligncenter\"><img fetchpriority=\"high\" decoding=\"async\" class=\"wp-image-36117 size-full\" src=\"https:\/\/mouldking.store\/wp-content\/uploads\/2022\/11\/MOC-113817-Star-Wars-Reek-Beast-\u2013-From-Petranaki-Geonosian-Arena-MOC-FACTORY.png\" alt=\"MOC-113817 Reek Beast \u2013 From Petranaki \/ Geonosian Arena With 487 Pieces\" width=\"1095\" height=\"1095\" title=\"-\" srcset=\"https:\/\/mouldking.store\/wp-content\/uploads\/2022\/11\/MOC-113817-Star-Wars-Reek-Beast-\u2013-From-Petranaki-Geonosian-Arena-MOC-FACTORY.png 1095w, https:\/\/mouldking.store\/wp-content\/uploads\/2022\/11\/MOC-113817-Star-Wars-Reek-Beast-\u2013-From-Petranaki-Geonosian-Arena-MOC-FACTORY-300x300.png 300w, https:\/\/mouldking.store\/wp-content\/uploads\/2022\/11\/MOC-113817-Star-Wars-Reek-Beast-\u2013-From-Petranaki-Geonosian-Arena-MOC-FACTORY-1024x1024.png 1024w, https:\/\/mouldking.store\/wp-content\/uploads\/2022\/11\/MOC-113817-Star-Wars-Reek-Beast-\u2013-From-Petranaki-Geonosian-Arena-MOC-FACTORY-768x768.png 768w, https:\/\/mouldking.store\/wp-content\/uploads\/2022\/11\/MOC-113817-Star-Wars-Reek-Beast-\u2013-From-Petranaki-Geonosian-Arena-MOC-FACTORY-600x600.png 600w, https:\/\/mouldking.store\/wp-content\/uploads\/2022\/11\/MOC-113817-Star-Wars-Reek-Beast-\u2013-From-Petranaki-Geonosian-Arena-MOC-FACTORY-150x150.png 150w, https:\/\/mouldking.store\/wp-content\/uploads\/2022\/11\/MOC-113817-Star-Wars-Reek-Beast-\u2013-From-Petranaki-Geonosian-Arena-MOC-FACTORY-60x60.png 60w, https:\/\/mouldking.store\/wp-content\/uploads\/2022\/11\/MOC-113817-Star-Wars-Reek-Beast-\u2013-From-Petranaki-Geonosian-Arena-MOC-FACTORY-90x90.png 90w\" sizes=\"(max-width: 1095px) 100vw, 1095px\" \/><figcaption id=\"caption-attachment-36117\" class=\"wp-caption-text\">MOC-113817 Reek Beast \u2013 Fra Petranaki \/ Geonosian Arena med 487 stykker<\/figcaption><\/figure>\n<figure id=\"attachment_36118\" aria-describedby=\"caption-attachment-36118\" style=\"width: 577px\" class=\"wp-caption aligncenter\"><img decoding=\"async\" class=\"wp-image-36118 size-full\" src=\"https:\/\/mouldking.store\/wp-content\/uploads\/2022\/11\/MOC-113817-Reek-Beast-From-Petranaki-Geonosian-Arena-3.jpg\" alt=\"MOC-113817 Reek Beast \u2013 From Petranaki \/ Geonosian Arena With 487 Pieces\" width=\"577\" height=\"432\" title=\"-\" srcset=\"https:\/\/mouldking.store\/wp-content\/uploads\/2022\/11\/MOC-113817-Reek-Beast-From-Petranaki-Geonosian-Arena-3.jpg 577w, https:\/\/mouldking.store\/wp-content\/uploads\/2022\/11\/MOC-113817-Reek-Beast-From-Petranaki-Geonosian-Arena-3-300x225.jpg 300w, https:\/\/mouldking.store\/wp-content\/uploads\/2022\/11\/MOC-113817-Reek-Beast-From-Petranaki-Geonosian-Arena-3-150x112.jpg 150w, https:\/\/mouldking.store\/wp-content\/uploads\/2022\/11\/MOC-113817-Reek-Beast-From-Petranaki-Geonosian-Arena-3-80x60.jpg 80w, https:\/\/mouldking.store\/wp-content\/uploads\/2022\/11\/MOC-113817-Reek-Beast-From-Petranaki-Geonosian-Arena-3-120x90.jpg 120w\" sizes=\"(max-width: 577px) 100vw, 577px\" \/><figcaption id=\"caption-attachment-36118\" class=\"wp-caption-text\">MOC-113817 Reek Beast \u2013 Fra Petranaki \/ Geonosian Arena med 487 stykker<\/figcaption><\/figure>\n<figure id=\"attachment_36119\" aria-describedby=\"caption-attachment-36119\" style=\"width: 750px\" class=\"wp-caption aligncenter\"><img decoding=\"async\" class=\"wp-image-36119 size-full\" src=\"https:\/\/mouldking.store\/wp-content\/uploads\/2022\/11\/MOC-113817-Reek-Beast-From-Petranaki-Geonosian-Arena-2.png\" alt=\"MOC-113817 Reek Beast \u2013 From Petranaki \/ Geonosian Arena With 487 Pieces\" width=\"750\" height=\"562\" title=\"-\" srcset=\"https:\/\/mouldking.store\/wp-content\/uploads\/2022\/11\/MOC-113817-Reek-Beast-From-Petranaki-Geonosian-Arena-2.png 750w, https:\/\/mouldking.store\/wp-content\/uploads\/2022\/11\/MOC-113817-Reek-Beast-From-Petranaki-Geonosian-Arena-2-300x225.png 300w, https:\/\/mouldking.store\/wp-content\/uploads\/2022\/11\/MOC-113817-Reek-Beast-From-Petranaki-Geonosian-Arena-2-600x450.png 600w, https:\/\/mouldking.store\/wp-content\/uploads\/2022\/11\/MOC-113817-Reek-Beast-From-Petranaki-Geonosian-Arena-2-150x112.png 150w, https:\/\/mouldking.store\/wp-content\/uploads\/2022\/11\/MOC-113817-Reek-Beast-From-Petranaki-Geonosian-Arena-2-80x60.png 80w, https:\/\/mouldking.store\/wp-content\/uploads\/2022\/11\/MOC-113817-Reek-Beast-From-Petranaki-Geonosian-Arena-2-120x90.png 120w\" sizes=\"(max-width: 750px) 100vw, 750px\" \/><figcaption id=\"caption-attachment-36119\" class=\"wp-caption-text\">MOC-113817 Reek Beast \u2013 Fra Petranaki \/ Geonosian Arena med 487 stykker<\/figcaption><\/figure>\n<figure id=\"attachment_36120\" aria-describedby=\"caption-attachment-36120\" style=\"width: 750px\" class=\"wp-caption aligncenter\"><img loading=\"lazy\" decoding=\"async\" class=\"wp-image-36120 size-full\" src=\"https:\/\/mouldking.store\/wp-content\/uploads\/2022\/11\/MOC-113817-Reek-Beast-From-Petranaki-Geonosian-Arena-1.png\" alt=\"MOC-113817 Reek Beast \u2013 From Petranaki \/ Geonosian Arena With 487 Pieces\" width=\"750\" height=\"562\" title=\"-\" srcset=\"https:\/\/mouldking.store\/wp-content\/uploads\/2022\/11\/MOC-113817-Reek-Beast-From-Petranaki-Geonosian-Arena-1.png 750w, https:\/\/mouldking.store\/wp-content\/uploads\/2022\/11\/MOC-113817-Reek-Beast-From-Petranaki-Geonosian-Arena-1-300x225.png 300w, https:\/\/mouldking.store\/wp-content\/uploads\/2022\/11\/MOC-113817-Reek-Beast-From-Petranaki-Geonosian-Arena-1-600x450.png 600w, https:\/\/mouldking.store\/wp-content\/uploads\/2022\/11\/MOC-113817-Reek-Beast-From-Petranaki-Geonosian-Arena-1-150x112.png 150w, https:\/\/mouldking.store\/wp-content\/uploads\/2022\/11\/MOC-113817-Reek-Beast-From-Petranaki-Geonosian-Arena-1-80x60.png 80w, https:\/\/mouldking.store\/wp-content\/uploads\/2022\/11\/MOC-113817-Reek-Beast-From-Petranaki-Geonosian-Arena-1-120x90.png 120w\" sizes=\"(max-width: 750px) 100vw, 750px\" \/><figcaption id=\"caption-attachment-36120\" class=\"wp-caption-text\">MOC-113817 Reek Beast \u2013 Fra Petranaki \/ Geonosian Arena med 487 stykker<\/figcaption><\/figure>","protected":false},"excerpt":{"rendered":"<p>Product information: Brand: MOC Gender: Unisex Name: Reek Beast \u2013 From Petranaki \/ Geonosian Arena Age Range: &gt; 6 years old Model Number: 113817 Classification: Assemblage Plastic Block Shape: Self-Locking Bricks Material: Plastic Plastic Type: ABS Bricks Blocks:487 PCS Size: 20 x 13.6 x 12 cm Weight:0.21 kg Contains detailed assembly instructions. Notice: 1. Without [&hellip;]<\/p>","protected":false},"featured_media":36117,"comment_status":"closed","ping_status":"closed","template":"","meta":{"_acf_changed":false},"product_cat":[1406,415],"product_tag":[8199,8201,8198,8200,8195,8203,8194,8197,8196,8202],"class_list":["product","first","instock","shipping-taxable","purchasable","product-type-simple"],"acf":[],"_links":{"self":[{"href":"https:\/\/mouldking.store\/nb\/wp-json\/wp\/v2\/product\/36116","targetHints":{"allow":["GET"]}}],"collection":[{"href":"https:\/\/mouldking.store\/nb\/wp-json\/wp\/v2\/product"}],"about":[{"href":"https:\/\/mouldking.store\/nb\/wp-json\/wp\/v2\/types\/product"}],"replies":[{"embeddable":true,"href":"https:\/\/mouldking.store\/nb\/wp-json\/wp\/v2\/comments?post=36116"}],"wp:featuredmedia":[{"embeddable":true,"href":"https:\/\/mouldking.store\/nb\/wp-json\/wp\/v2\/media\/36117"}],"wp:attachment":[{"href":"https:\/\/mouldking.store\/nb\/wp-json\/wp\/v2\/media?parent=36116"}],"wp:term":[{"taxonomy":"product_cat","embeddable":true,"href":"https:\/\/mouldking.store\/nb\/wp-json\/wp\/v2\/product_cat?post=36116"},{"taxonomy":"product_tag","embeddable":true,"href":"https:\/\/mouldking.store\/nb\/wp-json\/wp\/v2\/product_tag?post=36116"}],"curies":[{"name":"wp","href":"https:\/\/api.w.org\/{rel}","templated":true}]}}