{"id":36149,"date":"2022-11-23T15:12:55","date_gmt":"2022-11-23T08:12:55","guid":{"rendered":"https:\/\/mouldking.store\/?post_type=product&#038;p=36149"},"modified":"2025-12-25T09:12:20","modified_gmt":"2025-12-25T02:12:20","slug":"moc-89544-horizon-zero-dawn-shell-walker-with-1735-pieces","status":"publish","type":"product","link":"https:\/\/mouldking.store\/nb\/shop\/moc-89544-horizon-zero-dawn-shell-walker-with-1735-pieces\/","title":{"rendered":"MOC-89544 Horizon Zero Dawn Shell Walker med 1735 deler"},"content":{"rendered":"<p>Produktinformasjon:<\/p>\n<ol>\n<li>Merke: MOC<\/li>\n<li>Kj\u00f8nn: Unisex<\/li>\n<li>Navn: Horizon Zero Dawn Shell Walker<\/li>\n<li>Aldersgruppe: &gt; 6 \u00e5r gammel<\/li>\n<li>Modellnummer: 89544<\/li>\n<li>Klassifisering: Montering<\/li>\n<li>Plastblokkform: Selvl\u00e5sende murstein<\/li>\n<li>Materiale: Plast<\/li>\n<li>Plasttype: ABS<\/li>\n<li>Mursteinsblokker:1735 STK<\/li>\n<li>St\u00f8rrelse: 23,2 x 22,5 x 24,4 cm<\/li>\n<li>Vekt: 0,75 kg<\/li>\n<li>Inneholder detaljerte monteringsanvisninger.<\/li>\n<\/ol>\n<p>Legge merke til:<br \/>\n1. Uten original eske, men vi garanterer at v\u00e5re produkter har kvalitetssikring og pen emballasje.<br \/>\n2. Som alle delene vi har sjekket f\u00f8r frakt, s\u00e5 hvis du finner noen deler savnet eller skadet, ikke bekymre deg og bare kontakt oss, s\u00e5 kan vi sende dem til deg p\u00e5 nytt umiddelbart gratis.<\/p>\n<figure id=\"attachment_36150\" aria-describedby=\"caption-attachment-36150\" style=\"width: 1024px\" class=\"wp-caption aligncenter\"><img fetchpriority=\"high\" decoding=\"async\" class=\"wp-image-36150 size-large\" src=\"https:\/\/mouldking.store\/wp-content\/uploads\/2022\/11\/MOC-89544-Creator-Horizon-Zero-Dawn-Shell-Walker-MOC-FACTORY-1024x1024.png\" alt=\"MOC-89544 Horizon Zero Dawn Shell Walker With 1735 Pieces\" width=\"1024\" height=\"1024\" title=\"-\" srcset=\"https:\/\/mouldking.store\/wp-content\/uploads\/2022\/11\/MOC-89544-Creator-Horizon-Zero-Dawn-Shell-Walker-MOC-FACTORY-1024x1024.png 1024w, https:\/\/mouldking.store\/wp-content\/uploads\/2022\/11\/MOC-89544-Creator-Horizon-Zero-Dawn-Shell-Walker-MOC-FACTORY-300x300.png 300w, https:\/\/mouldking.store\/wp-content\/uploads\/2022\/11\/MOC-89544-Creator-Horizon-Zero-Dawn-Shell-Walker-MOC-FACTORY-768x768.png 768w, https:\/\/mouldking.store\/wp-content\/uploads\/2022\/11\/MOC-89544-Creator-Horizon-Zero-Dawn-Shell-Walker-MOC-FACTORY-600x600.png 600w, https:\/\/mouldking.store\/wp-content\/uploads\/2022\/11\/MOC-89544-Creator-Horizon-Zero-Dawn-Shell-Walker-MOC-FACTORY-150x150.png 150w, https:\/\/mouldking.store\/wp-content\/uploads\/2022\/11\/MOC-89544-Creator-Horizon-Zero-Dawn-Shell-Walker-MOC-FACTORY-60x60.png 60w, https:\/\/mouldking.store\/wp-content\/uploads\/2022\/11\/MOC-89544-Creator-Horizon-Zero-Dawn-Shell-Walker-MOC-FACTORY-90x90.png 90w, https:\/\/mouldking.store\/wp-content\/uploads\/2022\/11\/MOC-89544-Creator-Horizon-Zero-Dawn-Shell-Walker-MOC-FACTORY.png 1095w\" sizes=\"(max-width: 1024px) 100vw, 1024px\" \/><figcaption id=\"caption-attachment-36150\" class=\"wp-caption-text\">MOC-89544 Horizon Zero Dawn Shell Walker med 1735 deler<\/figcaption><\/figure>\n<figure id=\"attachment_36151\" aria-describedby=\"caption-attachment-36151\" style=\"width: 1000px\" class=\"wp-caption aligncenter\"><img decoding=\"async\" class=\"wp-image-36151 size-full\" src=\"https:\/\/mouldking.store\/wp-content\/uploads\/2022\/11\/MOC-Horizon-Zero-Dawn-Shell-Walker-10-Copy.jpg\" alt=\"MOC-89544 Horizon Zero Dawn Shell Walker With 1735 Pieces\" width=\"1000\" height=\"1000\" title=\"-\" srcset=\"https:\/\/mouldking.store\/wp-content\/uploads\/2022\/11\/MOC-Horizon-Zero-Dawn-Shell-Walker-10-Copy.jpg 1000w, https:\/\/mouldking.store\/wp-content\/uploads\/2022\/11\/MOC-Horizon-Zero-Dawn-Shell-Walker-10-Copy-300x300.jpg 300w, https:\/\/mouldking.store\/wp-content\/uploads\/2022\/11\/MOC-Horizon-Zero-Dawn-Shell-Walker-10-Copy-768x768.jpg 768w, https:\/\/mouldking.store\/wp-content\/uploads\/2022\/11\/MOC-Horizon-Zero-Dawn-Shell-Walker-10-Copy-600x600.jpg 600w, https:\/\/mouldking.store\/wp-content\/uploads\/2022\/11\/MOC-Horizon-Zero-Dawn-Shell-Walker-10-Copy-150x150.jpg 150w, https:\/\/mouldking.store\/wp-content\/uploads\/2022\/11\/MOC-Horizon-Zero-Dawn-Shell-Walker-10-Copy-60x60.jpg 60w, https:\/\/mouldking.store\/wp-content\/uploads\/2022\/11\/MOC-Horizon-Zero-Dawn-Shell-Walker-10-Copy-90x90.jpg 90w\" sizes=\"(max-width: 1000px) 100vw, 1000px\" \/><figcaption id=\"caption-attachment-36151\" class=\"wp-caption-text\">MOC-89544 Horizon Zero Dawn Shell Walker med 1735 deler<\/figcaption><\/figure>\n<figure id=\"attachment_36152\" aria-describedby=\"caption-attachment-36152\" style=\"width: 1000px\" class=\"wp-caption aligncenter\"><img decoding=\"async\" class=\"wp-image-36152 size-full\" src=\"https:\/\/mouldking.store\/wp-content\/uploads\/2022\/11\/MOC-Horizon-Zero-Dawn-Shell-Walker-9-Copy.jpg\" alt=\"MOC-89544 Horizon Zero Dawn Shell Walker With 1735 Pieces\" width=\"1000\" height=\"1000\" title=\"-\" srcset=\"https:\/\/mouldking.store\/wp-content\/uploads\/2022\/11\/MOC-Horizon-Zero-Dawn-Shell-Walker-9-Copy.jpg 1000w, https:\/\/mouldking.store\/wp-content\/uploads\/2022\/11\/MOC-Horizon-Zero-Dawn-Shell-Walker-9-Copy-300x300.jpg 300w, https:\/\/mouldking.store\/wp-content\/uploads\/2022\/11\/MOC-Horizon-Zero-Dawn-Shell-Walker-9-Copy-768x768.jpg 768w, https:\/\/mouldking.store\/wp-content\/uploads\/2022\/11\/MOC-Horizon-Zero-Dawn-Shell-Walker-9-Copy-600x600.jpg 600w, https:\/\/mouldking.store\/wp-content\/uploads\/2022\/11\/MOC-Horizon-Zero-Dawn-Shell-Walker-9-Copy-150x150.jpg 150w, https:\/\/mouldking.store\/wp-content\/uploads\/2022\/11\/MOC-Horizon-Zero-Dawn-Shell-Walker-9-Copy-60x60.jpg 60w, https:\/\/mouldking.store\/wp-content\/uploads\/2022\/11\/MOC-Horizon-Zero-Dawn-Shell-Walker-9-Copy-90x90.jpg 90w\" sizes=\"(max-width: 1000px) 100vw, 1000px\" \/><figcaption id=\"caption-attachment-36152\" class=\"wp-caption-text\">MOC-89544 Horizon Zero Dawn Shell Walker med 1735 deler<\/figcaption><\/figure>\n<figure id=\"attachment_36153\" aria-describedby=\"caption-attachment-36153\" style=\"width: 1000px\" class=\"wp-caption aligncenter\"><img loading=\"lazy\" decoding=\"async\" class=\"wp-image-36153 size-full\" src=\"https:\/\/mouldking.store\/wp-content\/uploads\/2022\/11\/MOC-Horizon-Zero-Dawn-Shell-Walker-8-Copy.jpg\" alt=\"MOC-89544 Horizon Zero Dawn Shell Walker With 1735 Pieces\" width=\"1000\" height=\"1000\" title=\"-\" srcset=\"https:\/\/mouldking.store\/wp-content\/uploads\/2022\/11\/MOC-Horizon-Zero-Dawn-Shell-Walker-8-Copy.jpg 1000w, https:\/\/mouldking.store\/wp-content\/uploads\/2022\/11\/MOC-Horizon-Zero-Dawn-Shell-Walker-8-Copy-300x300.jpg 300w, https:\/\/mouldking.store\/wp-content\/uploads\/2022\/11\/MOC-Horizon-Zero-Dawn-Shell-Walker-8-Copy-768x768.jpg 768w, https:\/\/mouldking.store\/wp-content\/uploads\/2022\/11\/MOC-Horizon-Zero-Dawn-Shell-Walker-8-Copy-600x600.jpg 600w, https:\/\/mouldking.store\/wp-content\/uploads\/2022\/11\/MOC-Horizon-Zero-Dawn-Shell-Walker-8-Copy-150x150.jpg 150w, https:\/\/mouldking.store\/wp-content\/uploads\/2022\/11\/MOC-Horizon-Zero-Dawn-Shell-Walker-8-Copy-60x60.jpg 60w, https:\/\/mouldking.store\/wp-content\/uploads\/2022\/11\/MOC-Horizon-Zero-Dawn-Shell-Walker-8-Copy-90x90.jpg 90w\" sizes=\"(max-width: 1000px) 100vw, 1000px\" \/><figcaption id=\"caption-attachment-36153\" class=\"wp-caption-text\">MOC-89544 Horizon Zero Dawn Shell Walker med 1735 deler<\/figcaption><\/figure>\n<figure id=\"attachment_36154\" aria-describedby=\"caption-attachment-36154\" style=\"width: 1000px\" class=\"wp-caption aligncenter\"><img loading=\"lazy\" decoding=\"async\" class=\"wp-image-36154 size-full\" src=\"https:\/\/mouldking.store\/wp-content\/uploads\/2022\/11\/MOC-Horizon-Zero-Dawn-Shell-Walker-7-Copy.jpg\" alt=\"MOC-89544 Horizon Zero Dawn Shell Walker With 1735 Pieces\" width=\"1000\" height=\"1000\" title=\"-\" srcset=\"https:\/\/mouldking.store\/wp-content\/uploads\/2022\/11\/MOC-Horizon-Zero-Dawn-Shell-Walker-7-Copy.jpg 1000w, https:\/\/mouldking.store\/wp-content\/uploads\/2022\/11\/MOC-Horizon-Zero-Dawn-Shell-Walker-7-Copy-300x300.jpg 300w, https:\/\/mouldking.store\/wp-content\/uploads\/2022\/11\/MOC-Horizon-Zero-Dawn-Shell-Walker-7-Copy-768x768.jpg 768w, https:\/\/mouldking.store\/wp-content\/uploads\/2022\/11\/MOC-Horizon-Zero-Dawn-Shell-Walker-7-Copy-600x600.jpg 600w, https:\/\/mouldking.store\/wp-content\/uploads\/2022\/11\/MOC-Horizon-Zero-Dawn-Shell-Walker-7-Copy-150x150.jpg 150w, https:\/\/mouldking.store\/wp-content\/uploads\/2022\/11\/MOC-Horizon-Zero-Dawn-Shell-Walker-7-Copy-60x60.jpg 60w, https:\/\/mouldking.store\/wp-content\/uploads\/2022\/11\/MOC-Horizon-Zero-Dawn-Shell-Walker-7-Copy-90x90.jpg 90w\" sizes=\"(max-width: 1000px) 100vw, 1000px\" \/><figcaption id=\"caption-attachment-36154\" class=\"wp-caption-text\">MOC-89544 Horizon Zero Dawn Shell Walker med 1735 deler<\/figcaption><\/figure>\n<figure id=\"attachment_36155\" aria-describedby=\"caption-attachment-36155\" style=\"width: 1000px\" class=\"wp-caption aligncenter\"><img loading=\"lazy\" decoding=\"async\" class=\"wp-image-36155 size-full\" src=\"https:\/\/mouldking.store\/wp-content\/uploads\/2022\/11\/MOC-Horizon-Zero-Dawn-Shell-Walker-6-Copy.jpg\" alt=\"MOC-89544 Horizon Zero Dawn Shell Walker With 1735 Pieces\" width=\"1000\" height=\"1000\" title=\"-\" srcset=\"https:\/\/mouldking.store\/wp-content\/uploads\/2022\/11\/MOC-Horizon-Zero-Dawn-Shell-Walker-6-Copy.jpg 1000w, https:\/\/mouldking.store\/wp-content\/uploads\/2022\/11\/MOC-Horizon-Zero-Dawn-Shell-Walker-6-Copy-300x300.jpg 300w, https:\/\/mouldking.store\/wp-content\/uploads\/2022\/11\/MOC-Horizon-Zero-Dawn-Shell-Walker-6-Copy-768x768.jpg 768w, https:\/\/mouldking.store\/wp-content\/uploads\/2022\/11\/MOC-Horizon-Zero-Dawn-Shell-Walker-6-Copy-600x600.jpg 600w, https:\/\/mouldking.store\/wp-content\/uploads\/2022\/11\/MOC-Horizon-Zero-Dawn-Shell-Walker-6-Copy-150x150.jpg 150w, https:\/\/mouldking.store\/wp-content\/uploads\/2022\/11\/MOC-Horizon-Zero-Dawn-Shell-Walker-6-Copy-60x60.jpg 60w, https:\/\/mouldking.store\/wp-content\/uploads\/2022\/11\/MOC-Horizon-Zero-Dawn-Shell-Walker-6-Copy-90x90.jpg 90w\" sizes=\"(max-width: 1000px) 100vw, 1000px\" \/><figcaption id=\"caption-attachment-36155\" class=\"wp-caption-text\">MOC-89544 Horizon Zero Dawn Shell Walker med 1735 deler<\/figcaption><\/figure>\n<figure id=\"attachment_36156\" aria-describedby=\"caption-attachment-36156\" style=\"width: 1000px\" class=\"wp-caption aligncenter\"><img loading=\"lazy\" decoding=\"async\" class=\"wp-image-36156 size-full\" src=\"https:\/\/mouldking.store\/wp-content\/uploads\/2022\/11\/MOC-Horizon-Zero-Dawn-Shell-Walker-5-Copy.jpg\" alt=\"MOC-89544 Horizon Zero Dawn Shell Walker With 1735 Pieces\" width=\"1000\" height=\"1000\" title=\"-\" srcset=\"https:\/\/mouldking.store\/wp-content\/uploads\/2022\/11\/MOC-Horizon-Zero-Dawn-Shell-Walker-5-Copy.jpg 1000w, https:\/\/mouldking.store\/wp-content\/uploads\/2022\/11\/MOC-Horizon-Zero-Dawn-Shell-Walker-5-Copy-300x300.jpg 300w, https:\/\/mouldking.store\/wp-content\/uploads\/2022\/11\/MOC-Horizon-Zero-Dawn-Shell-Walker-5-Copy-768x768.jpg 768w, https:\/\/mouldking.store\/wp-content\/uploads\/2022\/11\/MOC-Horizon-Zero-Dawn-Shell-Walker-5-Copy-600x600.jpg 600w, https:\/\/mouldking.store\/wp-content\/uploads\/2022\/11\/MOC-Horizon-Zero-Dawn-Shell-Walker-5-Copy-150x150.jpg 150w, https:\/\/mouldking.store\/wp-content\/uploads\/2022\/11\/MOC-Horizon-Zero-Dawn-Shell-Walker-5-Copy-60x60.jpg 60w, https:\/\/mouldking.store\/wp-content\/uploads\/2022\/11\/MOC-Horizon-Zero-Dawn-Shell-Walker-5-Copy-90x90.jpg 90w\" sizes=\"(max-width: 1000px) 100vw, 1000px\" \/><figcaption id=\"caption-attachment-36156\" class=\"wp-caption-text\">MOC-89544 Horizon Zero Dawn Shell Walker med 1735 deler<\/figcaption><\/figure>\n<figure id=\"attachment_36157\" aria-describedby=\"caption-attachment-36157\" style=\"width: 1000px\" class=\"wp-caption aligncenter\"><img loading=\"lazy\" decoding=\"async\" class=\"wp-image-36157 size-full\" src=\"https:\/\/mouldking.store\/wp-content\/uploads\/2022\/11\/MOC-Horizon-Zero-Dawn-Shell-Walker-4.jpg\" alt=\"MOC-89544 Horizon Zero Dawn Shell Walker With 1735 Pieces\" width=\"1000\" height=\"1000\" title=\"-\" srcset=\"https:\/\/mouldking.store\/wp-content\/uploads\/2022\/11\/MOC-Horizon-Zero-Dawn-Shell-Walker-4.jpg 1000w, https:\/\/mouldking.store\/wp-content\/uploads\/2022\/11\/MOC-Horizon-Zero-Dawn-Shell-Walker-4-300x300.jpg 300w, https:\/\/mouldking.store\/wp-content\/uploads\/2022\/11\/MOC-Horizon-Zero-Dawn-Shell-Walker-4-768x768.jpg 768w, https:\/\/mouldking.store\/wp-content\/uploads\/2022\/11\/MOC-Horizon-Zero-Dawn-Shell-Walker-4-600x600.jpg 600w, https:\/\/mouldking.store\/wp-content\/uploads\/2022\/11\/MOC-Horizon-Zero-Dawn-Shell-Walker-4-150x150.jpg 150w, https:\/\/mouldking.store\/wp-content\/uploads\/2022\/11\/MOC-Horizon-Zero-Dawn-Shell-Walker-4-60x60.jpg 60w, https:\/\/mouldking.store\/wp-content\/uploads\/2022\/11\/MOC-Horizon-Zero-Dawn-Shell-Walker-4-90x90.jpg 90w\" sizes=\"(max-width: 1000px) 100vw, 1000px\" \/><figcaption id=\"caption-attachment-36157\" class=\"wp-caption-text\">MOC-89544 Horizon Zero Dawn Shell Walker med 1735 deler<\/figcaption><\/figure>\n<figure id=\"attachment_36158\" aria-describedby=\"caption-attachment-36158\" style=\"width: 1000px\" class=\"wp-caption aligncenter\"><img loading=\"lazy\" decoding=\"async\" class=\"wp-image-36158 size-full\" src=\"https:\/\/mouldking.store\/wp-content\/uploads\/2022\/11\/MOC-Horizon-Zero-Dawn-Shell-Walker-3.jpg\" alt=\"MOC-89544 Horizon Zero Dawn Shell Walker With 1735 Pieces\" width=\"1000\" height=\"1000\" title=\"-\" srcset=\"https:\/\/mouldking.store\/wp-content\/uploads\/2022\/11\/MOC-Horizon-Zero-Dawn-Shell-Walker-3.jpg 1000w, https:\/\/mouldking.store\/wp-content\/uploads\/2022\/11\/MOC-Horizon-Zero-Dawn-Shell-Walker-3-300x300.jpg 300w, https:\/\/mouldking.store\/wp-content\/uploads\/2022\/11\/MOC-Horizon-Zero-Dawn-Shell-Walker-3-768x768.jpg 768w, https:\/\/mouldking.store\/wp-content\/uploads\/2022\/11\/MOC-Horizon-Zero-Dawn-Shell-Walker-3-600x600.jpg 600w, https:\/\/mouldking.store\/wp-content\/uploads\/2022\/11\/MOC-Horizon-Zero-Dawn-Shell-Walker-3-150x150.jpg 150w, https:\/\/mouldking.store\/wp-content\/uploads\/2022\/11\/MOC-Horizon-Zero-Dawn-Shell-Walker-3-60x60.jpg 60w, https:\/\/mouldking.store\/wp-content\/uploads\/2022\/11\/MOC-Horizon-Zero-Dawn-Shell-Walker-3-90x90.jpg 90w\" sizes=\"(max-width: 1000px) 100vw, 1000px\" \/><figcaption id=\"caption-attachment-36158\" class=\"wp-caption-text\">MOC-89544 Horizon Zero Dawn Shell Walker med 1735 deler<\/figcaption><\/figure>\n<figure id=\"attachment_36159\" aria-describedby=\"caption-attachment-36159\" style=\"width: 1000px\" class=\"wp-caption aligncenter\"><img loading=\"lazy\" decoding=\"async\" class=\"wp-image-36159 size-full\" src=\"https:\/\/mouldking.store\/wp-content\/uploads\/2022\/11\/MOC-Horizon-Zero-Dawn-Shell-Walker-2.jpg\" alt=\"MOC-89544 Horizon Zero Dawn Shell Walker With 1735 Pieces\" width=\"1000\" height=\"1000\" title=\"-\" srcset=\"https:\/\/mouldking.store\/wp-content\/uploads\/2022\/11\/MOC-Horizon-Zero-Dawn-Shell-Walker-2.jpg 1000w, https:\/\/mouldking.store\/wp-content\/uploads\/2022\/11\/MOC-Horizon-Zero-Dawn-Shell-Walker-2-300x300.jpg 300w, https:\/\/mouldking.store\/wp-content\/uploads\/2022\/11\/MOC-Horizon-Zero-Dawn-Shell-Walker-2-768x768.jpg 768w, https:\/\/mouldking.store\/wp-content\/uploads\/2022\/11\/MOC-Horizon-Zero-Dawn-Shell-Walker-2-600x600.jpg 600w, https:\/\/mouldking.store\/wp-content\/uploads\/2022\/11\/MOC-Horizon-Zero-Dawn-Shell-Walker-2-150x150.jpg 150w, https:\/\/mouldking.store\/wp-content\/uploads\/2022\/11\/MOC-Horizon-Zero-Dawn-Shell-Walker-2-60x60.jpg 60w, https:\/\/mouldking.store\/wp-content\/uploads\/2022\/11\/MOC-Horizon-Zero-Dawn-Shell-Walker-2-90x90.jpg 90w\" sizes=\"(max-width: 1000px) 100vw, 1000px\" \/><figcaption id=\"caption-attachment-36159\" class=\"wp-caption-text\">MOC-89544 Horizon Zero Dawn Shell Walker med 1735 deler<\/figcaption><\/figure>\n<figure id=\"attachment_36160\" aria-describedby=\"caption-attachment-36160\" style=\"width: 1000px\" class=\"wp-caption aligncenter\"><img loading=\"lazy\" decoding=\"async\" class=\"wp-image-36160 size-full\" src=\"https:\/\/mouldking.store\/wp-content\/uploads\/2022\/11\/MOC-Horizon-Zero-Dawn-Shell-Walker-1.jpg\" alt=\"MOC-89544 Horizon Zero Dawn Shell Walker With 1735 Pieces\" width=\"1000\" height=\"1000\" title=\"-\" srcset=\"https:\/\/mouldking.store\/wp-content\/uploads\/2022\/11\/MOC-Horizon-Zero-Dawn-Shell-Walker-1.jpg 1000w, https:\/\/mouldking.store\/wp-content\/uploads\/2022\/11\/MOC-Horizon-Zero-Dawn-Shell-Walker-1-300x300.jpg 300w, https:\/\/mouldking.store\/wp-content\/uploads\/2022\/11\/MOC-Horizon-Zero-Dawn-Shell-Walker-1-768x768.jpg 768w, https:\/\/mouldking.store\/wp-content\/uploads\/2022\/11\/MOC-Horizon-Zero-Dawn-Shell-Walker-1-600x600.jpg 600w, https:\/\/mouldking.store\/wp-content\/uploads\/2022\/11\/MOC-Horizon-Zero-Dawn-Shell-Walker-1-150x150.jpg 150w, https:\/\/mouldking.store\/wp-content\/uploads\/2022\/11\/MOC-Horizon-Zero-Dawn-Shell-Walker-1-60x60.jpg 60w, https:\/\/mouldking.store\/wp-content\/uploads\/2022\/11\/MOC-Horizon-Zero-Dawn-Shell-Walker-1-90x90.jpg 90w\" sizes=\"(max-width: 1000px) 100vw, 1000px\" \/><figcaption id=\"caption-attachment-36160\" class=\"wp-caption-text\">MOC-89544 Horizon Zero Dawn Shell Walker med 1735 deler<\/figcaption><\/figure>","protected":false},"excerpt":{"rendered":"<p>Product information: Brand: MOC Gender: Unisex Name: Horizon Zero Dawn Shell Walker Age Range: &gt; 6 years old Model Number: 89544 Classification: Assemblage Plastic Block Shape: Self-Locking Bricks Material: Plastic Plastic Type: ABS Bricks Blocks:1735 PCS Size: 23.2 x 22.5 x 24.4 cm Weight:0.75 kg Contains detailed assembly instructions. Notice: 1. Without an original box, [&hellip;]<\/p>","protected":false},"featured_media":36150,"comment_status":"closed","ping_status":"closed","template":"","meta":{"_acf_changed":false},"product_cat":[371],"product_tag":[8168,8227,8225,8228,8224,8226,8169],"class_list":["product","first","instock","shipping-taxable","purchasable","product-type-simple"],"acf":[],"_links":{"self":[{"href":"https:\/\/mouldking.store\/nb\/wp-json\/wp\/v2\/product\/36149","targetHints":{"allow":["GET"]}}],"collection":[{"href":"https:\/\/mouldking.store\/nb\/wp-json\/wp\/v2\/product"}],"about":[{"href":"https:\/\/mouldking.store\/nb\/wp-json\/wp\/v2\/types\/product"}],"replies":[{"embeddable":true,"href":"https:\/\/mouldking.store\/nb\/wp-json\/wp\/v2\/comments?post=36149"}],"wp:featuredmedia":[{"embeddable":true,"href":"https:\/\/mouldking.store\/nb\/wp-json\/wp\/v2\/media\/36150"}],"wp:attachment":[{"href":"https:\/\/mouldking.store\/nb\/wp-json\/wp\/v2\/media?parent=36149"}],"wp:term":[{"taxonomy":"product_cat","embeddable":true,"href":"https:\/\/mouldking.store\/nb\/wp-json\/wp\/v2\/product_cat?post=36149"},{"taxonomy":"product_tag","embeddable":true,"href":"https:\/\/mouldking.store\/nb\/wp-json\/wp\/v2\/product_tag?post=36149"}],"curies":[{"name":"wp","href":"https:\/\/api.w.org\/{rel}","templated":true}]}}