{"id":36188,"date":"2022-11-25T11:29:54","date_gmt":"2022-11-25T04:29:54","guid":{"rendered":"https:\/\/mouldking.store\/?post_type=product&#038;p=36188"},"modified":"2022-11-25T11:29:54","modified_gmt":"2022-11-25T04:29:54","slug":"sluban-m38-b0853-world-war-ii-d-day-willys-jeep-with-143-pieces","status":"publish","type":"product","link":"https:\/\/mouldking.store\/nb\/shop\/sluban-m38-b0853-world-war-ii-d-day-willys-jeep-with-143-pieces\/","title":{"rendered":"SLUBAN M38-B0853 World War II D-Day: Willys Jeep With 143 Pieces"},"content":{"rendered":"<p>Produktinformasjon:<\/p>\n<ol>\n<li>Merke: SLUBAN<\/li>\n<li>Kj\u00f8nn: Unisex<\/li>\n<li>Name: World War II D-Day: Willys Jeep<\/li>\n<li>Aldersgruppe: &gt; 6 \u00e5r gammel<\/li>\n<li>Model Number: M38-B0853<\/li>\n<li>Klassifisering: Montering<\/li>\n<li>Plastblokkform: Selvl\u00e5sende murstein<\/li>\n<li>Materiale: Plast<\/li>\n<li>Plasttype: ABS<\/li>\n<li>Bricks Blocks:143 PCS<\/li>\n<li>Size: \u00a025.2 cm<\/li>\n<li>Inneholder detaljerte monteringsanvisninger.<\/li>\n<\/ol>\n<p>Legge merke til:<br \/>\n1. Uten original eske, men vi garanterer at v\u00e5re produkter har kvalitetssikring og pen emballasje.<br \/>\n2. Som alle delene vi har sjekket f\u00f8r frakt, s\u00e5 hvis du finner noen deler savnet eller skadet, ikke bekymre deg og bare kontakt oss, s\u00e5 kan vi sende dem til deg p\u00e5 nytt umiddelbart gratis.<\/p>\n<figure id=\"attachment_36189\" aria-describedby=\"caption-attachment-36189\" style=\"width: 800px\" class=\"wp-caption aligncenter\"><img fetchpriority=\"high\" decoding=\"async\" class=\"wp-image-36189 size-full\" src=\"https:\/\/mouldking.store\/wp-content\/uploads\/2022\/11\/SLUBAN-M38-B0853-Willys-Jeep-4.jpg\" alt=\"SLUBAN M38-B0853 World War II D-Day: Willys Jeep With 143 Pieces\" width=\"800\" height=\"800\" title=\"-\" srcset=\"https:\/\/mouldking.store\/wp-content\/uploads\/2022\/11\/SLUBAN-M38-B0853-Willys-Jeep-4.jpg 800w, https:\/\/mouldking.store\/wp-content\/uploads\/2022\/11\/SLUBAN-M38-B0853-Willys-Jeep-4-300x300.jpg 300w, https:\/\/mouldking.store\/wp-content\/uploads\/2022\/11\/SLUBAN-M38-B0853-Willys-Jeep-4-768x768.jpg 768w, https:\/\/mouldking.store\/wp-content\/uploads\/2022\/11\/SLUBAN-M38-B0853-Willys-Jeep-4-600x600.jpg 600w, https:\/\/mouldking.store\/wp-content\/uploads\/2022\/11\/SLUBAN-M38-B0853-Willys-Jeep-4-150x150.jpg 150w, https:\/\/mouldking.store\/wp-content\/uploads\/2022\/11\/SLUBAN-M38-B0853-Willys-Jeep-4-60x60.jpg 60w, https:\/\/mouldking.store\/wp-content\/uploads\/2022\/11\/SLUBAN-M38-B0853-Willys-Jeep-4-90x90.jpg 90w\" sizes=\"(max-width: 800px) 100vw, 800px\" \/><figcaption id=\"caption-attachment-36189\" class=\"wp-caption-text\">SLUBAN M38-B0853 World War II D-Day: Willys Jeep With 143 Pieces<\/figcaption><\/figure>\n<figure id=\"attachment_36190\" aria-describedby=\"caption-attachment-36190\" style=\"width: 800px\" class=\"wp-caption aligncenter\"><img decoding=\"async\" class=\"wp-image-36190 size-full\" src=\"https:\/\/mouldking.store\/wp-content\/uploads\/2022\/11\/SLUBAN-M38-B0853-Willys-Jeep-3.jpg\" alt=\"SLUBAN M38-B0853 World War II D-Day: Willys Jeep With 143 Pieces\" width=\"800\" height=\"800\" title=\"-\" srcset=\"https:\/\/mouldking.store\/wp-content\/uploads\/2022\/11\/SLUBAN-M38-B0853-Willys-Jeep-3.jpg 800w, https:\/\/mouldking.store\/wp-content\/uploads\/2022\/11\/SLUBAN-M38-B0853-Willys-Jeep-3-300x300.jpg 300w, https:\/\/mouldking.store\/wp-content\/uploads\/2022\/11\/SLUBAN-M38-B0853-Willys-Jeep-3-768x768.jpg 768w, https:\/\/mouldking.store\/wp-content\/uploads\/2022\/11\/SLUBAN-M38-B0853-Willys-Jeep-3-600x600.jpg 600w, https:\/\/mouldking.store\/wp-content\/uploads\/2022\/11\/SLUBAN-M38-B0853-Willys-Jeep-3-150x150.jpg 150w, https:\/\/mouldking.store\/wp-content\/uploads\/2022\/11\/SLUBAN-M38-B0853-Willys-Jeep-3-60x60.jpg 60w, https:\/\/mouldking.store\/wp-content\/uploads\/2022\/11\/SLUBAN-M38-B0853-Willys-Jeep-3-90x90.jpg 90w\" sizes=\"(max-width: 800px) 100vw, 800px\" \/><figcaption id=\"caption-attachment-36190\" class=\"wp-caption-text\">SLUBAN M38-B0853 World War II D-Day: Willys Jeep With 143 Pieces<\/figcaption><\/figure>\n<figure id=\"attachment_36191\" aria-describedby=\"caption-attachment-36191\" style=\"width: 748px\" class=\"wp-caption aligncenter\"><img decoding=\"async\" class=\"wp-image-36191 size-full\" src=\"https:\/\/mouldking.store\/wp-content\/uploads\/2022\/11\/SLUBAN-M38-B0853-Willys-Jeep-2.jpg\" alt=\"SLUBAN M38-B0853 World War II D-Day: Willys Jeep With 143 Pieces\" width=\"748\" height=\"644\" title=\"-\" srcset=\"https:\/\/mouldking.store\/wp-content\/uploads\/2022\/11\/SLUBAN-M38-B0853-Willys-Jeep-2.jpg 748w, https:\/\/mouldking.store\/wp-content\/uploads\/2022\/11\/SLUBAN-M38-B0853-Willys-Jeep-2-300x258.jpg 300w, https:\/\/mouldking.store\/wp-content\/uploads\/2022\/11\/SLUBAN-M38-B0853-Willys-Jeep-2-600x517.jpg 600w, https:\/\/mouldking.store\/wp-content\/uploads\/2022\/11\/SLUBAN-M38-B0853-Willys-Jeep-2-150x129.jpg 150w, https:\/\/mouldking.store\/wp-content\/uploads\/2022\/11\/SLUBAN-M38-B0853-Willys-Jeep-2-70x60.jpg 70w, https:\/\/mouldking.store\/wp-content\/uploads\/2022\/11\/SLUBAN-M38-B0853-Willys-Jeep-2-105x90.jpg 105w\" sizes=\"(max-width: 748px) 100vw, 748px\" \/><figcaption id=\"caption-attachment-36191\" class=\"wp-caption-text\">SLUBAN M38-B0853 World War II D-Day: Willys Jeep With 143 Pieces<\/figcaption><\/figure>\n<figure id=\"attachment_36192\" aria-describedby=\"caption-attachment-36192\" style=\"width: 748px\" class=\"wp-caption aligncenter\"><img loading=\"lazy\" decoding=\"async\" class=\"wp-image-36192 size-full\" src=\"https:\/\/mouldking.store\/wp-content\/uploads\/2022\/11\/SLUBAN-M38-B0853-Willys-Jeep-1.jpg\" alt=\"SLUBAN M38-B0853 World War II D-Day: Willys Jeep With 143 Pieces\" width=\"748\" height=\"584\" title=\"-\" srcset=\"https:\/\/mouldking.store\/wp-content\/uploads\/2022\/11\/SLUBAN-M38-B0853-Willys-Jeep-1.jpg 748w, https:\/\/mouldking.store\/wp-content\/uploads\/2022\/11\/SLUBAN-M38-B0853-Willys-Jeep-1-300x234.jpg 300w, https:\/\/mouldking.store\/wp-content\/uploads\/2022\/11\/SLUBAN-M38-B0853-Willys-Jeep-1-600x468.jpg 600w, https:\/\/mouldking.store\/wp-content\/uploads\/2022\/11\/SLUBAN-M38-B0853-Willys-Jeep-1-150x117.jpg 150w, https:\/\/mouldking.store\/wp-content\/uploads\/2022\/11\/SLUBAN-M38-B0853-Willys-Jeep-1-77x60.jpg 77w, https:\/\/mouldking.store\/wp-content\/uploads\/2022\/11\/SLUBAN-M38-B0853-Willys-Jeep-1-115x90.jpg 115w\" sizes=\"(max-width: 748px) 100vw, 748px\" \/><figcaption id=\"caption-attachment-36192\" class=\"wp-caption-text\">SLUBAN M38-B0853 World War II D-Day: Willys Jeep With 143 Pieces<\/figcaption><\/figure>","protected":false},"excerpt":{"rendered":"<p>Ingen minifigurer<\/p>","protected":false},"featured_media":36189,"comment_status":"closed","ping_status":"closed","template":"","meta":{"_acf_changed":false},"product_cat":[1350],"product_tag":[8236,8234,7517,8239,8240,8233,8237,8235,8238],"class_list":["product","first","instock","shipping-taxable","purchasable","product-type-simple"],"acf":[],"_links":{"self":[{"href":"https:\/\/mouldking.store\/nb\/wp-json\/wp\/v2\/product\/36188","targetHints":{"allow":["GET"]}}],"collection":[{"href":"https:\/\/mouldking.store\/nb\/wp-json\/wp\/v2\/product"}],"about":[{"href":"https:\/\/mouldking.store\/nb\/wp-json\/wp\/v2\/types\/product"}],"replies":[{"embeddable":true,"href":"https:\/\/mouldking.store\/nb\/wp-json\/wp\/v2\/comments?post=36188"}],"wp:featuredmedia":[{"embeddable":true,"href":"https:\/\/mouldking.store\/nb\/wp-json\/wp\/v2\/media\/36189"}],"wp:attachment":[{"href":"https:\/\/mouldking.store\/nb\/wp-json\/wp\/v2\/media?parent=36188"}],"wp:term":[{"taxonomy":"product_cat","embeddable":true,"href":"https:\/\/mouldking.store\/nb\/wp-json\/wp\/v2\/product_cat?post=36188"},{"taxonomy":"product_tag","embeddable":true,"href":"https:\/\/mouldking.store\/nb\/wp-json\/wp\/v2\/product_tag?post=36188"}],"curies":[{"name":"wp","href":"https:\/\/api.w.org\/{rel}","templated":true}]}}