{"id":36237,"date":"2022-11-25T12:15:22","date_gmt":"2022-11-25T05:15:22","guid":{"rendered":"https:\/\/mouldking.store\/?post_type=product&#038;p=36237"},"modified":"2022-11-25T12:15:22","modified_gmt":"2022-11-25T05:15:22","slug":"lqs-6305-cyborg-space-cat-with-830-pieces","status":"publish","type":"product","link":"https:\/\/mouldking.store\/nb\/shop\/lqs-6305-cyborg-space-cat-with-830-pieces\/","title":{"rendered":"LQS 6305 Cyborg Space Cat med 830 stk"},"content":{"rendered":"<p>Produktinformasjon:<\/p>\n<ol>\n<li>Brand: LQS<\/li>\n<li>Kj\u00f8nn: Unisex<\/li>\n<li>Name: Cyborg Space Cat<\/li>\n<li>Aldersgruppe: &gt; 6 \u00e5r gammel<\/li>\n<li>Model Number: 6305<\/li>\n<li>Klassifisering: Montering<\/li>\n<li>Plastblokkform: Selvl\u00e5sende murstein<\/li>\n<li>Materiale: Plast<\/li>\n<li>Plasttype: ABS<\/li>\n<li>Bricks Blocks:830 PCS<\/li>\n<li>Size: 22 \u00d7 17 \u00d7 18 cm<\/li>\n<li>Inneholder detaljerte monteringsanvisninger.<\/li>\n<\/ol>\n<p>Legge merke til:<br \/>\n1. Uten original eske, men vi garanterer at v\u00e5re produkter har kvalitetssikring og pen emballasje.<br \/>\n2. Som alle delene vi har sjekket f\u00f8r frakt, s\u00e5 hvis du finner noen deler savnet eller skadet, ikke bekymre deg og bare kontakt oss, s\u00e5 kan vi sende dem til deg p\u00e5 nytt umiddelbart gratis.<\/p>\n<figure id=\"attachment_36238\" aria-describedby=\"caption-attachment-36238\" style=\"width: 800px\" class=\"wp-caption aligncenter\"><img fetchpriority=\"high\" decoding=\"async\" class=\"wp-image-36238 size-full\" src=\"https:\/\/mouldking.store\/wp-content\/uploads\/2022\/11\/LQS-6305-Cyborg-Hello-Kitty-13.jpg\" alt=\"LQS 6305 Cyborg Space Cat With 830 Pieces\" width=\"800\" height=\"800\" title=\"-\" srcset=\"https:\/\/mouldking.store\/wp-content\/uploads\/2022\/11\/LQS-6305-Cyborg-Hello-Kitty-13.jpg 800w, https:\/\/mouldking.store\/wp-content\/uploads\/2022\/11\/LQS-6305-Cyborg-Hello-Kitty-13-300x300.jpg 300w, https:\/\/mouldking.store\/wp-content\/uploads\/2022\/11\/LQS-6305-Cyborg-Hello-Kitty-13-768x768.jpg 768w, https:\/\/mouldking.store\/wp-content\/uploads\/2022\/11\/LQS-6305-Cyborg-Hello-Kitty-13-600x600.jpg 600w, https:\/\/mouldking.store\/wp-content\/uploads\/2022\/11\/LQS-6305-Cyborg-Hello-Kitty-13-150x150.jpg 150w, https:\/\/mouldking.store\/wp-content\/uploads\/2022\/11\/LQS-6305-Cyborg-Hello-Kitty-13-60x60.jpg 60w, https:\/\/mouldking.store\/wp-content\/uploads\/2022\/11\/LQS-6305-Cyborg-Hello-Kitty-13-90x90.jpg 90w\" sizes=\"(max-width: 800px) 100vw, 800px\" \/><figcaption id=\"caption-attachment-36238\" class=\"wp-caption-text\">LQS 6305 Cyborg Space Cat med 830 stk<\/figcaption><\/figure>\n<figure id=\"attachment_36239\" aria-describedby=\"caption-attachment-36239\" style=\"width: 750px\" class=\"wp-caption aligncenter\"><img decoding=\"async\" class=\"wp-image-36239 size-full\" src=\"https:\/\/mouldking.store\/wp-content\/uploads\/2022\/11\/LQS-6305-Cyborg-Hello-Kitty-12.jpg\" alt=\"LQS 6305 Cyborg Space Cat With 830 Pieces\" width=\"750\" height=\"1000\" title=\"-\" srcset=\"https:\/\/mouldking.store\/wp-content\/uploads\/2022\/11\/LQS-6305-Cyborg-Hello-Kitty-12.jpg 750w, https:\/\/mouldking.store\/wp-content\/uploads\/2022\/11\/LQS-6305-Cyborg-Hello-Kitty-12-225x300.jpg 225w, https:\/\/mouldking.store\/wp-content\/uploads\/2022\/11\/LQS-6305-Cyborg-Hello-Kitty-12-300x400.jpg 300w, https:\/\/mouldking.store\/wp-content\/uploads\/2022\/11\/LQS-6305-Cyborg-Hello-Kitty-12-600x800.jpg 600w, https:\/\/mouldking.store\/wp-content\/uploads\/2022\/11\/LQS-6305-Cyborg-Hello-Kitty-12-113x150.jpg 113w, https:\/\/mouldking.store\/wp-content\/uploads\/2022\/11\/LQS-6305-Cyborg-Hello-Kitty-12-45x60.jpg 45w, https:\/\/mouldking.store\/wp-content\/uploads\/2022\/11\/LQS-6305-Cyborg-Hello-Kitty-12-68x90.jpg 68w\" sizes=\"(max-width: 750px) 100vw, 750px\" \/><figcaption id=\"caption-attachment-36239\" class=\"wp-caption-text\">LQS 6305 Cyborg Space Cat med 830 stk<\/figcaption><\/figure>\n<figure id=\"attachment_36240\" aria-describedby=\"caption-attachment-36240\" style=\"width: 750px\" class=\"wp-caption aligncenter\"><img decoding=\"async\" class=\"wp-image-36240 size-full\" src=\"https:\/\/mouldking.store\/wp-content\/uploads\/2022\/11\/LQS-6305-Cyborg-Hello-Kitty-11.jpg\" alt=\"LQS 6305 Cyborg Space Cat With 830 Pieces\" width=\"750\" height=\"1000\" title=\"-\" srcset=\"https:\/\/mouldking.store\/wp-content\/uploads\/2022\/11\/LQS-6305-Cyborg-Hello-Kitty-11.jpg 750w, https:\/\/mouldking.store\/wp-content\/uploads\/2022\/11\/LQS-6305-Cyborg-Hello-Kitty-11-225x300.jpg 225w, https:\/\/mouldking.store\/wp-content\/uploads\/2022\/11\/LQS-6305-Cyborg-Hello-Kitty-11-300x400.jpg 300w, https:\/\/mouldking.store\/wp-content\/uploads\/2022\/11\/LQS-6305-Cyborg-Hello-Kitty-11-600x800.jpg 600w, https:\/\/mouldking.store\/wp-content\/uploads\/2022\/11\/LQS-6305-Cyborg-Hello-Kitty-11-113x150.jpg 113w, https:\/\/mouldking.store\/wp-content\/uploads\/2022\/11\/LQS-6305-Cyborg-Hello-Kitty-11-45x60.jpg 45w, https:\/\/mouldking.store\/wp-content\/uploads\/2022\/11\/LQS-6305-Cyborg-Hello-Kitty-11-68x90.jpg 68w\" sizes=\"(max-width: 750px) 100vw, 750px\" \/><figcaption id=\"caption-attachment-36240\" class=\"wp-caption-text\">LQS 6305 Cyborg Space Cat med 830 stk<\/figcaption><\/figure>\n<figure id=\"attachment_36241\" aria-describedby=\"caption-attachment-36241\" style=\"width: 750px\" class=\"wp-caption aligncenter\"><img loading=\"lazy\" decoding=\"async\" class=\"wp-image-36241 size-full\" src=\"https:\/\/mouldking.store\/wp-content\/uploads\/2022\/11\/LQS-6305-Cyborg-Hello-Kitty-10.jpg\" alt=\"LQS 6305 Cyborg Space Cat With 830 Pieces\" width=\"750\" height=\"1000\" title=\"-\" srcset=\"https:\/\/mouldking.store\/wp-content\/uploads\/2022\/11\/LQS-6305-Cyborg-Hello-Kitty-10.jpg 750w, https:\/\/mouldking.store\/wp-content\/uploads\/2022\/11\/LQS-6305-Cyborg-Hello-Kitty-10-225x300.jpg 225w, https:\/\/mouldking.store\/wp-content\/uploads\/2022\/11\/LQS-6305-Cyborg-Hello-Kitty-10-300x400.jpg 300w, https:\/\/mouldking.store\/wp-content\/uploads\/2022\/11\/LQS-6305-Cyborg-Hello-Kitty-10-600x800.jpg 600w, https:\/\/mouldking.store\/wp-content\/uploads\/2022\/11\/LQS-6305-Cyborg-Hello-Kitty-10-113x150.jpg 113w, https:\/\/mouldking.store\/wp-content\/uploads\/2022\/11\/LQS-6305-Cyborg-Hello-Kitty-10-45x60.jpg 45w, https:\/\/mouldking.store\/wp-content\/uploads\/2022\/11\/LQS-6305-Cyborg-Hello-Kitty-10-68x90.jpg 68w\" sizes=\"(max-width: 750px) 100vw, 750px\" \/><figcaption id=\"caption-attachment-36241\" class=\"wp-caption-text\">LQS 6305 Cyborg Space Cat med 830 stk<\/figcaption><\/figure>\n<figure id=\"attachment_36242\" aria-describedby=\"caption-attachment-36242\" style=\"width: 750px\" class=\"wp-caption aligncenter\"><img loading=\"lazy\" decoding=\"async\" class=\"wp-image-36242 size-full\" src=\"https:\/\/mouldking.store\/wp-content\/uploads\/2022\/11\/LQS-6305-Cyborg-Hello-Kitty-9.jpg\" alt=\"LQS 6305 Cyborg Space Cat With 830 Pieces\" width=\"750\" height=\"1000\" title=\"-\" srcset=\"https:\/\/mouldking.store\/wp-content\/uploads\/2022\/11\/LQS-6305-Cyborg-Hello-Kitty-9.jpg 750w, https:\/\/mouldking.store\/wp-content\/uploads\/2022\/11\/LQS-6305-Cyborg-Hello-Kitty-9-225x300.jpg 225w, https:\/\/mouldking.store\/wp-content\/uploads\/2022\/11\/LQS-6305-Cyborg-Hello-Kitty-9-300x400.jpg 300w, https:\/\/mouldking.store\/wp-content\/uploads\/2022\/11\/LQS-6305-Cyborg-Hello-Kitty-9-600x800.jpg 600w, https:\/\/mouldking.store\/wp-content\/uploads\/2022\/11\/LQS-6305-Cyborg-Hello-Kitty-9-113x150.jpg 113w, https:\/\/mouldking.store\/wp-content\/uploads\/2022\/11\/LQS-6305-Cyborg-Hello-Kitty-9-45x60.jpg 45w, https:\/\/mouldking.store\/wp-content\/uploads\/2022\/11\/LQS-6305-Cyborg-Hello-Kitty-9-68x90.jpg 68w\" sizes=\"(max-width: 750px) 100vw, 750px\" \/><figcaption id=\"caption-attachment-36242\" class=\"wp-caption-text\">LQS 6305 Cyborg Space Cat med 830 stk<\/figcaption><\/figure>\n<figure id=\"attachment_36243\" aria-describedby=\"caption-attachment-36243\" style=\"width: 767px\" class=\"wp-caption aligncenter\"><img loading=\"lazy\" decoding=\"async\" class=\"wp-image-36243 size-full\" src=\"https:\/\/mouldking.store\/wp-content\/uploads\/2022\/11\/LQS-6305-Cyborg-Hello-Kitty-8.jpg\" alt=\"LQS 6305 Cyborg Space Cat With 830 Pieces\" width=\"767\" height=\"1024\" title=\"-\" srcset=\"https:\/\/mouldking.store\/wp-content\/uploads\/2022\/11\/LQS-6305-Cyborg-Hello-Kitty-8.jpg 767w, https:\/\/mouldking.store\/wp-content\/uploads\/2022\/11\/LQS-6305-Cyborg-Hello-Kitty-8-225x300.jpg 225w, https:\/\/mouldking.store\/wp-content\/uploads\/2022\/11\/LQS-6305-Cyborg-Hello-Kitty-8-300x401.jpg 300w, https:\/\/mouldking.store\/wp-content\/uploads\/2022\/11\/LQS-6305-Cyborg-Hello-Kitty-8-600x801.jpg 600w, https:\/\/mouldking.store\/wp-content\/uploads\/2022\/11\/LQS-6305-Cyborg-Hello-Kitty-8-112x150.jpg 112w, https:\/\/mouldking.store\/wp-content\/uploads\/2022\/11\/LQS-6305-Cyborg-Hello-Kitty-8-45x60.jpg 45w, https:\/\/mouldking.store\/wp-content\/uploads\/2022\/11\/LQS-6305-Cyborg-Hello-Kitty-8-67x90.jpg 67w\" sizes=\"(max-width: 767px) 100vw, 767px\" \/><figcaption id=\"caption-attachment-36243\" class=\"wp-caption-text\">LQS 6305 Cyborg Space Cat med 830 stk<\/figcaption><\/figure>\n<figure id=\"attachment_36244\" aria-describedby=\"caption-attachment-36244\" style=\"width: 794px\" class=\"wp-caption aligncenter\"><img loading=\"lazy\" decoding=\"async\" class=\"wp-image-36244 size-full\" src=\"https:\/\/mouldking.store\/wp-content\/uploads\/2022\/11\/LQS-6305-Cyborg-Hello-Kitty-7.jpg\" alt=\"LQS 6305 Cyborg Space Cat With 830 Pieces\" width=\"794\" height=\"1024\" title=\"-\" srcset=\"https:\/\/mouldking.store\/wp-content\/uploads\/2022\/11\/LQS-6305-Cyborg-Hello-Kitty-7.jpg 794w, https:\/\/mouldking.store\/wp-content\/uploads\/2022\/11\/LQS-6305-Cyborg-Hello-Kitty-7-233x300.jpg 233w, https:\/\/mouldking.store\/wp-content\/uploads\/2022\/11\/LQS-6305-Cyborg-Hello-Kitty-7-768x990.jpg 768w, https:\/\/mouldking.store\/wp-content\/uploads\/2022\/11\/LQS-6305-Cyborg-Hello-Kitty-7-300x387.jpg 300w, https:\/\/mouldking.store\/wp-content\/uploads\/2022\/11\/LQS-6305-Cyborg-Hello-Kitty-7-600x774.jpg 600w, https:\/\/mouldking.store\/wp-content\/uploads\/2022\/11\/LQS-6305-Cyborg-Hello-Kitty-7-116x150.jpg 116w, https:\/\/mouldking.store\/wp-content\/uploads\/2022\/11\/LQS-6305-Cyborg-Hello-Kitty-7-47x60.jpg 47w, https:\/\/mouldking.store\/wp-content\/uploads\/2022\/11\/LQS-6305-Cyborg-Hello-Kitty-7-70x90.jpg 70w\" sizes=\"(max-width: 794px) 100vw, 794px\" \/><figcaption id=\"caption-attachment-36244\" class=\"wp-caption-text\">LQS 6305 Cyborg Space Cat med 830 stk<\/figcaption><\/figure>\n<figure id=\"attachment_36245\" aria-describedby=\"caption-attachment-36245\" style=\"width: 991px\" class=\"wp-caption aligncenter\"><img loading=\"lazy\" decoding=\"async\" class=\"wp-image-36245 size-full\" src=\"https:\/\/mouldking.store\/wp-content\/uploads\/2022\/11\/LQS-6305-Cyborg-Hello-Kitty-6.jpg\" alt=\"LQS 6305 Cyborg Space Cat With 830 Pieces\" width=\"991\" height=\"1024\" title=\"-\" srcset=\"https:\/\/mouldking.store\/wp-content\/uploads\/2022\/11\/LQS-6305-Cyborg-Hello-Kitty-6.jpg 991w, https:\/\/mouldking.store\/wp-content\/uploads\/2022\/11\/LQS-6305-Cyborg-Hello-Kitty-6-290x300.jpg 290w, https:\/\/mouldking.store\/wp-content\/uploads\/2022\/11\/LQS-6305-Cyborg-Hello-Kitty-6-768x794.jpg 768w, https:\/\/mouldking.store\/wp-content\/uploads\/2022\/11\/LQS-6305-Cyborg-Hello-Kitty-6-300x310.jpg 300w, https:\/\/mouldking.store\/wp-content\/uploads\/2022\/11\/LQS-6305-Cyborg-Hello-Kitty-6-600x620.jpg 600w, https:\/\/mouldking.store\/wp-content\/uploads\/2022\/11\/LQS-6305-Cyborg-Hello-Kitty-6-145x150.jpg 145w, https:\/\/mouldking.store\/wp-content\/uploads\/2022\/11\/LQS-6305-Cyborg-Hello-Kitty-6-58x60.jpg 58w, https:\/\/mouldking.store\/wp-content\/uploads\/2022\/11\/LQS-6305-Cyborg-Hello-Kitty-6-87x90.jpg 87w\" sizes=\"(max-width: 991px) 100vw, 991px\" \/><figcaption id=\"caption-attachment-36245\" class=\"wp-caption-text\">LQS 6305 Cyborg Space Cat med 830 stk<\/figcaption><\/figure>\n<figure id=\"attachment_36246\" aria-describedby=\"caption-attachment-36246\" style=\"width: 733px\" class=\"wp-caption aligncenter\"><img loading=\"lazy\" decoding=\"async\" class=\"wp-image-36246 size-full\" src=\"https:\/\/mouldking.store\/wp-content\/uploads\/2022\/11\/LQS-6305-Cyborg-Hello-Kitty-5.jpg\" alt=\"LQS 6305 Cyborg Space Cat With 830 Pieces\" width=\"733\" height=\"1024\" title=\"-\" srcset=\"https:\/\/mouldking.store\/wp-content\/uploads\/2022\/11\/LQS-6305-Cyborg-Hello-Kitty-5.jpg 733w, https:\/\/mouldking.store\/wp-content\/uploads\/2022\/11\/LQS-6305-Cyborg-Hello-Kitty-5-215x300.jpg 215w, https:\/\/mouldking.store\/wp-content\/uploads\/2022\/11\/LQS-6305-Cyborg-Hello-Kitty-5-300x419.jpg 300w, https:\/\/mouldking.store\/wp-content\/uploads\/2022\/11\/LQS-6305-Cyborg-Hello-Kitty-5-600x838.jpg 600w, https:\/\/mouldking.store\/wp-content\/uploads\/2022\/11\/LQS-6305-Cyborg-Hello-Kitty-5-107x150.jpg 107w, https:\/\/mouldking.store\/wp-content\/uploads\/2022\/11\/LQS-6305-Cyborg-Hello-Kitty-5-43x60.jpg 43w, https:\/\/mouldking.store\/wp-content\/uploads\/2022\/11\/LQS-6305-Cyborg-Hello-Kitty-5-64x90.jpg 64w\" sizes=\"(max-width: 733px) 100vw, 733px\" \/><figcaption id=\"caption-attachment-36246\" class=\"wp-caption-text\">LQS 6305 Cyborg Space Cat med 830 stk<\/figcaption><\/figure>\n<figure id=\"attachment_36247\" aria-describedby=\"caption-attachment-36247\" style=\"width: 785px\" class=\"wp-caption aligncenter\"><img loading=\"lazy\" decoding=\"async\" class=\"wp-image-36247 size-full\" src=\"https:\/\/mouldking.store\/wp-content\/uploads\/2022\/11\/LQS-6305-Cyborg-Hello-Kitty-4.jpg\" alt=\"LQS 6305 Cyborg Space Cat With 830 Pieces\" width=\"785\" height=\"1024\" title=\"-\" srcset=\"https:\/\/mouldking.store\/wp-content\/uploads\/2022\/11\/LQS-6305-Cyborg-Hello-Kitty-4.jpg 785w, https:\/\/mouldking.store\/wp-content\/uploads\/2022\/11\/LQS-6305-Cyborg-Hello-Kitty-4-230x300.jpg 230w, https:\/\/mouldking.store\/wp-content\/uploads\/2022\/11\/LQS-6305-Cyborg-Hello-Kitty-4-768x1002.jpg 768w, https:\/\/mouldking.store\/wp-content\/uploads\/2022\/11\/LQS-6305-Cyborg-Hello-Kitty-4-300x391.jpg 300w, https:\/\/mouldking.store\/wp-content\/uploads\/2022\/11\/LQS-6305-Cyborg-Hello-Kitty-4-600x783.jpg 600w, https:\/\/mouldking.store\/wp-content\/uploads\/2022\/11\/LQS-6305-Cyborg-Hello-Kitty-4-115x150.jpg 115w, https:\/\/mouldking.store\/wp-content\/uploads\/2022\/11\/LQS-6305-Cyborg-Hello-Kitty-4-46x60.jpg 46w, https:\/\/mouldking.store\/wp-content\/uploads\/2022\/11\/LQS-6305-Cyborg-Hello-Kitty-4-69x90.jpg 69w\" sizes=\"(max-width: 785px) 100vw, 785px\" \/><figcaption id=\"caption-attachment-36247\" class=\"wp-caption-text\">LQS 6305 Cyborg Space Cat med 830 stk<\/figcaption><\/figure>\n<figure id=\"attachment_36248\" aria-describedby=\"caption-attachment-36248\" style=\"width: 995px\" class=\"wp-caption aligncenter\"><img loading=\"lazy\" decoding=\"async\" class=\"wp-image-36248 size-full\" src=\"https:\/\/mouldking.store\/wp-content\/uploads\/2022\/11\/LQS-6305-Cyborg-Hello-Kitty-3.jpg\" alt=\"LQS 6305 Cyborg Space Cat With 830 Pieces\" width=\"995\" height=\"1024\" title=\"-\" srcset=\"https:\/\/mouldking.store\/wp-content\/uploads\/2022\/11\/LQS-6305-Cyborg-Hello-Kitty-3.jpg 995w, https:\/\/mouldking.store\/wp-content\/uploads\/2022\/11\/LQS-6305-Cyborg-Hello-Kitty-3-292x300.jpg 292w, https:\/\/mouldking.store\/wp-content\/uploads\/2022\/11\/LQS-6305-Cyborg-Hello-Kitty-3-768x790.jpg 768w, https:\/\/mouldking.store\/wp-content\/uploads\/2022\/11\/LQS-6305-Cyborg-Hello-Kitty-3-300x309.jpg 300w, https:\/\/mouldking.store\/wp-content\/uploads\/2022\/11\/LQS-6305-Cyborg-Hello-Kitty-3-600x617.jpg 600w, https:\/\/mouldking.store\/wp-content\/uploads\/2022\/11\/LQS-6305-Cyborg-Hello-Kitty-3-146x150.jpg 146w, https:\/\/mouldking.store\/wp-content\/uploads\/2022\/11\/LQS-6305-Cyborg-Hello-Kitty-3-58x60.jpg 58w, https:\/\/mouldking.store\/wp-content\/uploads\/2022\/11\/LQS-6305-Cyborg-Hello-Kitty-3-87x90.jpg 87w\" sizes=\"(max-width: 995px) 100vw, 995px\" \/><figcaption id=\"caption-attachment-36248\" class=\"wp-caption-text\">LQS 6305 Cyborg Space Cat med 830 stk<\/figcaption><\/figure>\n<figure id=\"attachment_36249\" aria-describedby=\"caption-attachment-36249\" style=\"width: 1024px\" class=\"wp-caption aligncenter\"><img loading=\"lazy\" decoding=\"async\" class=\"wp-image-36249 size-full\" src=\"https:\/\/mouldking.store\/wp-content\/uploads\/2022\/11\/LQS-6305-Cyborg-Hello-Kitty-2.jpg\" alt=\"LQS 6305 Cyborg Space Cat With 830 Pieces\" width=\"1024\" height=\"671\" title=\"-\" srcset=\"https:\/\/mouldking.store\/wp-content\/uploads\/2022\/11\/LQS-6305-Cyborg-Hello-Kitty-2.jpg 1024w, https:\/\/mouldking.store\/wp-content\/uploads\/2022\/11\/LQS-6305-Cyborg-Hello-Kitty-2-300x197.jpg 300w, https:\/\/mouldking.store\/wp-content\/uploads\/2022\/11\/LQS-6305-Cyborg-Hello-Kitty-2-768x503.jpg 768w, https:\/\/mouldking.store\/wp-content\/uploads\/2022\/11\/LQS-6305-Cyborg-Hello-Kitty-2-600x393.jpg 600w, https:\/\/mouldking.store\/wp-content\/uploads\/2022\/11\/LQS-6305-Cyborg-Hello-Kitty-2-150x98.jpg 150w, https:\/\/mouldking.store\/wp-content\/uploads\/2022\/11\/LQS-6305-Cyborg-Hello-Kitty-2-92x60.jpg 92w, https:\/\/mouldking.store\/wp-content\/uploads\/2022\/11\/LQS-6305-Cyborg-Hello-Kitty-2-137x90.jpg 137w\" sizes=\"(max-width: 1024px) 100vw, 1024px\" \/><figcaption id=\"caption-attachment-36249\" class=\"wp-caption-text\">LQS 6305 Cyborg Space Cat med 830 stk<\/figcaption><\/figure>\n<figure id=\"attachment_36250\" aria-describedby=\"caption-attachment-36250\" style=\"width: 948px\" class=\"wp-caption aligncenter\"><img loading=\"lazy\" decoding=\"async\" class=\"wp-image-36250 size-full\" src=\"https:\/\/mouldking.store\/wp-content\/uploads\/2022\/11\/LQS-6305-Cyborg-Hello-Kitty-1.jpg\" alt=\"LQS 6305 Cyborg Space Cat With 830 Pieces\" width=\"948\" height=\"948\" title=\"-\" srcset=\"https:\/\/mouldking.store\/wp-content\/uploads\/2022\/11\/LQS-6305-Cyborg-Hello-Kitty-1.jpg 948w, https:\/\/mouldking.store\/wp-content\/uploads\/2022\/11\/LQS-6305-Cyborg-Hello-Kitty-1-300x300.jpg 300w, https:\/\/mouldking.store\/wp-content\/uploads\/2022\/11\/LQS-6305-Cyborg-Hello-Kitty-1-768x768.jpg 768w, https:\/\/mouldking.store\/wp-content\/uploads\/2022\/11\/LQS-6305-Cyborg-Hello-Kitty-1-600x600.jpg 600w, https:\/\/mouldking.store\/wp-content\/uploads\/2022\/11\/LQS-6305-Cyborg-Hello-Kitty-1-150x150.jpg 150w, https:\/\/mouldking.store\/wp-content\/uploads\/2022\/11\/LQS-6305-Cyborg-Hello-Kitty-1-60x60.jpg 60w, https:\/\/mouldking.store\/wp-content\/uploads\/2022\/11\/LQS-6305-Cyborg-Hello-Kitty-1-90x90.jpg 90w\" sizes=\"(max-width: 948px) 100vw, 948px\" \/><figcaption id=\"caption-attachment-36250\" class=\"wp-caption-text\">LQS 6305 Cyborg Space Cat med 830 stk<\/figcaption><\/figure>","protected":false},"excerpt":{"rendered":"<p>Product information: Brand: LQS Gender: Unisex Name: Cyborg Space Cat Age Range: &gt; 6 years old Model Number: 6305 Classification: Assemblage Plastic Block Shape: Self-Locking Bricks Material: Plastic Plastic Type: ABS Bricks Blocks:830 PCS Size: 22 \u00d7 17 \u00d7 18 cm Contains detailed assembly instructions. Notice: 1. Without an original box, but we guarantee our [&hellip;]<\/p>","protected":false},"featured_media":36238,"comment_status":"closed","ping_status":"closed","template":"","meta":{"_acf_changed":false},"product_cat":[1365],"product_tag":[8261,8263,8262,8264,8260,8266,8267,8259,2276,8265],"class_list":["product","first","instock","shipping-taxable","purchasable","product-type-simple"],"acf":[],"_links":{"self":[{"href":"https:\/\/mouldking.store\/nb\/wp-json\/wp\/v2\/product\/36237","targetHints":{"allow":["GET"]}}],"collection":[{"href":"https:\/\/mouldking.store\/nb\/wp-json\/wp\/v2\/product"}],"about":[{"href":"https:\/\/mouldking.store\/nb\/wp-json\/wp\/v2\/types\/product"}],"replies":[{"embeddable":true,"href":"https:\/\/mouldking.store\/nb\/wp-json\/wp\/v2\/comments?post=36237"}],"wp:featuredmedia":[{"embeddable":true,"href":"https:\/\/mouldking.store\/nb\/wp-json\/wp\/v2\/media\/36238"}],"wp:attachment":[{"href":"https:\/\/mouldking.store\/nb\/wp-json\/wp\/v2\/media?parent=36237"}],"wp:term":[{"taxonomy":"product_cat","embeddable":true,"href":"https:\/\/mouldking.store\/nb\/wp-json\/wp\/v2\/product_cat?post=36237"},{"taxonomy":"product_tag","embeddable":true,"href":"https:\/\/mouldking.store\/nb\/wp-json\/wp\/v2\/product_tag?post=36237"}],"curies":[{"name":"wp","href":"https:\/\/api.w.org\/{rel}","templated":true}]}}