{"id":36251,"date":"2022-11-25T12:25:31","date_gmt":"2022-11-25T05:25:31","guid":{"rendered":"https:\/\/mouldking.store\/?post_type=product&#038;p=36251"},"modified":"2025-12-25T09:12:20","modified_gmt":"2025-12-25T02:12:20","slug":"moc-118883-mini-saguaro-cactus-carnegiea-gigantea-with-740-pieces","status":"publish","type":"product","link":"https:\/\/mouldking.store\/nb\/shop\/moc-118883-mini-saguaro-cactus-carnegiea-gigantea-with-740-pieces\/","title":{"rendered":"MOC-118883 Mini Saguaro Cactus (Carnegiea Gigantea) med 740 stykker"},"content":{"rendered":"<p>Produktinformasjon:<\/p>\n<ol>\n<li>Merke: MOC<\/li>\n<li>Kj\u00f8nn: Unisex<\/li>\n<li>\u00a0Navn: Saguaro Cactus (Carnegiea Gigantea)<\/li>\n<li>Aldersgruppe: &gt; 6 \u00e5r gammel<\/li>\n<li>Modellnummer: 118883<\/li>\n<li>Klassifisering: Montering<\/li>\n<li>Plastblokkform: Selvl\u00e5sende murstein<\/li>\n<li>Materiale: Plast<\/li>\n<li>Plasttype: ABS<\/li>\n<li>Mursteinblokker:740 STK<\/li>\n<li>St\u00f8rrelse: 10 x 10 x 26 cm<\/li>\n<li>Vekt: 0,31 kg<\/li>\n<li>Inneholder detaljerte monteringsanvisninger.<\/li>\n<\/ol>\n<p>Legge merke til:<br \/>\n1. Uten original eske, men vi garanterer at v\u00e5re produkter har kvalitetssikring og pen emballasje.<br \/>\n2. Som alle delene vi har sjekket f\u00f8r frakt, s\u00e5 hvis du finner noen deler savnet eller skadet, ikke bekymre deg og bare kontakt oss, s\u00e5 kan vi sende dem til deg p\u00e5 nytt umiddelbart gratis.<\/p>\n<figure id=\"attachment_36252\" aria-describedby=\"caption-attachment-36252\" style=\"width: 1024px\" class=\"wp-caption aligncenter\"><img fetchpriority=\"high\" decoding=\"async\" class=\"wp-image-36252 size-large\" src=\"https:\/\/mouldking.store\/wp-content\/uploads\/2022\/11\/MOC-118883-Creator-Mini-Saguaro-Cactus-Carnegiea-Gigantea-MOC-FACTORY-1024x1024.png\" alt=\"MOC-118883 Mini Saguaro Cactus (Carnegiea Gigantea) With 740 Pieces\" width=\"1024\" height=\"1024\" title=\"-\" srcset=\"https:\/\/mouldking.store\/wp-content\/uploads\/2022\/11\/MOC-118883-Creator-Mini-Saguaro-Cactus-Carnegiea-Gigantea-MOC-FACTORY-1024x1024.png 1024w, https:\/\/mouldking.store\/wp-content\/uploads\/2022\/11\/MOC-118883-Creator-Mini-Saguaro-Cactus-Carnegiea-Gigantea-MOC-FACTORY-300x300.png 300w, https:\/\/mouldking.store\/wp-content\/uploads\/2022\/11\/MOC-118883-Creator-Mini-Saguaro-Cactus-Carnegiea-Gigantea-MOC-FACTORY-768x768.png 768w, https:\/\/mouldking.store\/wp-content\/uploads\/2022\/11\/MOC-118883-Creator-Mini-Saguaro-Cactus-Carnegiea-Gigantea-MOC-FACTORY-600x600.png 600w, https:\/\/mouldking.store\/wp-content\/uploads\/2022\/11\/MOC-118883-Creator-Mini-Saguaro-Cactus-Carnegiea-Gigantea-MOC-FACTORY-150x150.png 150w, https:\/\/mouldking.store\/wp-content\/uploads\/2022\/11\/MOC-118883-Creator-Mini-Saguaro-Cactus-Carnegiea-Gigantea-MOC-FACTORY-60x60.png 60w, https:\/\/mouldking.store\/wp-content\/uploads\/2022\/11\/MOC-118883-Creator-Mini-Saguaro-Cactus-Carnegiea-Gigantea-MOC-FACTORY-90x90.png 90w, https:\/\/mouldking.store\/wp-content\/uploads\/2022\/11\/MOC-118883-Creator-Mini-Saguaro-Cactus-Carnegiea-Gigantea-MOC-FACTORY.png 1095w\" sizes=\"(max-width: 1024px) 100vw, 1024px\" \/><figcaption id=\"caption-attachment-36252\" class=\"wp-caption-text\">MOC-118883 Mini Saguaro Cactus (Carnegiea Gigantea) med 740 stykker<\/figcaption><\/figure>\n<figure id=\"attachment_36253\" aria-describedby=\"caption-attachment-36253\" style=\"width: 1000px\" class=\"wp-caption aligncenter\"><img decoding=\"async\" class=\"wp-image-36253 size-full\" src=\"https:\/\/mouldking.store\/wp-content\/uploads\/2022\/11\/MOC-118883-Mini-Saguaro-Cactus-4.jpg\" alt=\"MOC-118883 Mini Saguaro Cactus (Carnegiea Gigantea) With 740 Pieces\" width=\"1000\" height=\"1000\" title=\"-\" srcset=\"https:\/\/mouldking.store\/wp-content\/uploads\/2022\/11\/MOC-118883-Mini-Saguaro-Cactus-4.jpg 1000w, https:\/\/mouldking.store\/wp-content\/uploads\/2022\/11\/MOC-118883-Mini-Saguaro-Cactus-4-300x300.jpg 300w, https:\/\/mouldking.store\/wp-content\/uploads\/2022\/11\/MOC-118883-Mini-Saguaro-Cactus-4-768x768.jpg 768w, https:\/\/mouldking.store\/wp-content\/uploads\/2022\/11\/MOC-118883-Mini-Saguaro-Cactus-4-600x600.jpg 600w, https:\/\/mouldking.store\/wp-content\/uploads\/2022\/11\/MOC-118883-Mini-Saguaro-Cactus-4-150x150.jpg 150w, https:\/\/mouldking.store\/wp-content\/uploads\/2022\/11\/MOC-118883-Mini-Saguaro-Cactus-4-60x60.jpg 60w, https:\/\/mouldking.store\/wp-content\/uploads\/2022\/11\/MOC-118883-Mini-Saguaro-Cactus-4-90x90.jpg 90w\" sizes=\"(max-width: 1000px) 100vw, 1000px\" \/><figcaption id=\"caption-attachment-36253\" class=\"wp-caption-text\">MOC-118883 Mini Saguaro Cactus (Carnegiea Gigantea) med 740 stykker<\/figcaption><\/figure>\n<figure id=\"attachment_36254\" aria-describedby=\"caption-attachment-36254\" style=\"width: 1000px\" class=\"wp-caption aligncenter\"><img decoding=\"async\" class=\"wp-image-36254 size-full\" src=\"https:\/\/mouldking.store\/wp-content\/uploads\/2022\/11\/MOC-118883-Mini-Saguaro-Cactus-3.jpg\" alt=\"MOC-118883 Mini Saguaro Cactus (Carnegiea Gigantea) With 740 Pieces\" width=\"1000\" height=\"1000\" title=\"-\" srcset=\"https:\/\/mouldking.store\/wp-content\/uploads\/2022\/11\/MOC-118883-Mini-Saguaro-Cactus-3.jpg 1000w, https:\/\/mouldking.store\/wp-content\/uploads\/2022\/11\/MOC-118883-Mini-Saguaro-Cactus-3-300x300.jpg 300w, https:\/\/mouldking.store\/wp-content\/uploads\/2022\/11\/MOC-118883-Mini-Saguaro-Cactus-3-768x768.jpg 768w, https:\/\/mouldking.store\/wp-content\/uploads\/2022\/11\/MOC-118883-Mini-Saguaro-Cactus-3-600x600.jpg 600w, https:\/\/mouldking.store\/wp-content\/uploads\/2022\/11\/MOC-118883-Mini-Saguaro-Cactus-3-150x150.jpg 150w, https:\/\/mouldking.store\/wp-content\/uploads\/2022\/11\/MOC-118883-Mini-Saguaro-Cactus-3-60x60.jpg 60w, https:\/\/mouldking.store\/wp-content\/uploads\/2022\/11\/MOC-118883-Mini-Saguaro-Cactus-3-90x90.jpg 90w\" sizes=\"(max-width: 1000px) 100vw, 1000px\" \/><figcaption id=\"caption-attachment-36254\" class=\"wp-caption-text\">MOC-118883 Mini Saguaro Cactus (Carnegiea Gigantea) med 740 stykker<\/figcaption><\/figure>\n<figure id=\"attachment_36255\" aria-describedby=\"caption-attachment-36255\" style=\"width: 1000px\" class=\"wp-caption aligncenter\"><img loading=\"lazy\" decoding=\"async\" class=\"wp-image-36255 size-full\" src=\"https:\/\/mouldking.store\/wp-content\/uploads\/2022\/11\/MOC-118883-Mini-Saguaro-Cactus-2.jpg\" alt=\"MOC-118883 Mini Saguaro Cactus (Carnegiea Gigantea) With 740 Pieces\" width=\"1000\" height=\"1000\" title=\"-\" srcset=\"https:\/\/mouldking.store\/wp-content\/uploads\/2022\/11\/MOC-118883-Mini-Saguaro-Cactus-2.jpg 1000w, https:\/\/mouldking.store\/wp-content\/uploads\/2022\/11\/MOC-118883-Mini-Saguaro-Cactus-2-300x300.jpg 300w, https:\/\/mouldking.store\/wp-content\/uploads\/2022\/11\/MOC-118883-Mini-Saguaro-Cactus-2-768x768.jpg 768w, https:\/\/mouldking.store\/wp-content\/uploads\/2022\/11\/MOC-118883-Mini-Saguaro-Cactus-2-600x600.jpg 600w, https:\/\/mouldking.store\/wp-content\/uploads\/2022\/11\/MOC-118883-Mini-Saguaro-Cactus-2-150x150.jpg 150w, https:\/\/mouldking.store\/wp-content\/uploads\/2022\/11\/MOC-118883-Mini-Saguaro-Cactus-2-60x60.jpg 60w, https:\/\/mouldking.store\/wp-content\/uploads\/2022\/11\/MOC-118883-Mini-Saguaro-Cactus-2-90x90.jpg 90w\" sizes=\"(max-width: 1000px) 100vw, 1000px\" \/><figcaption id=\"caption-attachment-36255\" class=\"wp-caption-text\">MOC-118883 Mini Saguaro Cactus (Carnegiea Gigantea) med 740 stykker<\/figcaption><\/figure>\n<figure id=\"attachment_36256\" aria-describedby=\"caption-attachment-36256\" style=\"width: 903px\" class=\"wp-caption aligncenter\"><img loading=\"lazy\" decoding=\"async\" class=\"wp-image-36256 size-full\" src=\"https:\/\/mouldking.store\/wp-content\/uploads\/2022\/11\/MOC-118883-Mini-Saguaro-Cactus-1.jpg\" alt=\"MOC-118883 Mini Saguaro Cactus (Carnegiea Gigantea) With 740 Pieces\" width=\"903\" height=\"1200\" title=\"-\" srcset=\"https:\/\/mouldking.store\/wp-content\/uploads\/2022\/11\/MOC-118883-Mini-Saguaro-Cactus-1.jpg 903w, https:\/\/mouldking.store\/wp-content\/uploads\/2022\/11\/MOC-118883-Mini-Saguaro-Cactus-1-226x300.jpg 226w, https:\/\/mouldking.store\/wp-content\/uploads\/2022\/11\/MOC-118883-Mini-Saguaro-Cactus-1-771x1024.jpg 771w, https:\/\/mouldking.store\/wp-content\/uploads\/2022\/11\/MOC-118883-Mini-Saguaro-Cactus-1-768x1021.jpg 768w, https:\/\/mouldking.store\/wp-content\/uploads\/2022\/11\/MOC-118883-Mini-Saguaro-Cactus-1-300x399.jpg 300w, https:\/\/mouldking.store\/wp-content\/uploads\/2022\/11\/MOC-118883-Mini-Saguaro-Cactus-1-600x797.jpg 600w, https:\/\/mouldking.store\/wp-content\/uploads\/2022\/11\/MOC-118883-Mini-Saguaro-Cactus-1-113x150.jpg 113w, https:\/\/mouldking.store\/wp-content\/uploads\/2022\/11\/MOC-118883-Mini-Saguaro-Cactus-1-45x60.jpg 45w, https:\/\/mouldking.store\/wp-content\/uploads\/2022\/11\/MOC-118883-Mini-Saguaro-Cactus-1-68x90.jpg 68w\" sizes=\"(max-width: 903px) 100vw, 903px\" \/><figcaption id=\"caption-attachment-36256\" class=\"wp-caption-text\">MOC-118883 Mini Saguaro Cactus (Carnegiea Gigantea) med 740 stykker<\/figcaption><\/figure>","protected":false},"excerpt":{"rendered":"<p>Product information: Brand: MOC Gender: Unisex \u00a0Name: Saguaro Cactus (Carnegiea Gigantea) Age Range: &gt; 6 years old Model Number: 118883 Classification: Assemblage Plastic Block Shape: Self-Locking Bricks Material: Plastic Plastic Type: ABS Bricks Blocks:740 PCS Size: 10 x 10 x 26 cm Weight: 0.31 kg Contains detailed assembly instructions. Notice: 1. Without an original box, [&hellip;]<\/p>","protected":false},"featured_media":36252,"comment_status":"closed","ping_status":"closed","template":"","meta":{"_acf_changed":false},"product_cat":[1365],"product_tag":[8271,8272,8275,8273,8276,8277,8269,8278,8268,8270,8274],"class_list":["product","first","instock","shipping-taxable","purchasable","product-type-simple"],"acf":[],"_links":{"self":[{"href":"https:\/\/mouldking.store\/nb\/wp-json\/wp\/v2\/product\/36251","targetHints":{"allow":["GET"]}}],"collection":[{"href":"https:\/\/mouldking.store\/nb\/wp-json\/wp\/v2\/product"}],"about":[{"href":"https:\/\/mouldking.store\/nb\/wp-json\/wp\/v2\/types\/product"}],"replies":[{"embeddable":true,"href":"https:\/\/mouldking.store\/nb\/wp-json\/wp\/v2\/comments?post=36251"}],"wp:featuredmedia":[{"embeddable":true,"href":"https:\/\/mouldking.store\/nb\/wp-json\/wp\/v2\/media\/36252"}],"wp:attachment":[{"href":"https:\/\/mouldking.store\/nb\/wp-json\/wp\/v2\/media?parent=36251"}],"wp:term":[{"taxonomy":"product_cat","embeddable":true,"href":"https:\/\/mouldking.store\/nb\/wp-json\/wp\/v2\/product_cat?post=36251"},{"taxonomy":"product_tag","embeddable":true,"href":"https:\/\/mouldking.store\/nb\/wp-json\/wp\/v2\/product_tag?post=36251"}],"curies":[{"name":"wp","href":"https:\/\/api.w.org\/{rel}","templated":true}]}}