{"id":36302,"date":"2022-11-25T14:59:48","date_gmt":"2022-11-25T07:59:48","guid":{"rendered":"https:\/\/mouldking.store\/?post_type=product&#038;p=36302"},"modified":"2025-12-25T09:12:19","modified_gmt":"2025-12-25T02:12:19","slug":"moc-71855-delta-iii-1110-scale-with-593-pieces","status":"publish","type":"product","link":"https:\/\/mouldking.store\/nb\/shop\/moc-71855-delta-iii-1110-scale-with-593-pieces\/","title":{"rendered":"MOC-71855 Delta III [skala 1:110] Med 593 stykker"},"content":{"rendered":"<p>Produktinformasjon:<\/p>\n<ol>\n<li>Merke: MOC<\/li>\n<li>Kj\u00f8nn: Unisex<\/li>\n<li>Name: Delta III [1:110 Scale]<\/li>\n<li>Aldersgruppe: &gt; 6 \u00e5r gammel<\/li>\n<li>Model Number: 71855<\/li>\n<li>Klassifisering: Montering<\/li>\n<li>Plastblokkform: Selvl\u00e5sende murstein<\/li>\n<li>Materiale: Plast<\/li>\n<li>Plasttype: ABS<\/li>\n<li>Bricks Blocks:593 PCS<\/li>\n<li>Size: 9.5 x 9.5 x 35.2 cm<\/li>\n<li>Vekt: 0,25 kg<\/li>\n<li>Inneholder detaljerte monteringsanvisninger.<\/li>\n<\/ol>\n<p>Legge merke til:<br \/>\n1. Uten original eske, men vi garanterer at v\u00e5re produkter har kvalitetssikring og pen emballasje.<br \/>\n2. Som alle delene vi har sjekket f\u00f8r frakt, s\u00e5 hvis du finner noen deler savnet eller skadet, ikke bekymre deg og bare kontakt oss, s\u00e5 kan vi sende dem til deg p\u00e5 nytt umiddelbart gratis.<\/p>\n<p><figure id=\"attachment_36303\" aria-describedby=\"caption-attachment-36303\" style=\"width: 1095px\" class=\"wp-caption aligncenter\"><img fetchpriority=\"high\" decoding=\"async\" class=\"wp-image-36303 size-full\" src=\"https:\/\/mouldking.store\/wp-content\/uploads\/2022\/11\/MOC-71855-Space-Delta-III-1110-Scale-MOC-FACTORY.png\" alt=\"MOC-71855 Delta III [1:110 Scale] With 593 Pieces\" width=\"1095\" height=\"1095\" title=\"-\" srcset=\"https:\/\/mouldking.store\/wp-content\/uploads\/2022\/11\/MOC-71855-Space-Delta-III-1110-Scale-MOC-FACTORY.png 1095w, https:\/\/mouldking.store\/wp-content\/uploads\/2022\/11\/MOC-71855-Space-Delta-III-1110-Scale-MOC-FACTORY-300x300.png 300w, https:\/\/mouldking.store\/wp-content\/uploads\/2022\/11\/MOC-71855-Space-Delta-III-1110-Scale-MOC-FACTORY-1024x1024.png 1024w, https:\/\/mouldking.store\/wp-content\/uploads\/2022\/11\/MOC-71855-Space-Delta-III-1110-Scale-MOC-FACTORY-768x768.png 768w, https:\/\/mouldking.store\/wp-content\/uploads\/2022\/11\/MOC-71855-Space-Delta-III-1110-Scale-MOC-FACTORY-600x600.png 600w, https:\/\/mouldking.store\/wp-content\/uploads\/2022\/11\/MOC-71855-Space-Delta-III-1110-Scale-MOC-FACTORY-150x150.png 150w, https:\/\/mouldking.store\/wp-content\/uploads\/2022\/11\/MOC-71855-Space-Delta-III-1110-Scale-MOC-FACTORY-60x60.png 60w, https:\/\/mouldking.store\/wp-content\/uploads\/2022\/11\/MOC-71855-Space-Delta-III-1110-Scale-MOC-FACTORY-90x90.png 90w\" sizes=\"(max-width: 1095px) 100vw, 1095px\" \/><figcaption id=\"caption-attachment-36303\" class=\"wp-caption-text\">MOC-71855 Delta III [skala 1:110] Med 593 stykker<\/figcaption><\/figure><figure id=\"attachment_36304\" aria-describedby=\"caption-attachment-36304\" style=\"width: 1000px\" class=\"wp-caption aligncenter\"><img decoding=\"async\" class=\"wp-image-36304 size-full\" src=\"https:\/\/mouldking.store\/wp-content\/uploads\/2022\/11\/MOC-71855-Delta-III-8.jpg\" alt=\"MOC-71855 Delta III [1:110 Scale] With 593 Pieces\" width=\"1000\" height=\"1000\" title=\"-\" srcset=\"https:\/\/mouldking.store\/wp-content\/uploads\/2022\/11\/MOC-71855-Delta-III-8.jpg 1000w, https:\/\/mouldking.store\/wp-content\/uploads\/2022\/11\/MOC-71855-Delta-III-8-300x300.jpg 300w, https:\/\/mouldking.store\/wp-content\/uploads\/2022\/11\/MOC-71855-Delta-III-8-768x768.jpg 768w, https:\/\/mouldking.store\/wp-content\/uploads\/2022\/11\/MOC-71855-Delta-III-8-600x600.jpg 600w, https:\/\/mouldking.store\/wp-content\/uploads\/2022\/11\/MOC-71855-Delta-III-8-150x150.jpg 150w, https:\/\/mouldking.store\/wp-content\/uploads\/2022\/11\/MOC-71855-Delta-III-8-60x60.jpg 60w, https:\/\/mouldking.store\/wp-content\/uploads\/2022\/11\/MOC-71855-Delta-III-8-90x90.jpg 90w\" sizes=\"(max-width: 1000px) 100vw, 1000px\" \/><figcaption id=\"caption-attachment-36304\" class=\"wp-caption-text\">MOC-71855 Delta III [skala 1:110] Med 593 stykker<\/figcaption><\/figure><figure id=\"attachment_36305\" aria-describedby=\"caption-attachment-36305\" style=\"width: 1000px\" class=\"wp-caption aligncenter\"><img decoding=\"async\" class=\"wp-image-36305 size-full\" src=\"https:\/\/mouldking.store\/wp-content\/uploads\/2022\/11\/MOC-71855-Delta-III-7.jpg\" alt=\"MOC-71855 Delta III [1:110 Scale] With 593 Pieces\" width=\"1000\" height=\"1000\" title=\"-\" srcset=\"https:\/\/mouldking.store\/wp-content\/uploads\/2022\/11\/MOC-71855-Delta-III-7.jpg 1000w, https:\/\/mouldking.store\/wp-content\/uploads\/2022\/11\/MOC-71855-Delta-III-7-300x300.jpg 300w, https:\/\/mouldking.store\/wp-content\/uploads\/2022\/11\/MOC-71855-Delta-III-7-768x768.jpg 768w, https:\/\/mouldking.store\/wp-content\/uploads\/2022\/11\/MOC-71855-Delta-III-7-600x600.jpg 600w, https:\/\/mouldking.store\/wp-content\/uploads\/2022\/11\/MOC-71855-Delta-III-7-150x150.jpg 150w, https:\/\/mouldking.store\/wp-content\/uploads\/2022\/11\/MOC-71855-Delta-III-7-60x60.jpg 60w, https:\/\/mouldking.store\/wp-content\/uploads\/2022\/11\/MOC-71855-Delta-III-7-90x90.jpg 90w\" sizes=\"(max-width: 1000px) 100vw, 1000px\" \/><figcaption id=\"caption-attachment-36305\" class=\"wp-caption-text\">MOC-71855 Delta III [skala 1:110] Med 593 stykker<\/figcaption><\/figure><figure id=\"attachment_36306\" aria-describedby=\"caption-attachment-36306\" style=\"width: 1000px\" class=\"wp-caption aligncenter\"><img loading=\"lazy\" decoding=\"async\" class=\"wp-image-36306 size-full\" src=\"https:\/\/mouldking.store\/wp-content\/uploads\/2022\/11\/MOC-71855-Delta-III-6.jpg\" alt=\"MOC-71855 Delta III [1:110 Scale] With 593 Pieces\" width=\"1000\" height=\"1000\" title=\"-\" srcset=\"https:\/\/mouldking.store\/wp-content\/uploads\/2022\/11\/MOC-71855-Delta-III-6.jpg 1000w, https:\/\/mouldking.store\/wp-content\/uploads\/2022\/11\/MOC-71855-Delta-III-6-300x300.jpg 300w, https:\/\/mouldking.store\/wp-content\/uploads\/2022\/11\/MOC-71855-Delta-III-6-768x768.jpg 768w, https:\/\/mouldking.store\/wp-content\/uploads\/2022\/11\/MOC-71855-Delta-III-6-600x600.jpg 600w, https:\/\/mouldking.store\/wp-content\/uploads\/2022\/11\/MOC-71855-Delta-III-6-150x150.jpg 150w, https:\/\/mouldking.store\/wp-content\/uploads\/2022\/11\/MOC-71855-Delta-III-6-60x60.jpg 60w, https:\/\/mouldking.store\/wp-content\/uploads\/2022\/11\/MOC-71855-Delta-III-6-90x90.jpg 90w\" sizes=\"(max-width: 1000px) 100vw, 1000px\" \/><figcaption id=\"caption-attachment-36306\" class=\"wp-caption-text\">MOC-71855 Delta III [skala 1:110] Med 593 stykker<\/figcaption><\/figure><figure id=\"attachment_36307\" aria-describedby=\"caption-attachment-36307\" style=\"width: 1000px\" class=\"wp-caption aligncenter\"><img loading=\"lazy\" decoding=\"async\" class=\"wp-image-36307 size-full\" src=\"https:\/\/mouldking.store\/wp-content\/uploads\/2022\/11\/MOC-71855-Delta-III-5.jpg\" alt=\"MOC-71855 Delta III [1:110 Scale] With 593 Pieces\" width=\"1000\" height=\"1000\" title=\"-\" srcset=\"https:\/\/mouldking.store\/wp-content\/uploads\/2022\/11\/MOC-71855-Delta-III-5.jpg 1000w, https:\/\/mouldking.store\/wp-content\/uploads\/2022\/11\/MOC-71855-Delta-III-5-300x300.jpg 300w, https:\/\/mouldking.store\/wp-content\/uploads\/2022\/11\/MOC-71855-Delta-III-5-768x768.jpg 768w, https:\/\/mouldking.store\/wp-content\/uploads\/2022\/11\/MOC-71855-Delta-III-5-600x600.jpg 600w, https:\/\/mouldking.store\/wp-content\/uploads\/2022\/11\/MOC-71855-Delta-III-5-150x150.jpg 150w, https:\/\/mouldking.store\/wp-content\/uploads\/2022\/11\/MOC-71855-Delta-III-5-60x60.jpg 60w, https:\/\/mouldking.store\/wp-content\/uploads\/2022\/11\/MOC-71855-Delta-III-5-90x90.jpg 90w\" sizes=\"(max-width: 1000px) 100vw, 1000px\" \/><figcaption id=\"caption-attachment-36307\" class=\"wp-caption-text\">MOC-71855 Delta III [skala 1:110] Med 593 stykker<\/figcaption><\/figure><figure id=\"attachment_36308\" aria-describedby=\"caption-attachment-36308\" style=\"width: 1000px\" class=\"wp-caption aligncenter\"><img loading=\"lazy\" decoding=\"async\" class=\"wp-image-36308 size-full\" src=\"https:\/\/mouldking.store\/wp-content\/uploads\/2022\/11\/MOC-71855-Delta-III-4.jpg\" alt=\"MOC-71855 Delta III [1:110 Scale] With 593 Pieces\" width=\"1000\" height=\"1000\" title=\"-\" srcset=\"https:\/\/mouldking.store\/wp-content\/uploads\/2022\/11\/MOC-71855-Delta-III-4.jpg 1000w, https:\/\/mouldking.store\/wp-content\/uploads\/2022\/11\/MOC-71855-Delta-III-4-300x300.jpg 300w, https:\/\/mouldking.store\/wp-content\/uploads\/2022\/11\/MOC-71855-Delta-III-4-768x768.jpg 768w, https:\/\/mouldking.store\/wp-content\/uploads\/2022\/11\/MOC-71855-Delta-III-4-600x600.jpg 600w, https:\/\/mouldking.store\/wp-content\/uploads\/2022\/11\/MOC-71855-Delta-III-4-150x150.jpg 150w, https:\/\/mouldking.store\/wp-content\/uploads\/2022\/11\/MOC-71855-Delta-III-4-60x60.jpg 60w, https:\/\/mouldking.store\/wp-content\/uploads\/2022\/11\/MOC-71855-Delta-III-4-90x90.jpg 90w\" sizes=\"(max-width: 1000px) 100vw, 1000px\" \/><figcaption id=\"caption-attachment-36308\" class=\"wp-caption-text\">MOC-71855 Delta III [skala 1:110] Med 593 stykker<\/figcaption><\/figure><figure id=\"attachment_36309\" aria-describedby=\"caption-attachment-36309\" style=\"width: 1000px\" class=\"wp-caption aligncenter\"><img loading=\"lazy\" decoding=\"async\" class=\"wp-image-36309 size-full\" src=\"https:\/\/mouldking.store\/wp-content\/uploads\/2022\/11\/MOC-71855-Delta-III-3.jpg\" alt=\"MOC-71855 Delta III [1:110 Scale] With 593 Pieces\" width=\"1000\" height=\"1000\" title=\"-\" srcset=\"https:\/\/mouldking.store\/wp-content\/uploads\/2022\/11\/MOC-71855-Delta-III-3.jpg 1000w, https:\/\/mouldking.store\/wp-content\/uploads\/2022\/11\/MOC-71855-Delta-III-3-300x300.jpg 300w, https:\/\/mouldking.store\/wp-content\/uploads\/2022\/11\/MOC-71855-Delta-III-3-768x768.jpg 768w, https:\/\/mouldking.store\/wp-content\/uploads\/2022\/11\/MOC-71855-Delta-III-3-600x600.jpg 600w, https:\/\/mouldking.store\/wp-content\/uploads\/2022\/11\/MOC-71855-Delta-III-3-150x150.jpg 150w, https:\/\/mouldking.store\/wp-content\/uploads\/2022\/11\/MOC-71855-Delta-III-3-60x60.jpg 60w, https:\/\/mouldking.store\/wp-content\/uploads\/2022\/11\/MOC-71855-Delta-III-3-90x90.jpg 90w\" sizes=\"(max-width: 1000px) 100vw, 1000px\" \/><figcaption id=\"caption-attachment-36309\" class=\"wp-caption-text\">MOC-71855 Delta III [skala 1:110] Med 593 stykker<\/figcaption><\/figure><figure id=\"attachment_36310\" aria-describedby=\"caption-attachment-36310\" style=\"width: 1000px\" class=\"wp-caption aligncenter\"><img loading=\"lazy\" decoding=\"async\" class=\"wp-image-36310 size-full\" src=\"https:\/\/mouldking.store\/wp-content\/uploads\/2022\/11\/MOC-71855-Delta-III-2.jpg\" alt=\"MOC-71855 Delta III [1:110 Scale] With 593 Pieces\" width=\"1000\" height=\"1000\" title=\"-\" srcset=\"https:\/\/mouldking.store\/wp-content\/uploads\/2022\/11\/MOC-71855-Delta-III-2.jpg 1000w, https:\/\/mouldking.store\/wp-content\/uploads\/2022\/11\/MOC-71855-Delta-III-2-300x300.jpg 300w, https:\/\/mouldking.store\/wp-content\/uploads\/2022\/11\/MOC-71855-Delta-III-2-768x768.jpg 768w, https:\/\/mouldking.store\/wp-content\/uploads\/2022\/11\/MOC-71855-Delta-III-2-600x600.jpg 600w, https:\/\/mouldking.store\/wp-content\/uploads\/2022\/11\/MOC-71855-Delta-III-2-150x150.jpg 150w, https:\/\/mouldking.store\/wp-content\/uploads\/2022\/11\/MOC-71855-Delta-III-2-60x60.jpg 60w, https:\/\/mouldking.store\/wp-content\/uploads\/2022\/11\/MOC-71855-Delta-III-2-90x90.jpg 90w\" sizes=\"(max-width: 1000px) 100vw, 1000px\" \/><figcaption id=\"caption-attachment-36310\" class=\"wp-caption-text\">MOC-71855 Delta III [skala 1:110] Med 593 stykker<\/figcaption><\/figure><figure id=\"attachment_36311\" aria-describedby=\"caption-attachment-36311\" style=\"width: 1000px\" class=\"wp-caption aligncenter\"><img loading=\"lazy\" decoding=\"async\" class=\"wp-image-36311 size-full\" src=\"https:\/\/mouldking.store\/wp-content\/uploads\/2022\/11\/MOC-71855-Delta-III-1.jpg\" alt=\"MOC-71855 Delta III [1:110 Scale] With 593 Pieces\" width=\"1000\" height=\"1000\" title=\"-\" srcset=\"https:\/\/mouldking.store\/wp-content\/uploads\/2022\/11\/MOC-71855-Delta-III-1.jpg 1000w, https:\/\/mouldking.store\/wp-content\/uploads\/2022\/11\/MOC-71855-Delta-III-1-300x300.jpg 300w, https:\/\/mouldking.store\/wp-content\/uploads\/2022\/11\/MOC-71855-Delta-III-1-768x768.jpg 768w, https:\/\/mouldking.store\/wp-content\/uploads\/2022\/11\/MOC-71855-Delta-III-1-600x600.jpg 600w, https:\/\/mouldking.store\/wp-content\/uploads\/2022\/11\/MOC-71855-Delta-III-1-150x150.jpg 150w, https:\/\/mouldking.store\/wp-content\/uploads\/2022\/11\/MOC-71855-Delta-III-1-60x60.jpg 60w, https:\/\/mouldking.store\/wp-content\/uploads\/2022\/11\/MOC-71855-Delta-III-1-90x90.jpg 90w\" sizes=\"(max-width: 1000px) 100vw, 1000px\" \/><figcaption id=\"caption-attachment-36311\" class=\"wp-caption-text\">MOC-71855 Delta III [skala 1:110] Med 593 stykker<\/figcaption><\/figure><\/p>","protected":false},"excerpt":{"rendered":"<p>Product information: Brand: MOC Gender: Unisex Name: Delta III [1:110 Scale] Age Range: &gt; 6 years old Model Number: 71855 Classification: Assemblage Plastic Block Shape: Self-Locking Bricks Material: Plastic Plastic Type: ABS Bricks Blocks:593 PCS Size: 9.5 x 9.5 x 35.2 cm Weight:0.25 kg Contains detailed assembly instructions. Notice: 1. Without an original box, but [&hellip;]<\/p>","protected":false},"featured_media":36303,"comment_status":"closed","ping_status":"closed","template":"","meta":{"_acf_changed":false},"product_cat":[1406,6016],"product_tag":[8099,8314,8315,8313,8316,8312],"class_list":["product","first","instock","shipping-taxable","purchasable","product-type-simple"],"acf":[],"_links":{"self":[{"href":"https:\/\/mouldking.store\/nb\/wp-json\/wp\/v2\/product\/36302","targetHints":{"allow":["GET"]}}],"collection":[{"href":"https:\/\/mouldking.store\/nb\/wp-json\/wp\/v2\/product"}],"about":[{"href":"https:\/\/mouldking.store\/nb\/wp-json\/wp\/v2\/types\/product"}],"replies":[{"embeddable":true,"href":"https:\/\/mouldking.store\/nb\/wp-json\/wp\/v2\/comments?post=36302"}],"wp:featuredmedia":[{"embeddable":true,"href":"https:\/\/mouldking.store\/nb\/wp-json\/wp\/v2\/media\/36303"}],"wp:attachment":[{"href":"https:\/\/mouldking.store\/nb\/wp-json\/wp\/v2\/media?parent=36302"}],"wp:term":[{"taxonomy":"product_cat","embeddable":true,"href":"https:\/\/mouldking.store\/nb\/wp-json\/wp\/v2\/product_cat?post=36302"},{"taxonomy":"product_tag","embeddable":true,"href":"https:\/\/mouldking.store\/nb\/wp-json\/wp\/v2\/product_tag?post=36302"}],"curies":[{"name":"wp","href":"https:\/\/api.w.org\/{rel}","templated":true}]}}