{"id":36356,"date":"2022-11-25T15:48:40","date_gmt":"2022-11-25T08:48:40","guid":{"rendered":"https:\/\/mouldking.store\/?post_type=product&#038;p=36356"},"modified":"2025-12-25T09:12:19","modified_gmt":"2025-12-25T02:12:19","slug":"moc-54631-outer-wilds-ship-with-243-pieces","status":"publish","type":"product","link":"https:\/\/mouldking.store\/nb\/shop\/moc-54631-outer-wilds-ship-with-243-pieces\/","title":{"rendered":"MOC-54631 Ytre Wilds-skip med 243 stykker"},"content":{"rendered":"<p>Produktinformasjon:<\/p>\n<ol>\n<li>Merke: MOC<\/li>\n<li>Kj\u00f8nn: Unisex<\/li>\n<li>Name: Outer Wilds Ship<\/li>\n<li>Aldersgruppe: &gt; 6 \u00e5r gammel<\/li>\n<li>Model Number: 54631<\/li>\n<li>Klassifisering: Montering<\/li>\n<li>Plastblokkform: Selvl\u00e5sende murstein<\/li>\n<li>Materiale: Plast<\/li>\n<li>Plasttype: ABS<\/li>\n<li>Bricks Blocks:243 PCS<\/li>\n<li>Size: 16 x 10 x 9.6 cm<\/li>\n<li>Weight: 0.18 kg<\/li>\n<li>Inneholder detaljerte monteringsanvisninger.<\/li>\n<\/ol>\n<p>Legge merke til:<br \/>\n1. Uten original eske, men vi garanterer at v\u00e5re produkter har kvalitetssikring og pen emballasje.<br \/>\n2. Som alle delene vi har sjekket f\u00f8r frakt, s\u00e5 hvis du finner noen deler savnet eller skadet, ikke bekymre deg og bare kontakt oss, s\u00e5 kan vi sende dem til deg p\u00e5 nytt umiddelbart gratis.<\/p>\n<figure id=\"attachment_36357\" aria-describedby=\"caption-attachment-36357\" style=\"width: 1024px\" class=\"wp-caption aligncenter\"><img fetchpriority=\"high\" decoding=\"async\" class=\"wp-image-36357 size-large\" src=\"https:\/\/mouldking.store\/wp-content\/uploads\/2022\/11\/MOC-54631-Space-Outer-Wilds-Ship-MOC-FACTORY-1024x1024.png\" alt=\"MOC-54631 Outer Wilds Ship With 243 Pieces\" width=\"1024\" height=\"1024\" title=\"-\" srcset=\"https:\/\/mouldking.store\/wp-content\/uploads\/2022\/11\/MOC-54631-Space-Outer-Wilds-Ship-MOC-FACTORY-1024x1024.png 1024w, https:\/\/mouldking.store\/wp-content\/uploads\/2022\/11\/MOC-54631-Space-Outer-Wilds-Ship-MOC-FACTORY-300x300.png 300w, https:\/\/mouldking.store\/wp-content\/uploads\/2022\/11\/MOC-54631-Space-Outer-Wilds-Ship-MOC-FACTORY-768x768.png 768w, https:\/\/mouldking.store\/wp-content\/uploads\/2022\/11\/MOC-54631-Space-Outer-Wilds-Ship-MOC-FACTORY-600x600.png 600w, https:\/\/mouldking.store\/wp-content\/uploads\/2022\/11\/MOC-54631-Space-Outer-Wilds-Ship-MOC-FACTORY-150x150.png 150w, https:\/\/mouldking.store\/wp-content\/uploads\/2022\/11\/MOC-54631-Space-Outer-Wilds-Ship-MOC-FACTORY-60x60.png 60w, https:\/\/mouldking.store\/wp-content\/uploads\/2022\/11\/MOC-54631-Space-Outer-Wilds-Ship-MOC-FACTORY-90x90.png 90w, https:\/\/mouldking.store\/wp-content\/uploads\/2022\/11\/MOC-54631-Space-Outer-Wilds-Ship-MOC-FACTORY.png 1095w\" sizes=\"(max-width: 1024px) 100vw, 1024px\" \/><figcaption id=\"caption-attachment-36357\" class=\"wp-caption-text\">MOC-54631 Ytre Wilds-skip med 243 stykker<\/figcaption><\/figure>\n<figure id=\"attachment_36358\" aria-describedby=\"caption-attachment-36358\" style=\"width: 1000px\" class=\"wp-caption aligncenter\"><img decoding=\"async\" class=\"wp-image-36358 size-full\" src=\"https:\/\/mouldking.store\/wp-content\/uploads\/2022\/11\/MOC-54631-Outer-Wilds-Ship-5.jpg\" alt=\"MOC-54631 Outer Wilds Ship With 243 Pieces\" width=\"1000\" height=\"1000\" title=\"-\" srcset=\"https:\/\/mouldking.store\/wp-content\/uploads\/2022\/11\/MOC-54631-Outer-Wilds-Ship-5.jpg 1000w, https:\/\/mouldking.store\/wp-content\/uploads\/2022\/11\/MOC-54631-Outer-Wilds-Ship-5-300x300.jpg 300w, https:\/\/mouldking.store\/wp-content\/uploads\/2022\/11\/MOC-54631-Outer-Wilds-Ship-5-768x768.jpg 768w, https:\/\/mouldking.store\/wp-content\/uploads\/2022\/11\/MOC-54631-Outer-Wilds-Ship-5-600x600.jpg 600w, https:\/\/mouldking.store\/wp-content\/uploads\/2022\/11\/MOC-54631-Outer-Wilds-Ship-5-150x150.jpg 150w, https:\/\/mouldking.store\/wp-content\/uploads\/2022\/11\/MOC-54631-Outer-Wilds-Ship-5-60x60.jpg 60w, https:\/\/mouldking.store\/wp-content\/uploads\/2022\/11\/MOC-54631-Outer-Wilds-Ship-5-90x90.jpg 90w\" sizes=\"(max-width: 1000px) 100vw, 1000px\" \/><figcaption id=\"caption-attachment-36358\" class=\"wp-caption-text\">MOC-54631 Ytre Wilds-skip med 243 stykker<\/figcaption><\/figure>\n<figure id=\"attachment_36359\" aria-describedby=\"caption-attachment-36359\" style=\"width: 1000px\" class=\"wp-caption aligncenter\"><img decoding=\"async\" class=\"wp-image-36359 size-full\" src=\"https:\/\/mouldking.store\/wp-content\/uploads\/2022\/11\/MOC-54631-Outer-Wilds-Ship-4.jpg\" alt=\"MOC-54631 Outer Wilds Ship With 243 Pieces\" width=\"1000\" height=\"1000\" title=\"-\" srcset=\"https:\/\/mouldking.store\/wp-content\/uploads\/2022\/11\/MOC-54631-Outer-Wilds-Ship-4.jpg 1000w, https:\/\/mouldking.store\/wp-content\/uploads\/2022\/11\/MOC-54631-Outer-Wilds-Ship-4-300x300.jpg 300w, https:\/\/mouldking.store\/wp-content\/uploads\/2022\/11\/MOC-54631-Outer-Wilds-Ship-4-768x768.jpg 768w, https:\/\/mouldking.store\/wp-content\/uploads\/2022\/11\/MOC-54631-Outer-Wilds-Ship-4-600x600.jpg 600w, https:\/\/mouldking.store\/wp-content\/uploads\/2022\/11\/MOC-54631-Outer-Wilds-Ship-4-150x150.jpg 150w, https:\/\/mouldking.store\/wp-content\/uploads\/2022\/11\/MOC-54631-Outer-Wilds-Ship-4-60x60.jpg 60w, https:\/\/mouldking.store\/wp-content\/uploads\/2022\/11\/MOC-54631-Outer-Wilds-Ship-4-90x90.jpg 90w\" sizes=\"(max-width: 1000px) 100vw, 1000px\" \/><figcaption id=\"caption-attachment-36359\" class=\"wp-caption-text\">MOC-54631 Ytre Wilds-skip med 243 stykker<\/figcaption><\/figure>\n<figure id=\"attachment_36360\" aria-describedby=\"caption-attachment-36360\" style=\"width: 1000px\" class=\"wp-caption aligncenter\"><img loading=\"lazy\" decoding=\"async\" class=\"wp-image-36360 size-full\" src=\"https:\/\/mouldking.store\/wp-content\/uploads\/2022\/11\/MOC-54631-Outer-Wilds-Ship-3.jpg\" alt=\"MOC-54631 Outer Wilds Ship With 243 Pieces\" width=\"1000\" height=\"1000\" title=\"-\" srcset=\"https:\/\/mouldking.store\/wp-content\/uploads\/2022\/11\/MOC-54631-Outer-Wilds-Ship-3.jpg 1000w, https:\/\/mouldking.store\/wp-content\/uploads\/2022\/11\/MOC-54631-Outer-Wilds-Ship-3-300x300.jpg 300w, https:\/\/mouldking.store\/wp-content\/uploads\/2022\/11\/MOC-54631-Outer-Wilds-Ship-3-768x768.jpg 768w, https:\/\/mouldking.store\/wp-content\/uploads\/2022\/11\/MOC-54631-Outer-Wilds-Ship-3-600x600.jpg 600w, https:\/\/mouldking.store\/wp-content\/uploads\/2022\/11\/MOC-54631-Outer-Wilds-Ship-3-150x150.jpg 150w, https:\/\/mouldking.store\/wp-content\/uploads\/2022\/11\/MOC-54631-Outer-Wilds-Ship-3-60x60.jpg 60w, https:\/\/mouldking.store\/wp-content\/uploads\/2022\/11\/MOC-54631-Outer-Wilds-Ship-3-90x90.jpg 90w\" sizes=\"(max-width: 1000px) 100vw, 1000px\" \/><figcaption id=\"caption-attachment-36360\" class=\"wp-caption-text\">MOC-54631 Ytre Wilds-skip med 243 stykker<\/figcaption><\/figure>\n<figure id=\"attachment_36361\" aria-describedby=\"caption-attachment-36361\" style=\"width: 1000px\" class=\"wp-caption aligncenter\"><img loading=\"lazy\" decoding=\"async\" class=\"wp-image-36361 size-full\" src=\"https:\/\/mouldking.store\/wp-content\/uploads\/2022\/11\/MOC-54631-Outer-Wilds-Ship-2.jpg\" alt=\"MOC-54631 Outer Wilds Ship With 243 Pieces\" width=\"1000\" height=\"1000\" title=\"-\" srcset=\"https:\/\/mouldking.store\/wp-content\/uploads\/2022\/11\/MOC-54631-Outer-Wilds-Ship-2.jpg 1000w, https:\/\/mouldking.store\/wp-content\/uploads\/2022\/11\/MOC-54631-Outer-Wilds-Ship-2-300x300.jpg 300w, https:\/\/mouldking.store\/wp-content\/uploads\/2022\/11\/MOC-54631-Outer-Wilds-Ship-2-768x768.jpg 768w, https:\/\/mouldking.store\/wp-content\/uploads\/2022\/11\/MOC-54631-Outer-Wilds-Ship-2-600x600.jpg 600w, https:\/\/mouldking.store\/wp-content\/uploads\/2022\/11\/MOC-54631-Outer-Wilds-Ship-2-150x150.jpg 150w, https:\/\/mouldking.store\/wp-content\/uploads\/2022\/11\/MOC-54631-Outer-Wilds-Ship-2-60x60.jpg 60w, https:\/\/mouldking.store\/wp-content\/uploads\/2022\/11\/MOC-54631-Outer-Wilds-Ship-2-90x90.jpg 90w\" sizes=\"(max-width: 1000px) 100vw, 1000px\" \/><figcaption id=\"caption-attachment-36361\" class=\"wp-caption-text\">MOC-54631 Ytre Wilds-skip med 243 stykker<\/figcaption><\/figure>\n<figure id=\"attachment_36362\" aria-describedby=\"caption-attachment-36362\" style=\"width: 757px\" class=\"wp-caption aligncenter\"><img loading=\"lazy\" decoding=\"async\" class=\"wp-image-36362 size-large\" src=\"https:\/\/mouldking.store\/wp-content\/uploads\/2022\/11\/MOC-54631-Outer-Wilds-Ship-1-757x1024.jpg\" alt=\"MOC-54631 Outer Wilds Ship With 243 Pieces\" width=\"757\" height=\"1024\" title=\"-\" srcset=\"https:\/\/mouldking.store\/wp-content\/uploads\/2022\/11\/MOC-54631-Outer-Wilds-Ship-1-757x1024.jpg 757w, https:\/\/mouldking.store\/wp-content\/uploads\/2022\/11\/MOC-54631-Outer-Wilds-Ship-1-222x300.jpg 222w, https:\/\/mouldking.store\/wp-content\/uploads\/2022\/11\/MOC-54631-Outer-Wilds-Ship-1-768x1039.jpg 768w, https:\/\/mouldking.store\/wp-content\/uploads\/2022\/11\/MOC-54631-Outer-Wilds-Ship-1-300x406.jpg 300w, https:\/\/mouldking.store\/wp-content\/uploads\/2022\/11\/MOC-54631-Outer-Wilds-Ship-1-600x812.jpg 600w, https:\/\/mouldking.store\/wp-content\/uploads\/2022\/11\/MOC-54631-Outer-Wilds-Ship-1-111x150.jpg 111w, https:\/\/mouldking.store\/wp-content\/uploads\/2022\/11\/MOC-54631-Outer-Wilds-Ship-1-44x60.jpg 44w, https:\/\/mouldking.store\/wp-content\/uploads\/2022\/11\/MOC-54631-Outer-Wilds-Ship-1-67x90.jpg 67w, https:\/\/mouldking.store\/wp-content\/uploads\/2022\/11\/MOC-54631-Outer-Wilds-Ship-1.jpg 887w\" sizes=\"(max-width: 757px) 100vw, 757px\" \/><figcaption id=\"caption-attachment-36362\" class=\"wp-caption-text\">MOC-54631 Ytre Wilds-skip med 243 stykker<\/figcaption><\/figure>","protected":false},"excerpt":{"rendered":"<p>Product information: Brand: MOC Gender: Unisex Name: Outer Wilds Ship Age Range: &gt; 6 years old Model Number: 54631 Classification: Assemblage Plastic Block Shape: Self-Locking Bricks Material: Plastic Plastic Type: ABS Bricks Blocks:243 PCS Size: 16 x 10 x 9.6 cm Weight: 0.18 kg Contains detailed assembly instructions. Notice: 1. Without an original box, but [&hellip;]<\/p>","protected":false},"featured_media":36357,"comment_status":"closed","ping_status":"closed","template":"","meta":{"_acf_changed":false},"product_cat":[1406,6016],"product_tag":[8353,8357,8352,8354,8356,304,8355],"class_list":["product","first","instock","shipping-taxable","purchasable","product-type-simple"],"acf":[],"_links":{"self":[{"href":"https:\/\/mouldking.store\/nb\/wp-json\/wp\/v2\/product\/36356","targetHints":{"allow":["GET"]}}],"collection":[{"href":"https:\/\/mouldking.store\/nb\/wp-json\/wp\/v2\/product"}],"about":[{"href":"https:\/\/mouldking.store\/nb\/wp-json\/wp\/v2\/types\/product"}],"replies":[{"embeddable":true,"href":"https:\/\/mouldking.store\/nb\/wp-json\/wp\/v2\/comments?post=36356"}],"wp:featuredmedia":[{"embeddable":true,"href":"https:\/\/mouldking.store\/nb\/wp-json\/wp\/v2\/media\/36357"}],"wp:attachment":[{"href":"https:\/\/mouldking.store\/nb\/wp-json\/wp\/v2\/media?parent=36356"}],"wp:term":[{"taxonomy":"product_cat","embeddable":true,"href":"https:\/\/mouldking.store\/nb\/wp-json\/wp\/v2\/product_cat?post=36356"},{"taxonomy":"product_tag","embeddable":true,"href":"https:\/\/mouldking.store\/nb\/wp-json\/wp\/v2\/product_tag?post=36356"}],"curies":[{"name":"wp","href":"https:\/\/api.w.org\/{rel}","templated":true}]}}